{"id":3961,"date":"2016-07-15T08:32:51","date_gmt":"2016-07-15T06:32:51","guid":{"rendered":"https:\/\/zelb.md\/zelb\/"},"modified":"2026-03-27T13:33:51","modified_gmt":"2026-03-27T11:33:51","slug":"zelb","status":"publish","type":"page","link":"https:\/\/zelb.md\/en\/","title":{"rendered":"ZELB"},"content":{"rendered":"<p>[vc_row remove_margin_bottom=&#8221;yes&#8221; remove_padding_bottom=&#8221;yes&#8221; css=&#8221;.vc_custom_1530602368394{margin-bottom: -10px !important;}&#8221;][vc_column width=&#8221;1\/6&#8243;]<div class=\"stats-block stats-left   vc_custom_1774611150086\"><div class=\"porto-sicon-left\"><div id=\"porto-icon-33952655369efedb13134f\" class=\"porto-just-icon-wrapper  \"><div class=\"align-icon\" style=\"text-align:center;\"><\/div><\/div><\/div><div class=\"stats-desc\"><div id=\"counter_167276052069efedb13137f\" data-id=\"counter_167276052069efedb13137f\" class=\"stats-number\" style=\" color:#dd3333; font-weight:700;font-size:30px;color:#dd3333;\" data-speed=\"3\" data-counter-value=\"90\" data-separator=\",\" data-decimal=\".\">0<\/div><div class=\"stats-text\" style=\" color:#dd3333; font-weight:700;font-size:12px;\">RESIDENTS<\/div><\/div><\/div>[\/vc_column][vc_column width=&#8221;1\/6&#8243;]<div class=\"stats-block stats-left   vc_custom_1774611155242\"><div class=\"porto-sicon-left\"><div id=\"porto-icon-120198754269efedb1314bb\" class=\"porto-just-icon-wrapper  \"><div class=\"align-icon\" style=\"text-align:center;\"><\/div><\/div><\/div><div class=\"stats-desc\"><div id=\"counter_54468587469efedb1314d4\" data-id=\"counter_54468587469efedb1314d4\" class=\"stats-number\" style=\" color:#dd9933; font-weight:700;font-size:30px;color:#dd9933;\" data-speed=\"3\" data-counter-value=\"362\" data-separator=\",\" data-decimal=\".\">0<\/div><div class=\"counter_suffix mycust\" style=\" font-weight:700;font-size:20px;color:\"> mln. USD<\/div><div class=\"stats-text\" style=\" color:#dd9933; font-weight:700;font-size:12px;\">TOTAL INVESTMENT<\/div><\/div><\/div>[\/vc_column][vc_column width=&#8221;1\/6&#8243;]<div class=\"stats-block stats-left   vc_custom_1774611168216\"><div class=\"porto-sicon-left\"><div id=\"porto-icon-19344814169efedb13161c\" class=\"porto-just-icon-wrapper  \"><div class=\"align-icon\" style=\"text-align:center;\"><\/div><\/div><\/div><div class=\"stats-desc\"><div id=\"counter_181622156669efedb131635\" data-id=\"counter_181622156669efedb131635\" class=\"stats-number\" style=\" color:#577a00; font-weight:700;font-size:30px;color:#577a00;\" data-speed=\"3\" data-counter-value=\"9378\" data-separator=\"none\" data-decimal=\".\">0<\/div><div class=\"stats-text\" style=\" color:#577a00; font-weight:700;font-size:12px;\">JOBS<\/div><\/div><\/div>[\/vc_column][vc_column width=&#8221;1\/6&#8243;]<div class=\"stats-block stats-left   vc_custom_1774611177812\"><div class=\"porto-sicon-left\"><div id=\"porto-icon-16546147269efedb131769\" class=\"porto-just-icon-wrapper  \"><div class=\"align-icon\" style=\"text-align:center;\"><\/div><\/div><\/div><div class=\"stats-desc\"><div id=\"counter_88907496969efedb131787\" data-id=\"counter_88907496969efedb131787\" class=\"stats-number\" style=\" color:#17a2b8; font-weight:700;font-size:30px;color:#17a2b8;\" data-speed=\"3\" data-counter-value=\"13500\" data-separator=\"none\" data-decimal=\".\">0<\/div><div class=\"counter_suffix mycust\" style=\" font-weight:700;font-size:20px;color:\"> lei<\/div><div class=\"stats-text\" style=\" color:#17a2b8; font-weight:700;font-size:12px;\">AVERAGE WAGE<\/div><\/div><\/div>[\/vc_column][vc_column width=&#8221;1\/6&#8243;]<div class=\"stats-block stats-left   vc_custom_1774611195297\"><div class=\"porto-sicon-left\"><div id=\"porto-icon-210030574069efedb1318bb\" class=\"porto-just-icon-wrapper  \"><div class=\"align-icon\" style=\"text-align:center;\"><\/div><\/div><\/div><div class=\"stats-desc\"><div id=\"counter_168610207969efedb1318d3\" data-id=\"counter_168610207969efedb1318d3\" class=\"stats-number\" style=\" color:#1e73be; font-weight:700;font-size:30px;color:#1e73be;\" data-speed=\"3\" data-counter-value=\"9.66\" data-separator=\"none\" data-decimal=\",\">0<\/div><div class=\"counter_suffix mycust\" style=\" font-weight:700;font-size:20px;color:\"> mlrd. lei<\/div><div class=\"stats-text\" style=\" color:#1e73be; font-weight:700;font-size:12px;\">INDUSTRIAL PRODUCTION<\/div><\/div><\/div>[\/vc_column][vc_column width=&#8221;1\/6&#8243;]<div class=\"stats-block stats-left   vc_custom_1774611204172\"><div class=\"porto-sicon-left\"><div id=\"porto-icon-82160553169efedb131a14\" class=\"porto-just-icon-wrapper  \"><div class=\"align-icon\" style=\"text-align:center;\"><\/div><\/div><\/div><div class=\"stats-desc\"><div id=\"counter_196083261369efedb131a2e\" data-id=\"counter_196083261369efedb131a2e\" class=\"stats-number\" style=\" color:#8224e3; font-weight:700;font-size:30px;color:#8224e3;\" data-speed=\"3\" data-counter-value=\"9.97\" data-separator=\"none\" data-decimal=\",\">0<\/div><div class=\"counter_suffix mycust\" style=\" font-weight:700;font-size:20px;color:\"> mlrd. lei<\/div><div class=\"stats-text\" style=\" color:#8224e3; font-weight:700;font-size:12px;\">TOTAL SALES<\/div><\/div><\/div>[\/vc_column][\/vc_row][vc_row][vc_column width=&#8221;2\/3&#8243; css=&#8221;.vc_custom_1530876187898{border-right-width: 1px !important;padding-top: 25px !important;padding-left: 50px !important;background-color: rgba(0,102,104,0.1) !important;*background-color: rgb(0,102,104) !important;border-right-color: rgba(4,102,105,0.2) !important;border-right-style: solid !important;}&#8221;][vc_column_text css=&#8221;.vc_custom_1708346627054{padding-right: 15px !important;}&#8221;]<\/p>\n<p style=\"font-size: 17px; text-align: justify;\"><big><b><a href=\"https:\/\/zelb.md\/wp-content\/uploads\/2022\/03\/m-ciobanu-5-1.jpg\"><img loading=\"lazy\" decoding=\"async\" class=\"alignleft wp-image-2983 size-medium\" src=\"https:\/\/zelb.md\/wp-content\/uploads\/2022\/03\/m-ciobanu-5-1-358x400.jpg\" alt=\"\" width=\"358\" height=\"400\" srcset=\"https:\/\/zelb.md\/wp-content\/uploads\/2022\/03\/m-ciobanu-5-1-358x400.jpg 358w, https:\/\/zelb.md\/wp-content\/uploads\/2022\/03\/m-ciobanu-5-1.jpg 392w\" sizes=\"auto, (max-width: 358px) 100vw, 358px\" \/><\/a>Dear visitors,<\/b><\/big><br \/>\nWe are pleased to greet you through the website of the Free Economic Zone &#8220;Balti&#8221;, created to facilitate your access to information about the opportunities and advantages offered by &#8220;Balti&#8221; FEZ, and at the same time, to provide an additional opportunity for interactive communication.<\/p>\n<p style=\"font-size: 17px; text-align: justify;\">We would like to inform you that Moldova&#8217;s favorable geographical position offers a special investment platform with first-class export opportunities to the EU, South East European (SEE) and CIS countries. Thus, on the one hand, the Association Agreement between the Republic of Moldova and the European Union which entered into force on 01 July 2016 offers free access of Moldovan goods and services to the EU market and, on the other hand, there are free trade agreements with the Community of Independent States (CIS) \u2013 2012, GUAM Countries \u2013 2002, CEFTA Countries \u2013 2007, Turkey \u2013 2017, which allow for free trade in goods and services with almost all non-EU SEE countries. Moldova has also Agreements on mutual promotion and protection of investments (with 34 countries).<\/p>\n<p style=\"font-size: 17px; text-align: justify;\">The Association Agreement with the EU also includes a Deep and Comprehensive Free Trade Area (DCFTA), which intends to reduce barriers to trade between the EU and the Republic of Moldova, and aims to include the Republic of Moldova in the European economic area. Moreover, it opens extraordinary opportunities for the country, both in terms of access to the European Community market for domestic goods and services through the elimination of import (and export, if any) customs duties, and in terms of supporting and encouraging deep structural reforms necessary to raise the competitiveness of the Moldovan economy. The DCFTA includes also a number of provisions aimed at reforming Moldova&#8217;s trade and trade policies in line with the EU acquis. These aim at the modernization of the economy, attracting EU investment into the country and a more predictable policy environment.<\/p>\n<p style=\"font-size: 17px; text-align: justify;\">On 23 June 2022, the European Council granted candidate status to Moldova and in December 2023, the EU Council decided to open accession negotiations with Moldova. This will further bring Moldova closer to the European Union, with the ultimate goal of the country becoming part of the EU common economic area.<\/p>\n<p style=\"font-size: 17px; text-align: justify;\">Due to the above mentioned, as well as to the tax and customs facilities offered by the legislation of the Republic of Moldova for free zones, the location of foreign companies and transnational corporations in the perimeter of the FEZ &#8220;Balti&#8221;, for conducting business with the western and eastern markets, will certainly produce the expected optimal results, beyond your expectations.<\/p>\n<p style=\"font-size: 17px; text-align: justify;\">Sincerely,<br \/>\nFEZ ,,Balti\u201d Administration<\/p>\n<p>[\/vc_column_text][\/vc_column][vc_column width=&#8221;1\/3&#8243; css=&#8221;.vc_custom_1530876342576{padding-top: 25px !important;padding-right: 50px !important;background-color: #f4f4f4 !important;}&#8221;]<div class=\"porto-recent-posts wpb_content_element \">    <div class=\"row\">\n        <div class=\"post-carousel porto-carousel owl-carousel\" data-plugin-options=\"{&quot;themeConfig&quot;:true,&quot;lg&quot;:1,&quot;md&quot;:1,&quot;sm&quot;:1}\">\n            <div class=\"post-slide no-single\"><div class=\"post-item post-title-simple\">\n    <a href=\"https:\/\/zelb.md\/en\/2026\/03\/06\/prima-grupa-de-soldati-a-inceput-instruirea-tehnica-la-techzone\/\"> <span class=\"post-image thumb-info thumb-info-hide-wrapper-bg m-b-md\"> <span class=\"thumb-info-wrapper\"> <img loading=\"lazy\" decoding=\"async\" class=\"img-responsive\" width=\"842\" height=\"1080\" src=\"https:\/\/zelb.md\/wp-content\/uploads\/2026\/03\/image0-2-e1773141381659.jpeg\" alt=\"\" \/>\n    <span class=\"zoom\" data-src=\"https:\/\/zelb.md\/wp-content\/uploads\/2026\/03\/image0-2-e1773141381659.jpeg\" data-title=\"\"><i class=\"fa fa-search\"><\/i><\/span>\n    <\/span> <\/span> <\/a>\n    <div class=\"post-date\">\n            <span class=\"day\">06<\/span>\n        <span class=\"month\">Mar<\/span>\n          <\/div>\n    <h4><a href=\"https:\/\/zelb.md\/en\/2026\/03\/06\/prima-grupa-de-soldati-a-inceput-instruirea-tehnica-la-techzone\/\">\n    Prima grup\u0103 de solda\u021bi a \u00eenceput instruirea tehnic\u0103 la TechZone    <\/a><\/h4>\n    <p>[vc_row][vc_column][vc_column_text]<br \/>\nAst\u0103zi, 6 martie 2026, a \u00eenceput programul de instruire pentru prima grup\u0103 de solda\u021bi \u00een cadrul centrului TechZone.<br \/>\nPrima zi&#8230; <\/p>\n <a class=\"read-more\" href=\"https:\/\/zelb.md\/en\/2026\/03\/06\/prima-grupa-de-soldati-a-inceput-instruirea-tehnica-la-techzone\/\">Detalii <i class=\"fa fa-angle-right\"><\/i><\/a> <\/div>\n<div class=\"post-item post-title-simple\">\n    <a href=\"https:\/\/zelb.md\/en\/2026\/02\/27\/parteneriat-pentru-viitor-soldatii-in-termen-instruiti-la-techzone\/\"> <span class=\"post-image thumb-info thumb-info-hide-wrapper-bg m-b-md\"> <span class=\"thumb-info-wrapper\"> <img loading=\"lazy\" decoding=\"async\" class=\"img-responsive\" width=\"960\" height=\"640\" src=\"https:\/\/zelb.md\/wp-content\/uploads\/2026\/03\/image0-1.jpeg\" alt=\"\" \/>\n    <span class=\"zoom\" data-src=\"https:\/\/zelb.md\/wp-content\/uploads\/2026\/03\/image0-1.jpeg\" data-title=\"\"><i class=\"fa fa-search\"><\/i><\/span>\n    <\/span> <\/span> <\/a>\n    <div class=\"post-date\">\n            <span class=\"day\">27<\/span>\n        <span class=\"month\">Feb<\/span>\n          <\/div>\n    <h4><a href=\"https:\/\/zelb.md\/en\/2026\/02\/27\/parteneriat-pentru-viitor-soldatii-in-termen-instruiti-la-techzone\/\">\n    Parteneriat pentru viitor: solda\u021bii \u00een termen, instrui\u021bi la TechZone    <\/a><\/h4>\n    <p>[vc_row][vc_column][vc_column_text]<br \/>\nLa 20 februarie curent, echipa TechZone, cu suportul Ministerul Ap\u0103r\u0103rii al Republicii Moldova, a desf\u0103\u0219urat o sesiune de informare&#8230; <\/p>\n <a class=\"read-more\" href=\"https:\/\/zelb.md\/en\/2026\/02\/27\/parteneriat-pentru-viitor-soldatii-in-termen-instruiti-la-techzone\/\">Detalii <i class=\"fa fa-angle-right\"><\/i><\/a> <\/div>\n<\/div>        <\/div>\n    <\/div>\n    <\/div>[\/vc_column][\/vc_row][vc_row is_section=&#8221;yes&#8221; section_skin=&#8221;parallax&#8221; remove_margin_top=&#8221;yes&#8221; remove_margin_bottom=&#8221;yes&#8221; remove_padding_top=&#8221;yes&#8221; remove_padding_bottom=&#8221;yes&#8221; remove_border=&#8221;yes&#8221;][vc_column][layerslider_vc id=&#8221;13&#8243;][\/vc_column][\/vc_row][vc_row full_width=&#8221;stretch_row&#8221;][vc_column][vc_row_inner][vc_column_inner][layerslider_vc id=&#8221;10&#8243; el_class=&#8221;ppeo&#8221;][\/vc_column_inner][\/vc_row_inner][vc_row_inner][vc_column_inner][layerslider_vc id=&#8221;2&#8243;][\/vc_column_inner][\/vc_row_inner][\/vc_column][\/vc_row]<\/p>\n","protected":false},"excerpt":{"rendered":"<p>[vc_row remove_margin_bottom=&#8221;yes&#8221; remove_padding_bottom=&#8221;yes&#8221; css=&#8221;.vc_custom_1530602368394{margin-bottom: -10px !important;}&#8221;][vc_column width=&#8221;1\/6&#8243;][\/vc_column][vc_column width=&#8221;1\/6&#8243;][\/vc_column][vc_column width=&#8221;1\/6&#8243;][\/vc_column][vc_column width=&#8221;1\/6&#8243;][\/vc_column][vc_column width=&#8221;1\/6&#8243;][\/vc_column][vc_column width=&#8221;1\/6&#8243;][\/vc_column][\/vc_row][vc_row][vc_column width=&#8221;2\/3&#8243; css=&#8221;.vc_custom_1530876187898{border-right-width: 1px !important;padding-top: 25px !important;padding-left: 50px !important;background-color: rgba(0,102,104,0.1) !important;*background-color: rgb(0,102,104) !important;border-right-color: rgba(4,102,105,0.2) !important;border-right-style: solid !important;}&#8221;][vc_column_text css=&#8221;.vc_custom_1708346627054{padding-right: 15px !important;}&#8221;] Dear visitors, We are pleased to greet you through the website of the Free Economic Zone &#8220;Balti&#8221;, created to facilitate your access to information [&hellip;]<\/p>\n","protected":false},"author":8,"featured_media":0,"parent":0,"menu_order":0,"comment_status":"closed","ping_status":"closed","template":"","meta":{"footnotes":""},"class_list":["post-3961","page","type-page","status-publish","hentry"],"yoast_head":"<!-- This site is optimized with the Yoast SEO plugin v26.6 - https:\/\/yoast.com\/wordpress\/plugins\/seo\/ -->\n<title>ZELB - ZELB<\/title>\n<meta name=\"robots\" content=\"index, follow, max-snippet:-1, max-image-preview:large, max-video-preview:-1\" \/>\n<link rel=\"canonical\" href=\"https:\/\/zelb.md\/en\/\" \/>\n<meta property=\"og:locale\" content=\"en_US\" \/>\n<meta property=\"og:type\" content=\"article\" \/>\n<meta property=\"og:title\" content=\"ZELB - ZELB\" \/>\n<meta property=\"og:description\" content=\"[vc_row remove_margin_bottom=&#8221;yes&#8221; remove_padding_bottom=&#8221;yes&#8221; css=&#8221;.vc_custom_1530602368394{margin-bottom: -10px !important;}&#8221;][vc_column width=&#8221;1\/6&#8243;][\/vc_column][vc_column width=&#8221;1\/6&#8243;][\/vc_column][vc_column width=&#8221;1\/6&#8243;][\/vc_column][vc_column width=&#8221;1\/6&#8243;][\/vc_column][vc_column width=&#8221;1\/6&#8243;][\/vc_column][vc_column width=&#8221;1\/6&#8243;][\/vc_column][\/vc_row][vc_row][vc_column width=&#8221;2\/3&#8243; css=&#8221;.vc_custom_1530876187898{border-right-width: 1px !important;padding-top: 25px !important;padding-left: 50px !important;background-color: rgba(0,102,104,0.1) !important;*background-color: rgb(0,102,104) !important;border-right-color: rgba(4,102,105,0.2) !important;border-right-style: solid !important;}&#8221;][vc_column_text css=&#8221;.vc_custom_1708346627054{padding-right: 15px !important;}&#8221;] Dear visitors, We are pleased to greet you through the website of the Free Economic Zone &#8220;Balti&#8221;, created to facilitate your access to information [&hellip;]\" \/>\n<meta property=\"og:url\" content=\"https:\/\/zelb.md\/en\/\" \/>\n<meta property=\"og:site_name\" content=\"ZELB\" \/>\n<meta property=\"article:publisher\" content=\"https:\/\/www.facebook.com\/zelbalti\/\" \/>\n<meta property=\"article:modified_time\" content=\"2026-03-27T11:33:51+00:00\" \/>\n<meta property=\"og:image\" content=\"https:\/\/zelb.md\/wp-content\/uploads\/2022\/03\/m-ciobanu-5-1.jpg\" \/>\n\t<meta property=\"og:image:width\" content=\"392\" \/>\n\t<meta property=\"og:image:height\" content=\"438\" \/>\n\t<meta property=\"og:image:type\" content=\"image\/jpeg\" \/>\n<meta name=\"twitter:card\" content=\"summary_large_image\" \/>\n<meta name=\"twitter:label1\" content=\"Est. reading time\" \/>\n\t<meta name=\"twitter:data1\" content=\"4 minutes\" \/>\n<script type=\"application\/ld+json\" class=\"yoast-schema-graph\">{\"@context\":\"https:\/\/schema.org\",\"@graph\":[{\"@type\":\"WebPage\",\"@id\":\"https:\/\/zelb.md\/en\/\",\"url\":\"https:\/\/zelb.md\/en\/\",\"name\":\"ZELB - ZELB\",\"isPartOf\":{\"@id\":\"https:\/\/zelb.md\/#website\"},\"primaryImageOfPage\":{\"@id\":\"https:\/\/zelb.md\/en\/#primaryimage\"},\"image\":{\"@id\":\"https:\/\/zelb.md\/en\/#primaryimage\"},\"thumbnailUrl\":\"https:\/\/zelb.md\/wp-content\/uploads\/2022\/03\/m-ciobanu-5-1-358x400.jpg\",\"datePublished\":\"2016-07-15T06:32:51+00:00\",\"dateModified\":\"2026-03-27T11:33:51+00:00\",\"breadcrumb\":{\"@id\":\"https:\/\/zelb.md\/en\/#breadcrumb\"},\"inLanguage\":\"en-US\",\"potentialAction\":[{\"@type\":\"ReadAction\",\"target\":[\"https:\/\/zelb.md\/en\/\"]}]},{\"@type\":\"ImageObject\",\"inLanguage\":\"en-US\",\"@id\":\"https:\/\/zelb.md\/en\/#primaryimage\",\"url\":\"https:\/\/zelb.md\/wp-content\/uploads\/2022\/03\/m-ciobanu-5-1-358x400.jpg\",\"contentUrl\":\"https:\/\/zelb.md\/wp-content\/uploads\/2022\/03\/m-ciobanu-5-1-358x400.jpg\"},{\"@type\":\"BreadcrumbList\",\"@id\":\"https:\/\/zelb.md\/en\/#breadcrumb\",\"itemListElement\":[{\"@type\":\"ListItem\",\"position\":1,\"name\":\"Prima pagin\u0103\",\"item\":\"https:\/\/zelb.md\/en\/\"},{\"@type\":\"ListItem\",\"position\":2,\"name\":\"ZELB\"}]},{\"@type\":\"WebSite\",\"@id\":\"https:\/\/zelb.md\/#website\",\"url\":\"https:\/\/zelb.md\/\",\"name\":\"ZELB\",\"description\":\"Zona Economic\u0103 Liber\u0103 B\u0103l\u0163i\",\"publisher\":{\"@id\":\"https:\/\/zelb.md\/#organization\"},\"potentialAction\":[{\"@type\":\"SearchAction\",\"target\":{\"@type\":\"EntryPoint\",\"urlTemplate\":\"https:\/\/zelb.md\/?s={search_term_string}\"},\"query-input\":{\"@type\":\"PropertyValueSpecification\",\"valueRequired\":true,\"valueName\":\"search_term_string\"}}],\"inLanguage\":\"en-US\"},{\"@type\":\"Organization\",\"@id\":\"https:\/\/zelb.md\/#organization\",\"name\":\"ZELB\",\"url\":\"https:\/\/zelb.md\/\",\"logo\":{\"@type\":\"ImageObject\",\"inLanguage\":\"en-US\",\"@id\":\"https:\/\/zelb.md\/#\/schema\/logo\/image\/\",\"url\":\"https:\/\/zelb.md\/wp-content\/uploads\/2018\/06\/zelb-logo-8-ani.png\",\"contentUrl\":\"https:\/\/zelb.md\/wp-content\/uploads\/2018\/06\/zelb-logo-8-ani.png\",\"width\":255,\"height\":105,\"caption\":\"ZELB\"},\"image\":{\"@id\":\"https:\/\/zelb.md\/#\/schema\/logo\/image\/\"},\"sameAs\":[\"https:\/\/www.facebook.com\/zelbalti\/\"]}]}<\/script>\n<!-- \/ Yoast SEO plugin. -->","yoast_head_json":{"title":"ZELB - ZELB","robots":{"index":"index","follow":"follow","max-snippet":"max-snippet:-1","max-image-preview":"max-image-preview:large","max-video-preview":"max-video-preview:-1"},"canonical":"https:\/\/zelb.md\/en\/","og_locale":"en_US","og_type":"article","og_title":"ZELB - ZELB","og_description":"[vc_row remove_margin_bottom=&#8221;yes&#8221; remove_padding_bottom=&#8221;yes&#8221; css=&#8221;.vc_custom_1530602368394{margin-bottom: -10px !important;}&#8221;][vc_column width=&#8221;1\/6&#8243;][\/vc_column][vc_column width=&#8221;1\/6&#8243;][\/vc_column][vc_column width=&#8221;1\/6&#8243;][\/vc_column][vc_column width=&#8221;1\/6&#8243;][\/vc_column][vc_column width=&#8221;1\/6&#8243;][\/vc_column][vc_column width=&#8221;1\/6&#8243;][\/vc_column][\/vc_row][vc_row][vc_column width=&#8221;2\/3&#8243; css=&#8221;.vc_custom_1530876187898{border-right-width: 1px !important;padding-top: 25px !important;padding-left: 50px !important;background-color: rgba(0,102,104,0.1) !important;*background-color: rgb(0,102,104) !important;border-right-color: rgba(4,102,105,0.2) !important;border-right-style: solid !important;}&#8221;][vc_column_text css=&#8221;.vc_custom_1708346627054{padding-right: 15px !important;}&#8221;] Dear visitors, We are pleased to greet you through the website of the Free Economic Zone &#8220;Balti&#8221;, created to facilitate your access to information [&hellip;]","og_url":"https:\/\/zelb.md\/en\/","og_site_name":"ZELB","article_publisher":"https:\/\/www.facebook.com\/zelbalti\/","article_modified_time":"2026-03-27T11:33:51+00:00","og_image":[{"width":392,"height":438,"url":"https:\/\/zelb.md\/wp-content\/uploads\/2022\/03\/m-ciobanu-5-1.jpg","type":"image\/jpeg"}],"twitter_card":"summary_large_image","twitter_misc":{"Est. reading time":"4 minutes"},"schema":{"@context":"https:\/\/schema.org","@graph":[{"@type":"WebPage","@id":"https:\/\/zelb.md\/en\/","url":"https:\/\/zelb.md\/en\/","name":"ZELB - ZELB","isPartOf":{"@id":"https:\/\/zelb.md\/#website"},"primaryImageOfPage":{"@id":"https:\/\/zelb.md\/en\/#primaryimage"},"image":{"@id":"https:\/\/zelb.md\/en\/#primaryimage"},"thumbnailUrl":"https:\/\/zelb.md\/wp-content\/uploads\/2022\/03\/m-ciobanu-5-1-358x400.jpg","datePublished":"2016-07-15T06:32:51+00:00","dateModified":"2026-03-27T11:33:51+00:00","breadcrumb":{"@id":"https:\/\/zelb.md\/en\/#breadcrumb"},"inLanguage":"en-US","potentialAction":[{"@type":"ReadAction","target":["https:\/\/zelb.md\/en\/"]}]},{"@type":"ImageObject","inLanguage":"en-US","@id":"https:\/\/zelb.md\/en\/#primaryimage","url":"https:\/\/zelb.md\/wp-content\/uploads\/2022\/03\/m-ciobanu-5-1-358x400.jpg","contentUrl":"https:\/\/zelb.md\/wp-content\/uploads\/2022\/03\/m-ciobanu-5-1-358x400.jpg"},{"@type":"BreadcrumbList","@id":"https:\/\/zelb.md\/en\/#breadcrumb","itemListElement":[{"@type":"ListItem","position":1,"name":"Prima pagin\u0103","item":"https:\/\/zelb.md\/en\/"},{"@type":"ListItem","position":2,"name":"ZELB"}]},{"@type":"WebSite","@id":"https:\/\/zelb.md\/#website","url":"https:\/\/zelb.md\/","name":"ZELB","description":"Zona Economic\u0103 Liber\u0103 B\u0103l\u0163i","publisher":{"@id":"https:\/\/zelb.md\/#organization"},"potentialAction":[{"@type":"SearchAction","target":{"@type":"EntryPoint","urlTemplate":"https:\/\/zelb.md\/?s={search_term_string}"},"query-input":{"@type":"PropertyValueSpecification","valueRequired":true,"valueName":"search_term_string"}}],"inLanguage":"en-US"},{"@type":"Organization","@id":"https:\/\/zelb.md\/#organization","name":"ZELB","url":"https:\/\/zelb.md\/","logo":{"@type":"ImageObject","inLanguage":"en-US","@id":"https:\/\/zelb.md\/#\/schema\/logo\/image\/","url":"https:\/\/zelb.md\/wp-content\/uploads\/2018\/06\/zelb-logo-8-ani.png","contentUrl":"https:\/\/zelb.md\/wp-content\/uploads\/2018\/06\/zelb-logo-8-ani.png","width":255,"height":105,"caption":"ZELB"},"image":{"@id":"https:\/\/zelb.md\/#\/schema\/logo\/image\/"},"sameAs":["https:\/\/www.facebook.com\/zelbalti\/"]}]}},"_links":{"self":[{"href":"https:\/\/zelb.md\/en\/wp-json\/wp\/v2\/pages\/3961","targetHints":{"allow":["GET"]}}],"collection":[{"href":"https:\/\/zelb.md\/en\/wp-json\/wp\/v2\/pages"}],"about":[{"href":"https:\/\/zelb.md\/en\/wp-json\/wp\/v2\/types\/page"}],"author":[{"embeddable":true,"href":"https:\/\/zelb.md\/en\/wp-json\/wp\/v2\/users\/8"}],"replies":[{"embeddable":true,"href":"https:\/\/zelb.md\/en\/wp-json\/wp\/v2\/comments?post=3961"}],"version-history":[{"count":15,"href":"https:\/\/zelb.md\/en\/wp-json\/wp\/v2\/pages\/3961\/revisions"}],"predecessor-version":[{"id":4354,"href":"https:\/\/zelb.md\/en\/wp-json\/wp\/v2\/pages\/3961\/revisions\/4354"}],"wp:attachment":[{"href":"https:\/\/zelb.md\/en\/wp-json\/wp\/v2\/media?parent=3961"}],"curies":[{"name":"wp","href":"https:\/\/api.w.org\/{rel}","templated":true}]}}