{"id":3951,"date":"2016-07-21T02:04:39","date_gmt":"2016-07-21T00:04:39","guid":{"rendered":"https:\/\/zelb.md\/contact\/"},"modified":"2024-02-19T14:41:25","modified_gmt":"2024-02-19T12:41:25","slug":"contacts","status":"publish","type":"page","link":"https:\/\/zelb.md\/en\/contacts\/","title":{"rendered":"Contacts"},"content":{"rendered":"<p>[vc_row full_width=&#8221;stretch_row&#8221; bg_type=&#8221;image&#8221; parallax_style=&#8221;vcpb-vz-jquery&#8221; parallax_sense=&#8221;30&#8243; bg_override=&#8221;ex-full&#8221; seperator_enable=&#8221;off&#8221; row_id=&#8221;events&#8221; is_container=&#8221;1&#8243; css=&#8221;.vc_custom_1525355856142{margin-bottom: 0px !important;}&#8221;][vc_column width=&#8221;1\/2&#8243; css=&#8221;.vc_custom_1452679369430{padding-top: 0px !important;}&#8221;][vc_column_text]<strong>FREE ECONOMIC ZONE &#8220;BALTI&#8221;<\/strong><br \/>\n<strong><em>4 Industriala Street., MD-3100, Balti<\/em><\/strong><br \/>\ntel: +373 231 88881<br \/>\nemail: administration@zelb.md<br \/>\nemail: office.zelb@gmail.com[\/vc_column_text][vc_column_text]<strong>Chief Administrator<\/strong><br \/>\n<em><strong>Marin CIOBANU<\/strong><\/em><br \/>\nemail: ciobanu.marin.zelb@gmail.com<\/p>\n<p><strong>Deputy Administrator<\/strong><br \/>\n<em><strong>Dorina MARGINE<\/strong><\/em><br \/>\nemail: dorina.margine@gmail.com<\/p>\n<p><strong>Deputy Administrator<br \/>\n<\/strong><em><strong>Ion TORNEA<br \/>\n<\/strong><\/em>email: iontornea@gmail.com<\/p>\n<div class=\"b4\">\n<div class=\"dl\">\n<div class=\"aIj\">\n<div id=\":22\" class=\"T-I J-J5-Ji aIg T-I-awG T-I-JN L3\" tabindex=\"0\" role=\"button\" data-tooltip=\"Ac\u021biuni\" aria-label=\"Ac\u021biuni\" aria-expanded=\"false\" aria-haspopup=\"false\"><img decoding=\"async\" class=\"T-I-J3 CB\" src=\"https:\/\/mail.google.com\/mail\/u\/1\/images\/cleardot.gif\" alt=\"\" \/><strong>Accounting<br \/>\n<\/strong>tel\/fax: +373 231 88883<br \/>\nemail: isac.victoria.zelb@gmail.com<\/div>\n<\/div>\n<\/div>\n<\/div>\n<p>[\/vc_column_text][\/vc_column][vc_column width=&#8221;1\/2&#8243; css=&#8221;.vc_custom_1452679343109{padding-top: 0px !important;}&#8221;][vc_raw_html]PGlmcmFtZSBzcmM9Imh0dHBzOi8vd3d3Lmdvb2dsZS5jb20vbWFwcy9lbWJlZD9wYj0hMW0xOCExbTEyITFtMyExZDI2ODAuODA3OTg3NDUzNzIzNCEyZDI3Ljk0MTI3NDU3NjgwMDA0OCEzZDQ3Ljc4NTE3MTE3NTYyODc1ITJtMyExZjAhMmYwITNmMCEzbTIhMWkxMDI0ITJpNzY4ITRmMTMuMSEzbTMhMW0yITFzMHg0MGNiNjBlZWM4NGQzZGZiJTNBMHhmN2E5YTQ4MjRiMGNkMTcyITJ6V205dVlTQkZZMjl1YjIxcFk4U0RJRXhwWW1WeXhJTWdRc1NEYk1pYmFRITVlMCEzbTIhMXNybyEycyE0djE2ODk0OTM3NjI1NDIhNW0yITFzcm8hMnMiIHdpZHRoPSIxMDAlIiBoZWlnaHQ9IjQ4MCIgc3R5bGU9ImJvcmRlcjowOyIgYWxsb3dmdWxsc2NyZWVuPSIiIGxvYWRpbmc9ImxhenkiIHJlZmVycmVycG9saWN5PSJuby1yZWZlcnJlci13aGVuLWRvd25ncmFkZSI+PC9pZnJhbWU+[\/vc_raw_html][\/vc_column][\/vc_row][vc_row][vc_column][\/vc_column][\/vc_row]<\/p>\n","protected":false},"excerpt":{"rendered":"<p>[vc_row full_width=&#8221;stretch_row&#8221; bg_type=&#8221;image&#8221; parallax_style=&#8221;vcpb-vz-jquery&#8221; parallax_sense=&#8221;30&#8243; bg_override=&#8221;ex-full&#8221; seperator_enable=&#8221;off&#8221; row_id=&#8221;events&#8221; is_container=&#8221;1&#8243; css=&#8221;.vc_custom_1525355856142{margin-bottom: 0px !important;}&#8221;][vc_column width=&#8221;1\/2&#8243; css=&#8221;.vc_custom_1452679369430{padding-top: 0px !important;}&#8221;][vc_column_text]FREE ECONOMIC ZONE &#8220;BALTI&#8221; 4 Industriala Street., MD-3100, Balti tel: +373 231 88881 email: administration@zelb.md email: office.zelb@gmail.com[\/vc_column_text][vc_column_text]Chief Administrator Marin CIOBANU email: ciobanu.marin.zelb@gmail.com Deputy Administrator Dorina MARGINE email: dorina.margine@gmail.com Deputy Administrator Ion TORNEA email: iontornea@gmail.com Accounting tel\/fax: +373 231 88883 email: [&hellip;]<\/p>\n","protected":false},"author":8,"featured_media":0,"parent":0,"menu_order":0,"comment_status":"closed","ping_status":"closed","template":"","meta":{"footnotes":""},"class_list":["post-3951","page","type-page","status-publish","hentry"],"yoast_head":"<!-- This site is optimized with the Yoast SEO plugin v26.6 - https:\/\/yoast.com\/wordpress\/plugins\/seo\/ -->\n<title>Contacts - ZELB<\/title>\n<meta name=\"robots\" content=\"index, follow, max-snippet:-1, max-image-preview:large, max-video-preview:-1\" \/>\n<link rel=\"canonical\" href=\"https:\/\/zelb.md\/en\/contacts\/\" \/>\n<meta property=\"og:locale\" content=\"en_US\" \/>\n<meta property=\"og:type\" content=\"article\" \/>\n<meta property=\"og:title\" content=\"Contacts - ZELB\" \/>\n<meta property=\"og:description\" content=\"[vc_row full_width=&#8221;stretch_row&#8221; bg_type=&#8221;image&#8221; parallax_style=&#8221;vcpb-vz-jquery&#8221; parallax_sense=&#8221;30&#8243; bg_override=&#8221;ex-full&#8221; seperator_enable=&#8221;off&#8221; row_id=&#8221;events&#8221; is_container=&#8221;1&#8243; css=&#8221;.vc_custom_1525355856142{margin-bottom: 0px !important;}&#8221;][vc_column width=&#8221;1\/2&#8243; css=&#8221;.vc_custom_1452679369430{padding-top: 0px !important;}&#8221;][vc_column_text]FREE ECONOMIC ZONE &#8220;BALTI&#8221; 4 Industriala Street., MD-3100, Balti tel: +373 231 88881 email: administration@zelb.md email: office.zelb@gmail.com[\/vc_column_text][vc_column_text]Chief Administrator Marin CIOBANU email: ciobanu.marin.zelb@gmail.com Deputy Administrator Dorina MARGINE email: dorina.margine@gmail.com Deputy Administrator Ion TORNEA email: iontornea@gmail.com Accounting tel\/fax: +373 231 88883 email: [&hellip;]\" \/>\n<meta property=\"og:url\" content=\"https:\/\/zelb.md\/en\/contacts\/\" \/>\n<meta property=\"og:site_name\" content=\"ZELB\" \/>\n<meta property=\"article:publisher\" content=\"https:\/\/www.facebook.com\/zelbalti\/\" \/>\n<meta property=\"article:modified_time\" content=\"2024-02-19T12:41:25+00:00\" \/>\n<meta property=\"og:image\" content=\"https:\/\/mail.google.com\/mail\/u\/1\/images\/cleardot.gif\" \/>\n<meta name=\"twitter:card\" content=\"summary_large_image\" \/>\n<meta name=\"twitter:label1\" content=\"Est. reading time\" \/>\n\t<meta name=\"twitter:data1\" content=\"1 minute\" \/>\n<script type=\"application\/ld+json\" class=\"yoast-schema-graph\">{\"@context\":\"https:\/\/schema.org\",\"@graph\":[{\"@type\":\"WebPage\",\"@id\":\"https:\/\/zelb.md\/en\/contacts\/\",\"url\":\"https:\/\/zelb.md\/en\/contacts\/\",\"name\":\"Contacts - ZELB\",\"isPartOf\":{\"@id\":\"https:\/\/zelb.md\/#website\"},\"primaryImageOfPage\":{\"@id\":\"https:\/\/zelb.md\/en\/contacts\/#primaryimage\"},\"image\":{\"@id\":\"https:\/\/zelb.md\/en\/contacts\/#primaryimage\"},\"thumbnailUrl\":\"https:\/\/mail.google.com\/mail\/u\/1\/images\/cleardot.gif\",\"datePublished\":\"2016-07-21T00:04:39+00:00\",\"dateModified\":\"2024-02-19T12:41:25+00:00\",\"breadcrumb\":{\"@id\":\"https:\/\/zelb.md\/en\/contacts\/#breadcrumb\"},\"inLanguage\":\"en-US\",\"potentialAction\":[{\"@type\":\"ReadAction\",\"target\":[\"https:\/\/zelb.md\/en\/contacts\/\"]}]},{\"@type\":\"ImageObject\",\"inLanguage\":\"en-US\",\"@id\":\"https:\/\/zelb.md\/en\/contacts\/#primaryimage\",\"url\":\"https:\/\/mail.google.com\/mail\/u\/1\/images\/cleardot.gif\",\"contentUrl\":\"https:\/\/mail.google.com\/mail\/u\/1\/images\/cleardot.gif\"},{\"@type\":\"BreadcrumbList\",\"@id\":\"https:\/\/zelb.md\/en\/contacts\/#breadcrumb\",\"itemListElement\":[{\"@type\":\"ListItem\",\"position\":1,\"name\":\"Prima pagin\u0103\",\"item\":\"https:\/\/zelb.md\/en\/\"},{\"@type\":\"ListItem\",\"position\":2,\"name\":\"Contacts\"}]},{\"@type\":\"WebSite\",\"@id\":\"https:\/\/zelb.md\/#website\",\"url\":\"https:\/\/zelb.md\/\",\"name\":\"ZELB\",\"description\":\"Zona Economic\u0103 Liber\u0103 B\u0103l\u0163i\",\"publisher\":{\"@id\":\"https:\/\/zelb.md\/#organization\"},\"potentialAction\":[{\"@type\":\"SearchAction\",\"target\":{\"@type\":\"EntryPoint\",\"urlTemplate\":\"https:\/\/zelb.md\/?s={search_term_string}\"},\"query-input\":{\"@type\":\"PropertyValueSpecification\",\"valueRequired\":true,\"valueName\":\"search_term_string\"}}],\"inLanguage\":\"en-US\"},{\"@type\":\"Organization\",\"@id\":\"https:\/\/zelb.md\/#organization\",\"name\":\"ZELB\",\"url\":\"https:\/\/zelb.md\/\",\"logo\":{\"@type\":\"ImageObject\",\"inLanguage\":\"en-US\",\"@id\":\"https:\/\/zelb.md\/#\/schema\/logo\/image\/\",\"url\":\"https:\/\/zelb.md\/wp-content\/uploads\/2018\/06\/zelb-logo-8-ani.png\",\"contentUrl\":\"https:\/\/zelb.md\/wp-content\/uploads\/2018\/06\/zelb-logo-8-ani.png\",\"width\":255,\"height\":105,\"caption\":\"ZELB\"},\"image\":{\"@id\":\"https:\/\/zelb.md\/#\/schema\/logo\/image\/\"},\"sameAs\":[\"https:\/\/www.facebook.com\/zelbalti\/\"]}]}<\/script>\n<!-- \/ Yoast SEO plugin. -->","yoast_head_json":{"title":"Contacts - ZELB","robots":{"index":"index","follow":"follow","max-snippet":"max-snippet:-1","max-image-preview":"max-image-preview:large","max-video-preview":"max-video-preview:-1"},"canonical":"https:\/\/zelb.md\/en\/contacts\/","og_locale":"en_US","og_type":"article","og_title":"Contacts - ZELB","og_description":"[vc_row full_width=&#8221;stretch_row&#8221; bg_type=&#8221;image&#8221; parallax_style=&#8221;vcpb-vz-jquery&#8221; parallax_sense=&#8221;30&#8243; bg_override=&#8221;ex-full&#8221; seperator_enable=&#8221;off&#8221; row_id=&#8221;events&#8221; is_container=&#8221;1&#8243; css=&#8221;.vc_custom_1525355856142{margin-bottom: 0px !important;}&#8221;][vc_column width=&#8221;1\/2&#8243; css=&#8221;.vc_custom_1452679369430{padding-top: 0px !important;}&#8221;][vc_column_text]FREE ECONOMIC ZONE &#8220;BALTI&#8221; 4 Industriala Street., MD-3100, Balti tel: +373 231 88881 email: administration@zelb.md email: office.zelb@gmail.com[\/vc_column_text][vc_column_text]Chief Administrator Marin CIOBANU email: ciobanu.marin.zelb@gmail.com Deputy Administrator Dorina MARGINE email: dorina.margine@gmail.com Deputy Administrator Ion TORNEA email: iontornea@gmail.com Accounting tel\/fax: +373 231 88883 email: [&hellip;]","og_url":"https:\/\/zelb.md\/en\/contacts\/","og_site_name":"ZELB","article_publisher":"https:\/\/www.facebook.com\/zelbalti\/","article_modified_time":"2024-02-19T12:41:25+00:00","og_image":[{"url":"https:\/\/mail.google.com\/mail\/u\/1\/images\/cleardot.gif","type":"","width":"","height":""}],"twitter_card":"summary_large_image","twitter_misc":{"Est. reading time":"1 minute"},"schema":{"@context":"https:\/\/schema.org","@graph":[{"@type":"WebPage","@id":"https:\/\/zelb.md\/en\/contacts\/","url":"https:\/\/zelb.md\/en\/contacts\/","name":"Contacts - ZELB","isPartOf":{"@id":"https:\/\/zelb.md\/#website"},"primaryImageOfPage":{"@id":"https:\/\/zelb.md\/en\/contacts\/#primaryimage"},"image":{"@id":"https:\/\/zelb.md\/en\/contacts\/#primaryimage"},"thumbnailUrl":"https:\/\/mail.google.com\/mail\/u\/1\/images\/cleardot.gif","datePublished":"2016-07-21T00:04:39+00:00","dateModified":"2024-02-19T12:41:25+00:00","breadcrumb":{"@id":"https:\/\/zelb.md\/en\/contacts\/#breadcrumb"},"inLanguage":"en-US","potentialAction":[{"@type":"ReadAction","target":["https:\/\/zelb.md\/en\/contacts\/"]}]},{"@type":"ImageObject","inLanguage":"en-US","@id":"https:\/\/zelb.md\/en\/contacts\/#primaryimage","url":"https:\/\/mail.google.com\/mail\/u\/1\/images\/cleardot.gif","contentUrl":"https:\/\/mail.google.com\/mail\/u\/1\/images\/cleardot.gif"},{"@type":"BreadcrumbList","@id":"https:\/\/zelb.md\/en\/contacts\/#breadcrumb","itemListElement":[{"@type":"ListItem","position":1,"name":"Prima pagin\u0103","item":"https:\/\/zelb.md\/en\/"},{"@type":"ListItem","position":2,"name":"Contacts"}]},{"@type":"WebSite","@id":"https:\/\/zelb.md\/#website","url":"https:\/\/zelb.md\/","name":"ZELB","description":"Zona Economic\u0103 Liber\u0103 B\u0103l\u0163i","publisher":{"@id":"https:\/\/zelb.md\/#organization"},"potentialAction":[{"@type":"SearchAction","target":{"@type":"EntryPoint","urlTemplate":"https:\/\/zelb.md\/?s={search_term_string}"},"query-input":{"@type":"PropertyValueSpecification","valueRequired":true,"valueName":"search_term_string"}}],"inLanguage":"en-US"},{"@type":"Organization","@id":"https:\/\/zelb.md\/#organization","name":"ZELB","url":"https:\/\/zelb.md\/","logo":{"@type":"ImageObject","inLanguage":"en-US","@id":"https:\/\/zelb.md\/#\/schema\/logo\/image\/","url":"https:\/\/zelb.md\/wp-content\/uploads\/2018\/06\/zelb-logo-8-ani.png","contentUrl":"https:\/\/zelb.md\/wp-content\/uploads\/2018\/06\/zelb-logo-8-ani.png","width":255,"height":105,"caption":"ZELB"},"image":{"@id":"https:\/\/zelb.md\/#\/schema\/logo\/image\/"},"sameAs":["https:\/\/www.facebook.com\/zelbalti\/"]}]}},"_links":{"self":[{"href":"https:\/\/zelb.md\/en\/wp-json\/wp\/v2\/pages\/3951","targetHints":{"allow":["GET"]}}],"collection":[{"href":"https:\/\/zelb.md\/en\/wp-json\/wp\/v2\/pages"}],"about":[{"href":"https:\/\/zelb.md\/en\/wp-json\/wp\/v2\/types\/page"}],"author":[{"embeddable":true,"href":"https:\/\/zelb.md\/en\/wp-json\/wp\/v2\/users\/8"}],"replies":[{"embeddable":true,"href":"https:\/\/zelb.md\/en\/wp-json\/wp\/v2\/comments?post=3951"}],"version-history":[{"count":8,"href":"https:\/\/zelb.md\/en\/wp-json\/wp\/v2\/pages\/3951\/revisions"}],"predecessor-version":[{"id":3979,"href":"https:\/\/zelb.md\/en\/wp-json\/wp\/v2\/pages\/3951\/revisions\/3979"}],"wp:attachment":[{"href":"https:\/\/zelb.md\/en\/wp-json\/wp\/v2\/media?parent=3951"}],"curies":[{"name":"wp","href":"https:\/\/api.w.org\/{rel}","templated":true}]}}