{"id":3901,"date":"2018-06-25T06:34:59","date_gmt":"2018-06-25T04:34:59","guid":{"rendered":"https:\/\/zelb.md\/legislatia\/"},"modified":"2024-02-23T09:33:58","modified_gmt":"2024-02-23T07:33:58","slug":"legislation","status":"publish","type":"page","link":"https:\/\/zelb.md\/en\/legislation\/","title":{"rendered":"Legislation"},"content":{"rendered":"<p>[vc_row el_id=&#8221;who-we-are&#8221; el_class=&#8221;m-t-n-md p-t-md&#8221;][vc_column][vc_column_text el_class=&#8221;lead&#8221;]<\/p>\n<h6 class=\"bodytext\">On the territory of the Free Economic Zone &#8220;Balti&#8221; acts:<br \/>\na) international agreements to which the Republic of Moldova is a party;<br \/>\nb) the legislation of the Republic of Moldova;<br \/>\nc) Government regulations;<br \/>\nd) normative acts of the Free Zone Administration.<\/h6>\n<p>[\/vc_column_text][vc_separator color=&#8221;custom&#8221; style=&#8221;solid&#8221; gap=&#8221;taller&#8221; accent_color=&#8221;#dbdbdb&#8221; el_class=&#8221;m-b-none&#8221;][vc_accordion active_tab=&#8221;1&#8243; type=&#8221;custom&#8221; skin=&#8221;primary&#8221;][vc_accordion_tab title=&#8221;Regulatory acts&#8221;][vc_column_text]<a href=\"https:\/\/www.legis.md\/cautare\/getResults?doc_id=111437&amp;lang=ro\">Law 440 on Free Economic Zones<\/a><\/p>\n<p><a href=\"https:\/\/www.legis.md\/cautare\/getResults?doc_id=122071&amp;lang=ro#\">Law No 26 on the Balti Free Economic Zone<\/a>[\/vc_column_text][\/vc_accordion_tab][vc_accordion_tab title=&#8221;Selection procedures documents&#8221;][vc_column_text]<a href=\"http:\/\/zelb.md\/wp-content\/uploads\/2018\/06\/4-Reg.concurs.doc\">Rules on the competition for the selection of residents of the &#8220;Balti&#8221; FEZ<\/a><br \/>\n<a href=\"http:\/\/zelb.md\/wp-content\/uploads\/2018\/06\/6-Criterii-selectare.doc\">Criteria for selecting the winners of the competition for becoming FEZ &#8220;Balti&#8221; resident<\/a><br \/>\n<a href=\"http:\/\/zelb.md\/wp-content\/uploads\/2018\/06\/7-reg-de-inregistrare.doc\">Rules for registration of the residents of the FEZ &#8220;Balti&#8221;<\/a><br \/>\n<a href=\"http:\/\/zelb.md\/wp-content\/uploads\/2018\/06\/8-Reg.autor_.doc\">Rules for issuing permits for FEZ &#8220;Balti&#8221; residents<\/a><br \/>\n<a href=\"http:\/\/zelb.md\/wp-content\/uploads\/2018\/06\/9-reg-de-trecere-a-frontierei.doc\">Regulations for border crossing of the FEZ &#8220;Balti&#8221;<\/a>[\/vc_column_text][\/vc_accordion_tab][vc_accordion_tab title=&#8221;Types of activities&#8221;][vc_column_text]<strong>The following types of activities can be carried out in the free economic zones of the Republic of Moldova:<\/strong><br \/>\n<strong>1.<\/strong> Industrial production of goods, except for ethyl alcohol and alcoholic production<br \/>\n<strong>2.<\/strong> Sorting, packing, marking and other such operations with goods transiting through the customs territory of the Republic of Moldova<br \/>\n<strong>3.<\/strong> Foreign trade activity<br \/>\n<strong>4.<\/strong> Auxiliary types of activity, such as communal services, storage, construction, catering, etc., necessary for carrying out the activities indicated above<\/p>\n<p><strong>On the territory of free economic zones, it is prohibited:<\/strong><br \/>\n<strong>\u2022<\/strong> the import of tobacco and tobacco products;<br \/>\n<strong>\u2022<\/strong> the manufacture of tobacco products;<br \/>\n<strong>\u2022<\/strong> production, transport and storage of arms;<br \/>\n<strong>\u2022\u00a0<\/strong>the production of ethyl alcohol (refined ethyl alcohol, ethyl alcohol of a strength exceeding 80% vol, ethyl alcohol of a strength of less than 80% vol, technical alcohol, denatured alcohol, raw and aged wine distillates, other ethyl alcohol derivatives) and alcohol production.<br \/>\n<strong>\u2022<\/strong> other activities prohibited by Moldovan legislation or by international agreements to which the Republic of Moldova is a party .[\/vc_column_text][\/vc_accordion_tab][\/vc_accordion][\/vc_column][\/vc_row]<\/p>\n","protected":false},"excerpt":{"rendered":"<p>[vc_row el_id=&#8221;who-we-are&#8221; el_class=&#8221;m-t-n-md p-t-md&#8221;][vc_column][vc_column_text el_class=&#8221;lead&#8221;] On the territory of the Free Economic Zone &#8220;Balti&#8221; acts: a) international agreements to which the Republic of Moldova is a party; b) the legislation of the Republic of Moldova; c) Government regulations; d) normative acts of the Free Zone Administration. [\/vc_column_text][vc_separator color=&#8221;custom&#8221; style=&#8221;solid&#8221; gap=&#8221;taller&#8221; accent_color=&#8221;#dbdbdb&#8221; el_class=&#8221;m-b-none&#8221;][vc_accordion active_tab=&#8221;1&#8243; type=&#8221;custom&#8221; skin=&#8221;primary&#8221;][vc_accordion_tab [&hellip;]<\/p>\n","protected":false},"author":8,"featured_media":0,"parent":0,"menu_order":0,"comment_status":"closed","ping_status":"closed","template":"","meta":{"footnotes":""},"class_list":["post-3901","page","type-page","status-publish","hentry"],"yoast_head":"<!-- This site is optimized with the Yoast SEO plugin v26.6 - https:\/\/yoast.com\/wordpress\/plugins\/seo\/ -->\n<title>Legislation - ZELB<\/title>\n<meta name=\"robots\" content=\"index, follow, max-snippet:-1, max-image-preview:large, max-video-preview:-1\" \/>\n<link rel=\"canonical\" href=\"https:\/\/zelb.md\/en\/legislation\/\" \/>\n<meta property=\"og:locale\" content=\"en_US\" \/>\n<meta property=\"og:type\" content=\"article\" \/>\n<meta property=\"og:title\" content=\"Legislation - ZELB\" \/>\n<meta property=\"og:description\" content=\"[vc_row el_id=&#8221;who-we-are&#8221; el_class=&#8221;m-t-n-md p-t-md&#8221;][vc_column][vc_column_text el_class=&#8221;lead&#8221;] On the territory of the Free Economic Zone &#8220;Balti&#8221; acts: a) international agreements to which the Republic of Moldova is a party; b) the legislation of the Republic of Moldova; c) Government regulations; d) normative acts of the Free Zone Administration. [\/vc_column_text][vc_separator color=&#8221;custom&#8221; style=&#8221;solid&#8221; gap=&#8221;taller&#8221; accent_color=&#8221;#dbdbdb&#8221; el_class=&#8221;m-b-none&#8221;][vc_accordion active_tab=&#8221;1&#8243; type=&#8221;custom&#8221; skin=&#8221;primary&#8221;][vc_accordion_tab [&hellip;]\" \/>\n<meta property=\"og:url\" content=\"https:\/\/zelb.md\/en\/legislation\/\" \/>\n<meta property=\"og:site_name\" content=\"ZELB\" \/>\n<meta property=\"article:publisher\" content=\"https:\/\/www.facebook.com\/zelbalti\/\" \/>\n<meta property=\"article:modified_time\" content=\"2024-02-23T07:33:58+00:00\" \/>\n<meta name=\"twitter:card\" content=\"summary_large_image\" \/>\n<meta name=\"twitter:label1\" content=\"Est. reading time\" \/>\n\t<meta name=\"twitter:data1\" content=\"2 minutes\" \/>\n<script type=\"application\/ld+json\" class=\"yoast-schema-graph\">{\"@context\":\"https:\/\/schema.org\",\"@graph\":[{\"@type\":\"WebPage\",\"@id\":\"https:\/\/zelb.md\/en\/legislation\/\",\"url\":\"https:\/\/zelb.md\/en\/legislation\/\",\"name\":\"Legislation - ZELB\",\"isPartOf\":{\"@id\":\"https:\/\/zelb.md\/#website\"},\"datePublished\":\"2018-06-25T04:34:59+00:00\",\"dateModified\":\"2024-02-23T07:33:58+00:00\",\"breadcrumb\":{\"@id\":\"https:\/\/zelb.md\/en\/legislation\/#breadcrumb\"},\"inLanguage\":\"en-US\",\"potentialAction\":[{\"@type\":\"ReadAction\",\"target\":[\"https:\/\/zelb.md\/en\/legislation\/\"]}]},{\"@type\":\"BreadcrumbList\",\"@id\":\"https:\/\/zelb.md\/en\/legislation\/#breadcrumb\",\"itemListElement\":[{\"@type\":\"ListItem\",\"position\":1,\"name\":\"Prima pagin\u0103\",\"item\":\"https:\/\/zelb.md\/en\/\"},{\"@type\":\"ListItem\",\"position\":2,\"name\":\"Legislation\"}]},{\"@type\":\"WebSite\",\"@id\":\"https:\/\/zelb.md\/#website\",\"url\":\"https:\/\/zelb.md\/\",\"name\":\"ZELB\",\"description\":\"Zona Economic\u0103 Liber\u0103 B\u0103l\u0163i\",\"publisher\":{\"@id\":\"https:\/\/zelb.md\/#organization\"},\"potentialAction\":[{\"@type\":\"SearchAction\",\"target\":{\"@type\":\"EntryPoint\",\"urlTemplate\":\"https:\/\/zelb.md\/?s={search_term_string}\"},\"query-input\":{\"@type\":\"PropertyValueSpecification\",\"valueRequired\":true,\"valueName\":\"search_term_string\"}}],\"inLanguage\":\"en-US\"},{\"@type\":\"Organization\",\"@id\":\"https:\/\/zelb.md\/#organization\",\"name\":\"ZELB\",\"url\":\"https:\/\/zelb.md\/\",\"logo\":{\"@type\":\"ImageObject\",\"inLanguage\":\"en-US\",\"@id\":\"https:\/\/zelb.md\/#\/schema\/logo\/image\/\",\"url\":\"https:\/\/zelb.md\/wp-content\/uploads\/2018\/06\/zelb-logo-8-ani.png\",\"contentUrl\":\"https:\/\/zelb.md\/wp-content\/uploads\/2018\/06\/zelb-logo-8-ani.png\",\"width\":255,\"height\":105,\"caption\":\"ZELB\"},\"image\":{\"@id\":\"https:\/\/zelb.md\/#\/schema\/logo\/image\/\"},\"sameAs\":[\"https:\/\/www.facebook.com\/zelbalti\/\"]}]}<\/script>\n<!-- \/ Yoast SEO plugin. -->","yoast_head_json":{"title":"Legislation - ZELB","robots":{"index":"index","follow":"follow","max-snippet":"max-snippet:-1","max-image-preview":"max-image-preview:large","max-video-preview":"max-video-preview:-1"},"canonical":"https:\/\/zelb.md\/en\/legislation\/","og_locale":"en_US","og_type":"article","og_title":"Legislation - ZELB","og_description":"[vc_row el_id=&#8221;who-we-are&#8221; el_class=&#8221;m-t-n-md p-t-md&#8221;][vc_column][vc_column_text el_class=&#8221;lead&#8221;] On the territory of the Free Economic Zone &#8220;Balti&#8221; acts: a) international agreements to which the Republic of Moldova is a party; b) the legislation of the Republic of Moldova; c) Government regulations; d) normative acts of the Free Zone Administration. [\/vc_column_text][vc_separator color=&#8221;custom&#8221; style=&#8221;solid&#8221; gap=&#8221;taller&#8221; accent_color=&#8221;#dbdbdb&#8221; el_class=&#8221;m-b-none&#8221;][vc_accordion active_tab=&#8221;1&#8243; type=&#8221;custom&#8221; skin=&#8221;primary&#8221;][vc_accordion_tab [&hellip;]","og_url":"https:\/\/zelb.md\/en\/legislation\/","og_site_name":"ZELB","article_publisher":"https:\/\/www.facebook.com\/zelbalti\/","article_modified_time":"2024-02-23T07:33:58+00:00","twitter_card":"summary_large_image","twitter_misc":{"Est. reading time":"2 minutes"},"schema":{"@context":"https:\/\/schema.org","@graph":[{"@type":"WebPage","@id":"https:\/\/zelb.md\/en\/legislation\/","url":"https:\/\/zelb.md\/en\/legislation\/","name":"Legislation - ZELB","isPartOf":{"@id":"https:\/\/zelb.md\/#website"},"datePublished":"2018-06-25T04:34:59+00:00","dateModified":"2024-02-23T07:33:58+00:00","breadcrumb":{"@id":"https:\/\/zelb.md\/en\/legislation\/#breadcrumb"},"inLanguage":"en-US","potentialAction":[{"@type":"ReadAction","target":["https:\/\/zelb.md\/en\/legislation\/"]}]},{"@type":"BreadcrumbList","@id":"https:\/\/zelb.md\/en\/legislation\/#breadcrumb","itemListElement":[{"@type":"ListItem","position":1,"name":"Prima pagin\u0103","item":"https:\/\/zelb.md\/en\/"},{"@type":"ListItem","position":2,"name":"Legislation"}]},{"@type":"WebSite","@id":"https:\/\/zelb.md\/#website","url":"https:\/\/zelb.md\/","name":"ZELB","description":"Zona Economic\u0103 Liber\u0103 B\u0103l\u0163i","publisher":{"@id":"https:\/\/zelb.md\/#organization"},"potentialAction":[{"@type":"SearchAction","target":{"@type":"EntryPoint","urlTemplate":"https:\/\/zelb.md\/?s={search_term_string}"},"query-input":{"@type":"PropertyValueSpecification","valueRequired":true,"valueName":"search_term_string"}}],"inLanguage":"en-US"},{"@type":"Organization","@id":"https:\/\/zelb.md\/#organization","name":"ZELB","url":"https:\/\/zelb.md\/","logo":{"@type":"ImageObject","inLanguage":"en-US","@id":"https:\/\/zelb.md\/#\/schema\/logo\/image\/","url":"https:\/\/zelb.md\/wp-content\/uploads\/2018\/06\/zelb-logo-8-ani.png","contentUrl":"https:\/\/zelb.md\/wp-content\/uploads\/2018\/06\/zelb-logo-8-ani.png","width":255,"height":105,"caption":"ZELB"},"image":{"@id":"https:\/\/zelb.md\/#\/schema\/logo\/image\/"},"sameAs":["https:\/\/www.facebook.com\/zelbalti\/"]}]}},"_links":{"self":[{"href":"https:\/\/zelb.md\/en\/wp-json\/wp\/v2\/pages\/3901","targetHints":{"allow":["GET"]}}],"collection":[{"href":"https:\/\/zelb.md\/en\/wp-json\/wp\/v2\/pages"}],"about":[{"href":"https:\/\/zelb.md\/en\/wp-json\/wp\/v2\/types\/page"}],"author":[{"embeddable":true,"href":"https:\/\/zelb.md\/en\/wp-json\/wp\/v2\/users\/8"}],"replies":[{"embeddable":true,"href":"https:\/\/zelb.md\/en\/wp-json\/wp\/v2\/comments?post=3901"}],"version-history":[{"count":3,"href":"https:\/\/zelb.md\/en\/wp-json\/wp\/v2\/pages\/3901\/revisions"}],"predecessor-version":[{"id":4062,"href":"https:\/\/zelb.md\/en\/wp-json\/wp\/v2\/pages\/3901\/revisions\/4062"}],"wp:attachment":[{"href":"https:\/\/zelb.md\/en\/wp-json\/wp\/v2\/media?parent=3901"}],"curies":[{"name":"wp","href":"https:\/\/api.w.org\/{rel}","templated":true}]}}