{"id":3900,"date":"2018-06-25T06:35:19","date_gmt":"2018-06-25T04:35:19","guid":{"rendered":"https:\/\/zelb.md\/avantaje-pozitionare\/"},"modified":"2024-02-19T15:47:29","modified_gmt":"2024-02-19T13:47:29","slug":"positioning-advantages","status":"publish","type":"page","link":"https:\/\/zelb.md\/en\/positioning-advantages\/","title":{"rendered":"Positioning advantages"},"content":{"rendered":"<p>[vc_row][vc_column width=&#8221;1\/2&#8243;][layerslider_vc id=&#8221;11&#8243;][\/vc_column][vc_column width=&#8221;1\/2&#8243;][vc_column_text el_class=&#8221;lead&#8221;]<\/p>\n<h6 style=\"text-align: justify;\">Free economic zones have long proved their worth to the economies of many countries, which are either building or improving their economies.<\/h6>\n<h6 style=\"text-align: justify;\">The purpose of setting up a free economic zone is to foster economic development by attracting capital investment, for which conditions, such as tax concessions, are created.<\/h6>\n<h6 style=\"text-align: justify;\">Free access for goods to the country, combined with an easier tax regime on profits made in the zone, are thus favorable conditions for stimulating investment.<\/h6>\n<h6 style=\"text-align: justify;\">The advantages offered by the Free Economic Zone &#8220;Balti&#8221;, in addition to those offered by Moldovan legislation, are determined by the advantageous geographical position of the zone and include:<\/h6>\n<h6 style=\"text-align: justify;\">&#8211; Highly qualified and sufficient labour force (Balti is the second largest city after Chisinau, with a population of 148 thousand inhabitants);<\/h6>\n<h6 style=\"text-align: justify;\">&#8211; Available free land &#8211; 189 ha;<\/h6>\n<h6 style=\"text-align: justify;\">&#8211; Developed infrastructure;<\/h6>\n<h6 style=\"text-align: justify;\">&#8211; Location in close proximity to the international road route Chernivtsi &#8211; Chisinau &#8211; Odessa, and Marculesti Free Airport.<\/h6>\n<p>[\/vc_column_text][\/vc_column][\/vc_row][vc_row][vc_column][vc_separator color=&#8221;custom&#8221; style=&#8221;solid&#8221; gap=&#8221;taller&#8221; accent_color=&#8221;#dbdbdb&#8221; el_class=&#8221;m-b-none&#8221; css=&#8221;.vc_custom_1530240153151{margin-bottom: 50px !important;}&#8221;][\/vc_column][\/vc_row][vc_row][vc_column width=&#8221;1\/2&#8243;][vc_column_text el_class=&#8221;lead&#8221;]<\/p>\n<h6><strong>The &#8220;Balti&#8221; FEZ has the following infrastructure:<\/strong><\/h6>\n<ul>\n<li>\n<h6>National and international road (E385) in close proximity;<\/h6>\n<\/li>\n<li>\n<h6>Marcule\u0219ti International Free Airport at a distance of 30 km;<\/h6>\n<\/li>\n<li>\n<h6>Giurgiule\u0219ti International Free Port at a distance of 300 km;<\/h6>\n<\/li>\n<li>\n<h6>Odessa International Port 300 km away;<\/h6>\n<\/li>\n<li>\n<h6>High voltage power line;<\/h6>\n<\/li>\n<li>\n<h6>High-pressure gas pipeline;<\/h6>\n<\/li>\n<li>\n<h6>Drinking water supply;<\/h6>\n<\/li>\n<li>\n<h6>Sewerage;<\/h6>\n<\/li>\n<li>\n<h6>Fiber optic network for INTERNET data transmission and fixed telephony.<\/h6>\n<\/li>\n<\/ul>\n<p>[\/vc_column_text][\/vc_column][vc_column width=&#8221;1\/2&#8243;][vc_video link=&#8221;https:\/\/www.youtube.com\/watch?v=_O-PHXw0-uU&#8221; align=&#8221;center&#8221;][\/vc_column][\/vc_row]<\/p>\n","protected":false},"excerpt":{"rendered":"<p>[vc_row][vc_column width=&#8221;1\/2&#8243;][layerslider_vc id=&#8221;11&#8243;][\/vc_column][vc_column width=&#8221;1\/2&#8243;][vc_column_text el_class=&#8221;lead&#8221;] Free economic zones have long proved their worth to the economies of many countries, which are either building or improving their economies. The purpose of setting up a free economic zone is to foster economic development by attracting capital investment, for which conditions, such as tax concessions, are created. Free [&hellip;]<\/p>\n","protected":false},"author":8,"featured_media":0,"parent":0,"menu_order":0,"comment_status":"closed","ping_status":"closed","template":"","meta":{"footnotes":""},"class_list":["post-3900","page","type-page","status-publish","hentry"],"yoast_head":"<!-- This site is optimized with the Yoast SEO plugin v26.6 - https:\/\/yoast.com\/wordpress\/plugins\/seo\/ -->\n<title>Positioning advantages - ZELB<\/title>\n<meta name=\"robots\" content=\"index, follow, max-snippet:-1, max-image-preview:large, max-video-preview:-1\" \/>\n<link rel=\"canonical\" href=\"https:\/\/zelb.md\/en\/positioning-advantages\/\" \/>\n<meta property=\"og:locale\" content=\"en_US\" \/>\n<meta property=\"og:type\" content=\"article\" \/>\n<meta property=\"og:title\" content=\"Positioning advantages - ZELB\" \/>\n<meta property=\"og:description\" content=\"[vc_row][vc_column width=&#8221;1\/2&#8243;][layerslider_vc id=&#8221;11&#8243;][\/vc_column][vc_column width=&#8221;1\/2&#8243;][vc_column_text el_class=&#8221;lead&#8221;] Free economic zones have long proved their worth to the economies of many countries, which are either building or improving their economies. The purpose of setting up a free economic zone is to foster economic development by attracting capital investment, for which conditions, such as tax concessions, are created. Free [&hellip;]\" \/>\n<meta property=\"og:url\" content=\"https:\/\/zelb.md\/en\/positioning-advantages\/\" \/>\n<meta property=\"og:site_name\" content=\"ZELB\" \/>\n<meta property=\"article:publisher\" content=\"https:\/\/www.facebook.com\/zelbalti\/\" \/>\n<meta property=\"article:modified_time\" content=\"2024-02-19T13:47:29+00:00\" \/>\n<meta name=\"twitter:card\" content=\"summary_large_image\" \/>\n<meta name=\"twitter:label1\" content=\"Est. reading time\" \/>\n\t<meta name=\"twitter:data1\" content=\"2 minutes\" \/>\n<script type=\"application\/ld+json\" class=\"yoast-schema-graph\">{\"@context\":\"https:\/\/schema.org\",\"@graph\":[{\"@type\":\"WebPage\",\"@id\":\"https:\/\/zelb.md\/en\/positioning-advantages\/\",\"url\":\"https:\/\/zelb.md\/en\/positioning-advantages\/\",\"name\":\"Positioning advantages - ZELB\",\"isPartOf\":{\"@id\":\"https:\/\/zelb.md\/#website\"},\"datePublished\":\"2018-06-25T04:35:19+00:00\",\"dateModified\":\"2024-02-19T13:47:29+00:00\",\"breadcrumb\":{\"@id\":\"https:\/\/zelb.md\/en\/positioning-advantages\/#breadcrumb\"},\"inLanguage\":\"en-US\",\"potentialAction\":[{\"@type\":\"ReadAction\",\"target\":[\"https:\/\/zelb.md\/en\/positioning-advantages\/\"]}]},{\"@type\":\"BreadcrumbList\",\"@id\":\"https:\/\/zelb.md\/en\/positioning-advantages\/#breadcrumb\",\"itemListElement\":[{\"@type\":\"ListItem\",\"position\":1,\"name\":\"Prima pagin\u0103\",\"item\":\"https:\/\/zelb.md\/en\/\"},{\"@type\":\"ListItem\",\"position\":2,\"name\":\"Positioning advantages\"}]},{\"@type\":\"WebSite\",\"@id\":\"https:\/\/zelb.md\/#website\",\"url\":\"https:\/\/zelb.md\/\",\"name\":\"ZELB\",\"description\":\"Zona Economic\u0103 Liber\u0103 B\u0103l\u0163i\",\"publisher\":{\"@id\":\"https:\/\/zelb.md\/#organization\"},\"potentialAction\":[{\"@type\":\"SearchAction\",\"target\":{\"@type\":\"EntryPoint\",\"urlTemplate\":\"https:\/\/zelb.md\/?s={search_term_string}\"},\"query-input\":{\"@type\":\"PropertyValueSpecification\",\"valueRequired\":true,\"valueName\":\"search_term_string\"}}],\"inLanguage\":\"en-US\"},{\"@type\":\"Organization\",\"@id\":\"https:\/\/zelb.md\/#organization\",\"name\":\"ZELB\",\"url\":\"https:\/\/zelb.md\/\",\"logo\":{\"@type\":\"ImageObject\",\"inLanguage\":\"en-US\",\"@id\":\"https:\/\/zelb.md\/#\/schema\/logo\/image\/\",\"url\":\"https:\/\/zelb.md\/wp-content\/uploads\/2018\/06\/zelb-logo-8-ani.png\",\"contentUrl\":\"https:\/\/zelb.md\/wp-content\/uploads\/2018\/06\/zelb-logo-8-ani.png\",\"width\":255,\"height\":105,\"caption\":\"ZELB\"},\"image\":{\"@id\":\"https:\/\/zelb.md\/#\/schema\/logo\/image\/\"},\"sameAs\":[\"https:\/\/www.facebook.com\/zelbalti\/\"]}]}<\/script>\n<!-- \/ Yoast SEO plugin. -->","yoast_head_json":{"title":"Positioning advantages - ZELB","robots":{"index":"index","follow":"follow","max-snippet":"max-snippet:-1","max-image-preview":"max-image-preview:large","max-video-preview":"max-video-preview:-1"},"canonical":"https:\/\/zelb.md\/en\/positioning-advantages\/","og_locale":"en_US","og_type":"article","og_title":"Positioning advantages - ZELB","og_description":"[vc_row][vc_column width=&#8221;1\/2&#8243;][layerslider_vc id=&#8221;11&#8243;][\/vc_column][vc_column width=&#8221;1\/2&#8243;][vc_column_text el_class=&#8221;lead&#8221;] Free economic zones have long proved their worth to the economies of many countries, which are either building or improving their economies. The purpose of setting up a free economic zone is to foster economic development by attracting capital investment, for which conditions, such as tax concessions, are created. Free [&hellip;]","og_url":"https:\/\/zelb.md\/en\/positioning-advantages\/","og_site_name":"ZELB","article_publisher":"https:\/\/www.facebook.com\/zelbalti\/","article_modified_time":"2024-02-19T13:47:29+00:00","twitter_card":"summary_large_image","twitter_misc":{"Est. reading time":"2 minutes"},"schema":{"@context":"https:\/\/schema.org","@graph":[{"@type":"WebPage","@id":"https:\/\/zelb.md\/en\/positioning-advantages\/","url":"https:\/\/zelb.md\/en\/positioning-advantages\/","name":"Positioning advantages - ZELB","isPartOf":{"@id":"https:\/\/zelb.md\/#website"},"datePublished":"2018-06-25T04:35:19+00:00","dateModified":"2024-02-19T13:47:29+00:00","breadcrumb":{"@id":"https:\/\/zelb.md\/en\/positioning-advantages\/#breadcrumb"},"inLanguage":"en-US","potentialAction":[{"@type":"ReadAction","target":["https:\/\/zelb.md\/en\/positioning-advantages\/"]}]},{"@type":"BreadcrumbList","@id":"https:\/\/zelb.md\/en\/positioning-advantages\/#breadcrumb","itemListElement":[{"@type":"ListItem","position":1,"name":"Prima pagin\u0103","item":"https:\/\/zelb.md\/en\/"},{"@type":"ListItem","position":2,"name":"Positioning advantages"}]},{"@type":"WebSite","@id":"https:\/\/zelb.md\/#website","url":"https:\/\/zelb.md\/","name":"ZELB","description":"Zona Economic\u0103 Liber\u0103 B\u0103l\u0163i","publisher":{"@id":"https:\/\/zelb.md\/#organization"},"potentialAction":[{"@type":"SearchAction","target":{"@type":"EntryPoint","urlTemplate":"https:\/\/zelb.md\/?s={search_term_string}"},"query-input":{"@type":"PropertyValueSpecification","valueRequired":true,"valueName":"search_term_string"}}],"inLanguage":"en-US"},{"@type":"Organization","@id":"https:\/\/zelb.md\/#organization","name":"ZELB","url":"https:\/\/zelb.md\/","logo":{"@type":"ImageObject","inLanguage":"en-US","@id":"https:\/\/zelb.md\/#\/schema\/logo\/image\/","url":"https:\/\/zelb.md\/wp-content\/uploads\/2018\/06\/zelb-logo-8-ani.png","contentUrl":"https:\/\/zelb.md\/wp-content\/uploads\/2018\/06\/zelb-logo-8-ani.png","width":255,"height":105,"caption":"ZELB"},"image":{"@id":"https:\/\/zelb.md\/#\/schema\/logo\/image\/"},"sameAs":["https:\/\/www.facebook.com\/zelbalti\/"]}]}},"_links":{"self":[{"href":"https:\/\/zelb.md\/en\/wp-json\/wp\/v2\/pages\/3900","targetHints":{"allow":["GET"]}}],"collection":[{"href":"https:\/\/zelb.md\/en\/wp-json\/wp\/v2\/pages"}],"about":[{"href":"https:\/\/zelb.md\/en\/wp-json\/wp\/v2\/types\/page"}],"author":[{"embeddable":true,"href":"https:\/\/zelb.md\/en\/wp-json\/wp\/v2\/users\/8"}],"replies":[{"embeddable":true,"href":"https:\/\/zelb.md\/en\/wp-json\/wp\/v2\/comments?post=3900"}],"version-history":[{"count":3,"href":"https:\/\/zelb.md\/en\/wp-json\/wp\/v2\/pages\/3900\/revisions"}],"predecessor-version":[{"id":4000,"href":"https:\/\/zelb.md\/en\/wp-json\/wp\/v2\/pages\/3900\/revisions\/4000"}],"wp:attachment":[{"href":"https:\/\/zelb.md\/en\/wp-json\/wp\/v2\/media?parent=3900"}],"curies":[{"name":"wp","href":"https:\/\/api.w.org\/{rel}","templated":true}]}}