{"id":3898,"date":"2018-06-25T06:35:57","date_gmt":"2018-06-25T04:35:57","guid":{"rendered":"https:\/\/zelb.md\/securitate\/"},"modified":"2024-03-04T10:45:22","modified_gmt":"2024-03-04T08:45:22","slug":"security-precautions","status":"publish","type":"page","link":"https:\/\/zelb.md\/en\/security-precautions\/","title":{"rendered":"Security Precautions"},"content":{"rendered":"<p>[vc_row el_id=&#8221;who-we-are&#8221; el_class=&#8221;m-t-n-md p-t-md&#8221;][vc_column][vc_column_text el_class=&#8221;lead&#8221;]Free Economic Zone &#8220;Balti&#8221; complies with legal security requirements and continuously strives to maintain a safe environment for the activity of its residents and its assets.<br \/>\nThe security of the zone&#8217;s borders is provided by a specialized security company from the Republic of Moldova on the basis of contracts concluded with the zone&#8217;s administration.<\/p>\n<p>The access of individuals and transport vehicles shall be carried out on the basis of the system of authorized crossing of the free zone borders, the functioning of which is established by Government Decision.<br \/>\n<strong>The security measures of the &#8220;Balti&#8221; FEZ also include:<\/strong><\/p>\n<ul>\n<li>Security guard on the perimeter of the zone 24\/24 hours, 7 days a week<\/li>\n<li>Customs post on the territory of the &#8220;Balti&#8221; FEZ, 24\/24, 6 days a week<\/li>\n<li>Video surveillance on the entire perimeter of the FEZ<\/li>\n<li>Permit-based access for residents<\/li>\n<li>Secure isolation of the FEZ territory from the rest of the country<\/li>\n<li>Violation of the security measures of the free economic zone (unauthorized entry of persons and unauthorized entry of goods into the territory of the zone) entails penalties according to the legislation of the Republic of Moldova.<\/li>\n<\/ul>\n<p>[\/vc_column_text][vc_separator color=&#8221;custom&#8221; style=&#8221;solid&#8221; gap=&#8221;taller&#8221; accent_color=&#8221;#dbdbdb&#8221; el_class=&#8221;m-b-none&#8221;][\/vc_column][\/vc_row]<\/p>\n","protected":false},"excerpt":{"rendered":"<p>[vc_row el_id=&#8221;who-we-are&#8221; el_class=&#8221;m-t-n-md p-t-md&#8221;][vc_column][vc_column_text el_class=&#8221;lead&#8221;]Free Economic Zone &#8220;Balti&#8221; complies with legal security requirements and continuously strives to maintain a safe environment for the activity of its residents and its assets. The security of the zone&#8217;s borders is provided by a specialized security company from the Republic of Moldova on the basis of contracts concluded with [&hellip;]<\/p>\n","protected":false},"author":8,"featured_media":0,"parent":0,"menu_order":0,"comment_status":"closed","ping_status":"closed","template":"","meta":{"footnotes":""},"class_list":["post-3898","page","type-page","status-publish","hentry"],"yoast_head":"<!-- This site is optimized with the Yoast SEO plugin v26.6 - https:\/\/yoast.com\/wordpress\/plugins\/seo\/ -->\n<title>Security Precautions - ZELB<\/title>\n<meta name=\"robots\" content=\"index, follow, max-snippet:-1, max-image-preview:large, max-video-preview:-1\" \/>\n<link rel=\"canonical\" href=\"https:\/\/zelb.md\/en\/security-precautions\/\" \/>\n<meta property=\"og:locale\" content=\"en_US\" \/>\n<meta property=\"og:type\" content=\"article\" \/>\n<meta property=\"og:title\" content=\"Security Precautions - ZELB\" \/>\n<meta property=\"og:description\" content=\"[vc_row el_id=&#8221;who-we-are&#8221; el_class=&#8221;m-t-n-md p-t-md&#8221;][vc_column][vc_column_text el_class=&#8221;lead&#8221;]Free Economic Zone &#8220;Balti&#8221; complies with legal security requirements and continuously strives to maintain a safe environment for the activity of its residents and its assets. The security of the zone&#8217;s borders is provided by a specialized security company from the Republic of Moldova on the basis of contracts concluded with [&hellip;]\" \/>\n<meta property=\"og:url\" content=\"https:\/\/zelb.md\/en\/security-precautions\/\" \/>\n<meta property=\"og:site_name\" content=\"ZELB\" \/>\n<meta property=\"article:publisher\" content=\"https:\/\/www.facebook.com\/zelbalti\/\" \/>\n<meta property=\"article:modified_time\" content=\"2024-03-04T08:45:22+00:00\" \/>\n<meta name=\"twitter:card\" content=\"summary_large_image\" \/>\n<meta name=\"twitter:label1\" content=\"Est. reading time\" \/>\n\t<meta name=\"twitter:data1\" content=\"2 minutes\" \/>\n<script type=\"application\/ld+json\" class=\"yoast-schema-graph\">{\"@context\":\"https:\/\/schema.org\",\"@graph\":[{\"@type\":\"WebPage\",\"@id\":\"https:\/\/zelb.md\/en\/security-precautions\/\",\"url\":\"https:\/\/zelb.md\/en\/security-precautions\/\",\"name\":\"Security Precautions - ZELB\",\"isPartOf\":{\"@id\":\"https:\/\/zelb.md\/#website\"},\"datePublished\":\"2018-06-25T04:35:57+00:00\",\"dateModified\":\"2024-03-04T08:45:22+00:00\",\"breadcrumb\":{\"@id\":\"https:\/\/zelb.md\/en\/security-precautions\/#breadcrumb\"},\"inLanguage\":\"en-US\",\"potentialAction\":[{\"@type\":\"ReadAction\",\"target\":[\"https:\/\/zelb.md\/en\/security-precautions\/\"]}]},{\"@type\":\"BreadcrumbList\",\"@id\":\"https:\/\/zelb.md\/en\/security-precautions\/#breadcrumb\",\"itemListElement\":[{\"@type\":\"ListItem\",\"position\":1,\"name\":\"Prima pagin\u0103\",\"item\":\"https:\/\/zelb.md\/en\/\"},{\"@type\":\"ListItem\",\"position\":2,\"name\":\"Security Precautions\"}]},{\"@type\":\"WebSite\",\"@id\":\"https:\/\/zelb.md\/#website\",\"url\":\"https:\/\/zelb.md\/\",\"name\":\"ZELB\",\"description\":\"Zona Economic\u0103 Liber\u0103 B\u0103l\u0163i\",\"publisher\":{\"@id\":\"https:\/\/zelb.md\/#organization\"},\"potentialAction\":[{\"@type\":\"SearchAction\",\"target\":{\"@type\":\"EntryPoint\",\"urlTemplate\":\"https:\/\/zelb.md\/?s={search_term_string}\"},\"query-input\":{\"@type\":\"PropertyValueSpecification\",\"valueRequired\":true,\"valueName\":\"search_term_string\"}}],\"inLanguage\":\"en-US\"},{\"@type\":\"Organization\",\"@id\":\"https:\/\/zelb.md\/#organization\",\"name\":\"ZELB\",\"url\":\"https:\/\/zelb.md\/\",\"logo\":{\"@type\":\"ImageObject\",\"inLanguage\":\"en-US\",\"@id\":\"https:\/\/zelb.md\/#\/schema\/logo\/image\/\",\"url\":\"https:\/\/zelb.md\/wp-content\/uploads\/2018\/06\/zelb-logo-8-ani.png\",\"contentUrl\":\"https:\/\/zelb.md\/wp-content\/uploads\/2018\/06\/zelb-logo-8-ani.png\",\"width\":255,\"height\":105,\"caption\":\"ZELB\"},\"image\":{\"@id\":\"https:\/\/zelb.md\/#\/schema\/logo\/image\/\"},\"sameAs\":[\"https:\/\/www.facebook.com\/zelbalti\/\"]}]}<\/script>\n<!-- \/ Yoast SEO plugin. -->","yoast_head_json":{"title":"Security Precautions - ZELB","robots":{"index":"index","follow":"follow","max-snippet":"max-snippet:-1","max-image-preview":"max-image-preview:large","max-video-preview":"max-video-preview:-1"},"canonical":"https:\/\/zelb.md\/en\/security-precautions\/","og_locale":"en_US","og_type":"article","og_title":"Security Precautions - ZELB","og_description":"[vc_row el_id=&#8221;who-we-are&#8221; el_class=&#8221;m-t-n-md p-t-md&#8221;][vc_column][vc_column_text el_class=&#8221;lead&#8221;]Free Economic Zone &#8220;Balti&#8221; complies with legal security requirements and continuously strives to maintain a safe environment for the activity of its residents and its assets. The security of the zone&#8217;s borders is provided by a specialized security company from the Republic of Moldova on the basis of contracts concluded with [&hellip;]","og_url":"https:\/\/zelb.md\/en\/security-precautions\/","og_site_name":"ZELB","article_publisher":"https:\/\/www.facebook.com\/zelbalti\/","article_modified_time":"2024-03-04T08:45:22+00:00","twitter_card":"summary_large_image","twitter_misc":{"Est. reading time":"2 minutes"},"schema":{"@context":"https:\/\/schema.org","@graph":[{"@type":"WebPage","@id":"https:\/\/zelb.md\/en\/security-precautions\/","url":"https:\/\/zelb.md\/en\/security-precautions\/","name":"Security Precautions - ZELB","isPartOf":{"@id":"https:\/\/zelb.md\/#website"},"datePublished":"2018-06-25T04:35:57+00:00","dateModified":"2024-03-04T08:45:22+00:00","breadcrumb":{"@id":"https:\/\/zelb.md\/en\/security-precautions\/#breadcrumb"},"inLanguage":"en-US","potentialAction":[{"@type":"ReadAction","target":["https:\/\/zelb.md\/en\/security-precautions\/"]}]},{"@type":"BreadcrumbList","@id":"https:\/\/zelb.md\/en\/security-precautions\/#breadcrumb","itemListElement":[{"@type":"ListItem","position":1,"name":"Prima pagin\u0103","item":"https:\/\/zelb.md\/en\/"},{"@type":"ListItem","position":2,"name":"Security Precautions"}]},{"@type":"WebSite","@id":"https:\/\/zelb.md\/#website","url":"https:\/\/zelb.md\/","name":"ZELB","description":"Zona Economic\u0103 Liber\u0103 B\u0103l\u0163i","publisher":{"@id":"https:\/\/zelb.md\/#organization"},"potentialAction":[{"@type":"SearchAction","target":{"@type":"EntryPoint","urlTemplate":"https:\/\/zelb.md\/?s={search_term_string}"},"query-input":{"@type":"PropertyValueSpecification","valueRequired":true,"valueName":"search_term_string"}}],"inLanguage":"en-US"},{"@type":"Organization","@id":"https:\/\/zelb.md\/#organization","name":"ZELB","url":"https:\/\/zelb.md\/","logo":{"@type":"ImageObject","inLanguage":"en-US","@id":"https:\/\/zelb.md\/#\/schema\/logo\/image\/","url":"https:\/\/zelb.md\/wp-content\/uploads\/2018\/06\/zelb-logo-8-ani.png","contentUrl":"https:\/\/zelb.md\/wp-content\/uploads\/2018\/06\/zelb-logo-8-ani.png","width":255,"height":105,"caption":"ZELB"},"image":{"@id":"https:\/\/zelb.md\/#\/schema\/logo\/image\/"},"sameAs":["https:\/\/www.facebook.com\/zelbalti\/"]}]}},"_links":{"self":[{"href":"https:\/\/zelb.md\/en\/wp-json\/wp\/v2\/pages\/3898","targetHints":{"allow":["GET"]}}],"collection":[{"href":"https:\/\/zelb.md\/en\/wp-json\/wp\/v2\/pages"}],"about":[{"href":"https:\/\/zelb.md\/en\/wp-json\/wp\/v2\/types\/page"}],"author":[{"embeddable":true,"href":"https:\/\/zelb.md\/en\/wp-json\/wp\/v2\/users\/8"}],"replies":[{"embeddable":true,"href":"https:\/\/zelb.md\/en\/wp-json\/wp\/v2\/comments?post=3898"}],"version-history":[{"count":3,"href":"https:\/\/zelb.md\/en\/wp-json\/wp\/v2\/pages\/3898\/revisions"}],"predecessor-version":[{"id":4196,"href":"https:\/\/zelb.md\/en\/wp-json\/wp\/v2\/pages\/3898\/revisions\/4196"}],"wp:attachment":[{"href":"https:\/\/zelb.md\/en\/wp-json\/wp\/v2\/media?parent=3898"}],"curies":[{"name":"wp","href":"https:\/\/api.w.org\/{rel}","templated":true}]}}