{"id":3894,"date":"2018-06-25T06:46:46","date_gmt":"2018-06-25T04:46:46","guid":{"rendered":"https:\/\/zelb.md\/spatii-disponibile\/"},"modified":"2024-02-19T18:08:01","modified_gmt":"2024-02-19T16:08:01","slug":"available-spaces","status":"publish","type":"page","link":"https:\/\/zelb.md\/en\/available-spaces\/","title":{"rendered":"Available spaces"},"content":{"rendered":"<p>[vc_row][vc_column width=&#8221;1\/4&#8243; css=&#8221;.vc_custom_1585744522587{border-right-width: 1px !important;border-right-color: #04656b !important;border-right-style: solid !important;border-radius: 1px !important;}&#8221;][vc_single_image image=&#8221;2395&#8243; img_size=&#8221;large&#8221; alignment=&#8221;center&#8221; onclick=&#8221;custom_link&#8221; link=&#8221;http:\/\/zelb.md\/spatii-disponibile\/spatii-disponibile-balti\/&#8221;][vc_custom_heading text=&#8221;B\u0103l\u0163i&#8221; font_container=&#8221;tag:h4|text_align:center|color:%2304656b&#8221; use_theme_fonts=&#8221;yes&#8221; css=&#8221;.vc_custom_1585826084577{padding-top: 12px !important;padding-right: 12px !important;padding-bottom: 12px !important;padding-left: 12px !important;background-color: #bbbcc4 !important;}&#8221; link=&#8221;url:http%3A%2F%2Fzelb.md%2Fspatii-disponibile%2Fspatii-disponibile-balti%2F|||&#8221;][\/vc_column][vc_column width=&#8221;1\/4&#8243; css=&#8221;.vc_custom_1585744554411{border-right-width: 1px !important;border-right-color: #04656b !important;border-right-style: solid !important;border-radius: 1px !important;}&#8221;][vc_single_image image=&#8221;2396&#8243; img_size=&#8221;large&#8221; alignment=&#8221;center&#8221; onclick=&#8221;custom_link&#8221; link=&#8221;http:\/\/zelb.md\/spatii-disponibile\/spatii-disponibile-cahul\/&#8221;][vc_custom_heading text=&#8221;Cahul&#8221; font_container=&#8221;tag:h4|text_align:center|color:%2304656b&#8221; use_theme_fonts=&#8221;yes&#8221; css=&#8221;.vc_custom_1585826112013{padding-top: 12px !important;padding-right: 12px !important;padding-bottom: 12px !important;padding-left: 12px !important;background-color: #bbbcc4 !important;}&#8221; link=&#8221;url:http%3A%2F%2Fzelb.md%2Fspatii-disponibile%2Fspatii-disponibile-cahul%2F|||&#8221;][\/vc_column][vc_column width=&#8221;1\/4&#8243; css=&#8221;.vc_custom_1585744546954{border-right-width: 1px !important;border-right-color: #04656b !important;border-right-style: solid !important;border-radius: 1px !important;}&#8221;][vc_single_image image=&#8221;2397&#8243; img_size=&#8221;large&#8221; alignment=&#8221;center&#8221; onclick=&#8221;custom_link&#8221; link=&#8221;http:\/\/zelb.md\/spatii-disponibile\/spatii-disponibile-causeni\/&#8221;][vc_custom_heading text=&#8221;C\u0103u\u015feni&#8221; font_container=&#8221;tag:h4|text_align:center|color:%2304656b&#8221; use_theme_fonts=&#8221;yes&#8221; css=&#8221;.vc_custom_1585826139733{padding-top: 12px !important;padding-right: 12px !important;padding-bottom: 12px !important;padding-left: 12px !important;background-color: #bbbcc4 !important;}&#8221; link=&#8221;url:http%3A%2F%2Fzelb.md%2Fspatii-disponibile%2Fspatii-disponibile-causeni%2F|||&#8221;][\/vc_column][vc_column width=&#8221;1\/4&#8243;][vc_single_image image=&#8221;2400&#8243; img_size=&#8221;large&#8221; alignment=&#8221;center&#8221; onclick=&#8221;custom_link&#8221; link=&#8221;http:\/\/zelb.md\/spatii-disponibile\/spatii-disponibile-stefan-voda\/&#8221;][vc_custom_heading text=&#8221;\u015etefan Vod\u0103&#8221; font_container=&#8221;tag:h4|text_align:center|color:%2304656b&#8221; use_theme_fonts=&#8221;yes&#8221; css=&#8221;.vc_custom_1585826165204{padding-top: 12px !important;padding-right: 12px !important;padding-bottom: 12px !important;padding-left: 12px !important;background-color: #bbbcc4 !important;}&#8221; link=&#8221;url:http%3A%2F%2Fzelb.md%2Fspatii-disponibile%2Fspatii-disponibile-stefan-voda%2F|||&#8221;][\/vc_column][\/vc_row][vc_row css=&#8221;.vc_custom_1585744734945{padding-top: 10px !important;}&#8221;][vc_column][vc_separator color=&#8221;custom&#8221; style=&#8221;solid&#8221; accent_color=&#8221;#04656b&#8221;][\/vc_column][\/vc_row][vc_row css=&#8221;.vc_custom_1585744720191{margin-top: -10px !important;}&#8221;][vc_column width=&#8221;1\/4&#8243; css=&#8221;.vc_custom_1585744658322{border-right-width: 1px !important;border-right-color: #04656b !important;border-right-style: solid !important;}&#8221;][vc_single_image image=&#8221;2401&#8243; img_size=&#8221;large&#8221; alignment=&#8221;center&#8221; onclick=&#8221;custom_link&#8221; link=&#8221;http:\/\/zelb.md\/spatii-disponibile\/spatii-disponibile-straseni\/&#8221;][vc_custom_heading text=&#8221;Str\u0103\u015feni&#8221; font_container=&#8221;tag:h4|text_align:center|color:%2304656b&#8221; use_theme_fonts=&#8221;yes&#8221; css=&#8221;.vc_custom_1585826189409{padding-top: 12px !important;padding-right: 12px !important;padding-bottom: 12px !important;padding-left: 12px !important;background-color: #bbbcc4 !important;}&#8221; link=&#8221;url:http%3A%2F%2Fzelb.md%2Fspatii-disponibile%2Fspatii-disponibile-straseni%2F|||&#8221;][\/vc_column][vc_column width=&#8221;1\/4&#8243; css=&#8221;.vc_custom_1585744652922{border-right-width: 1px !important;border-right-color: #04656b !important;border-right-style: solid !important;}&#8221;][vc_single_image image=&#8221;2398&#8243; img_size=&#8221;large&#8221; alignment=&#8221;center&#8221; onclick=&#8221;custom_link&#8221; link=&#8221;http:\/\/zelb.md\/spatii-disponibile\/spatii-disponibile-cimislia\/&#8221;][vc_custom_heading text=&#8221;Cimi\u015flia&#8221; font_container=&#8221;tag:h4|text_align:center|color:%2304656b&#8221; use_theme_fonts=&#8221;yes&#8221; css=&#8221;.vc_custom_1585826227598{padding-top: 12px !important;padding-right: 12px !important;padding-bottom: 12px !important;padding-left: 12px !important;background-color: #bbbcc4 !important;}&#8221; link=&#8221;url:http%3A%2F%2Fzelb.md%2Fspatii-disponibile%2Fspatii-disponibile-cimislia%2F|||&#8221;][\/vc_column][vc_column width=&#8221;1\/4&#8243; css=&#8221;.vc_custom_1585744668401{border-right-width: 1px !important;border-right-color: #04656b !important;border-right-style: solid !important;}&#8221;][vc_single_image image=&#8221;2531&#8243; img_size=&#8221;large&#8221; alignment=&#8221;center&#8221; onclick=&#8221;custom_link&#8221; link=&#8221;http:\/\/zelb.md\/spatii-disponibile\/spatii-disponibile-chisinau\/&#8221;][vc_custom_heading text=&#8221;Chi\u0219in\u0103u&#8221; font_container=&#8221;tag:h4|text_align:center|color:%2304656b&#8221; use_theme_fonts=&#8221;yes&#8221; css=&#8221;.vc_custom_1585826247323{padding-top: 12px !important;padding-right: 12px !important;padding-bottom: 12px !important;padding-left: 12px !important;background-color: #bbbcc4 !important;}&#8221; link=&#8221;url:http%3A%2F%2Fzelb.md%2Fspatii-disponibile%2Fspatii-disponibile-chisinau%2F|||&#8221;][\/vc_column][vc_column width=&#8221;1\/4&#8243;][vc_single_image image=&#8221;2399&#8243; img_size=&#8221;large&#8221; alignment=&#8221;center&#8221; onclick=&#8221;custom_link&#8221; link=&#8221;http:\/\/zelb.md\/spatii-disponibile\/spatii-disponibile-rezina\/&#8221;][vc_custom_heading text=&#8221;Rezina&#8221; font_container=&#8221;tag:h4|text_align:center|color:%2304656b&#8221; use_theme_fonts=&#8221;yes&#8221; css=&#8221;.vc_custom_1585826270482{padding-top: 12px !important;padding-right: 12px !important;padding-bottom: 12px !important;padding-left: 12px !important;background-color: #bbbcc4 !important;}&#8221; link=&#8221;url:http%3A%2F%2Fzelb.md%2Fspatii-disponibile%2Fspatii-disponibile-rezina%2F|||&#8221;][\/vc_column][\/vc_row][vc_row css=&#8221;.vc_custom_1585744734945{padding-top: 10px !important;}&#8221;][vc_column][vc_separator color=&#8221;custom&#8221; style=&#8221;solid&#8221; accent_color=&#8221;#04656b&#8221;][\/vc_column][\/vc_row][vc_row css=&#8221;.vc_custom_1585744720191{margin-top: -10px !important;}&#8221;][vc_column width=&#8221;1\/4&#8243; css=&#8221;.vc_custom_1585744658322{border-right-width: 1px !important;border-right-color: #04656b !important;border-right-style: solid !important;}&#8221;][vc_single_image image=&#8221;2786&#8243; img_size=&#8221;large&#8221; alignment=&#8221;center&#8221; onclick=&#8221;custom_link&#8221; link=&#8221;http:\/\/zelb.md\/spatii-disponibile\/spatii-disponibile-dubasari\/&#8221; label=&#8221;&#8221;][vc_custom_heading text=&#8221;Dub\u0103sari&#8221; font_container=&#8221;tag:h4|text_align:center|color:%2304656b&#8221; use_theme_fonts=&#8221;yes&#8221; css=&#8221;.vc_custom_1617568940412{padding-top: 12px !important;padding-right: 12px !important;padding-bottom: 12px !important;padding-left: 12px !important;background-color: #bbbcc4 !important;}&#8221; link=&#8221;url:http%3A%2F%2Fzelb.md%2Fspatii-disponibile%2Fspatii-disponibile-dubasari%2F|||&#8221;][\/vc_column][vc_column width=&#8221;1\/4&#8243; css=&#8221;.vc_custom_1585744652922{border-right-width: 1px !important;border-right-color: #04656b !important;border-right-style: solid !important;}&#8221;][\/vc_column][vc_column width=&#8221;1\/4&#8243; css=&#8221;.vc_custom_1585744668401{border-right-width: 1px !important;border-right-color: #04656b !important;border-right-style: solid !important;}&#8221;][\/vc_column][vc_column width=&#8221;1\/4&#8243;][\/vc_column][\/vc_row]<\/p>\n","protected":false},"excerpt":{"rendered":"<p>[vc_row][vc_column width=&#8221;1\/4&#8243; css=&#8221;.vc_custom_1585744522587{border-right-width: 1px !important;border-right-color: #04656b !important;border-right-style: solid !important;border-radius: 1px !important;}&#8221;][vc_single_image image=&#8221;2395&#8243; img_size=&#8221;large&#8221; alignment=&#8221;center&#8221; onclick=&#8221;custom_link&#8221; link=&#8221;http:\/\/zelb.md\/spatii-disponibile\/spatii-disponibile-balti\/&#8221;][vc_custom_heading text=&#8221;B\u0103l\u0163i&#8221; font_container=&#8221;tag:h4|text_align:center|color:%2304656b&#8221; use_theme_fonts=&#8221;yes&#8221; css=&#8221;.vc_custom_1585826084577{padding-top: 12px !important;padding-right: 12px !important;padding-bottom: 12px !important;padding-left: 12px !important;background-color: #bbbcc4 !important;}&#8221; link=&#8221;url:http%3A%2F%2Fzelb.md%2Fspatii-disponibile%2Fspatii-disponibile-balti%2F|||&#8221;][\/vc_column][vc_column width=&#8221;1\/4&#8243; css=&#8221;.vc_custom_1585744554411{border-right-width: 1px !important;border-right-color: #04656b !important;border-right-style: solid !important;border-radius: 1px !important;}&#8221;][vc_single_image image=&#8221;2396&#8243; img_size=&#8221;large&#8221; alignment=&#8221;center&#8221; onclick=&#8221;custom_link&#8221; link=&#8221;http:\/\/zelb.md\/spatii-disponibile\/spatii-disponibile-cahul\/&#8221;][vc_custom_heading text=&#8221;Cahul&#8221; font_container=&#8221;tag:h4|text_align:center|color:%2304656b&#8221; use_theme_fonts=&#8221;yes&#8221; css=&#8221;.vc_custom_1585826112013{padding-top: 12px !important;padding-right: 12px !important;padding-bottom: 12px [&hellip;]<\/p>\n","protected":false},"author":8,"featured_media":0,"parent":0,"menu_order":0,"comment_status":"closed","ping_status":"closed","template":"","meta":{"footnotes":""},"class_list":["post-3894","page","type-page","status-publish","hentry"],"yoast_head":"<!-- This site is optimized with the Yoast SEO plugin v26.6 - https:\/\/yoast.com\/wordpress\/plugins\/seo\/ -->\n<title>Available spaces - ZELB<\/title>\n<meta name=\"robots\" content=\"index, follow, max-snippet:-1, max-image-preview:large, max-video-preview:-1\" \/>\n<link rel=\"canonical\" href=\"https:\/\/zelb.md\/en\/available-spaces\/\" \/>\n<meta property=\"og:locale\" content=\"en_US\" \/>\n<meta property=\"og:type\" content=\"article\" \/>\n<meta property=\"og:title\" content=\"Available spaces - ZELB\" \/>\n<meta property=\"og:description\" content=\"[vc_row][vc_column width=&#8221;1\/4&#8243; css=&#8221;.vc_custom_1585744522587{border-right-width: 1px !important;border-right-color: #04656b !important;border-right-style: solid !important;border-radius: 1px !important;}&#8221;][vc_single_image image=&#8221;2395&#8243; img_size=&#8221;large&#8221; alignment=&#8221;center&#8221; onclick=&#8221;custom_link&#8221; link=&#8221;http:\/\/zelb.md\/spatii-disponibile\/spatii-disponibile-balti\/&#8221;][vc_custom_heading text=&#8221;B\u0103l\u0163i&#8221; font_container=&#8221;tag:h4|text_align:center|color:%2304656b&#8221; use_theme_fonts=&#8221;yes&#8221; css=&#8221;.vc_custom_1585826084577{padding-top: 12px !important;padding-right: 12px !important;padding-bottom: 12px !important;padding-left: 12px !important;background-color: #bbbcc4 !important;}&#8221; link=&#8221;url:http%3A%2F%2Fzelb.md%2Fspatii-disponibile%2Fspatii-disponibile-balti%2F|||&#8221;][\/vc_column][vc_column width=&#8221;1\/4&#8243; css=&#8221;.vc_custom_1585744554411{border-right-width: 1px !important;border-right-color: #04656b !important;border-right-style: solid !important;border-radius: 1px !important;}&#8221;][vc_single_image image=&#8221;2396&#8243; img_size=&#8221;large&#8221; alignment=&#8221;center&#8221; onclick=&#8221;custom_link&#8221; link=&#8221;http:\/\/zelb.md\/spatii-disponibile\/spatii-disponibile-cahul\/&#8221;][vc_custom_heading text=&#8221;Cahul&#8221; font_container=&#8221;tag:h4|text_align:center|color:%2304656b&#8221; use_theme_fonts=&#8221;yes&#8221; css=&#8221;.vc_custom_1585826112013{padding-top: 12px !important;padding-right: 12px !important;padding-bottom: 12px [&hellip;]\" \/>\n<meta property=\"og:url\" content=\"https:\/\/zelb.md\/en\/available-spaces\/\" \/>\n<meta property=\"og:site_name\" content=\"ZELB\" \/>\n<meta property=\"article:publisher\" content=\"https:\/\/www.facebook.com\/zelbalti\/\" \/>\n<meta property=\"article:modified_time\" content=\"2024-02-19T16:08:01+00:00\" \/>\n<meta name=\"twitter:card\" content=\"summary_large_image\" \/>\n<meta name=\"twitter:label1\" content=\"Est. reading time\" \/>\n\t<meta name=\"twitter:data1\" content=\"2 minutes\" \/>\n<script type=\"application\/ld+json\" class=\"yoast-schema-graph\">{\"@context\":\"https:\/\/schema.org\",\"@graph\":[{\"@type\":\"WebPage\",\"@id\":\"https:\/\/zelb.md\/en\/available-spaces\/\",\"url\":\"https:\/\/zelb.md\/en\/available-spaces\/\",\"name\":\"Available spaces - ZELB\",\"isPartOf\":{\"@id\":\"https:\/\/zelb.md\/#website\"},\"datePublished\":\"2018-06-25T04:46:46+00:00\",\"dateModified\":\"2024-02-19T16:08:01+00:00\",\"breadcrumb\":{\"@id\":\"https:\/\/zelb.md\/en\/available-spaces\/#breadcrumb\"},\"inLanguage\":\"en-US\",\"potentialAction\":[{\"@type\":\"ReadAction\",\"target\":[\"https:\/\/zelb.md\/en\/available-spaces\/\"]}]},{\"@type\":\"BreadcrumbList\",\"@id\":\"https:\/\/zelb.md\/en\/available-spaces\/#breadcrumb\",\"itemListElement\":[{\"@type\":\"ListItem\",\"position\":1,\"name\":\"Prima pagin\u0103\",\"item\":\"https:\/\/zelb.md\/en\/\"},{\"@type\":\"ListItem\",\"position\":2,\"name\":\"Available spaces\"}]},{\"@type\":\"WebSite\",\"@id\":\"https:\/\/zelb.md\/#website\",\"url\":\"https:\/\/zelb.md\/\",\"name\":\"ZELB\",\"description\":\"Zona Economic\u0103 Liber\u0103 B\u0103l\u0163i\",\"publisher\":{\"@id\":\"https:\/\/zelb.md\/#organization\"},\"potentialAction\":[{\"@type\":\"SearchAction\",\"target\":{\"@type\":\"EntryPoint\",\"urlTemplate\":\"https:\/\/zelb.md\/?s={search_term_string}\"},\"query-input\":{\"@type\":\"PropertyValueSpecification\",\"valueRequired\":true,\"valueName\":\"search_term_string\"}}],\"inLanguage\":\"en-US\"},{\"@type\":\"Organization\",\"@id\":\"https:\/\/zelb.md\/#organization\",\"name\":\"ZELB\",\"url\":\"https:\/\/zelb.md\/\",\"logo\":{\"@type\":\"ImageObject\",\"inLanguage\":\"en-US\",\"@id\":\"https:\/\/zelb.md\/#\/schema\/logo\/image\/\",\"url\":\"https:\/\/zelb.md\/wp-content\/uploads\/2018\/06\/zelb-logo-8-ani.png\",\"contentUrl\":\"https:\/\/zelb.md\/wp-content\/uploads\/2018\/06\/zelb-logo-8-ani.png\",\"width\":255,\"height\":105,\"caption\":\"ZELB\"},\"image\":{\"@id\":\"https:\/\/zelb.md\/#\/schema\/logo\/image\/\"},\"sameAs\":[\"https:\/\/www.facebook.com\/zelbalti\/\"]}]}<\/script>\n<!-- \/ Yoast SEO plugin. -->","yoast_head_json":{"title":"Available spaces - ZELB","robots":{"index":"index","follow":"follow","max-snippet":"max-snippet:-1","max-image-preview":"max-image-preview:large","max-video-preview":"max-video-preview:-1"},"canonical":"https:\/\/zelb.md\/en\/available-spaces\/","og_locale":"en_US","og_type":"article","og_title":"Available spaces - ZELB","og_description":"[vc_row][vc_column width=&#8221;1\/4&#8243; css=&#8221;.vc_custom_1585744522587{border-right-width: 1px !important;border-right-color: #04656b !important;border-right-style: solid !important;border-radius: 1px !important;}&#8221;][vc_single_image image=&#8221;2395&#8243; img_size=&#8221;large&#8221; alignment=&#8221;center&#8221; onclick=&#8221;custom_link&#8221; link=&#8221;http:\/\/zelb.md\/spatii-disponibile\/spatii-disponibile-balti\/&#8221;][vc_custom_heading text=&#8221;B\u0103l\u0163i&#8221; font_container=&#8221;tag:h4|text_align:center|color:%2304656b&#8221; use_theme_fonts=&#8221;yes&#8221; css=&#8221;.vc_custom_1585826084577{padding-top: 12px !important;padding-right: 12px !important;padding-bottom: 12px !important;padding-left: 12px !important;background-color: #bbbcc4 !important;}&#8221; link=&#8221;url:http%3A%2F%2Fzelb.md%2Fspatii-disponibile%2Fspatii-disponibile-balti%2F|||&#8221;][\/vc_column][vc_column width=&#8221;1\/4&#8243; css=&#8221;.vc_custom_1585744554411{border-right-width: 1px !important;border-right-color: #04656b !important;border-right-style: solid !important;border-radius: 1px !important;}&#8221;][vc_single_image image=&#8221;2396&#8243; img_size=&#8221;large&#8221; alignment=&#8221;center&#8221; onclick=&#8221;custom_link&#8221; link=&#8221;http:\/\/zelb.md\/spatii-disponibile\/spatii-disponibile-cahul\/&#8221;][vc_custom_heading text=&#8221;Cahul&#8221; font_container=&#8221;tag:h4|text_align:center|color:%2304656b&#8221; use_theme_fonts=&#8221;yes&#8221; css=&#8221;.vc_custom_1585826112013{padding-top: 12px !important;padding-right: 12px !important;padding-bottom: 12px [&hellip;]","og_url":"https:\/\/zelb.md\/en\/available-spaces\/","og_site_name":"ZELB","article_publisher":"https:\/\/www.facebook.com\/zelbalti\/","article_modified_time":"2024-02-19T16:08:01+00:00","twitter_card":"summary_large_image","twitter_misc":{"Est. reading time":"2 minutes"},"schema":{"@context":"https:\/\/schema.org","@graph":[{"@type":"WebPage","@id":"https:\/\/zelb.md\/en\/available-spaces\/","url":"https:\/\/zelb.md\/en\/available-spaces\/","name":"Available spaces - ZELB","isPartOf":{"@id":"https:\/\/zelb.md\/#website"},"datePublished":"2018-06-25T04:46:46+00:00","dateModified":"2024-02-19T16:08:01+00:00","breadcrumb":{"@id":"https:\/\/zelb.md\/en\/available-spaces\/#breadcrumb"},"inLanguage":"en-US","potentialAction":[{"@type":"ReadAction","target":["https:\/\/zelb.md\/en\/available-spaces\/"]}]},{"@type":"BreadcrumbList","@id":"https:\/\/zelb.md\/en\/available-spaces\/#breadcrumb","itemListElement":[{"@type":"ListItem","position":1,"name":"Prima pagin\u0103","item":"https:\/\/zelb.md\/en\/"},{"@type":"ListItem","position":2,"name":"Available spaces"}]},{"@type":"WebSite","@id":"https:\/\/zelb.md\/#website","url":"https:\/\/zelb.md\/","name":"ZELB","description":"Zona Economic\u0103 Liber\u0103 B\u0103l\u0163i","publisher":{"@id":"https:\/\/zelb.md\/#organization"},"potentialAction":[{"@type":"SearchAction","target":{"@type":"EntryPoint","urlTemplate":"https:\/\/zelb.md\/?s={search_term_string}"},"query-input":{"@type":"PropertyValueSpecification","valueRequired":true,"valueName":"search_term_string"}}],"inLanguage":"en-US"},{"@type":"Organization","@id":"https:\/\/zelb.md\/#organization","name":"ZELB","url":"https:\/\/zelb.md\/","logo":{"@type":"ImageObject","inLanguage":"en-US","@id":"https:\/\/zelb.md\/#\/schema\/logo\/image\/","url":"https:\/\/zelb.md\/wp-content\/uploads\/2018\/06\/zelb-logo-8-ani.png","contentUrl":"https:\/\/zelb.md\/wp-content\/uploads\/2018\/06\/zelb-logo-8-ani.png","width":255,"height":105,"caption":"ZELB"},"image":{"@id":"https:\/\/zelb.md\/#\/schema\/logo\/image\/"},"sameAs":["https:\/\/www.facebook.com\/zelbalti\/"]}]}},"_links":{"self":[{"href":"https:\/\/zelb.md\/en\/wp-json\/wp\/v2\/pages\/3894","targetHints":{"allow":["GET"]}}],"collection":[{"href":"https:\/\/zelb.md\/en\/wp-json\/wp\/v2\/pages"}],"about":[{"href":"https:\/\/zelb.md\/en\/wp-json\/wp\/v2\/types\/page"}],"author":[{"embeddable":true,"href":"https:\/\/zelb.md\/en\/wp-json\/wp\/v2\/users\/8"}],"replies":[{"embeddable":true,"href":"https:\/\/zelb.md\/en\/wp-json\/wp\/v2\/comments?post=3894"}],"version-history":[{"count":1,"href":"https:\/\/zelb.md\/en\/wp-json\/wp\/v2\/pages\/3894\/revisions"}],"predecessor-version":[{"id":4055,"href":"https:\/\/zelb.md\/en\/wp-json\/wp\/v2\/pages\/3894\/revisions\/4055"}],"wp:attachment":[{"href":"https:\/\/zelb.md\/en\/wp-json\/wp\/v2\/media?parent=3894"}],"curies":[{"name":"wp","href":"https:\/\/api.w.org\/{rel}","templated":true}]}}