{"id":3891,"date":"2018-07-02T08:34:44","date_gmt":"2018-07-02T06:34:44","guid":{"rendered":"https:\/\/zelb.md\/subzona-nr-1\/"},"modified":"2024-02-26T18:32:40","modified_gmt":"2024-02-26T16:32:40","slug":"subzone-no-1","status":"publish","type":"page","link":"https:\/\/zelb.md\/en\/subzones\/zona-balti\/subzone-no-1\/","title":{"rendered":"Subzone no.1"},"content":{"rendered":"<p>[vc_row][vc_column][vc_row_inner][vc_column_inner width=&#8221;1\/4&#8243;][vc_single_image image=&#8221;986&#8243; img_size=&#8221;medium&#8221; alignment=&#8221;center&#8221;][\/vc_column_inner][vc_column_inner width=&#8221;3\/4&#8243;][vc_custom_heading text=&#8221;Subzone no.1, 86 Dovator str., Balti &#8220;][vc_column_text]<\/p>\n<p style=\"text-align: justify;\">Subzone no.1 was created on the basis of Draexlamier&#8217;s first factory in Moldova and comprises an area of 2.02 ha, of which 1.52 ha is developed specifically by the main resident of the &#8220;Balti&#8221; FEZ, the company &#8220;Draexlmaier Automotive&#8221; Ltd.<\/p>\n<p style=\"text-align: justify;\"><img loading=\"lazy\" decoding=\"async\" class=\"aligncenter wp-image-1792 size-large\" src=\"http:\/\/zelb.md\/wp-content\/uploads\/2019\/02\/subzona-1-1024x540.jpg\" alt=\"\" width=\"900\" height=\"475\" srcset=\"https:\/\/zelb.md\/wp-content\/uploads\/2019\/02\/subzona-1-1024x540.jpg 1024w, https:\/\/zelb.md\/wp-content\/uploads\/2019\/02\/subzona-1-300x158.jpg 300w, https:\/\/zelb.md\/wp-content\/uploads\/2019\/02\/subzona-1-768x405.jpg 768w, https:\/\/zelb.md\/wp-content\/uploads\/2019\/02\/subzona-1-1320x697.jpg 1320w, https:\/\/zelb.md\/wp-content\/uploads\/2019\/02\/subzona-1.jpg 1609w\" sizes=\"auto, (max-width: 900px) 100vw, 900px\" \/><\/p>\n<p>The land also includes two industrial buildings with a total area of about 3000 sq.m.<br \/>\nThe subzone has developed infrastructure for electricity, gas, water and sewage networks, fixed telephone and internet networks. An important aspect for the future development of the sub-area is that the premises available for rent are rebuilt taking into account the needs of industrial production and can be finished &#8220;turnkey&#8221; within 30 days after the conclusion of a pre-contract.<\/p>\n<p>Draexlmaier is active on the territory of subzone 1 and has developed about 75% of the entire subzone area. Its investment in the subzone is estimated at around USD 20 million, in the process creating jobs for 1400 people.<\/p>\n<p>Another resident operating on the territory of subzone no.1 is &#8220;Moldpresa-Invest&#8221; Ltd., whose activity is the management and leasing of real estate.[\/vc_column_text][\/vc_column_inner][\/vc_row_inner][vc_separator][\/vc_column][\/vc_row][vc_row][vc_column]<div class=\"porto-members porto-members562221bc9a45c6da2488a2b2060cbdb4 wpb_content_element \">\n    <div class=\"page-members clearfix \">\n\n        \n        \n        <div class=\"member-row member-row-4\">\n                    \n        <article class=\"member member-col-4 subzona-nr-1-en subzona-nr-2-en subzona-nr-7-en post-3815 type-member status-publish has-post-thumbnail hentry member_cat-subzona-nr-1-en member_cat-subzona-nr-2-en member_cat-subzona-nr-7-en\">\n            <span class=\"entry-title\" style=\"display: none;\">Draexlmaier Automotive LTD<\/span><span class=\"vcard\" style=\"display: none;\"><span class=\"fn\"><a href=\"https:\/\/zelb.md\/en\/author\/infozelb-md\/\" title=\"Posts by info@zelb.md\" rel=\"author\">info@zelb.md<\/a><\/span><\/span><span class=\"updated\" style=\"display:none\">2024-02-19T17:19:29+02:00<\/span>            <div class=\"member-item  member-item-3\">\n                <span class=\"thumb-info thumb-info-hide-wrapper-bg\">\n                    \n                    <span class=\"thumb-info-wrapper \">\n\t\t\t\t\t\t\t\t\t\t\t\t<span class=\"thumb-member-container bodr-facebook\">\n\t\t\t\t\t\t\t<a class=\"text-decoration-none member-image\" href=\"https:\/\/zelb.md\/en\/Membri\/draexlmaier-automotive-ltd\/\">\n\t\t\t\t\t\t\t<img loading=\"lazy\" decoding=\"async\" class=\"img-responsive\" width=\"367\" height=\"367\" src=\"https:\/\/zelb.md\/wp-content\/uploads\/2018\/06\/draxmaier-367x367.jpg\" alt=\"\" \/>\n\t\t\t\t\t\t\t<\/a>\n                            \n                                                         \t\t\t\t\t\t  \t\t\t\t\t\t<\/span>\n                            <a class=\"text-decoration-none member-info-container\" href=\"https:\/\/zelb.md\/en\/Membri\/draexlmaier-automotive-ltd\/\">   \n                                                                                <span class=\"zoom\" data-src=\"https:\/\/zelb.md\/wp-content\/uploads\/2018\/06\/draxmaier.jpg\" data-title=\"\"><i class=\"fa fa-search\"><\/i><\/span>\n                                                <\/a>\n                        <\/span>\n                        <!--Thumb info wrapper end-->\t\n\t\t\t\t\t\t<!--Thumb info container -->\t\t\t\t\t\t\n\t\t\t\t\t\t<span class=\"thumb-info-container\"> \n                        <a class=\"text-decoration-none member-info-container\" href=\"https:\/\/zelb.md\/en\/Membri\/draexlmaier-automotive-ltd\/\">\n                                                                <span class=\"thumb-info-caption\">\n                            <span class=\"thumb-info-caption-title\">\n                                <span class=\"font-weight-light color-body text-md\">Subzona nr. 1, Subzona nr. 2, Subzona nr. 7<\/span>                                <h4 class=\"m-b-none text-lg\">Draexlmaier Automotive LTD<\/h4>\n\t\t\t\t\t\t\t\t                                <i class=\"view-more  font-weight-semibold\"><\/i>\n                            <\/span>\n                        <\/span>\n                                        <\/a>\n                                <span class=\"thumb-info-caption\">\n                                            <span class=\"thumb-info-caption-text p-t-none\">\n                        <p>The DR\u00c4XLMAIER Group supplies leading automotive manufacturers with modern wiring systems, luxurious interiors, electrical and electronic components and storage...<\/p>\n                        <\/span>\n                                       <span class=\"thumb-info-social-icons share-links  m-r-none m-l-none text-center\"><a href=\"https:\/\/www.facebook.com\/DRAEXLMAIERGroupMoldova\" target=\"_blank\" data-tooltip data-placement=\"bottom\" title=\"Facebook\" class=\"share-facebook\">Facebook<\/a><a href=\"https:\/\/twitter.com\/DRAEXLMAIER_DE\" target=\"_blank\" data-tooltip data-placement=\"bottom\" title=\"Twitter\" class=\"share-twitter\">Twitter<\/a><a href=\"https:\/\/www.linkedin.com\/company\/dr%C3%A4xlmaier-group-deutschland\/\"  target=\"_blank\" data-tooltip data-placement=\"bottom\" title=\"LinkedIn\" class=\"share-linkedin\">LinkedIn<\/a><\/span>                    <\/span>\n                <\/span>\n                            <\/div>\n        <\/article>\n            \n        <article class=\"member member-col-4 subzona-nr-1-en zel-balti-or-balti-en post-3817 type-member status-publish has-post-thumbnail hentry member_cat-subzona-nr-1-en member_cat-zel-balti-or-balti-en\">\n            <span class=\"entry-title\" style=\"display: none;\">,,Magnetec Components\u201d LTD<\/span><span class=\"vcard\" style=\"display: none;\"><span class=\"fn\"><a href=\"https:\/\/zelb.md\/en\/author\/infozelb-md\/\" title=\"Posts by info@zelb.md\" rel=\"author\">info@zelb.md<\/a><\/span><\/span><span class=\"updated\" style=\"display:none\">2024-02-19T17:26:12+02:00<\/span>            <div class=\"member-item  member-item-3\">\n                <span class=\"thumb-info thumb-info-hide-wrapper-bg\">\n                    \n                    <span class=\"thumb-info-wrapper \">\n\t\t\t\t\t\t\t\t\t\t\t\t<span class=\"thumb-member-container \">\n\t\t\t\t\t\t\t<a class=\"text-decoration-none member-image\" href=\"https:\/\/zelb.md\/en\/Membri\/magnetec-components-ltd\/\">\n\t\t\t\t\t\t\t<img loading=\"lazy\" decoding=\"async\" class=\"img-responsive\" width=\"367\" height=\"367\" src=\"https:\/\/zelb.md\/wp-content\/uploads\/2022\/03\/Favicon-Magnetec-367x367.png\" alt=\"\" \/>\n\t\t\t\t\t\t\t<\/a>\n                            \n                                                         \t\t\t\t\t\t  \t\t\t\t\t\t<\/span>\n                            <a class=\"text-decoration-none member-info-container\" href=\"https:\/\/zelb.md\/en\/Membri\/magnetec-components-ltd\/\">   \n                                                                                <span class=\"zoom\" data-src=\"https:\/\/zelb.md\/wp-content\/uploads\/2022\/03\/Favicon-Magnetec.png\" data-title=\"\"><i class=\"fa fa-search\"><\/i><\/span>\n                                                <\/a>\n                        <\/span>\n                        <!--Thumb info wrapper end-->\t\n\t\t\t\t\t\t<!--Thumb info container -->\t\t\t\t\t\t\n\t\t\t\t\t\t<span class=\"thumb-info-container\"> \n                        <a class=\"text-decoration-none member-info-container\" href=\"https:\/\/zelb.md\/en\/Membri\/magnetec-components-ltd\/\">\n                                                                <span class=\"thumb-info-caption\">\n                            <span class=\"thumb-info-caption-title\">\n                                <span class=\"font-weight-light color-body text-md\">Subzona nr. 1, ZEL &#8220;B\u0103l\u0163i&#8221; or. B\u0103l\u0163i<\/span>                                <h4 class=\"m-b-none text-lg\">,,Magnetec Components\u201d LTD<\/h4>\n\t\t\t\t\t\t\t\t                                <i class=\"view-more  font-weight-semibold\"><\/i>\n                            <\/span>\n                        <\/span>\n                                        <\/a>\n                                <span class=\"thumb-info-caption\">\n                                            <span class=\"thumb-info-caption-text p-t-none\">\n                                                <\/span>\n                                                           <\/span>\n                <\/span>\n                            <\/div>\n        <\/article>\n            <\/div>\n\n        \n    <\/div>\n\n    \n    <\/div>[\/vc_column][\/vc_row]<\/p>\n","protected":false},"excerpt":{"rendered":"<p>[vc_row][vc_column][vc_row_inner][vc_column_inner width=&#8221;1\/4&#8243;][vc_single_image image=&#8221;986&#8243; img_size=&#8221;medium&#8221; alignment=&#8221;center&#8221;][\/vc_column_inner][vc_column_inner width=&#8221;3\/4&#8243;][vc_custom_heading text=&#8221;Subzone no.1, 86 Dovator str., Balti &#8220;][vc_column_text] Subzone no.1 was created on the basis of Draexlamier&#8217;s first factory in Moldova and comprises an area of 2.02 ha, of which 1.52 ha is developed specifically by the main resident of the &#8220;Balti&#8221; FEZ, the company &#8220;Draexlmaier Automotive&#8221; Ltd. The land [&hellip;]<\/p>\n","protected":false},"author":8,"featured_media":0,"parent":3892,"menu_order":0,"comment_status":"closed","ping_status":"closed","template":"","meta":{"footnotes":""},"class_list":["post-3891","page","type-page","status-publish","hentry"],"yoast_head":"<!-- This site is optimized with the Yoast SEO plugin v26.6 - https:\/\/yoast.com\/wordpress\/plugins\/seo\/ -->\n<title>Subzone no.1 - ZELB<\/title>\n<meta name=\"robots\" content=\"index, follow, max-snippet:-1, max-image-preview:large, max-video-preview:-1\" \/>\n<link rel=\"canonical\" href=\"https:\/\/zelb.md\/en\/subzones\/zona-balti\/subzone-no-1\/\" \/>\n<meta property=\"og:locale\" content=\"en_US\" \/>\n<meta property=\"og:type\" content=\"article\" \/>\n<meta property=\"og:title\" content=\"Subzone no.1 - ZELB\" \/>\n<meta property=\"og:description\" content=\"[vc_row][vc_column][vc_row_inner][vc_column_inner width=&#8221;1\/4&#8243;][vc_single_image image=&#8221;986&#8243; img_size=&#8221;medium&#8221; alignment=&#8221;center&#8221;][\/vc_column_inner][vc_column_inner width=&#8221;3\/4&#8243;][vc_custom_heading text=&#8221;Subzone no.1, 86 Dovator str., Balti &#8220;][vc_column_text] Subzone no.1 was created on the basis of Draexlamier&#8217;s first factory in Moldova and comprises an area of 2.02 ha, of which 1.52 ha is developed specifically by the main resident of the &#8220;Balti&#8221; FEZ, the company &#8220;Draexlmaier Automotive&#8221; Ltd. The land [&hellip;]\" \/>\n<meta property=\"og:url\" content=\"https:\/\/zelb.md\/en\/subzones\/zona-balti\/subzone-no-1\/\" \/>\n<meta property=\"og:site_name\" content=\"ZELB\" \/>\n<meta property=\"article:publisher\" content=\"https:\/\/www.facebook.com\/zelbalti\/\" \/>\n<meta property=\"article:modified_time\" content=\"2024-02-26T16:32:40+00:00\" \/>\n<meta property=\"og:image\" content=\"http:\/\/zelb.md\/wp-content\/uploads\/2019\/02\/subzona-1-1024x540.jpg\" \/>\n<meta name=\"twitter:card\" content=\"summary_large_image\" \/>\n<meta name=\"twitter:label1\" content=\"Est. reading time\" \/>\n\t<meta name=\"twitter:data1\" content=\"2 minutes\" \/>\n<script type=\"application\/ld+json\" class=\"yoast-schema-graph\">{\"@context\":\"https:\/\/schema.org\",\"@graph\":[{\"@type\":\"WebPage\",\"@id\":\"https:\/\/zelb.md\/en\/subzones\/zona-balti\/subzone-no-1\/\",\"url\":\"https:\/\/zelb.md\/en\/subzones\/zona-balti\/subzone-no-1\/\",\"name\":\"Subzone no.1 - ZELB\",\"isPartOf\":{\"@id\":\"https:\/\/zelb.md\/#website\"},\"primaryImageOfPage\":{\"@id\":\"https:\/\/zelb.md\/en\/subzones\/zona-balti\/subzone-no-1\/#primaryimage\"},\"image\":{\"@id\":\"https:\/\/zelb.md\/en\/subzones\/zona-balti\/subzone-no-1\/#primaryimage\"},\"thumbnailUrl\":\"http:\/\/zelb.md\/wp-content\/uploads\/2019\/02\/subzona-1-1024x540.jpg\",\"datePublished\":\"2018-07-02T06:34:44+00:00\",\"dateModified\":\"2024-02-26T16:32:40+00:00\",\"breadcrumb\":{\"@id\":\"https:\/\/zelb.md\/en\/subzones\/zona-balti\/subzone-no-1\/#breadcrumb\"},\"inLanguage\":\"en-US\",\"potentialAction\":[{\"@type\":\"ReadAction\",\"target\":[\"https:\/\/zelb.md\/en\/subzones\/zona-balti\/subzone-no-1\/\"]}]},{\"@type\":\"ImageObject\",\"inLanguage\":\"en-US\",\"@id\":\"https:\/\/zelb.md\/en\/subzones\/zona-balti\/subzone-no-1\/#primaryimage\",\"url\":\"http:\/\/zelb.md\/wp-content\/uploads\/2019\/02\/subzona-1-1024x540.jpg\",\"contentUrl\":\"http:\/\/zelb.md\/wp-content\/uploads\/2019\/02\/subzona-1-1024x540.jpg\"},{\"@type\":\"BreadcrumbList\",\"@id\":\"https:\/\/zelb.md\/en\/subzones\/zona-balti\/subzone-no-1\/#breadcrumb\",\"itemListElement\":[{\"@type\":\"ListItem\",\"position\":1,\"name\":\"Prima pagin\u0103\",\"item\":\"https:\/\/zelb.md\/en\/\"},{\"@type\":\"ListItem\",\"position\":2,\"name\":\"Subzones\",\"item\":\"https:\/\/zelb.md\/en\/subzones\/\"},{\"@type\":\"ListItem\",\"position\":3,\"name\":\"B\u0103l\u0163i\",\"item\":\"https:\/\/zelb.md\/en\/subzones\/zona-balti\/\"},{\"@type\":\"ListItem\",\"position\":4,\"name\":\"Subzone no.1\"}]},{\"@type\":\"WebSite\",\"@id\":\"https:\/\/zelb.md\/#website\",\"url\":\"https:\/\/zelb.md\/\",\"name\":\"ZELB\",\"description\":\"Zona Economic\u0103 Liber\u0103 B\u0103l\u0163i\",\"publisher\":{\"@id\":\"https:\/\/zelb.md\/#organization\"},\"potentialAction\":[{\"@type\":\"SearchAction\",\"target\":{\"@type\":\"EntryPoint\",\"urlTemplate\":\"https:\/\/zelb.md\/?s={search_term_string}\"},\"query-input\":{\"@type\":\"PropertyValueSpecification\",\"valueRequired\":true,\"valueName\":\"search_term_string\"}}],\"inLanguage\":\"en-US\"},{\"@type\":\"Organization\",\"@id\":\"https:\/\/zelb.md\/#organization\",\"name\":\"ZELB\",\"url\":\"https:\/\/zelb.md\/\",\"logo\":{\"@type\":\"ImageObject\",\"inLanguage\":\"en-US\",\"@id\":\"https:\/\/zelb.md\/#\/schema\/logo\/image\/\",\"url\":\"https:\/\/zelb.md\/wp-content\/uploads\/2018\/06\/zelb-logo-8-ani.png\",\"contentUrl\":\"https:\/\/zelb.md\/wp-content\/uploads\/2018\/06\/zelb-logo-8-ani.png\",\"width\":255,\"height\":105,\"caption\":\"ZELB\"},\"image\":{\"@id\":\"https:\/\/zelb.md\/#\/schema\/logo\/image\/\"},\"sameAs\":[\"https:\/\/www.facebook.com\/zelbalti\/\"]}]}<\/script>\n<!-- \/ Yoast SEO plugin. -->","yoast_head_json":{"title":"Subzone no.1 - ZELB","robots":{"index":"index","follow":"follow","max-snippet":"max-snippet:-1","max-image-preview":"max-image-preview:large","max-video-preview":"max-video-preview:-1"},"canonical":"https:\/\/zelb.md\/en\/subzones\/zona-balti\/subzone-no-1\/","og_locale":"en_US","og_type":"article","og_title":"Subzone no.1 - ZELB","og_description":"[vc_row][vc_column][vc_row_inner][vc_column_inner width=&#8221;1\/4&#8243;][vc_single_image image=&#8221;986&#8243; img_size=&#8221;medium&#8221; alignment=&#8221;center&#8221;][\/vc_column_inner][vc_column_inner width=&#8221;3\/4&#8243;][vc_custom_heading text=&#8221;Subzone no.1, 86 Dovator str., Balti &#8220;][vc_column_text] Subzone no.1 was created on the basis of Draexlamier&#8217;s first factory in Moldova and comprises an area of 2.02 ha, of which 1.52 ha is developed specifically by the main resident of the &#8220;Balti&#8221; FEZ, the company &#8220;Draexlmaier Automotive&#8221; Ltd. The land [&hellip;]","og_url":"https:\/\/zelb.md\/en\/subzones\/zona-balti\/subzone-no-1\/","og_site_name":"ZELB","article_publisher":"https:\/\/www.facebook.com\/zelbalti\/","article_modified_time":"2024-02-26T16:32:40+00:00","og_image":[{"url":"http:\/\/zelb.md\/wp-content\/uploads\/2019\/02\/subzona-1-1024x540.jpg","type":"","width":"","height":""}],"twitter_card":"summary_large_image","twitter_misc":{"Est. reading time":"2 minutes"},"schema":{"@context":"https:\/\/schema.org","@graph":[{"@type":"WebPage","@id":"https:\/\/zelb.md\/en\/subzones\/zona-balti\/subzone-no-1\/","url":"https:\/\/zelb.md\/en\/subzones\/zona-balti\/subzone-no-1\/","name":"Subzone no.1 - ZELB","isPartOf":{"@id":"https:\/\/zelb.md\/#website"},"primaryImageOfPage":{"@id":"https:\/\/zelb.md\/en\/subzones\/zona-balti\/subzone-no-1\/#primaryimage"},"image":{"@id":"https:\/\/zelb.md\/en\/subzones\/zona-balti\/subzone-no-1\/#primaryimage"},"thumbnailUrl":"http:\/\/zelb.md\/wp-content\/uploads\/2019\/02\/subzona-1-1024x540.jpg","datePublished":"2018-07-02T06:34:44+00:00","dateModified":"2024-02-26T16:32:40+00:00","breadcrumb":{"@id":"https:\/\/zelb.md\/en\/subzones\/zona-balti\/subzone-no-1\/#breadcrumb"},"inLanguage":"en-US","potentialAction":[{"@type":"ReadAction","target":["https:\/\/zelb.md\/en\/subzones\/zona-balti\/subzone-no-1\/"]}]},{"@type":"ImageObject","inLanguage":"en-US","@id":"https:\/\/zelb.md\/en\/subzones\/zona-balti\/subzone-no-1\/#primaryimage","url":"http:\/\/zelb.md\/wp-content\/uploads\/2019\/02\/subzona-1-1024x540.jpg","contentUrl":"http:\/\/zelb.md\/wp-content\/uploads\/2019\/02\/subzona-1-1024x540.jpg"},{"@type":"BreadcrumbList","@id":"https:\/\/zelb.md\/en\/subzones\/zona-balti\/subzone-no-1\/#breadcrumb","itemListElement":[{"@type":"ListItem","position":1,"name":"Prima pagin\u0103","item":"https:\/\/zelb.md\/en\/"},{"@type":"ListItem","position":2,"name":"Subzones","item":"https:\/\/zelb.md\/en\/subzones\/"},{"@type":"ListItem","position":3,"name":"B\u0103l\u0163i","item":"https:\/\/zelb.md\/en\/subzones\/zona-balti\/"},{"@type":"ListItem","position":4,"name":"Subzone no.1"}]},{"@type":"WebSite","@id":"https:\/\/zelb.md\/#website","url":"https:\/\/zelb.md\/","name":"ZELB","description":"Zona Economic\u0103 Liber\u0103 B\u0103l\u0163i","publisher":{"@id":"https:\/\/zelb.md\/#organization"},"potentialAction":[{"@type":"SearchAction","target":{"@type":"EntryPoint","urlTemplate":"https:\/\/zelb.md\/?s={search_term_string}"},"query-input":{"@type":"PropertyValueSpecification","valueRequired":true,"valueName":"search_term_string"}}],"inLanguage":"en-US"},{"@type":"Organization","@id":"https:\/\/zelb.md\/#organization","name":"ZELB","url":"https:\/\/zelb.md\/","logo":{"@type":"ImageObject","inLanguage":"en-US","@id":"https:\/\/zelb.md\/#\/schema\/logo\/image\/","url":"https:\/\/zelb.md\/wp-content\/uploads\/2018\/06\/zelb-logo-8-ani.png","contentUrl":"https:\/\/zelb.md\/wp-content\/uploads\/2018\/06\/zelb-logo-8-ani.png","width":255,"height":105,"caption":"ZELB"},"image":{"@id":"https:\/\/zelb.md\/#\/schema\/logo\/image\/"},"sameAs":["https:\/\/www.facebook.com\/zelbalti\/"]}]}},"_links":{"self":[{"href":"https:\/\/zelb.md\/en\/wp-json\/wp\/v2\/pages\/3891","targetHints":{"allow":["GET"]}}],"collection":[{"href":"https:\/\/zelb.md\/en\/wp-json\/wp\/v2\/pages"}],"about":[{"href":"https:\/\/zelb.md\/en\/wp-json\/wp\/v2\/types\/page"}],"author":[{"embeddable":true,"href":"https:\/\/zelb.md\/en\/wp-json\/wp\/v2\/users\/8"}],"replies":[{"embeddable":true,"href":"https:\/\/zelb.md\/en\/wp-json\/wp\/v2\/comments?post=3891"}],"version-history":[{"count":2,"href":"https:\/\/zelb.md\/en\/wp-json\/wp\/v2\/pages\/3891\/revisions"}],"predecessor-version":[{"id":4093,"href":"https:\/\/zelb.md\/en\/wp-json\/wp\/v2\/pages\/3891\/revisions\/4093"}],"up":[{"embeddable":true,"href":"https:\/\/zelb.md\/en\/wp-json\/wp\/v2\/pages\/3892"}],"wp:attachment":[{"href":"https:\/\/zelb.md\/en\/wp-json\/wp\/v2\/media?parent=3891"}],"curies":[{"name":"wp","href":"https:\/\/api.w.org\/{rel}","templated":true}]}}