{"id":3890,"date":"2018-07-02T08:56:21","date_gmt":"2018-07-02T06:56:21","guid":{"rendered":"https:\/\/zelb.md\/subzona-nr-2\/"},"modified":"2024-02-26T18:36:32","modified_gmt":"2024-02-26T16:36:32","slug":"subzone-no-2","status":"publish","type":"page","link":"https:\/\/zelb.md\/en\/subzones\/zona-balti\/subzone-no-2\/","title":{"rendered":"Subzone no. 2"},"content":{"rendered":"<p>[vc_row][vc_column][vc_row_inner][vc_column_inner width=&#8221;1\/4&#8243;][vc_single_image image=&#8221;1108&#8243; img_size=&#8221;medium&#8221; alignment=&#8221;center&#8221;][\/vc_column_inner][vc_column_inner width=&#8221;3\/4&#8243;][vc_custom_heading text=&#8221;Subzone no. 2, 4 Industriala str., Balti&#8221;][vc_column_text]<\/p>\n<p style=\"text-align: justify;\">Subzone 2 was created on the basis of privately-owned land of Draexlmaier for the purpose of expanding the production capacity of the German investor. The total area of this sub-area is 10,35 ha. The land of the sub-area is 100% developed through the construction of Draexlmaier&#8217;s factories No 2 and No 3 as well as the factory of the Austrian concern <strong>Gebauer&amp;Griller<\/strong>.<\/p>\n\n\t\t<style type=\"text\/css\">\n\t\t\t#gallery-1 {\n\t\t\t\tmargin: auto;\n\t\t\t}\n\t\t\t#gallery-1 .gallery-item {\n\t\t\t\tfloat: left;\n\t\t\t\tmargin-top: 10px;\n\t\t\t\ttext-align: center;\n\t\t\t\twidth: 50%;\n\t\t\t}\n\t\t\t#gallery-1 img {\n\t\t\t\tborder: 2px solid #cfcfcf;\n\t\t\t}\n\t\t\t#gallery-1 .gallery-caption {\n\t\t\t\tmargin-left: 0;\n\t\t\t}\n\t\t\t\/* see gallery_shortcode() in wp-includes\/media.php *\/\n\t\t<\/style>\n\t\t<div id='gallery-1' class='gallery galleryid-3890 gallery-columns-2 gallery-size-large'><dl class='gallery-item'>\n\t\t\t<dt class='gallery-icon landscape'>\n\t\t\t\t<a href='https:\/\/zelb.md\/en\/subzones\/zona-balti\/subzone-no-2\/dcim100mediadji_0044-jpg-2\/'><img loading=\"lazy\" decoding=\"async\" width=\"900\" height=\"506\" src=\"https:\/\/zelb.md\/wp-content\/uploads\/2019\/02\/DJI_0044-1024x576.jpg\" class=\"attachment-large size-large\" alt=\"\" srcset=\"https:\/\/zelb.md\/wp-content\/uploads\/2019\/02\/DJI_0044-1024x576.jpg 1024w, https:\/\/zelb.md\/wp-content\/uploads\/2019\/02\/DJI_0044-300x169.jpg 300w, https:\/\/zelb.md\/wp-content\/uploads\/2019\/02\/DJI_0044-768x432.jpg 768w, https:\/\/zelb.md\/wp-content\/uploads\/2019\/02\/DJI_0044-1320x743.jpg 1320w\" sizes=\"auto, (max-width: 900px) 100vw, 900px\" \/><\/a>\n\t\t\t<\/dt><\/dl><dl class='gallery-item'>\n\t\t\t<dt class='gallery-icon landscape'>\n\t\t\t\t<a href='https:\/\/zelb.md\/en\/subzones\/zona-balti\/subzone-no-2\/dcim100mediadji_0033-jpg-3-2\/'><img loading=\"lazy\" decoding=\"async\" width=\"900\" height=\"506\" src=\"https:\/\/zelb.md\/wp-content\/uploads\/2019\/02\/DJI_0033-1024x576.jpg\" class=\"attachment-large size-large\" alt=\"\" srcset=\"https:\/\/zelb.md\/wp-content\/uploads\/2019\/02\/DJI_0033-1024x576.jpg 1024w, https:\/\/zelb.md\/wp-content\/uploads\/2019\/02\/DJI_0033-300x169.jpg 300w, https:\/\/zelb.md\/wp-content\/uploads\/2019\/02\/DJI_0033-768x432.jpg 768w, https:\/\/zelb.md\/wp-content\/uploads\/2019\/02\/DJI_0033-1320x743.jpg 1320w\" sizes=\"auto, (max-width: 900px) 100vw, 900px\" \/><\/a>\n\t\t\t<\/dt><\/dl><br style=\"clear: both\" \/>\n\t\t<\/div>\n\n<p style=\"text-align: justify;\">These factories were built as greenfield investments. The existing buildings on the territory of subzone No 2 were demolished.<\/p>\n<p>[\/vc_column_text][\/vc_column_inner][\/vc_row_inner][vc_separator][\/vc_column][\/vc_row][vc_row][vc_column][vc_column_text]<\/p>\n<p>[\/vc_column_text][\/vc_column][\/vc_row][vc_row][vc_column]<div class=\"porto-members porto-membersadfcadd8be20f97c62f91210a9c19b94 wpb_content_element \">\n    <div class=\"page-members clearfix \">\n\n        \n        \n        <div class=\"member-row member-row-4\">\n                    \n        <article class=\"member member-col-4 subzona-nr-1-en subzona-nr-2-en subzona-nr-7-en post-3815 type-member status-publish has-post-thumbnail hentry member_cat-subzona-nr-1-en member_cat-subzona-nr-2-en member_cat-subzona-nr-7-en\">\n            <span class=\"entry-title\" style=\"display: none;\">Draexlmaier Automotive LTD<\/span><span class=\"vcard\" style=\"display: none;\"><span class=\"fn\"><a href=\"https:\/\/zelb.md\/en\/author\/infozelb-md\/\" title=\"Posts by info@zelb.md\" rel=\"author\">info@zelb.md<\/a><\/span><\/span><span class=\"updated\" style=\"display:none\">2024-02-19T17:19:29+02:00<\/span>            <div class=\"member-item  member-item-3\">\n                <span class=\"thumb-info thumb-info-hide-wrapper-bg\">\n                    \n                    <span class=\"thumb-info-wrapper \">\n\t\t\t\t\t\t\t\t\t\t\t\t<span class=\"thumb-member-container bodr-facebook\">\n\t\t\t\t\t\t\t<a class=\"text-decoration-none member-image\" href=\"https:\/\/zelb.md\/en\/Membri\/draexlmaier-automotive-ltd\/\">\n\t\t\t\t\t\t\t<img loading=\"lazy\" decoding=\"async\" class=\"img-responsive\" width=\"367\" height=\"367\" src=\"https:\/\/zelb.md\/wp-content\/uploads\/2018\/06\/draxmaier-367x367.jpg\" alt=\"\" \/>\n\t\t\t\t\t\t\t<\/a>\n                            \n                                                         \t\t\t\t\t\t  \t\t\t\t\t\t<\/span>\n                            <a class=\"text-decoration-none member-info-container\" href=\"https:\/\/zelb.md\/en\/Membri\/draexlmaier-automotive-ltd\/\">   \n                                                                                <span class=\"zoom\" data-src=\"https:\/\/zelb.md\/wp-content\/uploads\/2018\/06\/draxmaier.jpg\" data-title=\"\"><i class=\"fa fa-search\"><\/i><\/span>\n                                                <\/a>\n                        <\/span>\n                        <!--Thumb info wrapper end-->\t\n\t\t\t\t\t\t<!--Thumb info container -->\t\t\t\t\t\t\n\t\t\t\t\t\t<span class=\"thumb-info-container\"> \n                        <a class=\"text-decoration-none member-info-container\" href=\"https:\/\/zelb.md\/en\/Membri\/draexlmaier-automotive-ltd\/\">\n                                                                <span class=\"thumb-info-caption\">\n                            <span class=\"thumb-info-caption-title\">\n                                <span class=\"font-weight-light color-body text-md\">Subzona nr. 1, Subzona nr. 2, Subzona nr. 7<\/span>                                <h4 class=\"m-b-none text-lg\">Draexlmaier Automotive LTD<\/h4>\n\t\t\t\t\t\t\t\t                                <i class=\"view-more  font-weight-semibold\"><\/i>\n                            <\/span>\n                        <\/span>\n                                        <\/a>\n                                <span class=\"thumb-info-caption\">\n                                            <span class=\"thumb-info-caption-text p-t-none\">\n                        <p>The DR\u00c4XLMAIER Group supplies leading automotive manufacturers with modern wiring systems, luxurious interiors, electrical and electronic components and storage...<\/p>\n                        <\/span>\n                                       <span class=\"thumb-info-social-icons share-links  m-r-none m-l-none text-center\"><a href=\"https:\/\/www.facebook.com\/DRAEXLMAIERGroupMoldova\" target=\"_blank\" data-tooltip data-placement=\"bottom\" title=\"Facebook\" class=\"share-facebook\">Facebook<\/a><a href=\"https:\/\/twitter.com\/DRAEXLMAIER_DE\" target=\"_blank\" data-tooltip data-placement=\"bottom\" title=\"Twitter\" class=\"share-twitter\">Twitter<\/a><a href=\"https:\/\/www.linkedin.com\/company\/dr%C3%A4xlmaier-group-deutschland\/\"  target=\"_blank\" data-tooltip data-placement=\"bottom\" title=\"LinkedIn\" class=\"share-linkedin\">LinkedIn<\/a><\/span>                    <\/span>\n                <\/span>\n                            <\/div>\n        <\/article>\n            \n        <article class=\"member member-col-4 subzona-nr-2-en subzona-nr-3-en post-3818 type-member status-publish has-post-thumbnail hentry member_cat-subzona-nr-2-en member_cat-subzona-nr-3-en\">\n            <span class=\"entry-title\" style=\"display: none;\">GG Cables&#038;Wires EE LTD<\/span><span class=\"vcard\" style=\"display: none;\"><span class=\"fn\"><a href=\"https:\/\/zelb.md\/en\/author\/infozelb-md\/\" title=\"Posts by info@zelb.md\" rel=\"author\">info@zelb.md<\/a><\/span><\/span><span class=\"updated\" style=\"display:none\">2024-02-19T17:27:48+02:00<\/span>            <div class=\"member-item  member-item-3\">\n                <span class=\"thumb-info thumb-info-hide-wrapper-bg\">\n                    \n                    <span class=\"thumb-info-wrapper \">\n\t\t\t\t\t\t\t\t\t\t\t\t<span class=\"thumb-member-container \">\n\t\t\t\t\t\t\t<a class=\"text-decoration-none member-image\" href=\"https:\/\/zelb.md\/en\/Membri\/gg-cableswires-ee-ltd\/\">\n\t\t\t\t\t\t\t<img loading=\"lazy\" decoding=\"async\" class=\"img-responsive\" width=\"367\" height=\"367\" src=\"https:\/\/zelb.md\/wp-content\/uploads\/2018\/07\/gg-367x367.jpg\" alt=\"\" \/>\n\t\t\t\t\t\t\t<\/a>\n                            \n                                                         \t\t\t\t\t\t  \t\t\t\t\t\t<\/span>\n                            <a class=\"text-decoration-none member-info-container\" href=\"https:\/\/zelb.md\/en\/Membri\/gg-cableswires-ee-ltd\/\">   \n                                                                                <span class=\"zoom\" data-src=\"https:\/\/zelb.md\/wp-content\/uploads\/2018\/07\/gg.jpg\" data-title=\"\"><i class=\"fa fa-search\"><\/i><\/span>\n                                                <\/a>\n                        <\/span>\n                        <!--Thumb info wrapper end-->\t\n\t\t\t\t\t\t<!--Thumb info container -->\t\t\t\t\t\t\n\t\t\t\t\t\t<span class=\"thumb-info-container\"> \n                        <a class=\"text-decoration-none member-info-container\" href=\"https:\/\/zelb.md\/en\/Membri\/gg-cableswires-ee-ltd\/\">\n                                                                <span class=\"thumb-info-caption\">\n                            <span class=\"thumb-info-caption-title\">\n                                <span class=\"font-weight-light color-body text-md\">Subzona nr. 2, Subzona nr. 3<\/span>                                <h4 class=\"m-b-none text-lg\">GG Cables&#038;Wires EE LTD<\/h4>\n\t\t\t\t\t\t\t\t                                <i class=\"view-more  font-weight-semibold\"><\/i>\n                            <\/span>\n                        <\/span>\n                                        <\/a>\n                                <span class=\"thumb-info-caption\">\n                                            <span class=\"thumb-info-caption-text p-t-none\">\n                                                <\/span>\n                                                           <\/span>\n                <\/span>\n                            <\/div>\n        <\/article>\n            \n        <article class=\"member member-col-4 subzona-nr-2-en post-3819 type-member status-publish has-post-thumbnail hentry member_cat-subzona-nr-2-en\">\n            <span class=\"entry-title\" style=\"display: none;\">\u00ceCS Klampfer Building Services SRL<\/span><span class=\"vcard\" style=\"display: none;\"><span class=\"fn\"><a href=\"https:\/\/zelb.md\/en\/author\/ev_admin\/\" title=\"Posts by ev_admin\" rel=\"author\">ev_admin<\/a><\/span><\/span><span class=\"updated\" style=\"display:none\">2020-01-27T18:02:10+02:00<\/span>            <div class=\"member-item  member-item-3\">\n                <span class=\"thumb-info thumb-info-hide-wrapper-bg\">\n                    \n                    <span class=\"thumb-info-wrapper \">\n\t\t\t\t\t\t\t\t\t\t\t\t<span class=\"thumb-member-container \">\n\t\t\t\t\t\t\t<a class=\"text-decoration-none member-image\" href=\"https:\/\/zelb.md\/en\/Membri\/ics-klampfer-building-services-srl\/\">\n\t\t\t\t\t\t\t<img loading=\"lazy\" decoding=\"async\" class=\"img-responsive\" width=\"367\" height=\"367\" src=\"https:\/\/zelb.md\/wp-content\/uploads\/2024\/01\/clr-367x367.jpg\" alt=\"\" \/>\n\t\t\t\t\t\t\t<\/a>\n                            \n                                                         \t\t\t\t\t\t  \t\t\t\t\t\t<\/span>\n                            <a class=\"text-decoration-none member-info-container\" href=\"https:\/\/zelb.md\/en\/Membri\/ics-klampfer-building-services-srl\/\">   \n                                                                                <span class=\"zoom\" data-src=\"https:\/\/zelb.md\/wp-content\/uploads\/2024\/01\/clr.jpg\" data-title=\"\"><i class=\"fa fa-search\"><\/i><\/span>\n                                                <\/a>\n                        <\/span>\n                        <!--Thumb info wrapper end-->\t\n\t\t\t\t\t\t<!--Thumb info container -->\t\t\t\t\t\t\n\t\t\t\t\t\t<span class=\"thumb-info-container\"> \n                        <a class=\"text-decoration-none member-info-container\" href=\"https:\/\/zelb.md\/en\/Membri\/ics-klampfer-building-services-srl\/\">\n                                                                <span class=\"thumb-info-caption\">\n                            <span class=\"thumb-info-caption-title\">\n                                <span class=\"font-weight-light color-body text-md\">Subzona nr. 2<\/span>                                <h4 class=\"m-b-none text-lg\">\u00ceCS Klampfer Building Services SRL<\/h4>\n\t\t\t\t\t\t\t\t                                <i class=\"view-more  font-weight-semibold\"><\/i>\n                            <\/span>\n                        <\/span>\n                                        <\/a>\n                                <span class=\"thumb-info-caption\">\n                                            <span class=\"thumb-info-caption-text p-t-none\">\n                                                <\/span>\n                                                           <\/span>\n                <\/span>\n                            <\/div>\n        <\/article>\n            <\/div>\n\n        \n    <\/div>\n\n    \n    <\/div>[\/vc_column][\/vc_row]<\/p>\n","protected":false},"excerpt":{"rendered":"<p>[vc_row][vc_column][vc_row_inner][vc_column_inner width=&#8221;1\/4&#8243;][vc_single_image image=&#8221;1108&#8243; img_size=&#8221;medium&#8221; alignment=&#8221;center&#8221;][\/vc_column_inner][vc_column_inner width=&#8221;3\/4&#8243;][vc_custom_heading text=&#8221;Subzone no. 2, 4 Industriala str., Balti&#8221;][vc_column_text] Subzone 2 was created on the basis of privately-owned land of Draexlmaier for the purpose of expanding the production capacity of the German investor. The total area of this sub-area is 10,35 ha. The land of the sub-area is 100% developed through [&hellip;]<\/p>\n","protected":false},"author":8,"featured_media":0,"parent":3892,"menu_order":0,"comment_status":"closed","ping_status":"closed","template":"","meta":{"footnotes":""},"class_list":["post-3890","page","type-page","status-publish","hentry"],"yoast_head":"<!-- This site is optimized with the Yoast SEO plugin v26.6 - https:\/\/yoast.com\/wordpress\/plugins\/seo\/ -->\n<title>Subzone no. 2 - ZELB<\/title>\n<meta name=\"robots\" content=\"index, follow, max-snippet:-1, max-image-preview:large, max-video-preview:-1\" \/>\n<link rel=\"canonical\" href=\"https:\/\/zelb.md\/en\/subzones\/zona-balti\/subzone-no-2\/\" \/>\n<meta property=\"og:locale\" content=\"en_US\" \/>\n<meta property=\"og:type\" content=\"article\" \/>\n<meta property=\"og:title\" content=\"Subzone no. 2 - ZELB\" \/>\n<meta property=\"og:description\" content=\"[vc_row][vc_column][vc_row_inner][vc_column_inner width=&#8221;1\/4&#8243;][vc_single_image image=&#8221;1108&#8243; img_size=&#8221;medium&#8221; alignment=&#8221;center&#8221;][\/vc_column_inner][vc_column_inner width=&#8221;3\/4&#8243;][vc_custom_heading text=&#8221;Subzone no. 2, 4 Industriala str., Balti&#8221;][vc_column_text] Subzone 2 was created on the basis of privately-owned land of Draexlmaier for the purpose of expanding the production capacity of the German investor. The total area of this sub-area is 10,35 ha. The land of the sub-area is 100% developed through [&hellip;]\" \/>\n<meta property=\"og:url\" content=\"https:\/\/zelb.md\/en\/subzones\/zona-balti\/subzone-no-2\/\" \/>\n<meta property=\"og:site_name\" content=\"ZELB\" \/>\n<meta property=\"article:publisher\" content=\"https:\/\/www.facebook.com\/zelbalti\/\" \/>\n<meta property=\"article:modified_time\" content=\"2024-02-26T16:36:32+00:00\" \/>\n<meta property=\"og:image\" content=\"https:\/\/zelb.md\/wp-content\/uploads\/2019\/02\/DJI_0044-1024x576.jpg\" \/>\n<meta name=\"twitter:card\" content=\"summary_large_image\" \/>\n<meta name=\"twitter:label1\" content=\"Est. reading time\" \/>\n\t<meta name=\"twitter:data1\" content=\"1 minute\" \/>\n<script type=\"application\/ld+json\" class=\"yoast-schema-graph\">{\"@context\":\"https:\/\/schema.org\",\"@graph\":[{\"@type\":\"WebPage\",\"@id\":\"https:\/\/zelb.md\/en\/subzones\/zona-balti\/subzone-no-2\/\",\"url\":\"https:\/\/zelb.md\/en\/subzones\/zona-balti\/subzone-no-2\/\",\"name\":\"Subzone no. 2 - ZELB\",\"isPartOf\":{\"@id\":\"https:\/\/zelb.md\/#website\"},\"datePublished\":\"2018-07-02T06:56:21+00:00\",\"dateModified\":\"2024-02-26T16:36:32+00:00\",\"breadcrumb\":{\"@id\":\"https:\/\/zelb.md\/en\/subzones\/zona-balti\/subzone-no-2\/#breadcrumb\"},\"inLanguage\":\"en-US\",\"potentialAction\":[{\"@type\":\"ReadAction\",\"target\":[\"https:\/\/zelb.md\/en\/subzones\/zona-balti\/subzone-no-2\/\"]}]},{\"@type\":\"BreadcrumbList\",\"@id\":\"https:\/\/zelb.md\/en\/subzones\/zona-balti\/subzone-no-2\/#breadcrumb\",\"itemListElement\":[{\"@type\":\"ListItem\",\"position\":1,\"name\":\"Prima pagin\u0103\",\"item\":\"https:\/\/zelb.md\/en\/\"},{\"@type\":\"ListItem\",\"position\":2,\"name\":\"Subzones\",\"item\":\"https:\/\/zelb.md\/en\/subzones\/\"},{\"@type\":\"ListItem\",\"position\":3,\"name\":\"B\u0103l\u0163i\",\"item\":\"https:\/\/zelb.md\/en\/subzones\/zona-balti\/\"},{\"@type\":\"ListItem\",\"position\":4,\"name\":\"Subzone no. 2\"}]},{\"@type\":\"WebSite\",\"@id\":\"https:\/\/zelb.md\/#website\",\"url\":\"https:\/\/zelb.md\/\",\"name\":\"ZELB\",\"description\":\"Zona Economic\u0103 Liber\u0103 B\u0103l\u0163i\",\"publisher\":{\"@id\":\"https:\/\/zelb.md\/#organization\"},\"potentialAction\":[{\"@type\":\"SearchAction\",\"target\":{\"@type\":\"EntryPoint\",\"urlTemplate\":\"https:\/\/zelb.md\/?s={search_term_string}\"},\"query-input\":{\"@type\":\"PropertyValueSpecification\",\"valueRequired\":true,\"valueName\":\"search_term_string\"}}],\"inLanguage\":\"en-US\"},{\"@type\":\"Organization\",\"@id\":\"https:\/\/zelb.md\/#organization\",\"name\":\"ZELB\",\"url\":\"https:\/\/zelb.md\/\",\"logo\":{\"@type\":\"ImageObject\",\"inLanguage\":\"en-US\",\"@id\":\"https:\/\/zelb.md\/#\/schema\/logo\/image\/\",\"url\":\"https:\/\/zelb.md\/wp-content\/uploads\/2018\/06\/zelb-logo-8-ani.png\",\"contentUrl\":\"https:\/\/zelb.md\/wp-content\/uploads\/2018\/06\/zelb-logo-8-ani.png\",\"width\":255,\"height\":105,\"caption\":\"ZELB\"},\"image\":{\"@id\":\"https:\/\/zelb.md\/#\/schema\/logo\/image\/\"},\"sameAs\":[\"https:\/\/www.facebook.com\/zelbalti\/\"]}]}<\/script>\n<!-- \/ Yoast SEO plugin. -->","yoast_head_json":{"title":"Subzone no. 2 - ZELB","robots":{"index":"index","follow":"follow","max-snippet":"max-snippet:-1","max-image-preview":"max-image-preview:large","max-video-preview":"max-video-preview:-1"},"canonical":"https:\/\/zelb.md\/en\/subzones\/zona-balti\/subzone-no-2\/","og_locale":"en_US","og_type":"article","og_title":"Subzone no. 2 - ZELB","og_description":"[vc_row][vc_column][vc_row_inner][vc_column_inner width=&#8221;1\/4&#8243;][vc_single_image image=&#8221;1108&#8243; img_size=&#8221;medium&#8221; alignment=&#8221;center&#8221;][\/vc_column_inner][vc_column_inner width=&#8221;3\/4&#8243;][vc_custom_heading text=&#8221;Subzone no. 2, 4 Industriala str., Balti&#8221;][vc_column_text] Subzone 2 was created on the basis of privately-owned land of Draexlmaier for the purpose of expanding the production capacity of the German investor. The total area of this sub-area is 10,35 ha. The land of the sub-area is 100% developed through [&hellip;]","og_url":"https:\/\/zelb.md\/en\/subzones\/zona-balti\/subzone-no-2\/","og_site_name":"ZELB","article_publisher":"https:\/\/www.facebook.com\/zelbalti\/","article_modified_time":"2024-02-26T16:36:32+00:00","og_image":[{"url":"https:\/\/zelb.md\/wp-content\/uploads\/2019\/02\/DJI_0044-1024x576.jpg","type":"","width":"","height":""}],"twitter_card":"summary_large_image","twitter_misc":{"Est. reading time":"1 minute"},"schema":{"@context":"https:\/\/schema.org","@graph":[{"@type":"WebPage","@id":"https:\/\/zelb.md\/en\/subzones\/zona-balti\/subzone-no-2\/","url":"https:\/\/zelb.md\/en\/subzones\/zona-balti\/subzone-no-2\/","name":"Subzone no. 2 - ZELB","isPartOf":{"@id":"https:\/\/zelb.md\/#website"},"datePublished":"2018-07-02T06:56:21+00:00","dateModified":"2024-02-26T16:36:32+00:00","breadcrumb":{"@id":"https:\/\/zelb.md\/en\/subzones\/zona-balti\/subzone-no-2\/#breadcrumb"},"inLanguage":"en-US","potentialAction":[{"@type":"ReadAction","target":["https:\/\/zelb.md\/en\/subzones\/zona-balti\/subzone-no-2\/"]}]},{"@type":"BreadcrumbList","@id":"https:\/\/zelb.md\/en\/subzones\/zona-balti\/subzone-no-2\/#breadcrumb","itemListElement":[{"@type":"ListItem","position":1,"name":"Prima pagin\u0103","item":"https:\/\/zelb.md\/en\/"},{"@type":"ListItem","position":2,"name":"Subzones","item":"https:\/\/zelb.md\/en\/subzones\/"},{"@type":"ListItem","position":3,"name":"B\u0103l\u0163i","item":"https:\/\/zelb.md\/en\/subzones\/zona-balti\/"},{"@type":"ListItem","position":4,"name":"Subzone no. 2"}]},{"@type":"WebSite","@id":"https:\/\/zelb.md\/#website","url":"https:\/\/zelb.md\/","name":"ZELB","description":"Zona Economic\u0103 Liber\u0103 B\u0103l\u0163i","publisher":{"@id":"https:\/\/zelb.md\/#organization"},"potentialAction":[{"@type":"SearchAction","target":{"@type":"EntryPoint","urlTemplate":"https:\/\/zelb.md\/?s={search_term_string}"},"query-input":{"@type":"PropertyValueSpecification","valueRequired":true,"valueName":"search_term_string"}}],"inLanguage":"en-US"},{"@type":"Organization","@id":"https:\/\/zelb.md\/#organization","name":"ZELB","url":"https:\/\/zelb.md\/","logo":{"@type":"ImageObject","inLanguage":"en-US","@id":"https:\/\/zelb.md\/#\/schema\/logo\/image\/","url":"https:\/\/zelb.md\/wp-content\/uploads\/2018\/06\/zelb-logo-8-ani.png","contentUrl":"https:\/\/zelb.md\/wp-content\/uploads\/2018\/06\/zelb-logo-8-ani.png","width":255,"height":105,"caption":"ZELB"},"image":{"@id":"https:\/\/zelb.md\/#\/schema\/logo\/image\/"},"sameAs":["https:\/\/www.facebook.com\/zelbalti\/"]}]}},"_links":{"self":[{"href":"https:\/\/zelb.md\/en\/wp-json\/wp\/v2\/pages\/3890","targetHints":{"allow":["GET"]}}],"collection":[{"href":"https:\/\/zelb.md\/en\/wp-json\/wp\/v2\/pages"}],"about":[{"href":"https:\/\/zelb.md\/en\/wp-json\/wp\/v2\/types\/page"}],"author":[{"embeddable":true,"href":"https:\/\/zelb.md\/en\/wp-json\/wp\/v2\/users\/8"}],"replies":[{"embeddable":true,"href":"https:\/\/zelb.md\/en\/wp-json\/wp\/v2\/comments?post=3890"}],"version-history":[{"count":2,"href":"https:\/\/zelb.md\/en\/wp-json\/wp\/v2\/pages\/3890\/revisions"}],"predecessor-version":[{"id":4096,"href":"https:\/\/zelb.md\/en\/wp-json\/wp\/v2\/pages\/3890\/revisions\/4096"}],"up":[{"embeddable":true,"href":"https:\/\/zelb.md\/en\/wp-json\/wp\/v2\/pages\/3892"}],"wp:attachment":[{"href":"https:\/\/zelb.md\/en\/wp-json\/wp\/v2\/media?parent=3890"}],"curies":[{"name":"wp","href":"https:\/\/api.w.org\/{rel}","templated":true}]}}