{"id":3886,"date":"2018-07-02T08:58:41","date_gmt":"2018-07-02T06:58:41","guid":{"rendered":"https:\/\/zelb.md\/subzone\/zona-orhei\/subzona-nr-6\/"},"modified":"2024-02-26T22:59:01","modified_gmt":"2024-02-26T20:59:01","slug":"subzone-no-6","status":"publish","type":"page","link":"https:\/\/zelb.md\/en\/subzones\/zona-orhei\/subzone-no-6\/","title":{"rendered":"Subzone no.6"},"content":{"rendered":"<p>[vc_row][vc_column][vc_row_inner][vc_column_inner width=&#8221;1\/4&#8243;][vc_single_image image=&#8221;1815&#8243; img_size=&#8221;medium&#8221; alignment=&#8221;center&#8221;][\/vc_column_inner][vc_column_inner width=&#8221;3\/4&#8243;][vc_custom_heading text=&#8221;Subzone no.6, 57\/2 Unirii str., Orhei&#8221;][vc_column_text]The Japanese company &#8220;Sumitomo Electric Bordnetze&#8221; SRL (SEBN MD) became a resident of the Balti FEZ in June 2016. In August of the same year, SEBN MD started the construction of a factory for the production of electrical wiring for automobiles with an area of 27 thousand m2.<\/p>\n<p>The factory was built on public greenfield land with an area of 8.0 ha in subzone no. 6 in the city of Belgrade. Orhei. It was offered to the Company free of charge by the local public administration. The factory was put into operation in October 2017 where 2500 people will work. The investment value is estimated at 30 mln. EUR.[\/vc_column_text][\/vc_column_inner][\/vc_row_inner][vc_separator][\/vc_column][\/vc_row][vc_row][vc_column][vc_column_text]<\/p>\n<p>[\/vc_column_text][\/vc_column][\/vc_row][vc_row][vc_column]<div class=\"porto-members porto-members4b4de86c81bd07d923bc7268cc06cf75 wpb_content_element \">\n    <div class=\"page-members clearfix \">\n\n        \n        \n        <div class=\"member-row member-row-4\">\n                    \n        <article class=\"member member-col-4 subzona-nr-6-en post-3827 type-member status-publish has-post-thumbnail hentry member_cat-subzona-nr-6-en\">\n            <span class=\"entry-title\" style=\"display: none;\">SE Bordnetze LTD<\/span><span class=\"vcard\" style=\"display: none;\"><span class=\"fn\"><a href=\"https:\/\/zelb.md\/en\/author\/infozelb-md\/\" title=\"Posts by info@zelb.md\" rel=\"author\">info@zelb.md<\/a><\/span><\/span><span class=\"updated\" style=\"display:none\">2024-02-19T17:51:07+02:00<\/span>            <div class=\"member-item  member-item-3\">\n                <span class=\"thumb-info thumb-info-hide-wrapper-bg\">\n                    \n                    <span class=\"thumb-info-wrapper \">\n\t\t\t\t\t\t\t\t\t\t\t\t<span class=\"thumb-member-container \">\n\t\t\t\t\t\t\t<a class=\"text-decoration-none member-image\" href=\"https:\/\/zelb.md\/en\/Membri\/se-bordnetze-ltd\/\">\n\t\t\t\t\t\t\t<img loading=\"lazy\" decoding=\"async\" class=\"img-responsive\" width=\"367\" height=\"367\" src=\"https:\/\/zelb.md\/wp-content\/uploads\/2018\/07\/sebn-367x367.jpg\" alt=\"\" \/>\n\t\t\t\t\t\t\t<\/a>\n                            \n                                                         \t\t\t\t\t\t  \t\t\t\t\t\t<\/span>\n                            <a class=\"text-decoration-none member-info-container\" href=\"https:\/\/zelb.md\/en\/Membri\/se-bordnetze-ltd\/\">   \n                                                                                <span class=\"zoom\" data-src=\"https:\/\/zelb.md\/wp-content\/uploads\/2018\/07\/sebn.jpg\" data-title=\"\"><i class=\"fa fa-search\"><\/i><\/span>\n                                                <\/a>\n                        <\/span>\n                        <!--Thumb info wrapper end-->\t\n\t\t\t\t\t\t<!--Thumb info container -->\t\t\t\t\t\t\n\t\t\t\t\t\t<span class=\"thumb-info-container\"> \n                        <a class=\"text-decoration-none member-info-container\" href=\"https:\/\/zelb.md\/en\/Membri\/se-bordnetze-ltd\/\">\n                                                                <span class=\"thumb-info-caption\">\n                            <span class=\"thumb-info-caption-title\">\n                                <span class=\"font-weight-light color-body text-md\">Subzona nr. 6<\/span>                                <h4 class=\"m-b-none text-lg\">SE Bordnetze LTD<\/h4>\n\t\t\t\t\t\t\t\t                                <i class=\"view-more  font-weight-semibold\"><\/i>\n                            <\/span>\n                        <\/span>\n                                        <\/a>\n                                <span class=\"thumb-info-caption\">\n                                            <span class=\"thumb-info-caption-text p-t-none\">\n                                                <\/span>\n                                                           <\/span>\n                <\/span>\n                            <\/div>\n        <\/article>\n            <\/div>\n\n        \n    <\/div>\n\n    \n    <\/div>[\/vc_column][\/vc_row]<\/p>\n","protected":false},"excerpt":{"rendered":"<p>[vc_row][vc_column][vc_row_inner][vc_column_inner width=&#8221;1\/4&#8243;][vc_single_image image=&#8221;1815&#8243; img_size=&#8221;medium&#8221; alignment=&#8221;center&#8221;][\/vc_column_inner][vc_column_inner width=&#8221;3\/4&#8243;][vc_custom_heading text=&#8221;Subzone no.6, 57\/2 Unirii str., Orhei&#8221;][vc_column_text]The Japanese company &#8220;Sumitomo Electric Bordnetze&#8221; SRL (SEBN MD) became a resident of the Balti FEZ in June 2016. In August of the same year, SEBN MD started the construction of a factory for the production of electrical wiring for automobiles with an area [&hellip;]<\/p>\n","protected":false},"author":8,"featured_media":0,"parent":3882,"menu_order":0,"comment_status":"closed","ping_status":"closed","template":"","meta":{"footnotes":""},"class_list":["post-3886","page","type-page","status-publish","hentry"],"yoast_head":"<!-- This site is optimized with the Yoast SEO plugin v26.6 - https:\/\/yoast.com\/wordpress\/plugins\/seo\/ -->\n<title>Subzone no.6 - ZELB<\/title>\n<meta name=\"robots\" content=\"index, follow, max-snippet:-1, max-image-preview:large, max-video-preview:-1\" \/>\n<link rel=\"canonical\" href=\"https:\/\/zelb.md\/en\/subzones\/zona-orhei\/subzone-no-6\/\" \/>\n<meta property=\"og:locale\" content=\"en_US\" \/>\n<meta property=\"og:type\" content=\"article\" \/>\n<meta property=\"og:title\" content=\"Subzone no.6 - ZELB\" \/>\n<meta property=\"og:description\" content=\"[vc_row][vc_column][vc_row_inner][vc_column_inner width=&#8221;1\/4&#8243;][vc_single_image image=&#8221;1815&#8243; img_size=&#8221;medium&#8221; alignment=&#8221;center&#8221;][\/vc_column_inner][vc_column_inner width=&#8221;3\/4&#8243;][vc_custom_heading text=&#8221;Subzone no.6, 57\/2 Unirii str., Orhei&#8221;][vc_column_text]The Japanese company &#8220;Sumitomo Electric Bordnetze&#8221; SRL (SEBN MD) became a resident of the Balti FEZ in June 2016. In August of the same year, SEBN MD started the construction of a factory for the production of electrical wiring for automobiles with an area [&hellip;]\" \/>\n<meta property=\"og:url\" content=\"https:\/\/zelb.md\/en\/subzones\/zona-orhei\/subzone-no-6\/\" \/>\n<meta property=\"og:site_name\" content=\"ZELB\" \/>\n<meta property=\"article:publisher\" content=\"https:\/\/www.facebook.com\/zelbalti\/\" \/>\n<meta property=\"article:modified_time\" content=\"2024-02-26T20:59:01+00:00\" \/>\n<meta name=\"twitter:card\" content=\"summary_large_image\" \/>\n<meta name=\"twitter:label1\" content=\"Est. reading time\" \/>\n\t<meta name=\"twitter:data1\" content=\"1 minute\" \/>\n<script type=\"application\/ld+json\" class=\"yoast-schema-graph\">{\"@context\":\"https:\/\/schema.org\",\"@graph\":[{\"@type\":\"WebPage\",\"@id\":\"https:\/\/zelb.md\/en\/subzones\/zona-orhei\/subzone-no-6\/\",\"url\":\"https:\/\/zelb.md\/en\/subzones\/zona-orhei\/subzone-no-6\/\",\"name\":\"Subzone no.6 - ZELB\",\"isPartOf\":{\"@id\":\"https:\/\/zelb.md\/#website\"},\"datePublished\":\"2018-07-02T06:58:41+00:00\",\"dateModified\":\"2024-02-26T20:59:01+00:00\",\"breadcrumb\":{\"@id\":\"https:\/\/zelb.md\/en\/subzones\/zona-orhei\/subzone-no-6\/#breadcrumb\"},\"inLanguage\":\"en-US\",\"potentialAction\":[{\"@type\":\"ReadAction\",\"target\":[\"https:\/\/zelb.md\/en\/subzones\/zona-orhei\/subzone-no-6\/\"]}]},{\"@type\":\"BreadcrumbList\",\"@id\":\"https:\/\/zelb.md\/en\/subzones\/zona-orhei\/subzone-no-6\/#breadcrumb\",\"itemListElement\":[{\"@type\":\"ListItem\",\"position\":1,\"name\":\"Prima pagin\u0103\",\"item\":\"https:\/\/zelb.md\/en\/\"},{\"@type\":\"ListItem\",\"position\":2,\"name\":\"Subzones\",\"item\":\"https:\/\/zelb.md\/en\/subzones\/\"},{\"@type\":\"ListItem\",\"position\":3,\"name\":\"Orhei\",\"item\":\"https:\/\/zelb.md\/en\/subzones\/zona-orhei\/\"},{\"@type\":\"ListItem\",\"position\":4,\"name\":\"Subzone no.6\"}]},{\"@type\":\"WebSite\",\"@id\":\"https:\/\/zelb.md\/#website\",\"url\":\"https:\/\/zelb.md\/\",\"name\":\"ZELB\",\"description\":\"Zona Economic\u0103 Liber\u0103 B\u0103l\u0163i\",\"publisher\":{\"@id\":\"https:\/\/zelb.md\/#organization\"},\"potentialAction\":[{\"@type\":\"SearchAction\",\"target\":{\"@type\":\"EntryPoint\",\"urlTemplate\":\"https:\/\/zelb.md\/?s={search_term_string}\"},\"query-input\":{\"@type\":\"PropertyValueSpecification\",\"valueRequired\":true,\"valueName\":\"search_term_string\"}}],\"inLanguage\":\"en-US\"},{\"@type\":\"Organization\",\"@id\":\"https:\/\/zelb.md\/#organization\",\"name\":\"ZELB\",\"url\":\"https:\/\/zelb.md\/\",\"logo\":{\"@type\":\"ImageObject\",\"inLanguage\":\"en-US\",\"@id\":\"https:\/\/zelb.md\/#\/schema\/logo\/image\/\",\"url\":\"https:\/\/zelb.md\/wp-content\/uploads\/2018\/06\/zelb-logo-8-ani.png\",\"contentUrl\":\"https:\/\/zelb.md\/wp-content\/uploads\/2018\/06\/zelb-logo-8-ani.png\",\"width\":255,\"height\":105,\"caption\":\"ZELB\"},\"image\":{\"@id\":\"https:\/\/zelb.md\/#\/schema\/logo\/image\/\"},\"sameAs\":[\"https:\/\/www.facebook.com\/zelbalti\/\"]}]}<\/script>\n<!-- \/ Yoast SEO plugin. -->","yoast_head_json":{"title":"Subzone no.6 - ZELB","robots":{"index":"index","follow":"follow","max-snippet":"max-snippet:-1","max-image-preview":"max-image-preview:large","max-video-preview":"max-video-preview:-1"},"canonical":"https:\/\/zelb.md\/en\/subzones\/zona-orhei\/subzone-no-6\/","og_locale":"en_US","og_type":"article","og_title":"Subzone no.6 - ZELB","og_description":"[vc_row][vc_column][vc_row_inner][vc_column_inner width=&#8221;1\/4&#8243;][vc_single_image image=&#8221;1815&#8243; img_size=&#8221;medium&#8221; alignment=&#8221;center&#8221;][\/vc_column_inner][vc_column_inner width=&#8221;3\/4&#8243;][vc_custom_heading text=&#8221;Subzone no.6, 57\/2 Unirii str., Orhei&#8221;][vc_column_text]The Japanese company &#8220;Sumitomo Electric Bordnetze&#8221; SRL (SEBN MD) became a resident of the Balti FEZ in June 2016. In August of the same year, SEBN MD started the construction of a factory for the production of electrical wiring for automobiles with an area [&hellip;]","og_url":"https:\/\/zelb.md\/en\/subzones\/zona-orhei\/subzone-no-6\/","og_site_name":"ZELB","article_publisher":"https:\/\/www.facebook.com\/zelbalti\/","article_modified_time":"2024-02-26T20:59:01+00:00","twitter_card":"summary_large_image","twitter_misc":{"Est. reading time":"1 minute"},"schema":{"@context":"https:\/\/schema.org","@graph":[{"@type":"WebPage","@id":"https:\/\/zelb.md\/en\/subzones\/zona-orhei\/subzone-no-6\/","url":"https:\/\/zelb.md\/en\/subzones\/zona-orhei\/subzone-no-6\/","name":"Subzone no.6 - ZELB","isPartOf":{"@id":"https:\/\/zelb.md\/#website"},"datePublished":"2018-07-02T06:58:41+00:00","dateModified":"2024-02-26T20:59:01+00:00","breadcrumb":{"@id":"https:\/\/zelb.md\/en\/subzones\/zona-orhei\/subzone-no-6\/#breadcrumb"},"inLanguage":"en-US","potentialAction":[{"@type":"ReadAction","target":["https:\/\/zelb.md\/en\/subzones\/zona-orhei\/subzone-no-6\/"]}]},{"@type":"BreadcrumbList","@id":"https:\/\/zelb.md\/en\/subzones\/zona-orhei\/subzone-no-6\/#breadcrumb","itemListElement":[{"@type":"ListItem","position":1,"name":"Prima pagin\u0103","item":"https:\/\/zelb.md\/en\/"},{"@type":"ListItem","position":2,"name":"Subzones","item":"https:\/\/zelb.md\/en\/subzones\/"},{"@type":"ListItem","position":3,"name":"Orhei","item":"https:\/\/zelb.md\/en\/subzones\/zona-orhei\/"},{"@type":"ListItem","position":4,"name":"Subzone no.6"}]},{"@type":"WebSite","@id":"https:\/\/zelb.md\/#website","url":"https:\/\/zelb.md\/","name":"ZELB","description":"Zona Economic\u0103 Liber\u0103 B\u0103l\u0163i","publisher":{"@id":"https:\/\/zelb.md\/#organization"},"potentialAction":[{"@type":"SearchAction","target":{"@type":"EntryPoint","urlTemplate":"https:\/\/zelb.md\/?s={search_term_string}"},"query-input":{"@type":"PropertyValueSpecification","valueRequired":true,"valueName":"search_term_string"}}],"inLanguage":"en-US"},{"@type":"Organization","@id":"https:\/\/zelb.md\/#organization","name":"ZELB","url":"https:\/\/zelb.md\/","logo":{"@type":"ImageObject","inLanguage":"en-US","@id":"https:\/\/zelb.md\/#\/schema\/logo\/image\/","url":"https:\/\/zelb.md\/wp-content\/uploads\/2018\/06\/zelb-logo-8-ani.png","contentUrl":"https:\/\/zelb.md\/wp-content\/uploads\/2018\/06\/zelb-logo-8-ani.png","width":255,"height":105,"caption":"ZELB"},"image":{"@id":"https:\/\/zelb.md\/#\/schema\/logo\/image\/"},"sameAs":["https:\/\/www.facebook.com\/zelbalti\/"]}]}},"_links":{"self":[{"href":"https:\/\/zelb.md\/en\/wp-json\/wp\/v2\/pages\/3886","targetHints":{"allow":["GET"]}}],"collection":[{"href":"https:\/\/zelb.md\/en\/wp-json\/wp\/v2\/pages"}],"about":[{"href":"https:\/\/zelb.md\/en\/wp-json\/wp\/v2\/types\/page"}],"author":[{"embeddable":true,"href":"https:\/\/zelb.md\/en\/wp-json\/wp\/v2\/users\/8"}],"replies":[{"embeddable":true,"href":"https:\/\/zelb.md\/en\/wp-json\/wp\/v2\/comments?post=3886"}],"version-history":[{"count":1,"href":"https:\/\/zelb.md\/en\/wp-json\/wp\/v2\/pages\/3886\/revisions"}],"predecessor-version":[{"id":4113,"href":"https:\/\/zelb.md\/en\/wp-json\/wp\/v2\/pages\/3886\/revisions\/4113"}],"up":[{"embeddable":true,"href":"https:\/\/zelb.md\/en\/wp-json\/wp\/v2\/pages\/3882"}],"wp:attachment":[{"href":"https:\/\/zelb.md\/en\/wp-json\/wp\/v2\/media?parent=3886"}],"curies":[{"name":"wp","href":"https:\/\/api.w.org\/{rel}","templated":true}]}}