{"id":3880,"date":"2018-07-02T09:15:42","date_gmt":"2018-07-02T07:15:42","guid":{"rendered":"https:\/\/zelb.md\/subzone\/zona-causeni\/"},"modified":"2024-02-26T23:42:26","modified_gmt":"2024-02-26T21:42:26","slug":"zona-causeni","status":"publish","type":"page","link":"https:\/\/zelb.md\/en\/subzones\/zona-causeni\/","title":{"rendered":"C\u0103u\u015feni"},"content":{"rendered":"<p>[vc_row][vc_column][vc_row_inner][vc_column_inner width=&#8221;1\/4&#8243;][vc_single_image image=&#8221;637&#8243; img_size=&#8221;medium&#8221; alignment=&#8221;center&#8221;][vc_custom_heading text=&#8221;C\u0102U\u015eENI&#8221; font_container=&#8221;tag:h2|text_align:center&#8221; use_theme_fonts=&#8221;yes&#8221; css=&#8221;.vc_custom_1701610569376{background-color: #e2e2e2 !important;}&#8221;][\/vc_column_inner][vc_column_inner width=&#8221;3\/4&#8243;][vc_column_text]The city of Causeni is located in the south-eastern part of the Republic of Moldova, on the border with Ukraine, so 4 localities in the district are border regions. The district is bordered by Stefan-Vod\u0103, Anenii-Noi and Cimislia districts.<\/p>\n<p>The population of the district is 90,432 people. The share of the economically active population in the total population is 58.4%. The city of Causeni has a population of 17635 inhabitants, of which 10792 are aged 16-35 years.<\/p>\n<p>Within 15 km from Causeni city there are 10 localities in Causeni district with a population of over 34 383 inhabitants. Neighbouring the town of Causeni are also three localities in Stefan Voda district with a total population of 9541 people. From the nominated localities 35 thousand 950 are economically active persons. In the city of Causeni there is a Vocational School where young people study 7 trades.<\/p>\n<p>The city has a network of national and international motorways and railways, which offers a number of advantages for future development. The district is crossed by an international route to Ukraine, 460 km long.<\/p>\n<p>The distance from the city of Causeni to the city of Odessa, including the seaport in this city, is 126 km of modernized road. The distance from Chisinau airport to the city of Causeni is 61 km.<\/p>\n<p>Manufacturing industry and agriculture are the dominant branches of the district&#8217;s economy, on which budget revenues and social-economic development directly depend.<\/p>\n<p>Activity in the real sector of the economy is oriented towards the development of the manufacturing industry, investment and export activities, small business development, which have contributed to the revival of production activity, increased productivity and competitiveness of products and strengthened the competitive environment.<br \/>\nThe city of Causeni has water and sewage, natural gas, electricity infrastructure with capacities that allow the development of industry, including within the sub-area &#8220;Balti&#8221;, networks being in close proximity to the land of the sub-area.<\/p>\n<p>The Causeni District Council has allocated financial resources for the preparation of the execution documentation for the modernization of the water and sewerage, electricity and natural gas networks. The preparation of the documentation is at the final stage. Cooperation with internal and external investment partners will allow the modernization of the networks in the period before the construction of the production halls begins.[\/vc_column_text][\/vc_column_inner][\/vc_row_inner][vc_separator][\/vc_column][\/vc_row][vc_row][vc_column width=&#8221;1\/3&#8243;][vc_custom_heading text=&#8221;Subzone no. 8&#8243; font_container=&#8221;tag:h1|text_align:center|color:%23046669&#8243; use_theme_fonts=&#8221;yes&#8221; link=&#8221;url:https%3A%2F%2Fzelb.md%2Fen%2Fsubzones%2Fzona-causeni%2Fsubzona-nr-8%2F|||&#8221;]<div class=\"porto-ibanner porto-ibanner-effect-style1  \"  style=\"\" data-opacity=\"1\" data-hover-opacity=\"0.8\"><img loading=\"lazy\" decoding=\"async\" class=\"porto-ibanner-img\" style=\"opacity:1;\" alt=\"\" src=\"https:\/\/zelb.md\/wp-content\/uploads\/2018\/08\/subzona-nr8.jpg\" width=\"2250\" height=\"2250\" \/><div id=\"interactive-banner-wrap-6440\" class=\"porto-ibanner-desc\" style=\"\"><h2 class=\"porto-ibanner-title\" style=\"color:#046669;\"><\/h2><div class=\"porto-ibanner-content\" style=\"color:#3d3d3d;\">\n<h3>Subzone no.8 &#8211; Alba Iulia str., Causeni<\/h3>\n<p><\/div><\/div><a class=\"porto-ibanner-link\" href=\"https:\/\/zelb.md\/en\/subzones\/zona-causeni\/subzona-nr-8\/\"   ><\/a><\/div>[\/vc_column][vc_column width=&#8221;1\/3&#8243;][\/vc_column][vc_column width=&#8221;1\/3&#8243;][\/vc_column][\/vc_row]<\/p>\n","protected":false},"excerpt":{"rendered":"<p>[vc_row][vc_column][vc_row_inner][vc_column_inner width=&#8221;1\/4&#8243;][vc_single_image image=&#8221;637&#8243; img_size=&#8221;medium&#8221; alignment=&#8221;center&#8221;][vc_custom_heading text=&#8221;C\u0102U\u015eENI&#8221; font_container=&#8221;tag:h2|text_align:center&#8221; use_theme_fonts=&#8221;yes&#8221; css=&#8221;.vc_custom_1701610569376{background-color: #e2e2e2 !important;}&#8221;][\/vc_column_inner][vc_column_inner width=&#8221;3\/4&#8243;][vc_column_text]The city of Causeni is located in the south-eastern part of the Republic of Moldova, on the border with Ukraine, so 4 localities in the district are border regions. The district is bordered by Stefan-Vod\u0103, Anenii-Noi and Cimislia districts. The population of the district [&hellip;]<\/p>\n","protected":false},"author":8,"featured_media":0,"parent":3857,"menu_order":0,"comment_status":"closed","ping_status":"closed","template":"","meta":{"footnotes":""},"class_list":["post-3880","page","type-page","status-publish","hentry"],"yoast_head":"<!-- This site is optimized with the Yoast SEO plugin v26.6 - https:\/\/yoast.com\/wordpress\/plugins\/seo\/ -->\n<title>C\u0103u\u015feni - ZELB<\/title>\n<meta name=\"robots\" content=\"index, follow, max-snippet:-1, max-image-preview:large, max-video-preview:-1\" \/>\n<link rel=\"canonical\" href=\"https:\/\/zelb.md\/en\/subzones\/zona-causeni\/\" \/>\n<meta property=\"og:locale\" content=\"en_US\" \/>\n<meta property=\"og:type\" content=\"article\" \/>\n<meta property=\"og:title\" content=\"C\u0103u\u015feni - ZELB\" \/>\n<meta property=\"og:description\" content=\"[vc_row][vc_column][vc_row_inner][vc_column_inner width=&#8221;1\/4&#8243;][vc_single_image image=&#8221;637&#8243; img_size=&#8221;medium&#8221; alignment=&#8221;center&#8221;][vc_custom_heading text=&#8221;C\u0102U\u015eENI&#8221; font_container=&#8221;tag:h2|text_align:center&#8221; use_theme_fonts=&#8221;yes&#8221; css=&#8221;.vc_custom_1701610569376{background-color: #e2e2e2 !important;}&#8221;][\/vc_column_inner][vc_column_inner width=&#8221;3\/4&#8243;][vc_column_text]The city of Causeni is located in the south-eastern part of the Republic of Moldova, on the border with Ukraine, so 4 localities in the district are border regions. The district is bordered by Stefan-Vod\u0103, Anenii-Noi and Cimislia districts. The population of the district [&hellip;]\" \/>\n<meta property=\"og:url\" content=\"https:\/\/zelb.md\/en\/subzones\/zona-causeni\/\" \/>\n<meta property=\"og:site_name\" content=\"ZELB\" \/>\n<meta property=\"article:publisher\" content=\"https:\/\/www.facebook.com\/zelbalti\/\" \/>\n<meta property=\"article:modified_time\" content=\"2024-02-26T21:42:26+00:00\" \/>\n<meta name=\"twitter:card\" content=\"summary_large_image\" \/>\n<meta name=\"twitter:label1\" content=\"Est. reading time\" \/>\n\t<meta name=\"twitter:data1\" content=\"3 minutes\" \/>\n<script type=\"application\/ld+json\" class=\"yoast-schema-graph\">{\"@context\":\"https:\/\/schema.org\",\"@graph\":[{\"@type\":\"WebPage\",\"@id\":\"https:\/\/zelb.md\/en\/subzones\/zona-causeni\/\",\"url\":\"https:\/\/zelb.md\/en\/subzones\/zona-causeni\/\",\"name\":\"C\u0103u\u015feni - ZELB\",\"isPartOf\":{\"@id\":\"https:\/\/zelb.md\/#website\"},\"datePublished\":\"2018-07-02T07:15:42+00:00\",\"dateModified\":\"2024-02-26T21:42:26+00:00\",\"breadcrumb\":{\"@id\":\"https:\/\/zelb.md\/en\/subzones\/zona-causeni\/#breadcrumb\"},\"inLanguage\":\"en-US\",\"potentialAction\":[{\"@type\":\"ReadAction\",\"target\":[\"https:\/\/zelb.md\/en\/subzones\/zona-causeni\/\"]}]},{\"@type\":\"BreadcrumbList\",\"@id\":\"https:\/\/zelb.md\/en\/subzones\/zona-causeni\/#breadcrumb\",\"itemListElement\":[{\"@type\":\"ListItem\",\"position\":1,\"name\":\"Prima pagin\u0103\",\"item\":\"https:\/\/zelb.md\/en\/\"},{\"@type\":\"ListItem\",\"position\":2,\"name\":\"Subzones\",\"item\":\"https:\/\/zelb.md\/en\/subzones\/\"},{\"@type\":\"ListItem\",\"position\":3,\"name\":\"C\u0103u\u015feni\"}]},{\"@type\":\"WebSite\",\"@id\":\"https:\/\/zelb.md\/#website\",\"url\":\"https:\/\/zelb.md\/\",\"name\":\"ZELB\",\"description\":\"Zona Economic\u0103 Liber\u0103 B\u0103l\u0163i\",\"publisher\":{\"@id\":\"https:\/\/zelb.md\/#organization\"},\"potentialAction\":[{\"@type\":\"SearchAction\",\"target\":{\"@type\":\"EntryPoint\",\"urlTemplate\":\"https:\/\/zelb.md\/?s={search_term_string}\"},\"query-input\":{\"@type\":\"PropertyValueSpecification\",\"valueRequired\":true,\"valueName\":\"search_term_string\"}}],\"inLanguage\":\"en-US\"},{\"@type\":\"Organization\",\"@id\":\"https:\/\/zelb.md\/#organization\",\"name\":\"ZELB\",\"url\":\"https:\/\/zelb.md\/\",\"logo\":{\"@type\":\"ImageObject\",\"inLanguage\":\"en-US\",\"@id\":\"https:\/\/zelb.md\/#\/schema\/logo\/image\/\",\"url\":\"https:\/\/zelb.md\/wp-content\/uploads\/2018\/06\/zelb-logo-8-ani.png\",\"contentUrl\":\"https:\/\/zelb.md\/wp-content\/uploads\/2018\/06\/zelb-logo-8-ani.png\",\"width\":255,\"height\":105,\"caption\":\"ZELB\"},\"image\":{\"@id\":\"https:\/\/zelb.md\/#\/schema\/logo\/image\/\"},\"sameAs\":[\"https:\/\/www.facebook.com\/zelbalti\/\"]}]}<\/script>\n<!-- \/ Yoast SEO plugin. -->","yoast_head_json":{"title":"C\u0103u\u015feni - ZELB","robots":{"index":"index","follow":"follow","max-snippet":"max-snippet:-1","max-image-preview":"max-image-preview:large","max-video-preview":"max-video-preview:-1"},"canonical":"https:\/\/zelb.md\/en\/subzones\/zona-causeni\/","og_locale":"en_US","og_type":"article","og_title":"C\u0103u\u015feni - ZELB","og_description":"[vc_row][vc_column][vc_row_inner][vc_column_inner width=&#8221;1\/4&#8243;][vc_single_image image=&#8221;637&#8243; img_size=&#8221;medium&#8221; alignment=&#8221;center&#8221;][vc_custom_heading text=&#8221;C\u0102U\u015eENI&#8221; font_container=&#8221;tag:h2|text_align:center&#8221; use_theme_fonts=&#8221;yes&#8221; css=&#8221;.vc_custom_1701610569376{background-color: #e2e2e2 !important;}&#8221;][\/vc_column_inner][vc_column_inner width=&#8221;3\/4&#8243;][vc_column_text]The city of Causeni is located in the south-eastern part of the Republic of Moldova, on the border with Ukraine, so 4 localities in the district are border regions. The district is bordered by Stefan-Vod\u0103, Anenii-Noi and Cimislia districts. The population of the district [&hellip;]","og_url":"https:\/\/zelb.md\/en\/subzones\/zona-causeni\/","og_site_name":"ZELB","article_publisher":"https:\/\/www.facebook.com\/zelbalti\/","article_modified_time":"2024-02-26T21:42:26+00:00","twitter_card":"summary_large_image","twitter_misc":{"Est. reading time":"3 minutes"},"schema":{"@context":"https:\/\/schema.org","@graph":[{"@type":"WebPage","@id":"https:\/\/zelb.md\/en\/subzones\/zona-causeni\/","url":"https:\/\/zelb.md\/en\/subzones\/zona-causeni\/","name":"C\u0103u\u015feni - ZELB","isPartOf":{"@id":"https:\/\/zelb.md\/#website"},"datePublished":"2018-07-02T07:15:42+00:00","dateModified":"2024-02-26T21:42:26+00:00","breadcrumb":{"@id":"https:\/\/zelb.md\/en\/subzones\/zona-causeni\/#breadcrumb"},"inLanguage":"en-US","potentialAction":[{"@type":"ReadAction","target":["https:\/\/zelb.md\/en\/subzones\/zona-causeni\/"]}]},{"@type":"BreadcrumbList","@id":"https:\/\/zelb.md\/en\/subzones\/zona-causeni\/#breadcrumb","itemListElement":[{"@type":"ListItem","position":1,"name":"Prima pagin\u0103","item":"https:\/\/zelb.md\/en\/"},{"@type":"ListItem","position":2,"name":"Subzones","item":"https:\/\/zelb.md\/en\/subzones\/"},{"@type":"ListItem","position":3,"name":"C\u0103u\u015feni"}]},{"@type":"WebSite","@id":"https:\/\/zelb.md\/#website","url":"https:\/\/zelb.md\/","name":"ZELB","description":"Zona Economic\u0103 Liber\u0103 B\u0103l\u0163i","publisher":{"@id":"https:\/\/zelb.md\/#organization"},"potentialAction":[{"@type":"SearchAction","target":{"@type":"EntryPoint","urlTemplate":"https:\/\/zelb.md\/?s={search_term_string}"},"query-input":{"@type":"PropertyValueSpecification","valueRequired":true,"valueName":"search_term_string"}}],"inLanguage":"en-US"},{"@type":"Organization","@id":"https:\/\/zelb.md\/#organization","name":"ZELB","url":"https:\/\/zelb.md\/","logo":{"@type":"ImageObject","inLanguage":"en-US","@id":"https:\/\/zelb.md\/#\/schema\/logo\/image\/","url":"https:\/\/zelb.md\/wp-content\/uploads\/2018\/06\/zelb-logo-8-ani.png","contentUrl":"https:\/\/zelb.md\/wp-content\/uploads\/2018\/06\/zelb-logo-8-ani.png","width":255,"height":105,"caption":"ZELB"},"image":{"@id":"https:\/\/zelb.md\/#\/schema\/logo\/image\/"},"sameAs":["https:\/\/www.facebook.com\/zelbalti\/"]}]}},"_links":{"self":[{"href":"https:\/\/zelb.md\/en\/wp-json\/wp\/v2\/pages\/3880","targetHints":{"allow":["GET"]}}],"collection":[{"href":"https:\/\/zelb.md\/en\/wp-json\/wp\/v2\/pages"}],"about":[{"href":"https:\/\/zelb.md\/en\/wp-json\/wp\/v2\/types\/page"}],"author":[{"embeddable":true,"href":"https:\/\/zelb.md\/en\/wp-json\/wp\/v2\/users\/8"}],"replies":[{"embeddable":true,"href":"https:\/\/zelb.md\/en\/wp-json\/wp\/v2\/comments?post=3880"}],"version-history":[{"count":4,"href":"https:\/\/zelb.md\/en\/wp-json\/wp\/v2\/pages\/3880\/revisions"}],"predecessor-version":[{"id":4155,"href":"https:\/\/zelb.md\/en\/wp-json\/wp\/v2\/pages\/3880\/revisions\/4155"}],"up":[{"embeddable":true,"href":"https:\/\/zelb.md\/en\/wp-json\/wp\/v2\/pages\/3857"}],"wp:attachment":[{"href":"https:\/\/zelb.md\/en\/wp-json\/wp\/v2\/media?parent=3880"}],"curies":[{"name":"wp","href":"https:\/\/api.w.org\/{rel}","templated":true}]}}