{"id":3865,"date":"2019-01-15T10:44:37","date_gmt":"2019-01-15T08:44:37","guid":{"rendered":"https:\/\/zelb.md\/subzone\/zona-chisinau\/subzona-nr-16\/"},"modified":"2024-02-26T23:27:45","modified_gmt":"2024-02-26T21:27:45","slug":"subzone-no-16","status":"publish","type":"page","link":"https:\/\/zelb.md\/en\/subzones\/zona-chisinau\/subzone-no-16\/","title":{"rendered":"Subzone no.16"},"content":{"rendered":"<p>[vc_row][vc_column][vc_row_inner][vc_column_inner width=&#8221;1\/4&#8243;][vc_single_image image=&#8221;170&#8243;][\/vc_column_inner][vc_column_inner width=&#8221;3\/4&#8243;][vc_custom_heading text=&#8221;Subzone no.16, 1 Sprincenoaia str., Chisinau&#8221;][vc_column_text]The subzone located on 1 Sprincenoaia str., Chisinau was created in December 2018. It covers an area of 2.24 ha and consists of several industrial and administrative buildings.<\/p>\n<p><img loading=\"lazy\" decoding=\"async\" class=\"aligncenter wp-image-1701 size-full\" src=\"http:\/\/zelb.md\/wp-content\/uploads\/2019\/01\/subzona_sprincenoaia_chi\u0219in\u0103u.jpg\" alt=\"\" width=\"679\" height=\"529\" srcset=\"https:\/\/zelb.md\/wp-content\/uploads\/2019\/01\/subzona_sprincenoaia_chi\u0219in\u0103u.jpg 679w, https:\/\/zelb.md\/wp-content\/uploads\/2019\/01\/subzona_sprincenoaia_chi\u0219in\u0103u-300x234.jpg 300w\" sizes=\"auto, (max-width: 679px) 100vw, 679px\" \/>[\/vc_column_text][\/vc_column_inner][\/vc_row_inner][vc_separator][\/vc_column][\/vc_row][vc_row disable_element=&#8221;yes&#8221;][vc_column]<div class=\"porto-members porto-members562221bc9a45c6da2488a2b2060cbdb4 wpb_content_element \">\n    <div class=\"page-members clearfix \">\n\n        \n        \n        <div class=\"member-row member-row-4\">\n                    \n        <article class=\"member member-col-4 subzona-nr-1-en subzona-nr-2-en subzona-nr-7-en post-3815 type-member status-publish has-post-thumbnail hentry member_cat-subzona-nr-1-en member_cat-subzona-nr-2-en member_cat-subzona-nr-7-en\">\n            <span class=\"entry-title\" style=\"display: none;\">Draexlmaier Automotive LTD<\/span><span class=\"vcard\" style=\"display: none;\"><span class=\"fn\"><a href=\"https:\/\/zelb.md\/en\/author\/infozelb-md\/\" title=\"Posts by info@zelb.md\" rel=\"author\">info@zelb.md<\/a><\/span><\/span><span class=\"updated\" style=\"display:none\">2024-02-19T17:19:29+02:00<\/span>            <div class=\"member-item  member-item-3\">\n                <span class=\"thumb-info thumb-info-hide-wrapper-bg\">\n                    \n                    <span class=\"thumb-info-wrapper \">\n\t\t\t\t\t\t\t\t\t\t\t\t<span class=\"thumb-member-container bodr-facebook\">\n\t\t\t\t\t\t\t<a class=\"text-decoration-none member-image\" href=\"https:\/\/zelb.md\/en\/Membri\/draexlmaier-automotive-ltd\/\">\n\t\t\t\t\t\t\t<img loading=\"lazy\" decoding=\"async\" class=\"img-responsive\" width=\"367\" height=\"367\" src=\"https:\/\/zelb.md\/wp-content\/uploads\/2018\/06\/draxmaier-367x367.jpg\" alt=\"\" \/>\n\t\t\t\t\t\t\t<\/a>\n                            \n                                                         \t\t\t\t\t\t  \t\t\t\t\t\t<\/span>\n                            <a class=\"text-decoration-none member-info-container\" href=\"https:\/\/zelb.md\/en\/Membri\/draexlmaier-automotive-ltd\/\">   \n                                                                                <span class=\"zoom\" data-src=\"https:\/\/zelb.md\/wp-content\/uploads\/2018\/06\/draxmaier.jpg\" data-title=\"\"><i class=\"fa fa-search\"><\/i><\/span>\n                                                <\/a>\n                        <\/span>\n                        <!--Thumb info wrapper end-->\t\n\t\t\t\t\t\t<!--Thumb info container -->\t\t\t\t\t\t\n\t\t\t\t\t\t<span class=\"thumb-info-container\"> \n                        <a class=\"text-decoration-none member-info-container\" href=\"https:\/\/zelb.md\/en\/Membri\/draexlmaier-automotive-ltd\/\">\n                                                                <span class=\"thumb-info-caption\">\n                            <span class=\"thumb-info-caption-title\">\n                                <span class=\"font-weight-light color-body text-md\">Subzona nr. 1, Subzona nr. 2, Subzona nr. 7<\/span>                                <h4 class=\"m-b-none text-lg\">Draexlmaier Automotive LTD<\/h4>\n\t\t\t\t\t\t\t\t                                <i class=\"view-more  font-weight-semibold\"><\/i>\n                            <\/span>\n                        <\/span>\n                                        <\/a>\n                                <span class=\"thumb-info-caption\">\n                                            <span class=\"thumb-info-caption-text p-t-none\">\n                        <p>The DR\u00c4XLMAIER Group supplies leading automotive manufacturers with modern wiring systems, luxurious interiors, electrical and electronic components and storage...<\/p>\n                        <\/span>\n                                       <span class=\"thumb-info-social-icons share-links  m-r-none m-l-none text-center\"><a href=\"https:\/\/www.facebook.com\/DRAEXLMAIERGroupMoldova\" target=\"_blank\" data-tooltip data-placement=\"bottom\" title=\"Facebook\" class=\"share-facebook\">Facebook<\/a><a href=\"https:\/\/twitter.com\/DRAEXLMAIER_DE\" target=\"_blank\" data-tooltip data-placement=\"bottom\" title=\"Twitter\" class=\"share-twitter\">Twitter<\/a><a href=\"https:\/\/www.linkedin.com\/company\/dr%C3%A4xlmaier-group-deutschland\/\"  target=\"_blank\" data-tooltip data-placement=\"bottom\" title=\"LinkedIn\" class=\"share-linkedin\">LinkedIn<\/a><\/span>                    <\/span>\n                <\/span>\n                            <\/div>\n        <\/article>\n            \n        <article class=\"member member-col-4 subzona-nr-1-en zel-balti-or-balti-en post-3817 type-member status-publish has-post-thumbnail hentry member_cat-subzona-nr-1-en member_cat-zel-balti-or-balti-en\">\n            <span class=\"entry-title\" style=\"display: none;\">,,Magnetec Components\u201d LTD<\/span><span class=\"vcard\" style=\"display: none;\"><span class=\"fn\"><a href=\"https:\/\/zelb.md\/en\/author\/infozelb-md\/\" title=\"Posts by info@zelb.md\" rel=\"author\">info@zelb.md<\/a><\/span><\/span><span class=\"updated\" style=\"display:none\">2024-02-19T17:26:12+02:00<\/span>            <div class=\"member-item  member-item-3\">\n                <span class=\"thumb-info thumb-info-hide-wrapper-bg\">\n                    \n                    <span class=\"thumb-info-wrapper \">\n\t\t\t\t\t\t\t\t\t\t\t\t<span class=\"thumb-member-container \">\n\t\t\t\t\t\t\t<a class=\"text-decoration-none member-image\" href=\"https:\/\/zelb.md\/en\/Membri\/magnetec-components-ltd\/\">\n\t\t\t\t\t\t\t<img loading=\"lazy\" decoding=\"async\" class=\"img-responsive\" width=\"367\" height=\"367\" src=\"https:\/\/zelb.md\/wp-content\/uploads\/2022\/03\/Favicon-Magnetec-367x367.png\" alt=\"\" \/>\n\t\t\t\t\t\t\t<\/a>\n                            \n                                                         \t\t\t\t\t\t  \t\t\t\t\t\t<\/span>\n                            <a class=\"text-decoration-none member-info-container\" href=\"https:\/\/zelb.md\/en\/Membri\/magnetec-components-ltd\/\">   \n                                                                                <span class=\"zoom\" data-src=\"https:\/\/zelb.md\/wp-content\/uploads\/2022\/03\/Favicon-Magnetec.png\" data-title=\"\"><i class=\"fa fa-search\"><\/i><\/span>\n                                                <\/a>\n                        <\/span>\n                        <!--Thumb info wrapper end-->\t\n\t\t\t\t\t\t<!--Thumb info container -->\t\t\t\t\t\t\n\t\t\t\t\t\t<span class=\"thumb-info-container\"> \n                        <a class=\"text-decoration-none member-info-container\" href=\"https:\/\/zelb.md\/en\/Membri\/magnetec-components-ltd\/\">\n                                                                <span class=\"thumb-info-caption\">\n                            <span class=\"thumb-info-caption-title\">\n                                <span class=\"font-weight-light color-body text-md\">Subzona nr. 1, ZEL &#8220;B\u0103l\u0163i&#8221; or. B\u0103l\u0163i<\/span>                                <h4 class=\"m-b-none text-lg\">,,Magnetec Components\u201d LTD<\/h4>\n\t\t\t\t\t\t\t\t                                <i class=\"view-more  font-weight-semibold\"><\/i>\n                            <\/span>\n                        <\/span>\n                                        <\/a>\n                                <span class=\"thumb-info-caption\">\n                                            <span class=\"thumb-info-caption-text p-t-none\">\n                                                <\/span>\n                                                           <\/span>\n                <\/span>\n                            <\/div>\n        <\/article>\n            <\/div>\n\n        \n    <\/div>\n\n    \n    <\/div>[\/vc_column][\/vc_row]<\/p>\n","protected":false},"excerpt":{"rendered":"<p>[vc_row][vc_column][vc_row_inner][vc_column_inner width=&#8221;1\/4&#8243;][vc_single_image image=&#8221;170&#8243;][\/vc_column_inner][vc_column_inner width=&#8221;3\/4&#8243;][vc_custom_heading text=&#8221;Subzone no.16, 1 Sprincenoaia str., Chisinau&#8221;][vc_column_text]The subzone located on 1 Sprincenoaia str., Chisinau was created in December 2018. It covers an area of 2.24 ha and consists of several industrial and administrative buildings. [\/vc_column_text][\/vc_column_inner][\/vc_row_inner][vc_separator][\/vc_column][\/vc_row][vc_row disable_element=&#8221;yes&#8221;][vc_column][\/vc_column][\/vc_row]<\/p>\n","protected":false},"author":8,"featured_media":0,"parent":3858,"menu_order":0,"comment_status":"closed","ping_status":"closed","template":"","meta":{"footnotes":""},"class_list":["post-3865","page","type-page","status-publish","hentry"],"yoast_head":"<!-- This site is optimized with the Yoast SEO plugin v26.6 - https:\/\/yoast.com\/wordpress\/plugins\/seo\/ -->\n<title>Subzone no.16 - ZELB<\/title>\n<meta name=\"robots\" content=\"index, follow, max-snippet:-1, max-image-preview:large, max-video-preview:-1\" \/>\n<link rel=\"canonical\" href=\"https:\/\/zelb.md\/en\/subzones\/zona-chisinau\/subzone-no-16\/\" \/>\n<meta property=\"og:locale\" content=\"en_US\" \/>\n<meta property=\"og:type\" content=\"article\" \/>\n<meta property=\"og:title\" content=\"Subzone no.16 - ZELB\" \/>\n<meta property=\"og:description\" content=\"[vc_row][vc_column][vc_row_inner][vc_column_inner width=&#8221;1\/4&#8243;][vc_single_image image=&#8221;170&#8243;][\/vc_column_inner][vc_column_inner width=&#8221;3\/4&#8243;][vc_custom_heading text=&#8221;Subzone no.16, 1 Sprincenoaia str., Chisinau&#8221;][vc_column_text]The subzone located on 1 Sprincenoaia str., Chisinau was created in December 2018. It covers an area of 2.24 ha and consists of several industrial and administrative buildings. [\/vc_column_text][\/vc_column_inner][\/vc_row_inner][vc_separator][\/vc_column][\/vc_row][vc_row disable_element=&#8221;yes&#8221;][vc_column][\/vc_column][\/vc_row]\" \/>\n<meta property=\"og:url\" content=\"https:\/\/zelb.md\/en\/subzones\/zona-chisinau\/subzone-no-16\/\" \/>\n<meta property=\"og:site_name\" content=\"ZELB\" \/>\n<meta property=\"article:publisher\" content=\"https:\/\/www.facebook.com\/zelbalti\/\" \/>\n<meta property=\"article:modified_time\" content=\"2024-02-26T21:27:45+00:00\" \/>\n<meta name=\"twitter:card\" content=\"summary_large_image\" \/>\n<meta name=\"twitter:label1\" content=\"Est. reading time\" \/>\n\t<meta name=\"twitter:data1\" content=\"1 minute\" \/>\n<script type=\"application\/ld+json\" class=\"yoast-schema-graph\">{\"@context\":\"https:\/\/schema.org\",\"@graph\":[{\"@type\":\"WebPage\",\"@id\":\"https:\/\/zelb.md\/en\/subzones\/zona-chisinau\/subzone-no-16\/\",\"url\":\"https:\/\/zelb.md\/en\/subzones\/zona-chisinau\/subzone-no-16\/\",\"name\":\"Subzone no.16 - ZELB\",\"isPartOf\":{\"@id\":\"https:\/\/zelb.md\/#website\"},\"datePublished\":\"2019-01-15T08:44:37+00:00\",\"dateModified\":\"2024-02-26T21:27:45+00:00\",\"breadcrumb\":{\"@id\":\"https:\/\/zelb.md\/en\/subzones\/zona-chisinau\/subzone-no-16\/#breadcrumb\"},\"inLanguage\":\"en-US\",\"potentialAction\":[{\"@type\":\"ReadAction\",\"target\":[\"https:\/\/zelb.md\/en\/subzones\/zona-chisinau\/subzone-no-16\/\"]}]},{\"@type\":\"BreadcrumbList\",\"@id\":\"https:\/\/zelb.md\/en\/subzones\/zona-chisinau\/subzone-no-16\/#breadcrumb\",\"itemListElement\":[{\"@type\":\"ListItem\",\"position\":1,\"name\":\"Prima pagin\u0103\",\"item\":\"https:\/\/zelb.md\/en\/\"},{\"@type\":\"ListItem\",\"position\":2,\"name\":\"Subzones\",\"item\":\"https:\/\/zelb.md\/en\/subzones\/\"},{\"@type\":\"ListItem\",\"position\":3,\"name\":\"Chi\u015fin\u0103u\",\"item\":\"https:\/\/zelb.md\/en\/subzones\/zona-chisinau\/\"},{\"@type\":\"ListItem\",\"position\":4,\"name\":\"Subzone no.16\"}]},{\"@type\":\"WebSite\",\"@id\":\"https:\/\/zelb.md\/#website\",\"url\":\"https:\/\/zelb.md\/\",\"name\":\"ZELB\",\"description\":\"Zona Economic\u0103 Liber\u0103 B\u0103l\u0163i\",\"publisher\":{\"@id\":\"https:\/\/zelb.md\/#organization\"},\"potentialAction\":[{\"@type\":\"SearchAction\",\"target\":{\"@type\":\"EntryPoint\",\"urlTemplate\":\"https:\/\/zelb.md\/?s={search_term_string}\"},\"query-input\":{\"@type\":\"PropertyValueSpecification\",\"valueRequired\":true,\"valueName\":\"search_term_string\"}}],\"inLanguage\":\"en-US\"},{\"@type\":\"Organization\",\"@id\":\"https:\/\/zelb.md\/#organization\",\"name\":\"ZELB\",\"url\":\"https:\/\/zelb.md\/\",\"logo\":{\"@type\":\"ImageObject\",\"inLanguage\":\"en-US\",\"@id\":\"https:\/\/zelb.md\/#\/schema\/logo\/image\/\",\"url\":\"https:\/\/zelb.md\/wp-content\/uploads\/2018\/06\/zelb-logo-8-ani.png\",\"contentUrl\":\"https:\/\/zelb.md\/wp-content\/uploads\/2018\/06\/zelb-logo-8-ani.png\",\"width\":255,\"height\":105,\"caption\":\"ZELB\"},\"image\":{\"@id\":\"https:\/\/zelb.md\/#\/schema\/logo\/image\/\"},\"sameAs\":[\"https:\/\/www.facebook.com\/zelbalti\/\"]}]}<\/script>\n<!-- \/ Yoast SEO plugin. -->","yoast_head_json":{"title":"Subzone no.16 - ZELB","robots":{"index":"index","follow":"follow","max-snippet":"max-snippet:-1","max-image-preview":"max-image-preview:large","max-video-preview":"max-video-preview:-1"},"canonical":"https:\/\/zelb.md\/en\/subzones\/zona-chisinau\/subzone-no-16\/","og_locale":"en_US","og_type":"article","og_title":"Subzone no.16 - ZELB","og_description":"[vc_row][vc_column][vc_row_inner][vc_column_inner width=&#8221;1\/4&#8243;][vc_single_image image=&#8221;170&#8243;][\/vc_column_inner][vc_column_inner width=&#8221;3\/4&#8243;][vc_custom_heading text=&#8221;Subzone no.16, 1 Sprincenoaia str., Chisinau&#8221;][vc_column_text]The subzone located on 1 Sprincenoaia str., Chisinau was created in December 2018. It covers an area of 2.24 ha and consists of several industrial and administrative buildings. [\/vc_column_text][\/vc_column_inner][\/vc_row_inner][vc_separator][\/vc_column][\/vc_row][vc_row disable_element=&#8221;yes&#8221;][vc_column][\/vc_column][\/vc_row]","og_url":"https:\/\/zelb.md\/en\/subzones\/zona-chisinau\/subzone-no-16\/","og_site_name":"ZELB","article_publisher":"https:\/\/www.facebook.com\/zelbalti\/","article_modified_time":"2024-02-26T21:27:45+00:00","twitter_card":"summary_large_image","twitter_misc":{"Est. reading time":"1 minute"},"schema":{"@context":"https:\/\/schema.org","@graph":[{"@type":"WebPage","@id":"https:\/\/zelb.md\/en\/subzones\/zona-chisinau\/subzone-no-16\/","url":"https:\/\/zelb.md\/en\/subzones\/zona-chisinau\/subzone-no-16\/","name":"Subzone no.16 - ZELB","isPartOf":{"@id":"https:\/\/zelb.md\/#website"},"datePublished":"2019-01-15T08:44:37+00:00","dateModified":"2024-02-26T21:27:45+00:00","breadcrumb":{"@id":"https:\/\/zelb.md\/en\/subzones\/zona-chisinau\/subzone-no-16\/#breadcrumb"},"inLanguage":"en-US","potentialAction":[{"@type":"ReadAction","target":["https:\/\/zelb.md\/en\/subzones\/zona-chisinau\/subzone-no-16\/"]}]},{"@type":"BreadcrumbList","@id":"https:\/\/zelb.md\/en\/subzones\/zona-chisinau\/subzone-no-16\/#breadcrumb","itemListElement":[{"@type":"ListItem","position":1,"name":"Prima pagin\u0103","item":"https:\/\/zelb.md\/en\/"},{"@type":"ListItem","position":2,"name":"Subzones","item":"https:\/\/zelb.md\/en\/subzones\/"},{"@type":"ListItem","position":3,"name":"Chi\u015fin\u0103u","item":"https:\/\/zelb.md\/en\/subzones\/zona-chisinau\/"},{"@type":"ListItem","position":4,"name":"Subzone no.16"}]},{"@type":"WebSite","@id":"https:\/\/zelb.md\/#website","url":"https:\/\/zelb.md\/","name":"ZELB","description":"Zona Economic\u0103 Liber\u0103 B\u0103l\u0163i","publisher":{"@id":"https:\/\/zelb.md\/#organization"},"potentialAction":[{"@type":"SearchAction","target":{"@type":"EntryPoint","urlTemplate":"https:\/\/zelb.md\/?s={search_term_string}"},"query-input":{"@type":"PropertyValueSpecification","valueRequired":true,"valueName":"search_term_string"}}],"inLanguage":"en-US"},{"@type":"Organization","@id":"https:\/\/zelb.md\/#organization","name":"ZELB","url":"https:\/\/zelb.md\/","logo":{"@type":"ImageObject","inLanguage":"en-US","@id":"https:\/\/zelb.md\/#\/schema\/logo\/image\/","url":"https:\/\/zelb.md\/wp-content\/uploads\/2018\/06\/zelb-logo-8-ani.png","contentUrl":"https:\/\/zelb.md\/wp-content\/uploads\/2018\/06\/zelb-logo-8-ani.png","width":255,"height":105,"caption":"ZELB"},"image":{"@id":"https:\/\/zelb.md\/#\/schema\/logo\/image\/"},"sameAs":["https:\/\/www.facebook.com\/zelbalti\/"]}]}},"_links":{"self":[{"href":"https:\/\/zelb.md\/en\/wp-json\/wp\/v2\/pages\/3865","targetHints":{"allow":["GET"]}}],"collection":[{"href":"https:\/\/zelb.md\/en\/wp-json\/wp\/v2\/pages"}],"about":[{"href":"https:\/\/zelb.md\/en\/wp-json\/wp\/v2\/types\/page"}],"author":[{"embeddable":true,"href":"https:\/\/zelb.md\/en\/wp-json\/wp\/v2\/users\/8"}],"replies":[{"embeddable":true,"href":"https:\/\/zelb.md\/en\/wp-json\/wp\/v2\/comments?post=3865"}],"version-history":[{"count":1,"href":"https:\/\/zelb.md\/en\/wp-json\/wp\/v2\/pages\/3865\/revisions"}],"predecessor-version":[{"id":4139,"href":"https:\/\/zelb.md\/en\/wp-json\/wp\/v2\/pages\/3865\/revisions\/4139"}],"up":[{"embeddable":true,"href":"https:\/\/zelb.md\/en\/wp-json\/wp\/v2\/pages\/3858"}],"wp:attachment":[{"href":"https:\/\/zelb.md\/en\/wp-json\/wp\/v2\/media?parent=3865"}],"curies":[{"name":"wp","href":"https:\/\/api.w.org\/{rel}","templated":true}]}}