{"id":3864,"date":"2019-01-15T10:49:02","date_gmt":"2019-01-15T08:49:02","guid":{"rendered":"https:\/\/zelb.md\/subzone\/zona-chisinau\/subzona-nr-17\/"},"modified":"2024-02-26T23:31:01","modified_gmt":"2024-02-26T21:31:01","slug":"subzone-no-17","status":"publish","type":"page","link":"https:\/\/zelb.md\/en\/subzones\/zona-chisinau\/subzone-no-17\/","title":{"rendered":"Subzone no.17"},"content":{"rendered":"<p>[vc_row][vc_column][vc_row_inner][vc_column_inner width=&#8221;1\/4&#8243;][vc_single_image image=&#8221;1118&#8243; img_size=&#8221;medium&#8221; alignment=&#8221;center&#8221;][\/vc_column_inner][vc_column_inner width=&#8221;3\/4&#8243;][vc_custom_heading text=&#8221;Subzone no.17, 104 Uzinelor str., Chisinau&#8221;][vc_column_text]Subzone no.17 of Chisinau is located at 104 Uzinelor str., is a brownfield and was created in September 2018.<\/p>\n<p>The subzone consists of several land sectors with a total area of 13.22 ha.<\/p>\n\n\t\t<style type=\"text\/css\">\n\t\t\t#gallery-1 {\n\t\t\t\tmargin: auto;\n\t\t\t}\n\t\t\t#gallery-1 .gallery-item {\n\t\t\t\tfloat: left;\n\t\t\t\tmargin-top: 10px;\n\t\t\t\ttext-align: center;\n\t\t\t\twidth: 25%;\n\t\t\t}\n\t\t\t#gallery-1 img {\n\t\t\t\tborder: 2px solid #cfcfcf;\n\t\t\t}\n\t\t\t#gallery-1 .gallery-caption {\n\t\t\t\tmargin-left: 0;\n\t\t\t}\n\t\t\t\/* see gallery_shortcode() in wp-includes\/media.php *\/\n\t\t<\/style>\n\t\t<div id='gallery-1' class='gallery galleryid-3864 gallery-columns-4 gallery-size-large'><dl class='gallery-item'>\n\t\t\t<dt class='gallery-icon landscape'>\n\t\t\t\t<a href='https:\/\/zelb.md\/en\/subzones\/zona-chisinau\/subzone-no-17\/subzona_uzinelor_4-2\/'><img loading=\"lazy\" decoding=\"async\" width=\"561\" height=\"464\" src=\"https:\/\/zelb.md\/wp-content\/uploads\/2019\/01\/subzona_uzinelor_4.jpg\" class=\"attachment-large size-large\" alt=\"\" srcset=\"https:\/\/zelb.md\/wp-content\/uploads\/2019\/01\/subzona_uzinelor_4.jpg 561w, https:\/\/zelb.md\/wp-content\/uploads\/2019\/01\/subzona_uzinelor_4-300x248.jpg 300w, https:\/\/zelb.md\/wp-content\/uploads\/2019\/01\/subzona_uzinelor_4-560x464.jpg 560w\" sizes=\"auto, (max-width: 561px) 100vw, 561px\" \/><\/a>\n\t\t\t<\/dt><\/dl><dl class='gallery-item'>\n\t\t\t<dt class='gallery-icon landscape'>\n\t\t\t\t<a href='https:\/\/zelb.md\/en\/subzones\/zona-chisinau\/subzone-no-17\/subzona_uzinelor_3-2\/'><img loading=\"lazy\" decoding=\"async\" width=\"514\" height=\"481\" src=\"https:\/\/zelb.md\/wp-content\/uploads\/2019\/01\/subzona_uzinelor_3.jpg\" class=\"attachment-large size-large\" alt=\"\" srcset=\"https:\/\/zelb.md\/wp-content\/uploads\/2019\/01\/subzona_uzinelor_3.jpg 514w, https:\/\/zelb.md\/wp-content\/uploads\/2019\/01\/subzona_uzinelor_3-300x281.jpg 300w\" sizes=\"auto, (max-width: 514px) 100vw, 514px\" \/><\/a>\n\t\t\t<\/dt><\/dl><dl class='gallery-item'>\n\t\t\t<dt class='gallery-icon landscape'>\n\t\t\t\t<a href='https:\/\/zelb.md\/en\/subzones\/zona-chisinau\/subzone-no-17\/subzona_uzinelor_2-2\/'><img loading=\"lazy\" decoding=\"async\" width=\"506\" height=\"496\" src=\"https:\/\/zelb.md\/wp-content\/uploads\/2019\/01\/subzona_uzinelor_2.jpg\" class=\"attachment-large size-large\" alt=\"\" srcset=\"https:\/\/zelb.md\/wp-content\/uploads\/2019\/01\/subzona_uzinelor_2.jpg 506w, https:\/\/zelb.md\/wp-content\/uploads\/2019\/01\/subzona_uzinelor_2-300x294.jpg 300w, https:\/\/zelb.md\/wp-content\/uploads\/2019\/01\/subzona_uzinelor_2-50x50.jpg 50w\" sizes=\"auto, (max-width: 506px) 100vw, 506px\" \/><\/a>\n\t\t\t<\/dt><\/dl><dl class='gallery-item'>\n\t\t\t<dt class='gallery-icon landscape'>\n\t\t\t\t<a href='https:\/\/zelb.md\/en\/subzones\/zona-chisinau\/subzone-no-17\/subzona_uzinelor_1-2\/'><img loading=\"lazy\" decoding=\"async\" width=\"506\" height=\"501\" src=\"https:\/\/zelb.md\/wp-content\/uploads\/2019\/01\/subzona_uzinelor_1.jpg\" class=\"attachment-large size-large\" alt=\"\" srcset=\"https:\/\/zelb.md\/wp-content\/uploads\/2019\/01\/subzona_uzinelor_1.jpg 506w, https:\/\/zelb.md\/wp-content\/uploads\/2019\/01\/subzona_uzinelor_1-150x150.jpg 150w, https:\/\/zelb.md\/wp-content\/uploads\/2019\/01\/subzona_uzinelor_1-300x297.jpg 300w, https:\/\/zelb.md\/wp-content\/uploads\/2019\/01\/subzona_uzinelor_1-85x85.jpg 85w, https:\/\/zelb.md\/wp-content\/uploads\/2019\/01\/subzona_uzinelor_1-50x50.jpg 50w\" sizes=\"auto, (max-width: 506px) 100vw, 506px\" \/><\/a>\n\t\t\t<\/dt><\/dl><br style=\"clear: both\" \/>\n\t\t<\/div>\n\n<p>[\/vc_column_text][\/vc_column_inner][\/vc_row_inner][vc_separator][\/vc_column][\/vc_row][vc_row][vc_column]<div class=\"porto-members porto-members9381478129a17eaef28274529bf346d9 wpb_content_element \">\n    <div class=\"page-members clearfix \">\n\n        \n        \n        <div class=\"member-row member-row-4\">\n                    \n        <article class=\"member member-col-4 subzona-nr-17-en post-3833 type-member status-publish has-post-thumbnail hentry member_cat-subzona-nr-17-en\">\n            <span class=\"entry-title\" style=\"display: none;\">BPM-TRADE LTD<\/span><span class=\"vcard\" style=\"display: none;\"><span class=\"fn\"><a href=\"https:\/\/zelb.md\/en\/author\/infozelb-md\/\" title=\"Posts by info@zelb.md\" rel=\"author\">info@zelb.md<\/a><\/span><\/span><span class=\"updated\" style=\"display:none\">2024-02-19T18:00:18+02:00<\/span>            <div class=\"member-item  member-item-3\">\n                <span class=\"thumb-info thumb-info-hide-wrapper-bg\">\n                    \n                    <span class=\"thumb-info-wrapper \">\n\t\t\t\t\t\t\t\t\t\t\t\t<span class=\"thumb-member-container \">\n\t\t\t\t\t\t\t<a class=\"text-decoration-none member-image\" href=\"https:\/\/zelb.md\/en\/Membri\/bpm-trade-ltd\/\">\n\t\t\t\t\t\t\t<img loading=\"lazy\" decoding=\"async\" class=\"img-responsive\" width=\"367\" height=\"367\" src=\"https:\/\/zelb.md\/wp-content\/uploads\/2020\/01\/bpm-367x367.jpg\" alt=\"\" \/>\n\t\t\t\t\t\t\t<\/a>\n                            \n                                                         \t\t\t\t\t\t  \t\t\t\t\t\t<\/span>\n                            <a class=\"text-decoration-none member-info-container\" href=\"https:\/\/zelb.md\/en\/Membri\/bpm-trade-ltd\/\">   \n                                                                                <span class=\"zoom\" data-src=\"https:\/\/zelb.md\/wp-content\/uploads\/2020\/01\/bpm.jpg\" data-title=\"\"><i class=\"fa fa-search\"><\/i><\/span>\n                                                <\/a>\n                        <\/span>\n                        <!--Thumb info wrapper end-->\t\n\t\t\t\t\t\t<!--Thumb info container -->\t\t\t\t\t\t\n\t\t\t\t\t\t<span class=\"thumb-info-container\"> \n                        <a class=\"text-decoration-none member-info-container\" href=\"https:\/\/zelb.md\/en\/Membri\/bpm-trade-ltd\/\">\n                                                                <span class=\"thumb-info-caption\">\n                            <span class=\"thumb-info-caption-title\">\n                                <span class=\"font-weight-light color-body text-md\">Subzona nr. 17<\/span>                                <h4 class=\"m-b-none text-lg\">BPM-TRADE LTD<\/h4>\n\t\t\t\t\t\t\t\t                                <i class=\"view-more  font-weight-semibold\"><\/i>\n                            <\/span>\n                        <\/span>\n                                        <\/a>\n                                <span class=\"thumb-info-caption\">\n                                            <span class=\"thumb-info-caption-text p-t-none\">\n                                                <\/span>\n                                                           <\/span>\n                <\/span>\n                            <\/div>\n        <\/article>\n            <\/div>\n\n        \n    <\/div>\n\n    \n    <\/div>[\/vc_column][\/vc_row]<\/p>\n","protected":false},"excerpt":{"rendered":"<p>[vc_row][vc_column][vc_row_inner][vc_column_inner width=&#8221;1\/4&#8243;][vc_single_image image=&#8221;1118&#8243; img_size=&#8221;medium&#8221; alignment=&#8221;center&#8221;][\/vc_column_inner][vc_column_inner width=&#8221;3\/4&#8243;][vc_custom_heading text=&#8221;Subzone no.17, 104 Uzinelor str., Chisinau&#8221;][vc_column_text]Subzone no.17 of Chisinau is located at 104 Uzinelor str., is a brownfield and was created in September 2018. The subzone consists of several land sectors with a total area of 13.22 ha. [\/vc_column_text][\/vc_column_inner][\/vc_row_inner][vc_separator][\/vc_column][\/vc_row][vc_row][vc_column][\/vc_column][\/vc_row]<\/p>\n","protected":false},"author":8,"featured_media":0,"parent":3858,"menu_order":0,"comment_status":"closed","ping_status":"closed","template":"","meta":{"footnotes":""},"class_list":["post-3864","page","type-page","status-publish","hentry"],"yoast_head":"<!-- This site is optimized with the Yoast SEO plugin v26.6 - https:\/\/yoast.com\/wordpress\/plugins\/seo\/ -->\n<title>Subzone no.17 - ZELB<\/title>\n<meta name=\"robots\" content=\"index, follow, max-snippet:-1, max-image-preview:large, max-video-preview:-1\" \/>\n<link rel=\"canonical\" href=\"https:\/\/zelb.md\/en\/subzones\/zona-chisinau\/subzone-no-17\/\" \/>\n<meta property=\"og:locale\" content=\"en_US\" \/>\n<meta property=\"og:type\" content=\"article\" \/>\n<meta property=\"og:title\" content=\"Subzone no.17 - ZELB\" \/>\n<meta property=\"og:description\" content=\"[vc_row][vc_column][vc_row_inner][vc_column_inner width=&#8221;1\/4&#8243;][vc_single_image image=&#8221;1118&#8243; img_size=&#8221;medium&#8221; alignment=&#8221;center&#8221;][\/vc_column_inner][vc_column_inner width=&#8221;3\/4&#8243;][vc_custom_heading text=&#8221;Subzone no.17, 104 Uzinelor str., Chisinau&#8221;][vc_column_text]Subzone no.17 of Chisinau is located at 104 Uzinelor str., is a brownfield and was created in September 2018. The subzone consists of several land sectors with a total area of 13.22 ha. [\/vc_column_text][\/vc_column_inner][\/vc_row_inner][vc_separator][\/vc_column][\/vc_row][vc_row][vc_column][\/vc_column][\/vc_row]\" \/>\n<meta property=\"og:url\" content=\"https:\/\/zelb.md\/en\/subzones\/zona-chisinau\/subzone-no-17\/\" \/>\n<meta property=\"og:site_name\" content=\"ZELB\" \/>\n<meta property=\"article:publisher\" content=\"https:\/\/www.facebook.com\/zelbalti\/\" \/>\n<meta property=\"article:modified_time\" content=\"2024-02-26T21:31:01+00:00\" \/>\n<meta property=\"og:image\" content=\"https:\/\/zelb.md\/wp-content\/uploads\/2019\/01\/subzona_uzinelor_4.jpg\" \/>\n<meta name=\"twitter:card\" content=\"summary_large_image\" \/>\n<meta name=\"twitter:label1\" content=\"Est. reading time\" \/>\n\t<meta name=\"twitter:data1\" content=\"1 minute\" \/>\n<script type=\"application\/ld+json\" class=\"yoast-schema-graph\">{\"@context\":\"https:\/\/schema.org\",\"@graph\":[{\"@type\":\"WebPage\",\"@id\":\"https:\/\/zelb.md\/en\/subzones\/zona-chisinau\/subzone-no-17\/\",\"url\":\"https:\/\/zelb.md\/en\/subzones\/zona-chisinau\/subzone-no-17\/\",\"name\":\"Subzone no.17 - ZELB\",\"isPartOf\":{\"@id\":\"https:\/\/zelb.md\/#website\"},\"datePublished\":\"2019-01-15T08:49:02+00:00\",\"dateModified\":\"2024-02-26T21:31:01+00:00\",\"breadcrumb\":{\"@id\":\"https:\/\/zelb.md\/en\/subzones\/zona-chisinau\/subzone-no-17\/#breadcrumb\"},\"inLanguage\":\"en-US\",\"potentialAction\":[{\"@type\":\"ReadAction\",\"target\":[\"https:\/\/zelb.md\/en\/subzones\/zona-chisinau\/subzone-no-17\/\"]}]},{\"@type\":\"BreadcrumbList\",\"@id\":\"https:\/\/zelb.md\/en\/subzones\/zona-chisinau\/subzone-no-17\/#breadcrumb\",\"itemListElement\":[{\"@type\":\"ListItem\",\"position\":1,\"name\":\"Prima pagin\u0103\",\"item\":\"https:\/\/zelb.md\/en\/\"},{\"@type\":\"ListItem\",\"position\":2,\"name\":\"Subzones\",\"item\":\"https:\/\/zelb.md\/en\/subzones\/\"},{\"@type\":\"ListItem\",\"position\":3,\"name\":\"Chi\u015fin\u0103u\",\"item\":\"https:\/\/zelb.md\/en\/subzones\/zona-chisinau\/\"},{\"@type\":\"ListItem\",\"position\":4,\"name\":\"Subzone no.17\"}]},{\"@type\":\"WebSite\",\"@id\":\"https:\/\/zelb.md\/#website\",\"url\":\"https:\/\/zelb.md\/\",\"name\":\"ZELB\",\"description\":\"Zona Economic\u0103 Liber\u0103 B\u0103l\u0163i\",\"publisher\":{\"@id\":\"https:\/\/zelb.md\/#organization\"},\"potentialAction\":[{\"@type\":\"SearchAction\",\"target\":{\"@type\":\"EntryPoint\",\"urlTemplate\":\"https:\/\/zelb.md\/?s={search_term_string}\"},\"query-input\":{\"@type\":\"PropertyValueSpecification\",\"valueRequired\":true,\"valueName\":\"search_term_string\"}}],\"inLanguage\":\"en-US\"},{\"@type\":\"Organization\",\"@id\":\"https:\/\/zelb.md\/#organization\",\"name\":\"ZELB\",\"url\":\"https:\/\/zelb.md\/\",\"logo\":{\"@type\":\"ImageObject\",\"inLanguage\":\"en-US\",\"@id\":\"https:\/\/zelb.md\/#\/schema\/logo\/image\/\",\"url\":\"https:\/\/zelb.md\/wp-content\/uploads\/2018\/06\/zelb-logo-8-ani.png\",\"contentUrl\":\"https:\/\/zelb.md\/wp-content\/uploads\/2018\/06\/zelb-logo-8-ani.png\",\"width\":255,\"height\":105,\"caption\":\"ZELB\"},\"image\":{\"@id\":\"https:\/\/zelb.md\/#\/schema\/logo\/image\/\"},\"sameAs\":[\"https:\/\/www.facebook.com\/zelbalti\/\"]}]}<\/script>\n<!-- \/ Yoast SEO plugin. -->","yoast_head_json":{"title":"Subzone no.17 - ZELB","robots":{"index":"index","follow":"follow","max-snippet":"max-snippet:-1","max-image-preview":"max-image-preview:large","max-video-preview":"max-video-preview:-1"},"canonical":"https:\/\/zelb.md\/en\/subzones\/zona-chisinau\/subzone-no-17\/","og_locale":"en_US","og_type":"article","og_title":"Subzone no.17 - ZELB","og_description":"[vc_row][vc_column][vc_row_inner][vc_column_inner width=&#8221;1\/4&#8243;][vc_single_image image=&#8221;1118&#8243; img_size=&#8221;medium&#8221; alignment=&#8221;center&#8221;][\/vc_column_inner][vc_column_inner width=&#8221;3\/4&#8243;][vc_custom_heading text=&#8221;Subzone no.17, 104 Uzinelor str., Chisinau&#8221;][vc_column_text]Subzone no.17 of Chisinau is located at 104 Uzinelor str., is a brownfield and was created in September 2018. The subzone consists of several land sectors with a total area of 13.22 ha. [\/vc_column_text][\/vc_column_inner][\/vc_row_inner][vc_separator][\/vc_column][\/vc_row][vc_row][vc_column][\/vc_column][\/vc_row]","og_url":"https:\/\/zelb.md\/en\/subzones\/zona-chisinau\/subzone-no-17\/","og_site_name":"ZELB","article_publisher":"https:\/\/www.facebook.com\/zelbalti\/","article_modified_time":"2024-02-26T21:31:01+00:00","og_image":[{"url":"https:\/\/zelb.md\/wp-content\/uploads\/2019\/01\/subzona_uzinelor_4.jpg","type":"","width":"","height":""}],"twitter_card":"summary_large_image","twitter_misc":{"Est. reading time":"1 minute"},"schema":{"@context":"https:\/\/schema.org","@graph":[{"@type":"WebPage","@id":"https:\/\/zelb.md\/en\/subzones\/zona-chisinau\/subzone-no-17\/","url":"https:\/\/zelb.md\/en\/subzones\/zona-chisinau\/subzone-no-17\/","name":"Subzone no.17 - ZELB","isPartOf":{"@id":"https:\/\/zelb.md\/#website"},"datePublished":"2019-01-15T08:49:02+00:00","dateModified":"2024-02-26T21:31:01+00:00","breadcrumb":{"@id":"https:\/\/zelb.md\/en\/subzones\/zona-chisinau\/subzone-no-17\/#breadcrumb"},"inLanguage":"en-US","potentialAction":[{"@type":"ReadAction","target":["https:\/\/zelb.md\/en\/subzones\/zona-chisinau\/subzone-no-17\/"]}]},{"@type":"BreadcrumbList","@id":"https:\/\/zelb.md\/en\/subzones\/zona-chisinau\/subzone-no-17\/#breadcrumb","itemListElement":[{"@type":"ListItem","position":1,"name":"Prima pagin\u0103","item":"https:\/\/zelb.md\/en\/"},{"@type":"ListItem","position":2,"name":"Subzones","item":"https:\/\/zelb.md\/en\/subzones\/"},{"@type":"ListItem","position":3,"name":"Chi\u015fin\u0103u","item":"https:\/\/zelb.md\/en\/subzones\/zona-chisinau\/"},{"@type":"ListItem","position":4,"name":"Subzone no.17"}]},{"@type":"WebSite","@id":"https:\/\/zelb.md\/#website","url":"https:\/\/zelb.md\/","name":"ZELB","description":"Zona Economic\u0103 Liber\u0103 B\u0103l\u0163i","publisher":{"@id":"https:\/\/zelb.md\/#organization"},"potentialAction":[{"@type":"SearchAction","target":{"@type":"EntryPoint","urlTemplate":"https:\/\/zelb.md\/?s={search_term_string}"},"query-input":{"@type":"PropertyValueSpecification","valueRequired":true,"valueName":"search_term_string"}}],"inLanguage":"en-US"},{"@type":"Organization","@id":"https:\/\/zelb.md\/#organization","name":"ZELB","url":"https:\/\/zelb.md\/","logo":{"@type":"ImageObject","inLanguage":"en-US","@id":"https:\/\/zelb.md\/#\/schema\/logo\/image\/","url":"https:\/\/zelb.md\/wp-content\/uploads\/2018\/06\/zelb-logo-8-ani.png","contentUrl":"https:\/\/zelb.md\/wp-content\/uploads\/2018\/06\/zelb-logo-8-ani.png","width":255,"height":105,"caption":"ZELB"},"image":{"@id":"https:\/\/zelb.md\/#\/schema\/logo\/image\/"},"sameAs":["https:\/\/www.facebook.com\/zelbalti\/"]}]}},"_links":{"self":[{"href":"https:\/\/zelb.md\/en\/wp-json\/wp\/v2\/pages\/3864","targetHints":{"allow":["GET"]}}],"collection":[{"href":"https:\/\/zelb.md\/en\/wp-json\/wp\/v2\/pages"}],"about":[{"href":"https:\/\/zelb.md\/en\/wp-json\/wp\/v2\/types\/page"}],"author":[{"embeddable":true,"href":"https:\/\/zelb.md\/en\/wp-json\/wp\/v2\/users\/8"}],"replies":[{"embeddable":true,"href":"https:\/\/zelb.md\/en\/wp-json\/wp\/v2\/comments?post=3864"}],"version-history":[{"count":2,"href":"https:\/\/zelb.md\/en\/wp-json\/wp\/v2\/pages\/3864\/revisions"}],"predecessor-version":[{"id":4144,"href":"https:\/\/zelb.md\/en\/wp-json\/wp\/v2\/pages\/3864\/revisions\/4144"}],"up":[{"embeddable":true,"href":"https:\/\/zelb.md\/en\/wp-json\/wp\/v2\/pages\/3858"}],"wp:attachment":[{"href":"https:\/\/zelb.md\/en\/wp-json\/wp\/v2\/media?parent=3864"}],"curies":[{"name":"wp","href":"https:\/\/api.w.org\/{rel}","templated":true}]}}