{"id":3863,"date":"2019-01-15T10:49:59","date_gmt":"2019-01-15T08:49:59","guid":{"rendered":"https:\/\/zelb.md\/subzona-nr-15\/"},"modified":"2024-02-26T23:51:43","modified_gmt":"2024-02-26T21:51:43","slug":"subzone-no-15","status":"publish","type":"page","link":"https:\/\/zelb.md\/en\/subzones\/zona-cahul\/subzone-no-15\/","title":{"rendered":"Subzone no.15"},"content":{"rendered":"<p>[vc_row][vc_column][vc_row_inner][vc_column_inner width=&#8221;1\/4&#8243;][vc_single_image image=&#8221;2104&#8243; img_size=&#8221;medium&#8221; alignment=&#8221;center&#8221;][\/vc_column_inner][vc_column_inner width=&#8221;3\/4&#8243;][vc_custom_heading text=&#8221;Subzone no.15, Crihana Veche village, Cahul &#8220;][vc_column_text]Subzone no.15 is located in the outside of Crihana Veche village on National Route R38 (Vulcanesti &#8211; Cahul &#8211; Taraclia). The greenfield land has an area of 23 ha. Currently, 4 resident companies specialized in the production of electricity from renewable sources are operating in this subzone.<br \/>\n<img loading=\"lazy\" decoding=\"async\" class=\"aligncenter wp-image-1688 size-full\" src=\"http:\/\/zelb.md\/wp-content\/uploads\/2019\/01\/subzona_cahul_Fritzmeier.jpg\" alt=\"\" width=\"538\" height=\"254\" srcset=\"https:\/\/zelb.md\/wp-content\/uploads\/2019\/01\/subzona_cahul_Fritzmeier.jpg 538w, https:\/\/zelb.md\/wp-content\/uploads\/2019\/01\/subzona_cahul_Fritzmeier-300x142.jpg 300w\" sizes=\"auto, (max-width: 538px) 100vw, 538px\" \/>[\/vc_column_text][\/vc_column_inner][\/vc_row_inner][vc_separator][\/vc_column][\/vc_row][vc_row][vc_column][vc_column_text]<\/p>\n<p>[\/vc_column_text][\/vc_column][\/vc_row]<\/p>\n","protected":false},"excerpt":{"rendered":"<p>[vc_row][vc_column][vc_row_inner][vc_column_inner width=&#8221;1\/4&#8243;][vc_single_image image=&#8221;2104&#8243; img_size=&#8221;medium&#8221; alignment=&#8221;center&#8221;][\/vc_column_inner][vc_column_inner width=&#8221;3\/4&#8243;][vc_custom_heading text=&#8221;Subzone no.15, Crihana Veche village, Cahul &#8220;][vc_column_text]Subzone no.15 is located in the outside of Crihana Veche village on National Route R38 (Vulcanesti &#8211; Cahul &#8211; Taraclia). The greenfield land has an area of 23 ha. Currently, 4 resident companies specialized in the production of electricity from renewable sources are [&hellip;]<\/p>\n","protected":false},"author":8,"featured_media":0,"parent":3881,"menu_order":0,"comment_status":"closed","ping_status":"closed","template":"","meta":{"footnotes":""},"class_list":["post-3863","page","type-page","status-publish","hentry"],"yoast_head":"<!-- This site is optimized with the Yoast SEO plugin v26.6 - https:\/\/yoast.com\/wordpress\/plugins\/seo\/ -->\n<title>Subzone no.15 - ZELB<\/title>\n<meta name=\"robots\" content=\"index, follow, max-snippet:-1, max-image-preview:large, max-video-preview:-1\" \/>\n<link rel=\"canonical\" href=\"https:\/\/zelb.md\/en\/subzones\/zona-cahul\/subzone-no-15\/\" \/>\n<meta property=\"og:locale\" content=\"en_US\" \/>\n<meta property=\"og:type\" content=\"article\" \/>\n<meta property=\"og:title\" content=\"Subzone no.15 - ZELB\" \/>\n<meta property=\"og:description\" content=\"[vc_row][vc_column][vc_row_inner][vc_column_inner width=&#8221;1\/4&#8243;][vc_single_image image=&#8221;2104&#8243; img_size=&#8221;medium&#8221; alignment=&#8221;center&#8221;][\/vc_column_inner][vc_column_inner width=&#8221;3\/4&#8243;][vc_custom_heading text=&#8221;Subzone no.15, Crihana Veche village, Cahul &#8220;][vc_column_text]Subzone no.15 is located in the outside of Crihana Veche village on National Route R38 (Vulcanesti &#8211; Cahul &#8211; Taraclia). The greenfield land has an area of 23 ha. Currently, 4 resident companies specialized in the production of electricity from renewable sources are [&hellip;]\" \/>\n<meta property=\"og:url\" content=\"https:\/\/zelb.md\/en\/subzones\/zona-cahul\/subzone-no-15\/\" \/>\n<meta property=\"og:site_name\" content=\"ZELB\" \/>\n<meta property=\"article:publisher\" content=\"https:\/\/www.facebook.com\/zelbalti\/\" \/>\n<meta property=\"article:modified_time\" content=\"2024-02-26T21:51:43+00:00\" \/>\n<meta property=\"og:image\" content=\"http:\/\/zelb.md\/wp-content\/uploads\/2019\/01\/subzona_cahul_Fritzmeier.jpg\" \/>\n<meta name=\"twitter:card\" content=\"summary_large_image\" \/>\n<meta name=\"twitter:label1\" content=\"Est. reading time\" \/>\n\t<meta name=\"twitter:data1\" content=\"1 minute\" \/>\n<script type=\"application\/ld+json\" class=\"yoast-schema-graph\">{\"@context\":\"https:\/\/schema.org\",\"@graph\":[{\"@type\":\"WebPage\",\"@id\":\"https:\/\/zelb.md\/en\/subzones\/zona-cahul\/subzone-no-15\/\",\"url\":\"https:\/\/zelb.md\/en\/subzones\/zona-cahul\/subzone-no-15\/\",\"name\":\"Subzone no.15 - ZELB\",\"isPartOf\":{\"@id\":\"https:\/\/zelb.md\/#website\"},\"primaryImageOfPage\":{\"@id\":\"https:\/\/zelb.md\/en\/subzones\/zona-cahul\/subzone-no-15\/#primaryimage\"},\"image\":{\"@id\":\"https:\/\/zelb.md\/en\/subzones\/zona-cahul\/subzone-no-15\/#primaryimage\"},\"thumbnailUrl\":\"http:\/\/zelb.md\/wp-content\/uploads\/2019\/01\/subzona_cahul_Fritzmeier.jpg\",\"datePublished\":\"2019-01-15T08:49:59+00:00\",\"dateModified\":\"2024-02-26T21:51:43+00:00\",\"breadcrumb\":{\"@id\":\"https:\/\/zelb.md\/en\/subzones\/zona-cahul\/subzone-no-15\/#breadcrumb\"},\"inLanguage\":\"en-US\",\"potentialAction\":[{\"@type\":\"ReadAction\",\"target\":[\"https:\/\/zelb.md\/en\/subzones\/zona-cahul\/subzone-no-15\/\"]}]},{\"@type\":\"ImageObject\",\"inLanguage\":\"en-US\",\"@id\":\"https:\/\/zelb.md\/en\/subzones\/zona-cahul\/subzone-no-15\/#primaryimage\",\"url\":\"http:\/\/zelb.md\/wp-content\/uploads\/2019\/01\/subzona_cahul_Fritzmeier.jpg\",\"contentUrl\":\"http:\/\/zelb.md\/wp-content\/uploads\/2019\/01\/subzona_cahul_Fritzmeier.jpg\"},{\"@type\":\"BreadcrumbList\",\"@id\":\"https:\/\/zelb.md\/en\/subzones\/zona-cahul\/subzone-no-15\/#breadcrumb\",\"itemListElement\":[{\"@type\":\"ListItem\",\"position\":1,\"name\":\"Prima pagin\u0103\",\"item\":\"https:\/\/zelb.md\/en\/\"},{\"@type\":\"ListItem\",\"position\":2,\"name\":\"Subzones\",\"item\":\"https:\/\/zelb.md\/en\/subzones\/\"},{\"@type\":\"ListItem\",\"position\":3,\"name\":\"Cahul\",\"item\":\"https:\/\/zelb.md\/en\/subzones\/zona-cahul\/\"},{\"@type\":\"ListItem\",\"position\":4,\"name\":\"Subzone no.15\"}]},{\"@type\":\"WebSite\",\"@id\":\"https:\/\/zelb.md\/#website\",\"url\":\"https:\/\/zelb.md\/\",\"name\":\"ZELB\",\"description\":\"Zona Economic\u0103 Liber\u0103 B\u0103l\u0163i\",\"publisher\":{\"@id\":\"https:\/\/zelb.md\/#organization\"},\"potentialAction\":[{\"@type\":\"SearchAction\",\"target\":{\"@type\":\"EntryPoint\",\"urlTemplate\":\"https:\/\/zelb.md\/?s={search_term_string}\"},\"query-input\":{\"@type\":\"PropertyValueSpecification\",\"valueRequired\":true,\"valueName\":\"search_term_string\"}}],\"inLanguage\":\"en-US\"},{\"@type\":\"Organization\",\"@id\":\"https:\/\/zelb.md\/#organization\",\"name\":\"ZELB\",\"url\":\"https:\/\/zelb.md\/\",\"logo\":{\"@type\":\"ImageObject\",\"inLanguage\":\"en-US\",\"@id\":\"https:\/\/zelb.md\/#\/schema\/logo\/image\/\",\"url\":\"https:\/\/zelb.md\/wp-content\/uploads\/2018\/06\/zelb-logo-8-ani.png\",\"contentUrl\":\"https:\/\/zelb.md\/wp-content\/uploads\/2018\/06\/zelb-logo-8-ani.png\",\"width\":255,\"height\":105,\"caption\":\"ZELB\"},\"image\":{\"@id\":\"https:\/\/zelb.md\/#\/schema\/logo\/image\/\"},\"sameAs\":[\"https:\/\/www.facebook.com\/zelbalti\/\"]}]}<\/script>\n<!-- \/ Yoast SEO plugin. -->","yoast_head_json":{"title":"Subzone no.15 - ZELB","robots":{"index":"index","follow":"follow","max-snippet":"max-snippet:-1","max-image-preview":"max-image-preview:large","max-video-preview":"max-video-preview:-1"},"canonical":"https:\/\/zelb.md\/en\/subzones\/zona-cahul\/subzone-no-15\/","og_locale":"en_US","og_type":"article","og_title":"Subzone no.15 - ZELB","og_description":"[vc_row][vc_column][vc_row_inner][vc_column_inner width=&#8221;1\/4&#8243;][vc_single_image image=&#8221;2104&#8243; img_size=&#8221;medium&#8221; alignment=&#8221;center&#8221;][\/vc_column_inner][vc_column_inner width=&#8221;3\/4&#8243;][vc_custom_heading text=&#8221;Subzone no.15, Crihana Veche village, Cahul &#8220;][vc_column_text]Subzone no.15 is located in the outside of Crihana Veche village on National Route R38 (Vulcanesti &#8211; Cahul &#8211; Taraclia). The greenfield land has an area of 23 ha. Currently, 4 resident companies specialized in the production of electricity from renewable sources are [&hellip;]","og_url":"https:\/\/zelb.md\/en\/subzones\/zona-cahul\/subzone-no-15\/","og_site_name":"ZELB","article_publisher":"https:\/\/www.facebook.com\/zelbalti\/","article_modified_time":"2024-02-26T21:51:43+00:00","og_image":[{"url":"http:\/\/zelb.md\/wp-content\/uploads\/2019\/01\/subzona_cahul_Fritzmeier.jpg","type":"","width":"","height":""}],"twitter_card":"summary_large_image","twitter_misc":{"Est. reading time":"1 minute"},"schema":{"@context":"https:\/\/schema.org","@graph":[{"@type":"WebPage","@id":"https:\/\/zelb.md\/en\/subzones\/zona-cahul\/subzone-no-15\/","url":"https:\/\/zelb.md\/en\/subzones\/zona-cahul\/subzone-no-15\/","name":"Subzone no.15 - ZELB","isPartOf":{"@id":"https:\/\/zelb.md\/#website"},"primaryImageOfPage":{"@id":"https:\/\/zelb.md\/en\/subzones\/zona-cahul\/subzone-no-15\/#primaryimage"},"image":{"@id":"https:\/\/zelb.md\/en\/subzones\/zona-cahul\/subzone-no-15\/#primaryimage"},"thumbnailUrl":"http:\/\/zelb.md\/wp-content\/uploads\/2019\/01\/subzona_cahul_Fritzmeier.jpg","datePublished":"2019-01-15T08:49:59+00:00","dateModified":"2024-02-26T21:51:43+00:00","breadcrumb":{"@id":"https:\/\/zelb.md\/en\/subzones\/zona-cahul\/subzone-no-15\/#breadcrumb"},"inLanguage":"en-US","potentialAction":[{"@type":"ReadAction","target":["https:\/\/zelb.md\/en\/subzones\/zona-cahul\/subzone-no-15\/"]}]},{"@type":"ImageObject","inLanguage":"en-US","@id":"https:\/\/zelb.md\/en\/subzones\/zona-cahul\/subzone-no-15\/#primaryimage","url":"http:\/\/zelb.md\/wp-content\/uploads\/2019\/01\/subzona_cahul_Fritzmeier.jpg","contentUrl":"http:\/\/zelb.md\/wp-content\/uploads\/2019\/01\/subzona_cahul_Fritzmeier.jpg"},{"@type":"BreadcrumbList","@id":"https:\/\/zelb.md\/en\/subzones\/zona-cahul\/subzone-no-15\/#breadcrumb","itemListElement":[{"@type":"ListItem","position":1,"name":"Prima pagin\u0103","item":"https:\/\/zelb.md\/en\/"},{"@type":"ListItem","position":2,"name":"Subzones","item":"https:\/\/zelb.md\/en\/subzones\/"},{"@type":"ListItem","position":3,"name":"Cahul","item":"https:\/\/zelb.md\/en\/subzones\/zona-cahul\/"},{"@type":"ListItem","position":4,"name":"Subzone no.15"}]},{"@type":"WebSite","@id":"https:\/\/zelb.md\/#website","url":"https:\/\/zelb.md\/","name":"ZELB","description":"Zona Economic\u0103 Liber\u0103 B\u0103l\u0163i","publisher":{"@id":"https:\/\/zelb.md\/#organization"},"potentialAction":[{"@type":"SearchAction","target":{"@type":"EntryPoint","urlTemplate":"https:\/\/zelb.md\/?s={search_term_string}"},"query-input":{"@type":"PropertyValueSpecification","valueRequired":true,"valueName":"search_term_string"}}],"inLanguage":"en-US"},{"@type":"Organization","@id":"https:\/\/zelb.md\/#organization","name":"ZELB","url":"https:\/\/zelb.md\/","logo":{"@type":"ImageObject","inLanguage":"en-US","@id":"https:\/\/zelb.md\/#\/schema\/logo\/image\/","url":"https:\/\/zelb.md\/wp-content\/uploads\/2018\/06\/zelb-logo-8-ani.png","contentUrl":"https:\/\/zelb.md\/wp-content\/uploads\/2018\/06\/zelb-logo-8-ani.png","width":255,"height":105,"caption":"ZELB"},"image":{"@id":"https:\/\/zelb.md\/#\/schema\/logo\/image\/"},"sameAs":["https:\/\/www.facebook.com\/zelbalti\/"]}]}},"_links":{"self":[{"href":"https:\/\/zelb.md\/en\/wp-json\/wp\/v2\/pages\/3863","targetHints":{"allow":["GET"]}}],"collection":[{"href":"https:\/\/zelb.md\/en\/wp-json\/wp\/v2\/pages"}],"about":[{"href":"https:\/\/zelb.md\/en\/wp-json\/wp\/v2\/types\/page"}],"author":[{"embeddable":true,"href":"https:\/\/zelb.md\/en\/wp-json\/wp\/v2\/users\/8"}],"replies":[{"embeddable":true,"href":"https:\/\/zelb.md\/en\/wp-json\/wp\/v2\/comments?post=3863"}],"version-history":[{"count":2,"href":"https:\/\/zelb.md\/en\/wp-json\/wp\/v2\/pages\/3863\/revisions"}],"predecessor-version":[{"id":4165,"href":"https:\/\/zelb.md\/en\/wp-json\/wp\/v2\/pages\/3863\/revisions\/4165"}],"up":[{"embeddable":true,"href":"https:\/\/zelb.md\/en\/wp-json\/wp\/v2\/pages\/3881"}],"wp:attachment":[{"href":"https:\/\/zelb.md\/en\/wp-json\/wp\/v2\/media?parent=3863"}],"curies":[{"name":"wp","href":"https:\/\/api.w.org\/{rel}","templated":true}]}}