{"id":3862,"date":"2019-01-15T10:50:29","date_gmt":"2019-01-15T08:50:29","guid":{"rendered":"https:\/\/zelb.md\/subzona-nr-8\/"},"modified":"2024-02-26T23:41:00","modified_gmt":"2024-02-26T21:41:00","slug":"subzone-no-8","status":"publish","type":"page","link":"https:\/\/zelb.md\/en\/subzones\/zona-causeni\/subzone-no-8\/","title":{"rendered":"Subzone no.8"},"content":{"rendered":"<p>[vc_row][vc_column][vc_row_inner][vc_column_inner width=&#8221;1\/4&#8243;][vc_single_image image=&#8221;170&#8243; img_size=&#8221;medium&#8221; alignment=&#8221;center&#8221;][\/vc_column_inner][vc_column_inner width=&#8221;3\/4&#8243;][vc_custom_heading text=&#8221;Subzone no.8, Alba Iulia str., Causeni&#8221;][vc_column_text]The subzone of Causeni city was created by law No 169 of 31.07.15, on a land of 8.5 ha, located on Alba Iulia street, Causeni city. It is located on public land for greenfield investment projects, which belongs to the Raion Council of Causeni and private land (3 ha public land + 5.5 ha private land).<\/p>\n<p style=\"text-align: justify;\"><img loading=\"lazy\" decoding=\"async\" class=\"wp-image-1642 size-full aligncenter\" src=\"http:\/\/zelb.md\/wp-content\/uploads\/2019\/01\/subzona_causeni.jpg\" alt=\"\" width=\"539\" height=\"260\" srcset=\"https:\/\/zelb.md\/wp-content\/uploads\/2019\/01\/subzona_causeni.jpg 539w, https:\/\/zelb.md\/wp-content\/uploads\/2019\/01\/subzona_causeni-300x145.jpg 300w\" sizes=\"auto, (max-width: 539px) 100vw, 539px\" \/><\/p>\n<p>The sub-area of the or. Causeni is located in the immediate vicinity of the city center. It is important to mention that there is a development plan for all the necessary technical infrastructure on this territory, works that will be carried out by the administration of the District Council, such as:<br \/>\n&#8211; Power system equipped and capable of providing any type of production:<br \/>\n&#8211; The electro-energy complex can provide a capacity of up to 2.5 MW;<br \/>\n&#8211; Ensuring category II reliability of electricity supply;<br \/>\n&#8211; Medium pressure natural gas d=0.125-0.25 mPa<br \/>\n&#8211; Drinking water 5000m3\/24h;<br \/>\n&#8211; Sewage system &#8211; in the process of renovation;<br \/>\n&#8211; Fast internet access using fibre optic, ADSL, 3G, 4G technologies (Moldtelecom, Orange, Moldcell);<br \/>\n&#8211; Fixed telephony.[\/vc_column_text][\/vc_column_inner][\/vc_row_inner][vc_separator][\/vc_column][\/vc_row][vc_row][vc_column]<div class=\"porto-members porto-memberscdf44e98482721dedd74cb8430a9bef6 wpb_content_element \">\n    <div class=\"page-members clearfix \">\n\n        \n        \n        <div class=\"member-row member-row-4\">\n                    \n        <article class=\"member member-col-4 subzona-nr-8-en post-3829 type-member status-publish has-post-thumbnail hentry member_cat-subzona-nr-8-en\">\n            <span class=\"entry-title\" style=\"display: none;\">Wewire Harness Technology LTD<\/span><span class=\"vcard\" style=\"display: none;\"><span class=\"fn\"><a href=\"https:\/\/zelb.md\/en\/author\/infozelb-md\/\" title=\"Posts by info@zelb.md\" rel=\"author\">info@zelb.md<\/a><\/span><\/span><span class=\"updated\" style=\"display:none\">2024-02-19T17:56:13+02:00<\/span>            <div class=\"member-item  member-item-3\">\n                <span class=\"thumb-info thumb-info-hide-wrapper-bg\">\n                    \n                    <span class=\"thumb-info-wrapper \">\n\t\t\t\t\t\t\t\t\t\t\t\t<span class=\"thumb-member-container \">\n\t\t\t\t\t\t\t<a class=\"text-decoration-none member-image\" href=\"https:\/\/zelb.md\/en\/Membri\/wewire-harness-technology-ltd\/\">\n\t\t\t\t\t\t\t<img loading=\"lazy\" decoding=\"async\" class=\"img-responsive\" width=\"367\" height=\"367\" src=\"https:\/\/zelb.md\/wp-content\/uploads\/2018\/07\/coroplast-1-367x367.jpg\" alt=\"\" \/>\n\t\t\t\t\t\t\t<\/a>\n                            \n                                                         \t\t\t\t\t\t  \t\t\t\t\t\t<\/span>\n                            <a class=\"text-decoration-none member-info-container\" href=\"https:\/\/zelb.md\/en\/Membri\/wewire-harness-technology-ltd\/\">   \n                                                                                <span class=\"zoom\" data-src=\"https:\/\/zelb.md\/wp-content\/uploads\/2018\/07\/coroplast-1.jpg\" data-title=\"\"><i class=\"fa fa-search\"><\/i><\/span>\n                                                <\/a>\n                        <\/span>\n                        <!--Thumb info wrapper end-->\t\n\t\t\t\t\t\t<!--Thumb info container -->\t\t\t\t\t\t\n\t\t\t\t\t\t<span class=\"thumb-info-container\"> \n                        <a class=\"text-decoration-none member-info-container\" href=\"https:\/\/zelb.md\/en\/Membri\/wewire-harness-technology-ltd\/\">\n                                                                <span class=\"thumb-info-caption\">\n                            <span class=\"thumb-info-caption-title\">\n                                <span class=\"font-weight-light color-body text-md\">Subzona nr. 8<\/span>                                <h4 class=\"m-b-none text-lg\">Wewire Harness Technology LTD<\/h4>\n\t\t\t\t\t\t\t\t                                <i class=\"view-more  font-weight-semibold\"><\/i>\n                            <\/span>\n                        <\/span>\n                                        <\/a>\n                                <span class=\"thumb-info-caption\">\n                                            <span class=\"thumb-info-caption-text p-t-none\">\n                                                <\/span>\n                                                           <\/span>\n                <\/span>\n                            <\/div>\n        <\/article>\n            <\/div>\n\n        \n    <\/div>\n\n    \n    <\/div>[\/vc_column][\/vc_row]<\/p>\n","protected":false},"excerpt":{"rendered":"<p>[vc_row][vc_column][vc_row_inner][vc_column_inner width=&#8221;1\/4&#8243;][vc_single_image image=&#8221;170&#8243; img_size=&#8221;medium&#8221; alignment=&#8221;center&#8221;][\/vc_column_inner][vc_column_inner width=&#8221;3\/4&#8243;][vc_custom_heading text=&#8221;Subzone no.8, Alba Iulia str., Causeni&#8221;][vc_column_text]The subzone of Causeni city was created by law No 169 of 31.07.15, on a land of 8.5 ha, located on Alba Iulia street, Causeni city. It is located on public land for greenfield investment projects, which belongs to the Raion Council of Causeni [&hellip;]<\/p>\n","protected":false},"author":8,"featured_media":0,"parent":3880,"menu_order":0,"comment_status":"closed","ping_status":"closed","template":"","meta":{"footnotes":""},"class_list":["post-3862","page","type-page","status-publish","hentry"],"yoast_head":"<!-- This site is optimized with the Yoast SEO plugin v26.6 - https:\/\/yoast.com\/wordpress\/plugins\/seo\/ -->\n<title>Subzone no.8 - ZELB<\/title>\n<meta name=\"robots\" content=\"index, follow, max-snippet:-1, max-image-preview:large, max-video-preview:-1\" \/>\n<link rel=\"canonical\" href=\"https:\/\/zelb.md\/en\/subzones\/zona-causeni\/subzone-no-8\/\" \/>\n<meta property=\"og:locale\" content=\"en_US\" \/>\n<meta property=\"og:type\" content=\"article\" \/>\n<meta property=\"og:title\" content=\"Subzone no.8 - ZELB\" \/>\n<meta property=\"og:description\" content=\"[vc_row][vc_column][vc_row_inner][vc_column_inner width=&#8221;1\/4&#8243;][vc_single_image image=&#8221;170&#8243; img_size=&#8221;medium&#8221; alignment=&#8221;center&#8221;][\/vc_column_inner][vc_column_inner width=&#8221;3\/4&#8243;][vc_custom_heading text=&#8221;Subzone no.8, Alba Iulia str., Causeni&#8221;][vc_column_text]The subzone of Causeni city was created by law No 169 of 31.07.15, on a land of 8.5 ha, located on Alba Iulia street, Causeni city. It is located on public land for greenfield investment projects, which belongs to the Raion Council of Causeni [&hellip;]\" \/>\n<meta property=\"og:url\" content=\"https:\/\/zelb.md\/en\/subzones\/zona-causeni\/subzone-no-8\/\" \/>\n<meta property=\"og:site_name\" content=\"ZELB\" \/>\n<meta property=\"article:publisher\" content=\"https:\/\/www.facebook.com\/zelbalti\/\" \/>\n<meta property=\"article:modified_time\" content=\"2024-02-26T21:41:00+00:00\" \/>\n<meta property=\"og:image\" content=\"http:\/\/zelb.md\/wp-content\/uploads\/2019\/01\/subzona_causeni.jpg\" \/>\n<meta name=\"twitter:card\" content=\"summary_large_image\" \/>\n<meta name=\"twitter:label1\" content=\"Est. reading time\" \/>\n\t<meta name=\"twitter:data1\" content=\"2 minutes\" \/>\n<script type=\"application\/ld+json\" class=\"yoast-schema-graph\">{\"@context\":\"https:\/\/schema.org\",\"@graph\":[{\"@type\":\"WebPage\",\"@id\":\"https:\/\/zelb.md\/en\/subzones\/zona-causeni\/subzone-no-8\/\",\"url\":\"https:\/\/zelb.md\/en\/subzones\/zona-causeni\/subzone-no-8\/\",\"name\":\"Subzone no.8 - ZELB\",\"isPartOf\":{\"@id\":\"https:\/\/zelb.md\/#website\"},\"primaryImageOfPage\":{\"@id\":\"https:\/\/zelb.md\/en\/subzones\/zona-causeni\/subzone-no-8\/#primaryimage\"},\"image\":{\"@id\":\"https:\/\/zelb.md\/en\/subzones\/zona-causeni\/subzone-no-8\/#primaryimage\"},\"thumbnailUrl\":\"http:\/\/zelb.md\/wp-content\/uploads\/2019\/01\/subzona_causeni.jpg\",\"datePublished\":\"2019-01-15T08:50:29+00:00\",\"dateModified\":\"2024-02-26T21:41:00+00:00\",\"breadcrumb\":{\"@id\":\"https:\/\/zelb.md\/en\/subzones\/zona-causeni\/subzone-no-8\/#breadcrumb\"},\"inLanguage\":\"en-US\",\"potentialAction\":[{\"@type\":\"ReadAction\",\"target\":[\"https:\/\/zelb.md\/en\/subzones\/zona-causeni\/subzone-no-8\/\"]}]},{\"@type\":\"ImageObject\",\"inLanguage\":\"en-US\",\"@id\":\"https:\/\/zelb.md\/en\/subzones\/zona-causeni\/subzone-no-8\/#primaryimage\",\"url\":\"http:\/\/zelb.md\/wp-content\/uploads\/2019\/01\/subzona_causeni.jpg\",\"contentUrl\":\"http:\/\/zelb.md\/wp-content\/uploads\/2019\/01\/subzona_causeni.jpg\"},{\"@type\":\"BreadcrumbList\",\"@id\":\"https:\/\/zelb.md\/en\/subzones\/zona-causeni\/subzone-no-8\/#breadcrumb\",\"itemListElement\":[{\"@type\":\"ListItem\",\"position\":1,\"name\":\"Prima pagin\u0103\",\"item\":\"https:\/\/zelb.md\/en\/\"},{\"@type\":\"ListItem\",\"position\":2,\"name\":\"Subzones\",\"item\":\"https:\/\/zelb.md\/en\/subzones\/\"},{\"@type\":\"ListItem\",\"position\":3,\"name\":\"C\u0103u\u015feni\",\"item\":\"https:\/\/zelb.md\/en\/subzones\/zona-causeni\/\"},{\"@type\":\"ListItem\",\"position\":4,\"name\":\"Subzone no.8\"}]},{\"@type\":\"WebSite\",\"@id\":\"https:\/\/zelb.md\/#website\",\"url\":\"https:\/\/zelb.md\/\",\"name\":\"ZELB\",\"description\":\"Zona Economic\u0103 Liber\u0103 B\u0103l\u0163i\",\"publisher\":{\"@id\":\"https:\/\/zelb.md\/#organization\"},\"potentialAction\":[{\"@type\":\"SearchAction\",\"target\":{\"@type\":\"EntryPoint\",\"urlTemplate\":\"https:\/\/zelb.md\/?s={search_term_string}\"},\"query-input\":{\"@type\":\"PropertyValueSpecification\",\"valueRequired\":true,\"valueName\":\"search_term_string\"}}],\"inLanguage\":\"en-US\"},{\"@type\":\"Organization\",\"@id\":\"https:\/\/zelb.md\/#organization\",\"name\":\"ZELB\",\"url\":\"https:\/\/zelb.md\/\",\"logo\":{\"@type\":\"ImageObject\",\"inLanguage\":\"en-US\",\"@id\":\"https:\/\/zelb.md\/#\/schema\/logo\/image\/\",\"url\":\"https:\/\/zelb.md\/wp-content\/uploads\/2018\/06\/zelb-logo-8-ani.png\",\"contentUrl\":\"https:\/\/zelb.md\/wp-content\/uploads\/2018\/06\/zelb-logo-8-ani.png\",\"width\":255,\"height\":105,\"caption\":\"ZELB\"},\"image\":{\"@id\":\"https:\/\/zelb.md\/#\/schema\/logo\/image\/\"},\"sameAs\":[\"https:\/\/www.facebook.com\/zelbalti\/\"]}]}<\/script>\n<!-- \/ Yoast SEO plugin. -->","yoast_head_json":{"title":"Subzone no.8 - ZELB","robots":{"index":"index","follow":"follow","max-snippet":"max-snippet:-1","max-image-preview":"max-image-preview:large","max-video-preview":"max-video-preview:-1"},"canonical":"https:\/\/zelb.md\/en\/subzones\/zona-causeni\/subzone-no-8\/","og_locale":"en_US","og_type":"article","og_title":"Subzone no.8 - ZELB","og_description":"[vc_row][vc_column][vc_row_inner][vc_column_inner width=&#8221;1\/4&#8243;][vc_single_image image=&#8221;170&#8243; img_size=&#8221;medium&#8221; alignment=&#8221;center&#8221;][\/vc_column_inner][vc_column_inner width=&#8221;3\/4&#8243;][vc_custom_heading text=&#8221;Subzone no.8, Alba Iulia str., Causeni&#8221;][vc_column_text]The subzone of Causeni city was created by law No 169 of 31.07.15, on a land of 8.5 ha, located on Alba Iulia street, Causeni city. It is located on public land for greenfield investment projects, which belongs to the Raion Council of Causeni [&hellip;]","og_url":"https:\/\/zelb.md\/en\/subzones\/zona-causeni\/subzone-no-8\/","og_site_name":"ZELB","article_publisher":"https:\/\/www.facebook.com\/zelbalti\/","article_modified_time":"2024-02-26T21:41:00+00:00","og_image":[{"url":"http:\/\/zelb.md\/wp-content\/uploads\/2019\/01\/subzona_causeni.jpg","type":"","width":"","height":""}],"twitter_card":"summary_large_image","twitter_misc":{"Est. reading time":"2 minutes"},"schema":{"@context":"https:\/\/schema.org","@graph":[{"@type":"WebPage","@id":"https:\/\/zelb.md\/en\/subzones\/zona-causeni\/subzone-no-8\/","url":"https:\/\/zelb.md\/en\/subzones\/zona-causeni\/subzone-no-8\/","name":"Subzone no.8 - ZELB","isPartOf":{"@id":"https:\/\/zelb.md\/#website"},"primaryImageOfPage":{"@id":"https:\/\/zelb.md\/en\/subzones\/zona-causeni\/subzone-no-8\/#primaryimage"},"image":{"@id":"https:\/\/zelb.md\/en\/subzones\/zona-causeni\/subzone-no-8\/#primaryimage"},"thumbnailUrl":"http:\/\/zelb.md\/wp-content\/uploads\/2019\/01\/subzona_causeni.jpg","datePublished":"2019-01-15T08:50:29+00:00","dateModified":"2024-02-26T21:41:00+00:00","breadcrumb":{"@id":"https:\/\/zelb.md\/en\/subzones\/zona-causeni\/subzone-no-8\/#breadcrumb"},"inLanguage":"en-US","potentialAction":[{"@type":"ReadAction","target":["https:\/\/zelb.md\/en\/subzones\/zona-causeni\/subzone-no-8\/"]}]},{"@type":"ImageObject","inLanguage":"en-US","@id":"https:\/\/zelb.md\/en\/subzones\/zona-causeni\/subzone-no-8\/#primaryimage","url":"http:\/\/zelb.md\/wp-content\/uploads\/2019\/01\/subzona_causeni.jpg","contentUrl":"http:\/\/zelb.md\/wp-content\/uploads\/2019\/01\/subzona_causeni.jpg"},{"@type":"BreadcrumbList","@id":"https:\/\/zelb.md\/en\/subzones\/zona-causeni\/subzone-no-8\/#breadcrumb","itemListElement":[{"@type":"ListItem","position":1,"name":"Prima pagin\u0103","item":"https:\/\/zelb.md\/en\/"},{"@type":"ListItem","position":2,"name":"Subzones","item":"https:\/\/zelb.md\/en\/subzones\/"},{"@type":"ListItem","position":3,"name":"C\u0103u\u015feni","item":"https:\/\/zelb.md\/en\/subzones\/zona-causeni\/"},{"@type":"ListItem","position":4,"name":"Subzone no.8"}]},{"@type":"WebSite","@id":"https:\/\/zelb.md\/#website","url":"https:\/\/zelb.md\/","name":"ZELB","description":"Zona Economic\u0103 Liber\u0103 B\u0103l\u0163i","publisher":{"@id":"https:\/\/zelb.md\/#organization"},"potentialAction":[{"@type":"SearchAction","target":{"@type":"EntryPoint","urlTemplate":"https:\/\/zelb.md\/?s={search_term_string}"},"query-input":{"@type":"PropertyValueSpecification","valueRequired":true,"valueName":"search_term_string"}}],"inLanguage":"en-US"},{"@type":"Organization","@id":"https:\/\/zelb.md\/#organization","name":"ZELB","url":"https:\/\/zelb.md\/","logo":{"@type":"ImageObject","inLanguage":"en-US","@id":"https:\/\/zelb.md\/#\/schema\/logo\/image\/","url":"https:\/\/zelb.md\/wp-content\/uploads\/2018\/06\/zelb-logo-8-ani.png","contentUrl":"https:\/\/zelb.md\/wp-content\/uploads\/2018\/06\/zelb-logo-8-ani.png","width":255,"height":105,"caption":"ZELB"},"image":{"@id":"https:\/\/zelb.md\/#\/schema\/logo\/image\/"},"sameAs":["https:\/\/www.facebook.com\/zelbalti\/"]}]}},"_links":{"self":[{"href":"https:\/\/zelb.md\/en\/wp-json\/wp\/v2\/pages\/3862","targetHints":{"allow":["GET"]}}],"collection":[{"href":"https:\/\/zelb.md\/en\/wp-json\/wp\/v2\/pages"}],"about":[{"href":"https:\/\/zelb.md\/en\/wp-json\/wp\/v2\/types\/page"}],"author":[{"embeddable":true,"href":"https:\/\/zelb.md\/en\/wp-json\/wp\/v2\/users\/8"}],"replies":[{"embeddable":true,"href":"https:\/\/zelb.md\/en\/wp-json\/wp\/v2\/comments?post=3862"}],"version-history":[{"count":2,"href":"https:\/\/zelb.md\/en\/wp-json\/wp\/v2\/pages\/3862\/revisions"}],"predecessor-version":[{"id":4152,"href":"https:\/\/zelb.md\/en\/wp-json\/wp\/v2\/pages\/3862\/revisions\/4152"}],"up":[{"embeddable":true,"href":"https:\/\/zelb.md\/en\/wp-json\/wp\/v2\/pages\/3880"}],"wp:attachment":[{"href":"https:\/\/zelb.md\/en\/wp-json\/wp\/v2\/media?parent=3862"}],"curies":[{"name":"wp","href":"https:\/\/api.w.org\/{rel}","templated":true}]}}