{"id":3859,"date":"2019-01-15T10:51:53","date_gmt":"2019-01-15T08:51:53","guid":{"rendered":"https:\/\/zelb.md\/subzone\/zona-falesti\/subzona-nr-9\/"},"modified":"2024-02-26T18:44:52","modified_gmt":"2024-02-26T16:44:52","slug":"subzone-no-9","status":"publish","type":"page","link":"https:\/\/zelb.md\/en\/subzones\/zona-falesti\/subzone-no-9\/","title":{"rendered":"Subzone no.9"},"content":{"rendered":"<p>[vc_row][vc_column][vc_row_inner][vc_column_inner width=&#8221;1\/4&#8243;][vc_single_image image=&#8221;3181&#8243; img_size=&#8221;medium&#8221; alignment=&#8221;center&#8221;][\/vc_column_inner][vc_column_inner width=&#8221;3\/4&#8243;][vc_custom_heading text=&#8221;Subzone no.9, Falesti, Albine\u021bul Vechi village&#8221;][vc_column_text]The sub-area in Albine\u021bul Vechi, Falesti district, was created in September 2018 on the basis of the automotive wiring harness factory of the &#8220;Sammy Cablaggy&#8221; Company, part of the Italian &#8220;Kab-lem Group&#8221;.<br \/>\nThe company has been operating in the Republic of Moldova since 2007, being an Italian investment worth two million euros.<\/p>\n<p>The company employs more than 800 people. Turnover is almost 2.5 million euros. More than 450 models of wiring harnesses for headlights, air conditioners and car seats are produced on an area of more than 5,000 square meters.<\/p>\n<p>In the next three years, Kab-Lem Ltd is also planning a substantial expansion &#8211; doubling its production facilities and the number of employees, also thanks to its Free Economic Zone status. Following the expansion of production capacity, investments of \u20ac5 million will be made, including more than \u20ac2 million in modern equipment.<\/p>\n<p>Internationally, the company is part of the Italian Kab-lem group, a leading manufacturer of cables for the automotive sector, with around 40 years of experience in this field. The company supplies products to well-known names in the automotive industry and has factories in Italy, Romania, Moldova and Tunisia, with a total of over 3000 employees.[\/vc_column_text][\/vc_column_inner][\/vc_row_inner][vc_separator][\/vc_column][\/vc_row][vc_row][vc_column]<div class=\"porto-members porto-memberse3161753437c8cdd995ee7273449d8ba wpb_content_element \">\n    <div class=\"page-members clearfix \">\n\n        \n        \n        <div class=\"member-row member-row-4\">\n                    \n        <article class=\"member member-col-4 subzona-nr-9-en post-3830 type-member status-publish has-post-thumbnail hentry member_cat-subzona-nr-9-en\">\n            <span class=\"entry-title\" style=\"display: none;\">\u201eKABLEM-MLD-IT\u201c LTD<\/span><span class=\"vcard\" style=\"display: none;\"><span class=\"fn\"><a href=\"https:\/\/zelb.md\/en\/author\/infozelb-md\/\" title=\"Posts by info@zelb.md\" rel=\"author\">info@zelb.md<\/a><\/span><\/span><span class=\"updated\" style=\"display:none\">2024-02-19T17:57:34+02:00<\/span>            <div class=\"member-item  member-item-3\">\n                <span class=\"thumb-info thumb-info-hide-wrapper-bg\">\n                    \n                    <span class=\"thumb-info-wrapper \">\n\t\t\t\t\t\t\t\t\t\t\t\t<span class=\"thumb-member-container \">\n\t\t\t\t\t\t\t<a class=\"text-decoration-none member-image\" href=\"https:\/\/zelb.md\/en\/Membri\/kablem-mld-it-ltd\/\">\n\t\t\t\t\t\t\t<img loading=\"lazy\" decoding=\"async\" class=\"img-responsive\" width=\"282\" height=\"247\" src=\"https:\/\/zelb.md\/wp-content\/uploads\/2022\/03\/Screenshot_16.png\" alt=\"\" \/>\n\t\t\t\t\t\t\t<\/a>\n                            \n                                                         \t\t\t\t\t\t  \t\t\t\t\t\t<\/span>\n                            <a class=\"text-decoration-none member-info-container\" href=\"https:\/\/zelb.md\/en\/Membri\/kablem-mld-it-ltd\/\">   \n                                                                                <span class=\"zoom\" data-src=\"https:\/\/zelb.md\/wp-content\/uploads\/2022\/03\/Screenshot_16.png\" data-title=\"\"><i class=\"fa fa-search\"><\/i><\/span>\n                                                <\/a>\n                        <\/span>\n                        <!--Thumb info wrapper end-->\t\n\t\t\t\t\t\t<!--Thumb info container -->\t\t\t\t\t\t\n\t\t\t\t\t\t<span class=\"thumb-info-container\"> \n                        <a class=\"text-decoration-none member-info-container\" href=\"https:\/\/zelb.md\/en\/Membri\/kablem-mld-it-ltd\/\">\n                                                                <span class=\"thumb-info-caption\">\n                            <span class=\"thumb-info-caption-title\">\n                                <span class=\"font-weight-light color-body text-md\">Subzona nr. 9<\/span>                                <h4 class=\"m-b-none text-lg\">\u201eKABLEM-MLD-IT\u201c LTD<\/h4>\n\t\t\t\t\t\t\t\t                                <i class=\"view-more  font-weight-semibold\"><\/i>\n                            <\/span>\n                        <\/span>\n                                        <\/a>\n                                <span class=\"thumb-info-caption\">\n                                            <span class=\"thumb-info-caption-text p-t-none\">\n                                                <\/span>\n                                                           <\/span>\n                <\/span>\n                            <\/div>\n        <\/article>\n            <\/div>\n\n        \n    <\/div>\n\n    \n    <\/div>[\/vc_column][\/vc_row]<\/p>\n","protected":false},"excerpt":{"rendered":"<p>[vc_row][vc_column][vc_row_inner][vc_column_inner width=&#8221;1\/4&#8243;][vc_single_image image=&#8221;3181&#8243; img_size=&#8221;medium&#8221; alignment=&#8221;center&#8221;][\/vc_column_inner][vc_column_inner width=&#8221;3\/4&#8243;][vc_custom_heading text=&#8221;Subzone no.9, Falesti, Albine\u021bul Vechi village&#8221;][vc_column_text]The sub-area in Albine\u021bul Vechi, Falesti district, was created in September 2018 on the basis of the automotive wiring harness factory of the &#8220;Sammy Cablaggy&#8221; Company, part of the Italian &#8220;Kab-lem Group&#8221;. The company has been operating in the Republic of Moldova since 2007, [&hellip;]<\/p>\n","protected":false},"author":8,"featured_media":0,"parent":3853,"menu_order":0,"comment_status":"closed","ping_status":"closed","template":"","meta":{"footnotes":""},"class_list":["post-3859","page","type-page","status-publish","hentry"],"yoast_head":"<!-- This site is optimized with the Yoast SEO plugin v26.6 - https:\/\/yoast.com\/wordpress\/plugins\/seo\/ -->\n<title>Subzone no.9 - ZELB<\/title>\n<meta name=\"robots\" content=\"index, follow, max-snippet:-1, max-image-preview:large, max-video-preview:-1\" \/>\n<link rel=\"canonical\" href=\"https:\/\/zelb.md\/en\/subzones\/zona-falesti\/subzone-no-9\/\" \/>\n<meta property=\"og:locale\" content=\"en_US\" \/>\n<meta property=\"og:type\" content=\"article\" \/>\n<meta property=\"og:title\" content=\"Subzone no.9 - ZELB\" \/>\n<meta property=\"og:description\" content=\"[vc_row][vc_column][vc_row_inner][vc_column_inner width=&#8221;1\/4&#8243;][vc_single_image image=&#8221;3181&#8243; img_size=&#8221;medium&#8221; alignment=&#8221;center&#8221;][\/vc_column_inner][vc_column_inner width=&#8221;3\/4&#8243;][vc_custom_heading text=&#8221;Subzone no.9, Falesti, Albine\u021bul Vechi village&#8221;][vc_column_text]The sub-area in Albine\u021bul Vechi, Falesti district, was created in September 2018 on the basis of the automotive wiring harness factory of the &#8220;Sammy Cablaggy&#8221; Company, part of the Italian &#8220;Kab-lem Group&#8221;. The company has been operating in the Republic of Moldova since 2007, [&hellip;]\" \/>\n<meta property=\"og:url\" content=\"https:\/\/zelb.md\/en\/subzones\/zona-falesti\/subzone-no-9\/\" \/>\n<meta property=\"og:site_name\" content=\"ZELB\" \/>\n<meta property=\"article:publisher\" content=\"https:\/\/www.facebook.com\/zelbalti\/\" \/>\n<meta property=\"article:modified_time\" content=\"2024-02-26T16:44:52+00:00\" \/>\n<meta name=\"twitter:card\" content=\"summary_large_image\" \/>\n<meta name=\"twitter:label1\" content=\"Est. reading time\" \/>\n\t<meta name=\"twitter:data1\" content=\"2 minutes\" \/>\n<script type=\"application\/ld+json\" class=\"yoast-schema-graph\">{\"@context\":\"https:\/\/schema.org\",\"@graph\":[{\"@type\":\"WebPage\",\"@id\":\"https:\/\/zelb.md\/en\/subzones\/zona-falesti\/subzone-no-9\/\",\"url\":\"https:\/\/zelb.md\/en\/subzones\/zona-falesti\/subzone-no-9\/\",\"name\":\"Subzone no.9 - ZELB\",\"isPartOf\":{\"@id\":\"https:\/\/zelb.md\/#website\"},\"datePublished\":\"2019-01-15T08:51:53+00:00\",\"dateModified\":\"2024-02-26T16:44:52+00:00\",\"breadcrumb\":{\"@id\":\"https:\/\/zelb.md\/en\/subzones\/zona-falesti\/subzone-no-9\/#breadcrumb\"},\"inLanguage\":\"en-US\",\"potentialAction\":[{\"@type\":\"ReadAction\",\"target\":[\"https:\/\/zelb.md\/en\/subzones\/zona-falesti\/subzone-no-9\/\"]}]},{\"@type\":\"BreadcrumbList\",\"@id\":\"https:\/\/zelb.md\/en\/subzones\/zona-falesti\/subzone-no-9\/#breadcrumb\",\"itemListElement\":[{\"@type\":\"ListItem\",\"position\":1,\"name\":\"Prima pagin\u0103\",\"item\":\"https:\/\/zelb.md\/en\/\"},{\"@type\":\"ListItem\",\"position\":2,\"name\":\"Subzones\",\"item\":\"https:\/\/zelb.md\/en\/subzones\/\"},{\"@type\":\"ListItem\",\"position\":3,\"name\":\"F\u0103le\u015fti\",\"item\":\"https:\/\/zelb.md\/en\/subzones\/zona-falesti\/\"},{\"@type\":\"ListItem\",\"position\":4,\"name\":\"Subzone no.9\"}]},{\"@type\":\"WebSite\",\"@id\":\"https:\/\/zelb.md\/#website\",\"url\":\"https:\/\/zelb.md\/\",\"name\":\"ZELB\",\"description\":\"Zona Economic\u0103 Liber\u0103 B\u0103l\u0163i\",\"publisher\":{\"@id\":\"https:\/\/zelb.md\/#organization\"},\"potentialAction\":[{\"@type\":\"SearchAction\",\"target\":{\"@type\":\"EntryPoint\",\"urlTemplate\":\"https:\/\/zelb.md\/?s={search_term_string}\"},\"query-input\":{\"@type\":\"PropertyValueSpecification\",\"valueRequired\":true,\"valueName\":\"search_term_string\"}}],\"inLanguage\":\"en-US\"},{\"@type\":\"Organization\",\"@id\":\"https:\/\/zelb.md\/#organization\",\"name\":\"ZELB\",\"url\":\"https:\/\/zelb.md\/\",\"logo\":{\"@type\":\"ImageObject\",\"inLanguage\":\"en-US\",\"@id\":\"https:\/\/zelb.md\/#\/schema\/logo\/image\/\",\"url\":\"https:\/\/zelb.md\/wp-content\/uploads\/2018\/06\/zelb-logo-8-ani.png\",\"contentUrl\":\"https:\/\/zelb.md\/wp-content\/uploads\/2018\/06\/zelb-logo-8-ani.png\",\"width\":255,\"height\":105,\"caption\":\"ZELB\"},\"image\":{\"@id\":\"https:\/\/zelb.md\/#\/schema\/logo\/image\/\"},\"sameAs\":[\"https:\/\/www.facebook.com\/zelbalti\/\"]}]}<\/script>\n<!-- \/ Yoast SEO plugin. -->","yoast_head_json":{"title":"Subzone no.9 - ZELB","robots":{"index":"index","follow":"follow","max-snippet":"max-snippet:-1","max-image-preview":"max-image-preview:large","max-video-preview":"max-video-preview:-1"},"canonical":"https:\/\/zelb.md\/en\/subzones\/zona-falesti\/subzone-no-9\/","og_locale":"en_US","og_type":"article","og_title":"Subzone no.9 - ZELB","og_description":"[vc_row][vc_column][vc_row_inner][vc_column_inner width=&#8221;1\/4&#8243;][vc_single_image image=&#8221;3181&#8243; img_size=&#8221;medium&#8221; alignment=&#8221;center&#8221;][\/vc_column_inner][vc_column_inner width=&#8221;3\/4&#8243;][vc_custom_heading text=&#8221;Subzone no.9, Falesti, Albine\u021bul Vechi village&#8221;][vc_column_text]The sub-area in Albine\u021bul Vechi, Falesti district, was created in September 2018 on the basis of the automotive wiring harness factory of the &#8220;Sammy Cablaggy&#8221; Company, part of the Italian &#8220;Kab-lem Group&#8221;. The company has been operating in the Republic of Moldova since 2007, [&hellip;]","og_url":"https:\/\/zelb.md\/en\/subzones\/zona-falesti\/subzone-no-9\/","og_site_name":"ZELB","article_publisher":"https:\/\/www.facebook.com\/zelbalti\/","article_modified_time":"2024-02-26T16:44:52+00:00","twitter_card":"summary_large_image","twitter_misc":{"Est. reading time":"2 minutes"},"schema":{"@context":"https:\/\/schema.org","@graph":[{"@type":"WebPage","@id":"https:\/\/zelb.md\/en\/subzones\/zona-falesti\/subzone-no-9\/","url":"https:\/\/zelb.md\/en\/subzones\/zona-falesti\/subzone-no-9\/","name":"Subzone no.9 - ZELB","isPartOf":{"@id":"https:\/\/zelb.md\/#website"},"datePublished":"2019-01-15T08:51:53+00:00","dateModified":"2024-02-26T16:44:52+00:00","breadcrumb":{"@id":"https:\/\/zelb.md\/en\/subzones\/zona-falesti\/subzone-no-9\/#breadcrumb"},"inLanguage":"en-US","potentialAction":[{"@type":"ReadAction","target":["https:\/\/zelb.md\/en\/subzones\/zona-falesti\/subzone-no-9\/"]}]},{"@type":"BreadcrumbList","@id":"https:\/\/zelb.md\/en\/subzones\/zona-falesti\/subzone-no-9\/#breadcrumb","itemListElement":[{"@type":"ListItem","position":1,"name":"Prima pagin\u0103","item":"https:\/\/zelb.md\/en\/"},{"@type":"ListItem","position":2,"name":"Subzones","item":"https:\/\/zelb.md\/en\/subzones\/"},{"@type":"ListItem","position":3,"name":"F\u0103le\u015fti","item":"https:\/\/zelb.md\/en\/subzones\/zona-falesti\/"},{"@type":"ListItem","position":4,"name":"Subzone no.9"}]},{"@type":"WebSite","@id":"https:\/\/zelb.md\/#website","url":"https:\/\/zelb.md\/","name":"ZELB","description":"Zona Economic\u0103 Liber\u0103 B\u0103l\u0163i","publisher":{"@id":"https:\/\/zelb.md\/#organization"},"potentialAction":[{"@type":"SearchAction","target":{"@type":"EntryPoint","urlTemplate":"https:\/\/zelb.md\/?s={search_term_string}"},"query-input":{"@type":"PropertyValueSpecification","valueRequired":true,"valueName":"search_term_string"}}],"inLanguage":"en-US"},{"@type":"Organization","@id":"https:\/\/zelb.md\/#organization","name":"ZELB","url":"https:\/\/zelb.md\/","logo":{"@type":"ImageObject","inLanguage":"en-US","@id":"https:\/\/zelb.md\/#\/schema\/logo\/image\/","url":"https:\/\/zelb.md\/wp-content\/uploads\/2018\/06\/zelb-logo-8-ani.png","contentUrl":"https:\/\/zelb.md\/wp-content\/uploads\/2018\/06\/zelb-logo-8-ani.png","width":255,"height":105,"caption":"ZELB"},"image":{"@id":"https:\/\/zelb.md\/#\/schema\/logo\/image\/"},"sameAs":["https:\/\/www.facebook.com\/zelbalti\/"]}]}},"_links":{"self":[{"href":"https:\/\/zelb.md\/en\/wp-json\/wp\/v2\/pages\/3859","targetHints":{"allow":["GET"]}}],"collection":[{"href":"https:\/\/zelb.md\/en\/wp-json\/wp\/v2\/pages"}],"about":[{"href":"https:\/\/zelb.md\/en\/wp-json\/wp\/v2\/types\/page"}],"author":[{"embeddable":true,"href":"https:\/\/zelb.md\/en\/wp-json\/wp\/v2\/users\/8"}],"replies":[{"embeddable":true,"href":"https:\/\/zelb.md\/en\/wp-json\/wp\/v2\/comments?post=3859"}],"version-history":[{"count":2,"href":"https:\/\/zelb.md\/en\/wp-json\/wp\/v2\/pages\/3859\/revisions"}],"predecessor-version":[{"id":4103,"href":"https:\/\/zelb.md\/en\/wp-json\/wp\/v2\/pages\/3859\/revisions\/4103"}],"up":[{"embeddable":true,"href":"https:\/\/zelb.md\/en\/wp-json\/wp\/v2\/pages\/3853"}],"wp:attachment":[{"href":"https:\/\/zelb.md\/en\/wp-json\/wp\/v2\/media?parent=3859"}],"curies":[{"name":"wp","href":"https:\/\/api.w.org\/{rel}","templated":true}]}}