{"id":3858,"date":"2019-01-15T11:45:04","date_gmt":"2019-01-15T09:45:04","guid":{"rendered":"https:\/\/zelb.md\/subzone\/zona-chisinau\/"},"modified":"2024-02-26T23:32:12","modified_gmt":"2024-02-26T21:32:12","slug":"zona-chisinau","status":"publish","type":"page","link":"https:\/\/zelb.md\/en\/subzones\/zona-chisinau\/","title":{"rendered":"Chi\u015fin\u0103u"},"content":{"rendered":"<p>[vc_row][vc_column][vc_row_inner][vc_column_inner width=&#8221;1\/4&#8243;][vc_single_image image=&#8221;1681&#8243; img_size=&#8221;medium&#8221;][vc_custom_heading text=&#8221;CHI\u015eIN\u0102U&#8221; font_container=&#8221;tag:h2|text_align:center&#8221; use_theme_fonts=&#8221;yes&#8221; css=&#8221;.vc_custom_1547544810440{background-color: #e2e2e2 !important;}&#8221;][\/vc_column_inner][vc_column_inner width=&#8221;3\/4&#8243;][vc_column_text]Chisinau is the capital of the Republic of Moldova, an urban center with important economic, social and cultural potential. Located in the central part of the country, the city is crossed by the B\u00eec River with its tributaries Durle\u0219ti and Bulbocica. The surface area of the city is 120.1 square km. The municipality includes five districts &#8211; Botanica, Buiucani, Centre, Ciocana, Riscani, six towns &#8211; Codru, Cricova, Durle\u0219ti, S\u00eengera, Vadul lui Voda, Vatra and 28 rural localities.<\/p>\n<p>Chisinau is the largest and most developed economic center of the Republic, with a considerable share in the national economy. At present, more than 55 000 economic agents are registered in the municipality. The municipality accounts for more than 45% of the republic&#8217;s GDP and more than 60% of total taxes and duties collected to the consolidated budget. According to the gross regional product calculated per capita, the level of the municipality is twice as high as the average for the republic.<\/p>\n<p>The industrial sector of the municipality of Chisinau has more than 1800 enterprises. About 400 enterprises represent the food industry, 180 enterprises &#8211; light industry, 380 enterprises &#8211; machine-building and metal processing industry, 126 enterprises &#8211; chemical industry, etc.<\/p>\n<p>The industrial sector of the municipality accounts for more than 65% of the total volume of manufacturing industry in the country, including food industry &#8211; 33.7%, manufacture of tobacco products &#8211; 88.1%, textile industry &#8211; 62.7%, manufacture of wearing apparel &#8211; 50.8%, leather processing, manufacture of footwear &#8211; 94.6%, wood industry &#8211; 67.1%, chemical industry &#8211; 91.6%, manufacture of furniture &#8211; 98%, machine building industry &#8211; 84.6%, manufacture of articles of non-metallic minerals &#8211; 74.2%.<\/p>\n<p>The industrial complex of the city consists of 19 industrial formations (with an area of 2800.7 ha), in which more than a thousand enterprises are located in various fields of economic activity (production, transport, energy and municipal spheres). Most of the industrial enterprises are located in the north-eastern part of Chisinau municipality. On the territory of the municipality there are more than 1,300 commercial units with a commercial area of 121,000 thousand square meters. The catering sector includes 705 commercial establishments with 47 100 seats. On the territory of the municipality there are 38 agricultural markets with an area of 70.1 ha and 13 416 places of trade.[\/vc_column_text][\/vc_column_inner][\/vc_row_inner][vc_separator][\/vc_column][\/vc_row][vc_row][vc_column width=&#8221;1\/3&#8243;][vc_custom_heading text=&#8221;Subzone no. 16&#8243; font_container=&#8221;tag:h1|text_align:center|color:%23046669&#8243; use_theme_fonts=&#8221;yes&#8221; link=&#8221;url:https%3A%2F%2Fzelb.md%2Fen%2Fsubzones%2Fzona-chisinau%2Fsubzone-no-16%2F|||&#8221;]<div class=\"porto-ibanner porto-ibanner-effect-style1  \"  style=\"\" data-opacity=\"1\" data-hover-opacity=\"0.8\"><img loading=\"lazy\" decoding=\"async\" class=\"porto-ibanner-img\" style=\"opacity:1;\" alt=\"\" src=\"https:\/\/zelb.md\/wp-content\/uploads\/2019\/01\/subzona_uzinelor_1.jpg\" width=\"506\" height=\"501\" \/><div id=\"interactive-banner-wrap-2032\" class=\"porto-ibanner-desc\" style=\"\"><h2 class=\"porto-ibanner-title\" style=\"color:#046669;\"><\/h2><div class=\"porto-ibanner-content\" style=\"color:#3d3d3d;\">\n<h3>Subzone no.16 &#8211; 1 Sprincenoaia str., Chisinau<\/h3>\n<p><\/div><\/div><a class=\"porto-ibanner-link\" href=\"https:\/\/zelb.md\/en\/subzones\/zona-chisinau\/subzone-no-16\/\"   ><\/a><\/div>[\/vc_column][vc_column width=&#8221;1\/3&#8243;][vc_custom_heading text=&#8221;Subzona no. 17&#8243; font_container=&#8221;tag:h1|text_align:center|color:%23046669&#8243; use_theme_fonts=&#8221;yes&#8221; link=&#8221;url:https%3A%2F%2Fzelb.md%2Fen%2Fsubzones%2Fzona-chisinau%2Fsubzone-no-17%2F|||&#8221;]<div class=\"porto-ibanner porto-ibanner-effect-style1  \"  style=\"\" data-opacity=\"1\" data-hover-opacity=\"0.8\"><img loading=\"lazy\" decoding=\"async\" class=\"porto-ibanner-img\" style=\"opacity:1;\" alt=\"\" src=\"https:\/\/zelb.md\/wp-content\/uploads\/2019\/01\/subzona_sprincenoaia_chi\u0219in\u0103u.jpg\" width=\"679\" height=\"529\" \/><div id=\"interactive-banner-wrap-8549\" class=\"porto-ibanner-desc\" style=\"\"><h2 class=\"porto-ibanner-title\" style=\"color:#046669;\"><\/h2><div class=\"porto-ibanner-content\" style=\"color:#3d3d3d;\">\n<h3>Subzone no.17 &#8211; 104 Uzinelor str., Chisinau<\/h3>\n<p><\/div><\/div><a class=\"porto-ibanner-link\" href=\"https:\/\/zelb.md\/en\/subzones\/zona-chisinau\/subzone-no-17\/\"   ><\/a><\/div>[\/vc_column][vc_column width=&#8221;1\/3&#8243;][\/vc_column][\/vc_row]<\/p>\n","protected":false},"excerpt":{"rendered":"<p>[vc_row][vc_column][vc_row_inner][vc_column_inner width=&#8221;1\/4&#8243;][vc_single_image image=&#8221;1681&#8243; img_size=&#8221;medium&#8221;][vc_custom_heading text=&#8221;CHI\u015eIN\u0102U&#8221; font_container=&#8221;tag:h2|text_align:center&#8221; use_theme_fonts=&#8221;yes&#8221; css=&#8221;.vc_custom_1547544810440{background-color: #e2e2e2 !important;}&#8221;][\/vc_column_inner][vc_column_inner width=&#8221;3\/4&#8243;][vc_column_text]Chisinau is the capital of the Republic of Moldova, an urban center with important economic, social and cultural potential. Located in the central part of the country, the city is crossed by the B\u00eec River with its tributaries Durle\u0219ti and Bulbocica. The surface area of [&hellip;]<\/p>\n","protected":false},"author":8,"featured_media":0,"parent":3857,"menu_order":0,"comment_status":"closed","ping_status":"closed","template":"","meta":{"footnotes":""},"class_list":["post-3858","page","type-page","status-publish","hentry"],"yoast_head":"<!-- This site is optimized with the Yoast SEO plugin v26.6 - https:\/\/yoast.com\/wordpress\/plugins\/seo\/ -->\n<title>Chi\u015fin\u0103u - ZELB<\/title>\n<meta name=\"robots\" content=\"index, follow, max-snippet:-1, max-image-preview:large, max-video-preview:-1\" \/>\n<link rel=\"canonical\" href=\"https:\/\/zelb.md\/en\/subzones\/zona-chisinau\/\" \/>\n<meta property=\"og:locale\" content=\"en_US\" \/>\n<meta property=\"og:type\" content=\"article\" \/>\n<meta property=\"og:title\" content=\"Chi\u015fin\u0103u - ZELB\" \/>\n<meta property=\"og:description\" content=\"[vc_row][vc_column][vc_row_inner][vc_column_inner width=&#8221;1\/4&#8243;][vc_single_image image=&#8221;1681&#8243; img_size=&#8221;medium&#8221;][vc_custom_heading text=&#8221;CHI\u015eIN\u0102U&#8221; font_container=&#8221;tag:h2|text_align:center&#8221; use_theme_fonts=&#8221;yes&#8221; css=&#8221;.vc_custom_1547544810440{background-color: #e2e2e2 !important;}&#8221;][\/vc_column_inner][vc_column_inner width=&#8221;3\/4&#8243;][vc_column_text]Chisinau is the capital of the Republic of Moldova, an urban center with important economic, social and cultural potential. Located in the central part of the country, the city is crossed by the B\u00eec River with its tributaries Durle\u0219ti and Bulbocica. The surface area of [&hellip;]\" \/>\n<meta property=\"og:url\" content=\"https:\/\/zelb.md\/en\/subzones\/zona-chisinau\/\" \/>\n<meta property=\"og:site_name\" content=\"ZELB\" \/>\n<meta property=\"article:publisher\" content=\"https:\/\/www.facebook.com\/zelbalti\/\" \/>\n<meta property=\"article:modified_time\" content=\"2024-02-26T21:32:12+00:00\" \/>\n<meta name=\"twitter:card\" content=\"summary_large_image\" \/>\n<meta name=\"twitter:label1\" content=\"Est. reading time\" \/>\n\t<meta name=\"twitter:data1\" content=\"3 minutes\" \/>\n<script type=\"application\/ld+json\" class=\"yoast-schema-graph\">{\"@context\":\"https:\/\/schema.org\",\"@graph\":[{\"@type\":\"WebPage\",\"@id\":\"https:\/\/zelb.md\/en\/subzones\/zona-chisinau\/\",\"url\":\"https:\/\/zelb.md\/en\/subzones\/zona-chisinau\/\",\"name\":\"Chi\u015fin\u0103u - ZELB\",\"isPartOf\":{\"@id\":\"https:\/\/zelb.md\/#website\"},\"datePublished\":\"2019-01-15T09:45:04+00:00\",\"dateModified\":\"2024-02-26T21:32:12+00:00\",\"breadcrumb\":{\"@id\":\"https:\/\/zelb.md\/en\/subzones\/zona-chisinau\/#breadcrumb\"},\"inLanguage\":\"en-US\",\"potentialAction\":[{\"@type\":\"ReadAction\",\"target\":[\"https:\/\/zelb.md\/en\/subzones\/zona-chisinau\/\"]}]},{\"@type\":\"BreadcrumbList\",\"@id\":\"https:\/\/zelb.md\/en\/subzones\/zona-chisinau\/#breadcrumb\",\"itemListElement\":[{\"@type\":\"ListItem\",\"position\":1,\"name\":\"Prima pagin\u0103\",\"item\":\"https:\/\/zelb.md\/en\/\"},{\"@type\":\"ListItem\",\"position\":2,\"name\":\"Subzones\",\"item\":\"https:\/\/zelb.md\/en\/subzones\/\"},{\"@type\":\"ListItem\",\"position\":3,\"name\":\"Chi\u015fin\u0103u\"}]},{\"@type\":\"WebSite\",\"@id\":\"https:\/\/zelb.md\/#website\",\"url\":\"https:\/\/zelb.md\/\",\"name\":\"ZELB\",\"description\":\"Zona Economic\u0103 Liber\u0103 B\u0103l\u0163i\",\"publisher\":{\"@id\":\"https:\/\/zelb.md\/#organization\"},\"potentialAction\":[{\"@type\":\"SearchAction\",\"target\":{\"@type\":\"EntryPoint\",\"urlTemplate\":\"https:\/\/zelb.md\/?s={search_term_string}\"},\"query-input\":{\"@type\":\"PropertyValueSpecification\",\"valueRequired\":true,\"valueName\":\"search_term_string\"}}],\"inLanguage\":\"en-US\"},{\"@type\":\"Organization\",\"@id\":\"https:\/\/zelb.md\/#organization\",\"name\":\"ZELB\",\"url\":\"https:\/\/zelb.md\/\",\"logo\":{\"@type\":\"ImageObject\",\"inLanguage\":\"en-US\",\"@id\":\"https:\/\/zelb.md\/#\/schema\/logo\/image\/\",\"url\":\"https:\/\/zelb.md\/wp-content\/uploads\/2018\/06\/zelb-logo-8-ani.png\",\"contentUrl\":\"https:\/\/zelb.md\/wp-content\/uploads\/2018\/06\/zelb-logo-8-ani.png\",\"width\":255,\"height\":105,\"caption\":\"ZELB\"},\"image\":{\"@id\":\"https:\/\/zelb.md\/#\/schema\/logo\/image\/\"},\"sameAs\":[\"https:\/\/www.facebook.com\/zelbalti\/\"]}]}<\/script>\n<!-- \/ Yoast SEO plugin. -->","yoast_head_json":{"title":"Chi\u015fin\u0103u - ZELB","robots":{"index":"index","follow":"follow","max-snippet":"max-snippet:-1","max-image-preview":"max-image-preview:large","max-video-preview":"max-video-preview:-1"},"canonical":"https:\/\/zelb.md\/en\/subzones\/zona-chisinau\/","og_locale":"en_US","og_type":"article","og_title":"Chi\u015fin\u0103u - ZELB","og_description":"[vc_row][vc_column][vc_row_inner][vc_column_inner width=&#8221;1\/4&#8243;][vc_single_image image=&#8221;1681&#8243; img_size=&#8221;medium&#8221;][vc_custom_heading text=&#8221;CHI\u015eIN\u0102U&#8221; font_container=&#8221;tag:h2|text_align:center&#8221; use_theme_fonts=&#8221;yes&#8221; css=&#8221;.vc_custom_1547544810440{background-color: #e2e2e2 !important;}&#8221;][\/vc_column_inner][vc_column_inner width=&#8221;3\/4&#8243;][vc_column_text]Chisinau is the capital of the Republic of Moldova, an urban center with important economic, social and cultural potential. Located in the central part of the country, the city is crossed by the B\u00eec River with its tributaries Durle\u0219ti and Bulbocica. The surface area of [&hellip;]","og_url":"https:\/\/zelb.md\/en\/subzones\/zona-chisinau\/","og_site_name":"ZELB","article_publisher":"https:\/\/www.facebook.com\/zelbalti\/","article_modified_time":"2024-02-26T21:32:12+00:00","twitter_card":"summary_large_image","twitter_misc":{"Est. reading time":"3 minutes"},"schema":{"@context":"https:\/\/schema.org","@graph":[{"@type":"WebPage","@id":"https:\/\/zelb.md\/en\/subzones\/zona-chisinau\/","url":"https:\/\/zelb.md\/en\/subzones\/zona-chisinau\/","name":"Chi\u015fin\u0103u - ZELB","isPartOf":{"@id":"https:\/\/zelb.md\/#website"},"datePublished":"2019-01-15T09:45:04+00:00","dateModified":"2024-02-26T21:32:12+00:00","breadcrumb":{"@id":"https:\/\/zelb.md\/en\/subzones\/zona-chisinau\/#breadcrumb"},"inLanguage":"en-US","potentialAction":[{"@type":"ReadAction","target":["https:\/\/zelb.md\/en\/subzones\/zona-chisinau\/"]}]},{"@type":"BreadcrumbList","@id":"https:\/\/zelb.md\/en\/subzones\/zona-chisinau\/#breadcrumb","itemListElement":[{"@type":"ListItem","position":1,"name":"Prima pagin\u0103","item":"https:\/\/zelb.md\/en\/"},{"@type":"ListItem","position":2,"name":"Subzones","item":"https:\/\/zelb.md\/en\/subzones\/"},{"@type":"ListItem","position":3,"name":"Chi\u015fin\u0103u"}]},{"@type":"WebSite","@id":"https:\/\/zelb.md\/#website","url":"https:\/\/zelb.md\/","name":"ZELB","description":"Zona Economic\u0103 Liber\u0103 B\u0103l\u0163i","publisher":{"@id":"https:\/\/zelb.md\/#organization"},"potentialAction":[{"@type":"SearchAction","target":{"@type":"EntryPoint","urlTemplate":"https:\/\/zelb.md\/?s={search_term_string}"},"query-input":{"@type":"PropertyValueSpecification","valueRequired":true,"valueName":"search_term_string"}}],"inLanguage":"en-US"},{"@type":"Organization","@id":"https:\/\/zelb.md\/#organization","name":"ZELB","url":"https:\/\/zelb.md\/","logo":{"@type":"ImageObject","inLanguage":"en-US","@id":"https:\/\/zelb.md\/#\/schema\/logo\/image\/","url":"https:\/\/zelb.md\/wp-content\/uploads\/2018\/06\/zelb-logo-8-ani.png","contentUrl":"https:\/\/zelb.md\/wp-content\/uploads\/2018\/06\/zelb-logo-8-ani.png","width":255,"height":105,"caption":"ZELB"},"image":{"@id":"https:\/\/zelb.md\/#\/schema\/logo\/image\/"},"sameAs":["https:\/\/www.facebook.com\/zelbalti\/"]}]}},"_links":{"self":[{"href":"https:\/\/zelb.md\/en\/wp-json\/wp\/v2\/pages\/3858","targetHints":{"allow":["GET"]}}],"collection":[{"href":"https:\/\/zelb.md\/en\/wp-json\/wp\/v2\/pages"}],"about":[{"href":"https:\/\/zelb.md\/en\/wp-json\/wp\/v2\/types\/page"}],"author":[{"embeddable":true,"href":"https:\/\/zelb.md\/en\/wp-json\/wp\/v2\/users\/8"}],"replies":[{"embeddable":true,"href":"https:\/\/zelb.md\/en\/wp-json\/wp\/v2\/comments?post=3858"}],"version-history":[{"count":5,"href":"https:\/\/zelb.md\/en\/wp-json\/wp\/v2\/pages\/3858\/revisions"}],"predecessor-version":[{"id":4145,"href":"https:\/\/zelb.md\/en\/wp-json\/wp\/v2\/pages\/3858\/revisions\/4145"}],"up":[{"embeddable":true,"href":"https:\/\/zelb.md\/en\/wp-json\/wp\/v2\/pages\/3857"}],"wp:attachment":[{"href":"https:\/\/zelb.md\/en\/wp-json\/wp\/v2\/media?parent=3858"}],"curies":[{"name":"wp","href":"https:\/\/api.w.org\/{rel}","templated":true}]}}