{"id":3856,"date":"2019-01-15T12:32:20","date_gmt":"2019-01-15T10:32:20","guid":{"rendered":"https:\/\/zelb.md\/zona-cimislia\/"},"modified":"2024-02-26T23:37:39","modified_gmt":"2024-02-26T21:37:39","slug":"zona-cimislia","status":"publish","type":"page","link":"https:\/\/zelb.md\/en\/subzones\/zona-cimislia\/","title":{"rendered":"Cimi\u015flia"},"content":{"rendered":"<p>[vc_row][vc_column][vc_row_inner][vc_column_inner width=&#8221;1\/4&#8243;][vc_single_image image=&#8221;1683&#8243; img_size=&#8221;medium&#8221;][vc_custom_heading text=&#8221;CIMI\u015eLIA&#8221; font_container=&#8221;tag:h2|text_align:center&#8221; use_theme_fonts=&#8221;yes&#8221; css=&#8221;.vc_custom_1547548309357{background-color: #e2e2e2 !important;}&#8221;][\/vc_column_inner][vc_column_inner width=&#8221;3\/4&#8243;][vc_column_text]<\/p>\n<p style=\"text-align: justify;\">Cimislia district is located in the southern region of the Republic of Moldova. The district centre is represented by the city of Cimislia, founded on 11 November 1940. The district is bordered to the north by the districts of Hincesti and Ialoveni, to the east by Causeni, to the south by Gagauzia and Basarabeasca, and to the west by Leova. The total area of the district is 92.4 thousand ha. The district includes 39 localities, including 38 villages and one town, organized in 23 Territorial Administrative Units.<\/p>\n<p style=\"text-align: justify;\"><a name=\"_Toc514410062\"><\/a><img loading=\"lazy\" decoding=\"async\" class=\"wp-image-1618 size-full aligncenter\" src=\"http:\/\/zelb.md\/wp-content\/uploads\/2019\/01\/Cimi\u0219lia.jpg\" alt=\"\" width=\"547\" height=\"522\" srcset=\"https:\/\/zelb.md\/wp-content\/uploads\/2019\/01\/Cimi\u0219lia.jpg 547w, https:\/\/zelb.md\/wp-content\/uploads\/2019\/01\/Cimi\u0219lia-300x286.jpg 300w\" sizes=\"auto, (max-width: 547px) 100vw, 547px\" \/>Figure 1: Cimislia district<\/p>\n<p style=\"text-align: justify;\">The city of Cimislia is located in the southern part of the Republic of Moldova, in the Cimislia district on the banks of the Cog\u00e2lnic river, 68 km from the capital Chisinau, at the intersection of roads of republican importance: Chisinau &#8211; Bolgrad, Chisinau &#8211; Giurgiulesti, Tiraspol &#8211; Leova, being 30 km from Comrat, 57 km from Causeni, 35 km from Hincesti, 28 km from Basarabeasca and 52 km from Leova.<\/p>\n<p style=\"text-align: justify;\">The Cimislia rayon cannot be characterised as a poorly industrialised rayon, which is yet another reason for creating an FEZ subzone.<\/p>\n<p style=\"text-align: justify;\">81.5% of the district&#8217;s industry is represented by manufacturing industry, but in fact practically all of it is manufacturing, since the difference up to 100% is the production and supply of electricity and heat, gas, hot water and air conditioning.<\/p>\n<p style=\"text-align: justify;\">The presence of the &#8220;Balti&#8221; FEZ subzone in this district will contribute to the recovery of the situation by attracting significant foreign investment, but possibly also by the concept of industrial agglomeration of small enterprises in an industrial park, which in the future can serve to expand the business itself and attract new industrial companies.<\/p>\n<p style=\"text-align: justify;\">It will also contribute to the development of the industrial potential of the district of Cimislia, which at the moment shows a more chaotic development and far below the industrial potential that could be exploited.<\/p>\n<p style=\"text-align: justify;\">Attracting investors to the Cimislia subzone will have major fiscal, economic, social, administrative and environmental impacts on the development of the region. Among the most important impacts we mention: (i) increase of the total annual revenues to the public budget by at least 24.7 million lei annually, (ii) investments of at least 175 million lei and a turnover of the residents of the sub-area of at least 300 million lei annually, (iii) creation of at least 750 new jobs.<\/p>\n<p>[\/vc_column_text][\/vc_column_inner][\/vc_row_inner][vc_separator][\/vc_column][\/vc_row][vc_row][vc_column width=&#8221;1\/3&#8243;][vc_custom_heading text=&#8221;Subzone no. 18&#8243; font_container=&#8221;tag:h1|text_align:center|color:%23046669&#8243; use_theme_fonts=&#8221;yes&#8221; link=&#8221;url:https%3A%2F%2Fzelb.md%2Fen%2Fsubzones%2Fzona-cimislia%2Fsubzone-no-18%2F|||&#8221;]<div class=\"porto-ibanner porto-ibanner-effect-style1  \"  style=\"\" data-opacity=\"1\" data-hover-opacity=\"0.8\"><img loading=\"lazy\" decoding=\"async\" class=\"porto-ibanner-img\" style=\"opacity:1;\" alt=\"\" src=\"https:\/\/zelb.md\/wp-content\/uploads\/2019\/09\/subzona_14_Cimi\u0219lia.jpg\" width=\"538\" height=\"280\" \/><div id=\"interactive-banner-wrap-5094\" class=\"porto-ibanner-desc\" style=\"\"><h2 class=\"porto-ibanner-title\" style=\"color:#046669;\"><\/h2><div class=\"porto-ibanner-content\" style=\"color:#3d3d3d;\">\n<h3>Subzone no.18 &#8211; or. Cimi\u0219lia, str. Nicolae Iorga<\/h3>\n<p><\/div><\/div><a class=\"porto-ibanner-link\" href=\"https:\/\/zelb.md\/en\/subzones\/zona-cimislia\/subzone-no-18\/\"   ><\/a><\/div>[\/vc_column][vc_column width=&#8221;1\/3&#8243;][\/vc_column][vc_column width=&#8221;1\/3&#8243;][\/vc_column][\/vc_row]<\/p>\n","protected":false},"excerpt":{"rendered":"<p>[vc_row][vc_column][vc_row_inner][vc_column_inner width=&#8221;1\/4&#8243;][vc_single_image image=&#8221;1683&#8243; img_size=&#8221;medium&#8221;][vc_custom_heading text=&#8221;CIMI\u015eLIA&#8221; font_container=&#8221;tag:h2|text_align:center&#8221; use_theme_fonts=&#8221;yes&#8221; css=&#8221;.vc_custom_1547548309357{background-color: #e2e2e2 !important;}&#8221;][\/vc_column_inner][vc_column_inner width=&#8221;3\/4&#8243;][vc_column_text] Cimislia district is located in the southern region of the Republic of Moldova. The district centre is represented by the city of Cimislia, founded on 11 November 1940. The district is bordered to the north by the districts of Hincesti and Ialoveni, to the [&hellip;]<\/p>\n","protected":false},"author":8,"featured_media":0,"parent":3857,"menu_order":0,"comment_status":"closed","ping_status":"closed","template":"","meta":{"footnotes":""},"class_list":["post-3856","page","type-page","status-publish","hentry"],"yoast_head":"<!-- This site is optimized with the Yoast SEO plugin v26.6 - https:\/\/yoast.com\/wordpress\/plugins\/seo\/ -->\n<title>Cimi\u015flia - ZELB<\/title>\n<meta name=\"robots\" content=\"index, follow, max-snippet:-1, max-image-preview:large, max-video-preview:-1\" \/>\n<link rel=\"canonical\" href=\"https:\/\/zelb.md\/en\/subzones\/zona-cimislia\/\" \/>\n<meta property=\"og:locale\" content=\"en_US\" \/>\n<meta property=\"og:type\" content=\"article\" \/>\n<meta property=\"og:title\" content=\"Cimi\u015flia - ZELB\" \/>\n<meta property=\"og:description\" content=\"[vc_row][vc_column][vc_row_inner][vc_column_inner width=&#8221;1\/4&#8243;][vc_single_image image=&#8221;1683&#8243; img_size=&#8221;medium&#8221;][vc_custom_heading text=&#8221;CIMI\u015eLIA&#8221; font_container=&#8221;tag:h2|text_align:center&#8221; use_theme_fonts=&#8221;yes&#8221; css=&#8221;.vc_custom_1547548309357{background-color: #e2e2e2 !important;}&#8221;][\/vc_column_inner][vc_column_inner width=&#8221;3\/4&#8243;][vc_column_text] Cimislia district is located in the southern region of the Republic of Moldova. The district centre is represented by the city of Cimislia, founded on 11 November 1940. The district is bordered to the north by the districts of Hincesti and Ialoveni, to the [&hellip;]\" \/>\n<meta property=\"og:url\" content=\"https:\/\/zelb.md\/en\/subzones\/zona-cimislia\/\" \/>\n<meta property=\"og:site_name\" content=\"ZELB\" \/>\n<meta property=\"article:publisher\" content=\"https:\/\/www.facebook.com\/zelbalti\/\" \/>\n<meta property=\"article:modified_time\" content=\"2024-02-26T21:37:39+00:00\" \/>\n<meta name=\"twitter:card\" content=\"summary_large_image\" \/>\n<meta name=\"twitter:label1\" content=\"Est. reading time\" \/>\n\t<meta name=\"twitter:data1\" content=\"3 minutes\" \/>\n<script type=\"application\/ld+json\" class=\"yoast-schema-graph\">{\"@context\":\"https:\/\/schema.org\",\"@graph\":[{\"@type\":\"WebPage\",\"@id\":\"https:\/\/zelb.md\/en\/subzones\/zona-cimislia\/\",\"url\":\"https:\/\/zelb.md\/en\/subzones\/zona-cimislia\/\",\"name\":\"Cimi\u015flia - ZELB\",\"isPartOf\":{\"@id\":\"https:\/\/zelb.md\/#website\"},\"datePublished\":\"2019-01-15T10:32:20+00:00\",\"dateModified\":\"2024-02-26T21:37:39+00:00\",\"breadcrumb\":{\"@id\":\"https:\/\/zelb.md\/en\/subzones\/zona-cimislia\/#breadcrumb\"},\"inLanguage\":\"en-US\",\"potentialAction\":[{\"@type\":\"ReadAction\",\"target\":[\"https:\/\/zelb.md\/en\/subzones\/zona-cimislia\/\"]}]},{\"@type\":\"BreadcrumbList\",\"@id\":\"https:\/\/zelb.md\/en\/subzones\/zona-cimislia\/#breadcrumb\",\"itemListElement\":[{\"@type\":\"ListItem\",\"position\":1,\"name\":\"Prima pagin\u0103\",\"item\":\"https:\/\/zelb.md\/en\/\"},{\"@type\":\"ListItem\",\"position\":2,\"name\":\"Subzones\",\"item\":\"https:\/\/zelb.md\/en\/subzones\/\"},{\"@type\":\"ListItem\",\"position\":3,\"name\":\"Cimi\u015flia\"}]},{\"@type\":\"WebSite\",\"@id\":\"https:\/\/zelb.md\/#website\",\"url\":\"https:\/\/zelb.md\/\",\"name\":\"ZELB\",\"description\":\"Zona Economic\u0103 Liber\u0103 B\u0103l\u0163i\",\"publisher\":{\"@id\":\"https:\/\/zelb.md\/#organization\"},\"potentialAction\":[{\"@type\":\"SearchAction\",\"target\":{\"@type\":\"EntryPoint\",\"urlTemplate\":\"https:\/\/zelb.md\/?s={search_term_string}\"},\"query-input\":{\"@type\":\"PropertyValueSpecification\",\"valueRequired\":true,\"valueName\":\"search_term_string\"}}],\"inLanguage\":\"en-US\"},{\"@type\":\"Organization\",\"@id\":\"https:\/\/zelb.md\/#organization\",\"name\":\"ZELB\",\"url\":\"https:\/\/zelb.md\/\",\"logo\":{\"@type\":\"ImageObject\",\"inLanguage\":\"en-US\",\"@id\":\"https:\/\/zelb.md\/#\/schema\/logo\/image\/\",\"url\":\"https:\/\/zelb.md\/wp-content\/uploads\/2018\/06\/zelb-logo-8-ani.png\",\"contentUrl\":\"https:\/\/zelb.md\/wp-content\/uploads\/2018\/06\/zelb-logo-8-ani.png\",\"width\":255,\"height\":105,\"caption\":\"ZELB\"},\"image\":{\"@id\":\"https:\/\/zelb.md\/#\/schema\/logo\/image\/\"},\"sameAs\":[\"https:\/\/www.facebook.com\/zelbalti\/\"]}]}<\/script>\n<!-- \/ Yoast SEO plugin. -->","yoast_head_json":{"title":"Cimi\u015flia - ZELB","robots":{"index":"index","follow":"follow","max-snippet":"max-snippet:-1","max-image-preview":"max-image-preview:large","max-video-preview":"max-video-preview:-1"},"canonical":"https:\/\/zelb.md\/en\/subzones\/zona-cimislia\/","og_locale":"en_US","og_type":"article","og_title":"Cimi\u015flia - ZELB","og_description":"[vc_row][vc_column][vc_row_inner][vc_column_inner width=&#8221;1\/4&#8243;][vc_single_image image=&#8221;1683&#8243; img_size=&#8221;medium&#8221;][vc_custom_heading text=&#8221;CIMI\u015eLIA&#8221; font_container=&#8221;tag:h2|text_align:center&#8221; use_theme_fonts=&#8221;yes&#8221; css=&#8221;.vc_custom_1547548309357{background-color: #e2e2e2 !important;}&#8221;][\/vc_column_inner][vc_column_inner width=&#8221;3\/4&#8243;][vc_column_text] Cimislia district is located in the southern region of the Republic of Moldova. The district centre is represented by the city of Cimislia, founded on 11 November 1940. The district is bordered to the north by the districts of Hincesti and Ialoveni, to the [&hellip;]","og_url":"https:\/\/zelb.md\/en\/subzones\/zona-cimislia\/","og_site_name":"ZELB","article_publisher":"https:\/\/www.facebook.com\/zelbalti\/","article_modified_time":"2024-02-26T21:37:39+00:00","twitter_card":"summary_large_image","twitter_misc":{"Est. reading time":"3 minutes"},"schema":{"@context":"https:\/\/schema.org","@graph":[{"@type":"WebPage","@id":"https:\/\/zelb.md\/en\/subzones\/zona-cimislia\/","url":"https:\/\/zelb.md\/en\/subzones\/zona-cimislia\/","name":"Cimi\u015flia - ZELB","isPartOf":{"@id":"https:\/\/zelb.md\/#website"},"datePublished":"2019-01-15T10:32:20+00:00","dateModified":"2024-02-26T21:37:39+00:00","breadcrumb":{"@id":"https:\/\/zelb.md\/en\/subzones\/zona-cimislia\/#breadcrumb"},"inLanguage":"en-US","potentialAction":[{"@type":"ReadAction","target":["https:\/\/zelb.md\/en\/subzones\/zona-cimislia\/"]}]},{"@type":"BreadcrumbList","@id":"https:\/\/zelb.md\/en\/subzones\/zona-cimislia\/#breadcrumb","itemListElement":[{"@type":"ListItem","position":1,"name":"Prima pagin\u0103","item":"https:\/\/zelb.md\/en\/"},{"@type":"ListItem","position":2,"name":"Subzones","item":"https:\/\/zelb.md\/en\/subzones\/"},{"@type":"ListItem","position":3,"name":"Cimi\u015flia"}]},{"@type":"WebSite","@id":"https:\/\/zelb.md\/#website","url":"https:\/\/zelb.md\/","name":"ZELB","description":"Zona Economic\u0103 Liber\u0103 B\u0103l\u0163i","publisher":{"@id":"https:\/\/zelb.md\/#organization"},"potentialAction":[{"@type":"SearchAction","target":{"@type":"EntryPoint","urlTemplate":"https:\/\/zelb.md\/?s={search_term_string}"},"query-input":{"@type":"PropertyValueSpecification","valueRequired":true,"valueName":"search_term_string"}}],"inLanguage":"en-US"},{"@type":"Organization","@id":"https:\/\/zelb.md\/#organization","name":"ZELB","url":"https:\/\/zelb.md\/","logo":{"@type":"ImageObject","inLanguage":"en-US","@id":"https:\/\/zelb.md\/#\/schema\/logo\/image\/","url":"https:\/\/zelb.md\/wp-content\/uploads\/2018\/06\/zelb-logo-8-ani.png","contentUrl":"https:\/\/zelb.md\/wp-content\/uploads\/2018\/06\/zelb-logo-8-ani.png","width":255,"height":105,"caption":"ZELB"},"image":{"@id":"https:\/\/zelb.md\/#\/schema\/logo\/image\/"},"sameAs":["https:\/\/www.facebook.com\/zelbalti\/"]}]}},"_links":{"self":[{"href":"https:\/\/zelb.md\/en\/wp-json\/wp\/v2\/pages\/3856","targetHints":{"allow":["GET"]}}],"collection":[{"href":"https:\/\/zelb.md\/en\/wp-json\/wp\/v2\/pages"}],"about":[{"href":"https:\/\/zelb.md\/en\/wp-json\/wp\/v2\/types\/page"}],"author":[{"embeddable":true,"href":"https:\/\/zelb.md\/en\/wp-json\/wp\/v2\/users\/8"}],"replies":[{"embeddable":true,"href":"https:\/\/zelb.md\/en\/wp-json\/wp\/v2\/comments?post=3856"}],"version-history":[{"count":3,"href":"https:\/\/zelb.md\/en\/wp-json\/wp\/v2\/pages\/3856\/revisions"}],"predecessor-version":[{"id":4149,"href":"https:\/\/zelb.md\/en\/wp-json\/wp\/v2\/pages\/3856\/revisions\/4149"}],"up":[{"embeddable":true,"href":"https:\/\/zelb.md\/en\/wp-json\/wp\/v2\/pages\/3857"}],"wp:attachment":[{"href":"https:\/\/zelb.md\/en\/wp-json\/wp\/v2\/media?parent=3856"}],"curies":[{"name":"wp","href":"https:\/\/api.w.org\/{rel}","templated":true}]}}