{"id":3855,"date":"2019-01-15T12:52:23","date_gmt":"2019-01-15T10:52:23","guid":{"rendered":"https:\/\/zelb.md\/zona-stefan-voda\/"},"modified":"2024-02-26T23:46:44","modified_gmt":"2024-02-26T21:46:44","slug":"zona-stefan-voda","status":"publish","type":"page","link":"https:\/\/zelb.md\/en\/subzones\/zona-stefan-voda\/","title":{"rendered":"\u0218tefan Vod\u0103"},"content":{"rendered":"<p>[vc_row][vc_column][vc_row_inner][vc_column_inner width=&#8221;1\/4&#8243;][vc_single_image image=&#8221;1685&#8243; img_size=&#8221;medium&#8221; alignment=&#8221;center&#8221;][vc_custom_heading text=&#8221;\u015eTEFAN VOD\u0102&#8221; font_container=&#8221;tag:h2|text_align:center&#8221; use_theme_fonts=&#8221;yes&#8221; css=&#8221;.vc_custom_1547549460375{background-color: #e2e2e2 !important;}&#8221;][\/vc_column_inner][vc_column_inner width=&#8221;3\/4&#8243;][vc_column_text]Stefan Voda district is located in the southeastern part of the Republic of Moldova at a distance of 100 km from Chisinau. The district borders on the north-west with the district of Causeni, on the north-east with the district of Slobozia and on the south with Ukraine. The length of the district border is 277.56 km, of which: with Ukraine &#8211; 166.65 km, with Causeni district &#8211; 42.81 km and with Slobozia district &#8211; 68.1 km. The length of the district border on the Nistru River is 126.82 km.<\/p>\n<p style=\"text-align: justify;\"><img loading=\"lazy\" decoding=\"async\" class=\"wp-image-1635 size-full aligncenter\" src=\"http:\/\/zelb.md\/wp-content\/uploads\/2019\/01\/raionul-stefan-voda.jpg\" alt=\"\" width=\"810\" height=\"501\" srcset=\"https:\/\/zelb.md\/wp-content\/uploads\/2019\/01\/raionul-stefan-voda.jpg 810w, https:\/\/zelb.md\/wp-content\/uploads\/2019\/01\/raionul-stefan-voda-300x186.jpg 300w, https:\/\/zelb.md\/wp-content\/uploads\/2019\/01\/raionul-stefan-voda-768x475.jpg 768w\" sizes=\"auto, (max-width: 810px) 100vw, 810px\" \/>Figure 1. Stefan Voda District<\/p>\n<p>Stefan Voda city is located in the southeastern part of the Republic of Moldova, 105 km from Chisinau. From three sides, the city is in close proximity to Ukraine. It is 45 km to the city of Tighina and 27 km to the railway station in Causeni.<\/p>\n<p>Stefan Voda district cannot be characterized as a district with a diversified industry, most of the production base being generated by industrial activities associated with the processing of agricultural production, and the creation here of the sub-area of the &#8220;Balti&#8221; FEZ can contribute to the development of new industrial areas.<br \/>\nThe district&#8217;s industrial base consists of 40 enterprises, of which only one can be classified as a large enterprise according to the Law on SMEs.<\/p>\n<p>The district&#8217;s industry is 82.3% manufacturing industry, but in fact practically all the industry is manufacturing, as the difference up to 100% is the production and supply of electricity and heat, gas, hot water and air conditioning.<\/p>\n<p>The volume of industrial production per capita was approx. 93% of the regional average in 2016 (3.1 thousand lei), and the industrial sector, with the exception of 2-3 larger enterprises, is highly fragmented, being represented by a relatively large number of small\/micro enterprises.<\/p>\n<p>The evolution of industrial production in Stefan Voda district confirms the industrial potential of the region, although it is considered a predominantly agricultural district.<br \/>\nThe establishment of the Balti FEZ will help to exploit the industrial potential of the Stefan Voda district, which is currently developing in a more chaotic manner and far below the industrial potential that could be exploited.[\/vc_column_text][\/vc_column_inner][\/vc_row_inner][vc_separator][\/vc_column][\/vc_row][vc_row][vc_column width=&#8221;1\/3&#8243;][vc_custom_heading text=&#8221;Subzone no. 10&#8243; font_container=&#8221;tag:h1|text_align:center|color:%23046669&#8243; use_theme_fonts=&#8221;yes&#8221; link=&#8221;url:https%3A%2F%2Fzelb.md%2Fen%2Fsubzones%2Fzona-stefan-voda%2Fsubzone-no-10%2F|||&#8221;]<div class=\"porto-ibanner porto-ibanner-effect-style1  \"  style=\"\" data-opacity=\"1\" data-hover-opacity=\"0.8\"><img loading=\"lazy\" decoding=\"async\" class=\"porto-ibanner-img\" style=\"opacity:1;\" alt=\"\" src=\"https:\/\/zelb.md\/wp-content\/uploads\/2019\/01\/subzona_stefan-voda.jpg\" width=\"537\" height=\"302\" \/><div id=\"interactive-banner-wrap-2535\" class=\"porto-ibanner-desc\" style=\"\"><h2 class=\"porto-ibanner-title\" style=\"color:#046669;\"><\/h2><div class=\"porto-ibanner-content\" style=\"color:#3d3d3d;\">\n<h3>Subzone no.10 &#8211; 1A Cetatea Alba str., Stefan Voda<\/h3>\n<p><\/div><\/div><a class=\"porto-ibanner-link\" href=\"https:\/\/zelb.md\/en\/subzones\/zona-stefan-voda\/subzone-no-10\/\"   ><\/a><\/div>[\/vc_column][vc_column width=&#8221;1\/3&#8243;][\/vc_column][vc_column width=&#8221;1\/3&#8243;][\/vc_column][\/vc_row]<\/p>\n","protected":false},"excerpt":{"rendered":"<p>[vc_row][vc_column][vc_row_inner][vc_column_inner width=&#8221;1\/4&#8243;][vc_single_image image=&#8221;1685&#8243; img_size=&#8221;medium&#8221; alignment=&#8221;center&#8221;][vc_custom_heading text=&#8221;\u015eTEFAN VOD\u0102&#8221; font_container=&#8221;tag:h2|text_align:center&#8221; use_theme_fonts=&#8221;yes&#8221; css=&#8221;.vc_custom_1547549460375{background-color: #e2e2e2 !important;}&#8221;][\/vc_column_inner][vc_column_inner width=&#8221;3\/4&#8243;][vc_column_text]Stefan Voda district is located in the southeastern part of the Republic of Moldova at a distance of 100 km from Chisinau. The district borders on the north-west with the district of Causeni, on the north-east with the district of Slobozia and on [&hellip;]<\/p>\n","protected":false},"author":8,"featured_media":0,"parent":3857,"menu_order":0,"comment_status":"closed","ping_status":"closed","template":"","meta":{"footnotes":""},"class_list":["post-3855","page","type-page","status-publish","hentry"],"yoast_head":"<!-- This site is optimized with the Yoast SEO plugin v26.6 - https:\/\/yoast.com\/wordpress\/plugins\/seo\/ -->\n<title>\u0218tefan Vod\u0103 - ZELB<\/title>\n<meta name=\"robots\" content=\"index, follow, max-snippet:-1, max-image-preview:large, max-video-preview:-1\" \/>\n<link rel=\"canonical\" href=\"https:\/\/zelb.md\/en\/subzones\/zona-stefan-voda\/\" \/>\n<meta property=\"og:locale\" content=\"en_US\" \/>\n<meta property=\"og:type\" content=\"article\" \/>\n<meta property=\"og:title\" content=\"\u0218tefan Vod\u0103 - ZELB\" \/>\n<meta property=\"og:description\" content=\"[vc_row][vc_column][vc_row_inner][vc_column_inner width=&#8221;1\/4&#8243;][vc_single_image image=&#8221;1685&#8243; img_size=&#8221;medium&#8221; alignment=&#8221;center&#8221;][vc_custom_heading text=&#8221;\u015eTEFAN VOD\u0102&#8221; font_container=&#8221;tag:h2|text_align:center&#8221; use_theme_fonts=&#8221;yes&#8221; css=&#8221;.vc_custom_1547549460375{background-color: #e2e2e2 !important;}&#8221;][\/vc_column_inner][vc_column_inner width=&#8221;3\/4&#8243;][vc_column_text]Stefan Voda district is located in the southeastern part of the Republic of Moldova at a distance of 100 km from Chisinau. The district borders on the north-west with the district of Causeni, on the north-east with the district of Slobozia and on [&hellip;]\" \/>\n<meta property=\"og:url\" content=\"https:\/\/zelb.md\/en\/subzones\/zona-stefan-voda\/\" \/>\n<meta property=\"og:site_name\" content=\"ZELB\" \/>\n<meta property=\"article:publisher\" content=\"https:\/\/www.facebook.com\/zelbalti\/\" \/>\n<meta property=\"article:modified_time\" content=\"2024-02-26T21:46:44+00:00\" \/>\n<meta property=\"og:image\" content=\"http:\/\/zelb.md\/wp-content\/uploads\/2019\/01\/raionul-stefan-voda.jpg\" \/>\n<meta name=\"twitter:card\" content=\"summary_large_image\" \/>\n<meta name=\"twitter:label1\" content=\"Est. reading time\" \/>\n\t<meta name=\"twitter:data1\" content=\"3 minutes\" \/>\n<script type=\"application\/ld+json\" class=\"yoast-schema-graph\">{\"@context\":\"https:\/\/schema.org\",\"@graph\":[{\"@type\":\"WebPage\",\"@id\":\"https:\/\/zelb.md\/en\/subzones\/zona-stefan-voda\/\",\"url\":\"https:\/\/zelb.md\/en\/subzones\/zona-stefan-voda\/\",\"name\":\"\u0218tefan Vod\u0103 - ZELB\",\"isPartOf\":{\"@id\":\"https:\/\/zelb.md\/#website\"},\"primaryImageOfPage\":{\"@id\":\"https:\/\/zelb.md\/en\/subzones\/zona-stefan-voda\/#primaryimage\"},\"image\":{\"@id\":\"https:\/\/zelb.md\/en\/subzones\/zona-stefan-voda\/#primaryimage\"},\"thumbnailUrl\":\"http:\/\/zelb.md\/wp-content\/uploads\/2019\/01\/raionul-stefan-voda.jpg\",\"datePublished\":\"2019-01-15T10:52:23+00:00\",\"dateModified\":\"2024-02-26T21:46:44+00:00\",\"breadcrumb\":{\"@id\":\"https:\/\/zelb.md\/en\/subzones\/zona-stefan-voda\/#breadcrumb\"},\"inLanguage\":\"en-US\",\"potentialAction\":[{\"@type\":\"ReadAction\",\"target\":[\"https:\/\/zelb.md\/en\/subzones\/zona-stefan-voda\/\"]}]},{\"@type\":\"ImageObject\",\"inLanguage\":\"en-US\",\"@id\":\"https:\/\/zelb.md\/en\/subzones\/zona-stefan-voda\/#primaryimage\",\"url\":\"http:\/\/zelb.md\/wp-content\/uploads\/2019\/01\/raionul-stefan-voda.jpg\",\"contentUrl\":\"http:\/\/zelb.md\/wp-content\/uploads\/2019\/01\/raionul-stefan-voda.jpg\"},{\"@type\":\"BreadcrumbList\",\"@id\":\"https:\/\/zelb.md\/en\/subzones\/zona-stefan-voda\/#breadcrumb\",\"itemListElement\":[{\"@type\":\"ListItem\",\"position\":1,\"name\":\"Prima pagin\u0103\",\"item\":\"https:\/\/zelb.md\/en\/\"},{\"@type\":\"ListItem\",\"position\":2,\"name\":\"Subzones\",\"item\":\"https:\/\/zelb.md\/en\/subzones\/\"},{\"@type\":\"ListItem\",\"position\":3,\"name\":\"\u0218tefan Vod\u0103\"}]},{\"@type\":\"WebSite\",\"@id\":\"https:\/\/zelb.md\/#website\",\"url\":\"https:\/\/zelb.md\/\",\"name\":\"ZELB\",\"description\":\"Zona Economic\u0103 Liber\u0103 B\u0103l\u0163i\",\"publisher\":{\"@id\":\"https:\/\/zelb.md\/#organization\"},\"potentialAction\":[{\"@type\":\"SearchAction\",\"target\":{\"@type\":\"EntryPoint\",\"urlTemplate\":\"https:\/\/zelb.md\/?s={search_term_string}\"},\"query-input\":{\"@type\":\"PropertyValueSpecification\",\"valueRequired\":true,\"valueName\":\"search_term_string\"}}],\"inLanguage\":\"en-US\"},{\"@type\":\"Organization\",\"@id\":\"https:\/\/zelb.md\/#organization\",\"name\":\"ZELB\",\"url\":\"https:\/\/zelb.md\/\",\"logo\":{\"@type\":\"ImageObject\",\"inLanguage\":\"en-US\",\"@id\":\"https:\/\/zelb.md\/#\/schema\/logo\/image\/\",\"url\":\"https:\/\/zelb.md\/wp-content\/uploads\/2018\/06\/zelb-logo-8-ani.png\",\"contentUrl\":\"https:\/\/zelb.md\/wp-content\/uploads\/2018\/06\/zelb-logo-8-ani.png\",\"width\":255,\"height\":105,\"caption\":\"ZELB\"},\"image\":{\"@id\":\"https:\/\/zelb.md\/#\/schema\/logo\/image\/\"},\"sameAs\":[\"https:\/\/www.facebook.com\/zelbalti\/\"]}]}<\/script>\n<!-- \/ Yoast SEO plugin. -->","yoast_head_json":{"title":"\u0218tefan Vod\u0103 - ZELB","robots":{"index":"index","follow":"follow","max-snippet":"max-snippet:-1","max-image-preview":"max-image-preview:large","max-video-preview":"max-video-preview:-1"},"canonical":"https:\/\/zelb.md\/en\/subzones\/zona-stefan-voda\/","og_locale":"en_US","og_type":"article","og_title":"\u0218tefan Vod\u0103 - ZELB","og_description":"[vc_row][vc_column][vc_row_inner][vc_column_inner width=&#8221;1\/4&#8243;][vc_single_image image=&#8221;1685&#8243; img_size=&#8221;medium&#8221; alignment=&#8221;center&#8221;][vc_custom_heading text=&#8221;\u015eTEFAN VOD\u0102&#8221; font_container=&#8221;tag:h2|text_align:center&#8221; use_theme_fonts=&#8221;yes&#8221; css=&#8221;.vc_custom_1547549460375{background-color: #e2e2e2 !important;}&#8221;][\/vc_column_inner][vc_column_inner width=&#8221;3\/4&#8243;][vc_column_text]Stefan Voda district is located in the southeastern part of the Republic of Moldova at a distance of 100 km from Chisinau. The district borders on the north-west with the district of Causeni, on the north-east with the district of Slobozia and on [&hellip;]","og_url":"https:\/\/zelb.md\/en\/subzones\/zona-stefan-voda\/","og_site_name":"ZELB","article_publisher":"https:\/\/www.facebook.com\/zelbalti\/","article_modified_time":"2024-02-26T21:46:44+00:00","og_image":[{"url":"http:\/\/zelb.md\/wp-content\/uploads\/2019\/01\/raionul-stefan-voda.jpg","type":"","width":"","height":""}],"twitter_card":"summary_large_image","twitter_misc":{"Est. reading time":"3 minutes"},"schema":{"@context":"https:\/\/schema.org","@graph":[{"@type":"WebPage","@id":"https:\/\/zelb.md\/en\/subzones\/zona-stefan-voda\/","url":"https:\/\/zelb.md\/en\/subzones\/zona-stefan-voda\/","name":"\u0218tefan Vod\u0103 - ZELB","isPartOf":{"@id":"https:\/\/zelb.md\/#website"},"primaryImageOfPage":{"@id":"https:\/\/zelb.md\/en\/subzones\/zona-stefan-voda\/#primaryimage"},"image":{"@id":"https:\/\/zelb.md\/en\/subzones\/zona-stefan-voda\/#primaryimage"},"thumbnailUrl":"http:\/\/zelb.md\/wp-content\/uploads\/2019\/01\/raionul-stefan-voda.jpg","datePublished":"2019-01-15T10:52:23+00:00","dateModified":"2024-02-26T21:46:44+00:00","breadcrumb":{"@id":"https:\/\/zelb.md\/en\/subzones\/zona-stefan-voda\/#breadcrumb"},"inLanguage":"en-US","potentialAction":[{"@type":"ReadAction","target":["https:\/\/zelb.md\/en\/subzones\/zona-stefan-voda\/"]}]},{"@type":"ImageObject","inLanguage":"en-US","@id":"https:\/\/zelb.md\/en\/subzones\/zona-stefan-voda\/#primaryimage","url":"http:\/\/zelb.md\/wp-content\/uploads\/2019\/01\/raionul-stefan-voda.jpg","contentUrl":"http:\/\/zelb.md\/wp-content\/uploads\/2019\/01\/raionul-stefan-voda.jpg"},{"@type":"BreadcrumbList","@id":"https:\/\/zelb.md\/en\/subzones\/zona-stefan-voda\/#breadcrumb","itemListElement":[{"@type":"ListItem","position":1,"name":"Prima pagin\u0103","item":"https:\/\/zelb.md\/en\/"},{"@type":"ListItem","position":2,"name":"Subzones","item":"https:\/\/zelb.md\/en\/subzones\/"},{"@type":"ListItem","position":3,"name":"\u0218tefan Vod\u0103"}]},{"@type":"WebSite","@id":"https:\/\/zelb.md\/#website","url":"https:\/\/zelb.md\/","name":"ZELB","description":"Zona Economic\u0103 Liber\u0103 B\u0103l\u0163i","publisher":{"@id":"https:\/\/zelb.md\/#organization"},"potentialAction":[{"@type":"SearchAction","target":{"@type":"EntryPoint","urlTemplate":"https:\/\/zelb.md\/?s={search_term_string}"},"query-input":{"@type":"PropertyValueSpecification","valueRequired":true,"valueName":"search_term_string"}}],"inLanguage":"en-US"},{"@type":"Organization","@id":"https:\/\/zelb.md\/#organization","name":"ZELB","url":"https:\/\/zelb.md\/","logo":{"@type":"ImageObject","inLanguage":"en-US","@id":"https:\/\/zelb.md\/#\/schema\/logo\/image\/","url":"https:\/\/zelb.md\/wp-content\/uploads\/2018\/06\/zelb-logo-8-ani.png","contentUrl":"https:\/\/zelb.md\/wp-content\/uploads\/2018\/06\/zelb-logo-8-ani.png","width":255,"height":105,"caption":"ZELB"},"image":{"@id":"https:\/\/zelb.md\/#\/schema\/logo\/image\/"},"sameAs":["https:\/\/www.facebook.com\/zelbalti\/"]}]}},"_links":{"self":[{"href":"https:\/\/zelb.md\/en\/wp-json\/wp\/v2\/pages\/3855","targetHints":{"allow":["GET"]}}],"collection":[{"href":"https:\/\/zelb.md\/en\/wp-json\/wp\/v2\/pages"}],"about":[{"href":"https:\/\/zelb.md\/en\/wp-json\/wp\/v2\/types\/page"}],"author":[{"embeddable":true,"href":"https:\/\/zelb.md\/en\/wp-json\/wp\/v2\/users\/8"}],"replies":[{"embeddable":true,"href":"https:\/\/zelb.md\/en\/wp-json\/wp\/v2\/comments?post=3855"}],"version-history":[{"count":3,"href":"https:\/\/zelb.md\/en\/wp-json\/wp\/v2\/pages\/3855\/revisions"}],"predecessor-version":[{"id":4159,"href":"https:\/\/zelb.md\/en\/wp-json\/wp\/v2\/pages\/3855\/revisions\/4159"}],"up":[{"embeddable":true,"href":"https:\/\/zelb.md\/en\/wp-json\/wp\/v2\/pages\/3857"}],"wp:attachment":[{"href":"https:\/\/zelb.md\/en\/wp-json\/wp\/v2\/media?parent=3855"}],"curies":[{"name":"wp","href":"https:\/\/api.w.org\/{rel}","templated":true}]}}