{"id":3853,"date":"2019-01-15T12:56:35","date_gmt":"2019-01-15T10:56:35","guid":{"rendered":"https:\/\/zelb.md\/zona-falesti\/"},"modified":"2024-02-26T18:46:10","modified_gmt":"2024-02-26T16:46:10","slug":"zona-falesti","status":"publish","type":"page","link":"https:\/\/zelb.md\/en\/subzones\/zona-falesti\/","title":{"rendered":"F\u0103le\u015fti"},"content":{"rendered":"<p>[vc_row][vc_column][vc_row_inner][vc_column_inner width=&#8221;1\/4&#8243;][vc_single_image image=&#8221;1677&#8243; img_size=&#8221;medium&#8221; alignment=&#8221;center&#8221;][vc_custom_heading text=&#8221;F\u0102LE\u015eTI&#8221; font_container=&#8221;tag:h2|text_align:center&#8221; use_theme_fonts=&#8221;yes&#8221; css=&#8221;.vc_custom_1547549740823{background-color: #e2e2e2 !important;}&#8221;][\/vc_column_inner][vc_column_inner width=&#8221;3\/4&#8243;][vc_column_text]Falesti district is located in the north-western part of the Republic of Moldova, on a total area of 1072.6 km2. Falesti district is bordered by Glodeni, Ungheni, Singerei and mun. Balti.<\/p>\n<p>The agricultural land of Falesti district is 80501,79 ha of which: arable &#8211; 57623,2 ha; multiannual plantations &#8211; 3711,63 ha; pastures and hayfields &#8211; 17500,13 ha; grassland &#8211; 1666,8 ha.<\/p>\n<p>Falesti rayon has 76 localities, including cities &#8211; 1, localities within the city &#8211; 1, villages (communes) &#8211; 32, localities within villages (communes) &#8211; 74.<br \/>\nFalesti district consists of 33 municipalities (Falesti, Albine\u021bul Vechi, Bocani, Catran\u00eec, Calug\u0103r, Calinesti, Chetri\u0219, Ciolacu Nou, Egorovca, Falesti Noi, Glinjeni, Hincesti, Hore\u0219ti, Hiliu\u021bi, Ilenu\u021ba, I\u0219calau, Izvoare, Logofteni, M\u0103r\u0103ndeni, Muste\u021ba, Natalievca, N\u0103v\u00eerne\u021b, Obreja Veche, Petrosu, P\u00eenz\u0103reni, P\u00eerli\u021ba, Pompa, Pruteni, R\u0103u\u021bel, Risipeni, S\u0103rata Veche, Scumpia Taxobeni ) which includes 76 localities.<\/p>\n<p>In Falesti district there are currently 12977 economic agents, including: 10755 &#8211; peasant households; 1109 &#8211; individual enterprises; 1113 &#8211; legal entities (499 &#8211; SRL, 24 &#8211; SA, 590 &#8211; other organizational forms). The main fields of activity of the business environment are: trade, provision of services, transport, construction, pharmaceuticals, agriculture, etc.<\/p>\n<p>Heavy industry of the district is represented by 6 enterprises: SA &#8220;Protos&#8221;- production of pipes, provision of services; SA &#8220;Prut-80&#8221;- machinery, wood processing equipment, machinery, metal articles , SA &#8220;Sanitation Machine Plant&#8221;- equipment and machinery for road maintenance and construction, irrigation systems, metal and construction, SA &#8220;Specialized Enterprise for Repair of Technique&#8221;- repair of agricultural technique, tractors, repair of diesel engine power systems; Ltd. &#8220;Agas-Ros&#8221; &#8211; trade, provision of services, metal manufacturing; Ltd. &#8220;Metalgros&#8221; &#8211; provision of services, metal manufacturing.<\/p>\n<p>The light industry of Falesti district is represented by 7 enterprises, 6 of which are with foreign capital: \u00ceCS ,,Marthatex&#8221;- manufacture of garments, textile articles; \u00ceCS &#8220;Textre&#8221; SRL &#8211; manufacture of garments, textile articles; \u00ceCS ,,Romina Cablaggi&#8221; SRL &#8211; assembly of electric cables for automobiles; \u00ceCS &#8220;Plastic-Manufacturing&#8221; SRL &#8211; assembly of toys; \u00ceSC &#8220;Gabriedil&#8221;- construction services, installation, repair of machinery for \u00ceCS ,,Romina Cablaggi&#8221; , SRL ,,Belig-Service&#8221;- textile articles; \u00ceCS &#8220;Excel Manufacturing&#8221; SRL- manufacture of garments, textile articles.<br \/>\nThe manufacturing industry of Falesti district is represented by the enterprise &#8220;Mold-Nord&#8221; SA, Falesti Wine Factory.<\/p>\n<p>Similarly, a considerable contribution to the development of the district&#8217;s economy is made by small business.[\/vc_column_text][\/vc_column_inner][\/vc_row_inner][vc_separator][\/vc_column][\/vc_row][vc_row][vc_column width=&#8221;1\/3&#8243;][vc_custom_heading text=&#8221;Subzone no.9&#8243; font_container=&#8221;tag:h1|text_align:center|color:%23046669&#8243; use_theme_fonts=&#8221;yes&#8221; link=&#8221;url:https%3A%2F%2Fzelb.md%2Fen%2Fsubzones%2Fzona-falesti%2Fsubzone-no-9%2F|||&#8221;]<div class=\"porto-ibanner porto-ibanner-effect-style1  \"  style=\"\" data-opacity=\"1\" data-hover-opacity=\"0.8\"><img loading=\"lazy\" decoding=\"async\" class=\"porto-ibanner-img\" style=\"opacity:1;\" alt=\"\" src=\"https:\/\/zelb.md\/wp-content\/uploads\/2023\/12\/falesti.jpg\" width=\"747\" height=\"486\" \/><div id=\"interactive-banner-wrap-7887\" class=\"porto-ibanner-desc\" style=\"\"><h2 class=\"porto-ibanner-title\" style=\"color:#046669;\"><\/h2><div class=\"porto-ibanner-content\" style=\"color:#3d3d3d;\">\n<h3>Subzone nr.9 &#8211; Falesti, Albine\u021bul Vechi village<\/h3>\n<p><\/div><\/div><a class=\"porto-ibanner-link\" href=\"https:\/\/zelb.md\/en\/subzones\/zona-falesti\/subzone-no-9\/\"   ><\/a><\/div>[\/vc_column][vc_column width=&#8221;1\/3&#8243;][\/vc_column][vc_column width=&#8221;1\/3&#8243;][\/vc_column][\/vc_row]<\/p>\n","protected":false},"excerpt":{"rendered":"<p>[vc_row][vc_column][vc_row_inner][vc_column_inner width=&#8221;1\/4&#8243;][vc_single_image image=&#8221;1677&#8243; img_size=&#8221;medium&#8221; alignment=&#8221;center&#8221;][vc_custom_heading text=&#8221;F\u0102LE\u015eTI&#8221; font_container=&#8221;tag:h2|text_align:center&#8221; use_theme_fonts=&#8221;yes&#8221; css=&#8221;.vc_custom_1547549740823{background-color: #e2e2e2 !important;}&#8221;][\/vc_column_inner][vc_column_inner width=&#8221;3\/4&#8243;][vc_column_text]Falesti district is located in the north-western part of the Republic of Moldova, on a total area of 1072.6 km2. Falesti district is bordered by Glodeni, Ungheni, Singerei and mun. Balti. The agricultural land of Falesti district is 80501,79 ha of which: arable &#8211; [&hellip;]<\/p>\n","protected":false},"author":8,"featured_media":0,"parent":3857,"menu_order":0,"comment_status":"closed","ping_status":"closed","template":"","meta":{"footnotes":""},"class_list":["post-3853","page","type-page","status-publish","hentry"],"yoast_head":"<!-- This site is optimized with the Yoast SEO plugin v26.6 - https:\/\/yoast.com\/wordpress\/plugins\/seo\/ -->\n<title>F\u0103le\u015fti - ZELB<\/title>\n<meta name=\"robots\" content=\"index, follow, max-snippet:-1, max-image-preview:large, max-video-preview:-1\" \/>\n<link rel=\"canonical\" href=\"https:\/\/zelb.md\/en\/subzones\/zona-falesti\/\" \/>\n<meta property=\"og:locale\" content=\"en_US\" \/>\n<meta property=\"og:type\" content=\"article\" \/>\n<meta property=\"og:title\" content=\"F\u0103le\u015fti - ZELB\" \/>\n<meta property=\"og:description\" content=\"[vc_row][vc_column][vc_row_inner][vc_column_inner width=&#8221;1\/4&#8243;][vc_single_image image=&#8221;1677&#8243; img_size=&#8221;medium&#8221; alignment=&#8221;center&#8221;][vc_custom_heading text=&#8221;F\u0102LE\u015eTI&#8221; font_container=&#8221;tag:h2|text_align:center&#8221; use_theme_fonts=&#8221;yes&#8221; css=&#8221;.vc_custom_1547549740823{background-color: #e2e2e2 !important;}&#8221;][\/vc_column_inner][vc_column_inner width=&#8221;3\/4&#8243;][vc_column_text]Falesti district is located in the north-western part of the Republic of Moldova, on a total area of 1072.6 km2. Falesti district is bordered by Glodeni, Ungheni, Singerei and mun. Balti. The agricultural land of Falesti district is 80501,79 ha of which: arable &#8211; [&hellip;]\" \/>\n<meta property=\"og:url\" content=\"https:\/\/zelb.md\/en\/subzones\/zona-falesti\/\" \/>\n<meta property=\"og:site_name\" content=\"ZELB\" \/>\n<meta property=\"article:publisher\" content=\"https:\/\/www.facebook.com\/zelbalti\/\" \/>\n<meta property=\"article:modified_time\" content=\"2024-02-26T16:46:10+00:00\" \/>\n<meta name=\"twitter:card\" content=\"summary_large_image\" \/>\n<meta name=\"twitter:label1\" content=\"Est. reading time\" \/>\n\t<meta name=\"twitter:data1\" content=\"3 minutes\" \/>\n<script type=\"application\/ld+json\" class=\"yoast-schema-graph\">{\"@context\":\"https:\/\/schema.org\",\"@graph\":[{\"@type\":\"WebPage\",\"@id\":\"https:\/\/zelb.md\/en\/subzones\/zona-falesti\/\",\"url\":\"https:\/\/zelb.md\/en\/subzones\/zona-falesti\/\",\"name\":\"F\u0103le\u015fti - ZELB\",\"isPartOf\":{\"@id\":\"https:\/\/zelb.md\/#website\"},\"datePublished\":\"2019-01-15T10:56:35+00:00\",\"dateModified\":\"2024-02-26T16:46:10+00:00\",\"breadcrumb\":{\"@id\":\"https:\/\/zelb.md\/en\/subzones\/zona-falesti\/#breadcrumb\"},\"inLanguage\":\"en-US\",\"potentialAction\":[{\"@type\":\"ReadAction\",\"target\":[\"https:\/\/zelb.md\/en\/subzones\/zona-falesti\/\"]}]},{\"@type\":\"BreadcrumbList\",\"@id\":\"https:\/\/zelb.md\/en\/subzones\/zona-falesti\/#breadcrumb\",\"itemListElement\":[{\"@type\":\"ListItem\",\"position\":1,\"name\":\"Prima pagin\u0103\",\"item\":\"https:\/\/zelb.md\/en\/\"},{\"@type\":\"ListItem\",\"position\":2,\"name\":\"Subzones\",\"item\":\"https:\/\/zelb.md\/en\/subzones\/\"},{\"@type\":\"ListItem\",\"position\":3,\"name\":\"F\u0103le\u015fti\"}]},{\"@type\":\"WebSite\",\"@id\":\"https:\/\/zelb.md\/#website\",\"url\":\"https:\/\/zelb.md\/\",\"name\":\"ZELB\",\"description\":\"Zona Economic\u0103 Liber\u0103 B\u0103l\u0163i\",\"publisher\":{\"@id\":\"https:\/\/zelb.md\/#organization\"},\"potentialAction\":[{\"@type\":\"SearchAction\",\"target\":{\"@type\":\"EntryPoint\",\"urlTemplate\":\"https:\/\/zelb.md\/?s={search_term_string}\"},\"query-input\":{\"@type\":\"PropertyValueSpecification\",\"valueRequired\":true,\"valueName\":\"search_term_string\"}}],\"inLanguage\":\"en-US\"},{\"@type\":\"Organization\",\"@id\":\"https:\/\/zelb.md\/#organization\",\"name\":\"ZELB\",\"url\":\"https:\/\/zelb.md\/\",\"logo\":{\"@type\":\"ImageObject\",\"inLanguage\":\"en-US\",\"@id\":\"https:\/\/zelb.md\/#\/schema\/logo\/image\/\",\"url\":\"https:\/\/zelb.md\/wp-content\/uploads\/2018\/06\/zelb-logo-8-ani.png\",\"contentUrl\":\"https:\/\/zelb.md\/wp-content\/uploads\/2018\/06\/zelb-logo-8-ani.png\",\"width\":255,\"height\":105,\"caption\":\"ZELB\"},\"image\":{\"@id\":\"https:\/\/zelb.md\/#\/schema\/logo\/image\/\"},\"sameAs\":[\"https:\/\/www.facebook.com\/zelbalti\/\"]}]}<\/script>\n<!-- \/ Yoast SEO plugin. -->","yoast_head_json":{"title":"F\u0103le\u015fti - ZELB","robots":{"index":"index","follow":"follow","max-snippet":"max-snippet:-1","max-image-preview":"max-image-preview:large","max-video-preview":"max-video-preview:-1"},"canonical":"https:\/\/zelb.md\/en\/subzones\/zona-falesti\/","og_locale":"en_US","og_type":"article","og_title":"F\u0103le\u015fti - ZELB","og_description":"[vc_row][vc_column][vc_row_inner][vc_column_inner width=&#8221;1\/4&#8243;][vc_single_image image=&#8221;1677&#8243; img_size=&#8221;medium&#8221; alignment=&#8221;center&#8221;][vc_custom_heading text=&#8221;F\u0102LE\u015eTI&#8221; font_container=&#8221;tag:h2|text_align:center&#8221; use_theme_fonts=&#8221;yes&#8221; css=&#8221;.vc_custom_1547549740823{background-color: #e2e2e2 !important;}&#8221;][\/vc_column_inner][vc_column_inner width=&#8221;3\/4&#8243;][vc_column_text]Falesti district is located in the north-western part of the Republic of Moldova, on a total area of 1072.6 km2. Falesti district is bordered by Glodeni, Ungheni, Singerei and mun. Balti. The agricultural land of Falesti district is 80501,79 ha of which: arable &#8211; [&hellip;]","og_url":"https:\/\/zelb.md\/en\/subzones\/zona-falesti\/","og_site_name":"ZELB","article_publisher":"https:\/\/www.facebook.com\/zelbalti\/","article_modified_time":"2024-02-26T16:46:10+00:00","twitter_card":"summary_large_image","twitter_misc":{"Est. reading time":"3 minutes"},"schema":{"@context":"https:\/\/schema.org","@graph":[{"@type":"WebPage","@id":"https:\/\/zelb.md\/en\/subzones\/zona-falesti\/","url":"https:\/\/zelb.md\/en\/subzones\/zona-falesti\/","name":"F\u0103le\u015fti - ZELB","isPartOf":{"@id":"https:\/\/zelb.md\/#website"},"datePublished":"2019-01-15T10:56:35+00:00","dateModified":"2024-02-26T16:46:10+00:00","breadcrumb":{"@id":"https:\/\/zelb.md\/en\/subzones\/zona-falesti\/#breadcrumb"},"inLanguage":"en-US","potentialAction":[{"@type":"ReadAction","target":["https:\/\/zelb.md\/en\/subzones\/zona-falesti\/"]}]},{"@type":"BreadcrumbList","@id":"https:\/\/zelb.md\/en\/subzones\/zona-falesti\/#breadcrumb","itemListElement":[{"@type":"ListItem","position":1,"name":"Prima pagin\u0103","item":"https:\/\/zelb.md\/en\/"},{"@type":"ListItem","position":2,"name":"Subzones","item":"https:\/\/zelb.md\/en\/subzones\/"},{"@type":"ListItem","position":3,"name":"F\u0103le\u015fti"}]},{"@type":"WebSite","@id":"https:\/\/zelb.md\/#website","url":"https:\/\/zelb.md\/","name":"ZELB","description":"Zona Economic\u0103 Liber\u0103 B\u0103l\u0163i","publisher":{"@id":"https:\/\/zelb.md\/#organization"},"potentialAction":[{"@type":"SearchAction","target":{"@type":"EntryPoint","urlTemplate":"https:\/\/zelb.md\/?s={search_term_string}"},"query-input":{"@type":"PropertyValueSpecification","valueRequired":true,"valueName":"search_term_string"}}],"inLanguage":"en-US"},{"@type":"Organization","@id":"https:\/\/zelb.md\/#organization","name":"ZELB","url":"https:\/\/zelb.md\/","logo":{"@type":"ImageObject","inLanguage":"en-US","@id":"https:\/\/zelb.md\/#\/schema\/logo\/image\/","url":"https:\/\/zelb.md\/wp-content\/uploads\/2018\/06\/zelb-logo-8-ani.png","contentUrl":"https:\/\/zelb.md\/wp-content\/uploads\/2018\/06\/zelb-logo-8-ani.png","width":255,"height":105,"caption":"ZELB"},"image":{"@id":"https:\/\/zelb.md\/#\/schema\/logo\/image\/"},"sameAs":["https:\/\/www.facebook.com\/zelbalti\/"]}]}},"_links":{"self":[{"href":"https:\/\/zelb.md\/en\/wp-json\/wp\/v2\/pages\/3853","targetHints":{"allow":["GET"]}}],"collection":[{"href":"https:\/\/zelb.md\/en\/wp-json\/wp\/v2\/pages"}],"about":[{"href":"https:\/\/zelb.md\/en\/wp-json\/wp\/v2\/types\/page"}],"author":[{"embeddable":true,"href":"https:\/\/zelb.md\/en\/wp-json\/wp\/v2\/users\/8"}],"replies":[{"embeddable":true,"href":"https:\/\/zelb.md\/en\/wp-json\/wp\/v2\/comments?post=3853"}],"version-history":[{"count":3,"href":"https:\/\/zelb.md\/en\/wp-json\/wp\/v2\/pages\/3853\/revisions"}],"predecessor-version":[{"id":4105,"href":"https:\/\/zelb.md\/en\/wp-json\/wp\/v2\/pages\/3853\/revisions\/4105"}],"up":[{"embeddable":true,"href":"https:\/\/zelb.md\/en\/wp-json\/wp\/v2\/pages\/3857"}],"wp:attachment":[{"href":"https:\/\/zelb.md\/en\/wp-json\/wp\/v2\/media?parent=3853"}],"curies":[{"name":"wp","href":"https:\/\/api.w.org\/{rel}","templated":true}]}}