{"id":3851,"date":"2019-01-29T15:05:51","date_gmt":"2019-01-29T13:05:51","guid":{"rendered":"https:\/\/zelb.md\/subzona-nr-5\/"},"modified":"2024-02-26T23:12:33","modified_gmt":"2024-02-26T21:12:33","slug":"subzone-no-5","status":"publish","type":"page","link":"https:\/\/zelb.md\/en\/subzones\/zona-straseni\/subzone-no-5\/","title":{"rendered":"Subzone no.5"},"content":{"rendered":"<p>[vc_row][vc_column][vc_row_inner][vc_column_inner width=&#8221;1\/4&#8243;][vc_single_image image=&#8221;2931&#8243; img_size=&#8221;medium&#8221; alignment=&#8221;center&#8221;][\/vc_column_inner][vc_column_inner width=&#8221;3\/4&#8243;][vc_custom_heading text=&#8221;Subzone no.5, 49 A.Mateevici str., Stra\u0219eni&#8221;][vc_column_text]Sub-area no. 5 was created on a 10,25 ha plot of land, located at 49, A.Mateevici street, in Straseni mun.<\/p>\n<p>The company &#8220;BauTex&#8221; operating in subarea no.5 uses glass fiber to produce high-tech materials and technical fabrics, for example, for roof reinforcement, yachts, cars, windmill blades or road pavement.[\/vc_column_text][\/vc_column_inner][\/vc_row_inner][vc_separator][\/vc_column][\/vc_row][vc_row][vc_column]<div class=\"porto-members porto-members593e53a1ba94e7580549d945e978419c wpb_content_element \">\n    <div class=\"page-members clearfix \">\n\n        \n        \n        <div class=\"member-row member-row-4\">\n                    \n        <article class=\"member member-col-4 subzona-nr-5-en post-3828 type-member status-publish has-post-thumbnail hentry member_cat-subzona-nr-5-en\">\n            <span class=\"entry-title\" style=\"display: none;\">BAUTEX COMPOSITES LTD<\/span><span class=\"vcard\" style=\"display: none;\"><span class=\"fn\"><a href=\"https:\/\/zelb.md\/en\/author\/infozelb-md\/\" title=\"Posts by info@zelb.md\" rel=\"author\">info@zelb.md<\/a><\/span><\/span><span class=\"updated\" style=\"display:none\">2024-02-19T17:53:02+02:00<\/span>            <div class=\"member-item  member-item-3\">\n                <span class=\"thumb-info thumb-info-hide-wrapper-bg\">\n                    \n                    <span class=\"thumb-info-wrapper \">\n\t\t\t\t\t\t\t\t\t\t\t\t<span class=\"thumb-member-container \">\n\t\t\t\t\t\t\t<a class=\"text-decoration-none member-image\" href=\"https:\/\/zelb.md\/en\/Membri\/bautex-composites-ltd\/\">\n\t\t\t\t\t\t\t<img loading=\"lazy\" decoding=\"async\" class=\"img-responsive\" width=\"367\" height=\"367\" src=\"https:\/\/zelb.md\/wp-content\/uploads\/2022\/03\/Untitled-367x367.png\" alt=\"\" \/>\n\t\t\t\t\t\t\t<\/a>\n                            \n                                                         \t\t\t\t\t\t  \t\t\t\t\t\t<\/span>\n                            <a class=\"text-decoration-none member-info-container\" href=\"https:\/\/zelb.md\/en\/Membri\/bautex-composites-ltd\/\">   \n                                                                                <span class=\"zoom\" data-src=\"https:\/\/zelb.md\/wp-content\/uploads\/2022\/03\/Untitled.png\" data-title=\"\"><i class=\"fa fa-search\"><\/i><\/span>\n                                                <\/a>\n                        <\/span>\n                        <!--Thumb info wrapper end-->\t\n\t\t\t\t\t\t<!--Thumb info container -->\t\t\t\t\t\t\n\t\t\t\t\t\t<span class=\"thumb-info-container\"> \n                        <a class=\"text-decoration-none member-info-container\" href=\"https:\/\/zelb.md\/en\/Membri\/bautex-composites-ltd\/\">\n                                                                <span class=\"thumb-info-caption\">\n                            <span class=\"thumb-info-caption-title\">\n                                <span class=\"font-weight-light color-body text-md\">Subzona nr. 5<\/span>                                <h4 class=\"m-b-none text-lg\">BAUTEX COMPOSITES LTD<\/h4>\n\t\t\t\t\t\t\t\t                                <i class=\"view-more  font-weight-semibold\"><\/i>\n                            <\/span>\n                        <\/span>\n                                        <\/a>\n                                <span class=\"thumb-info-caption\">\n                                            <span class=\"thumb-info-caption-text p-t-none\">\n                                                <\/span>\n                                                           <\/span>\n                <\/span>\n                            <\/div>\n        <\/article>\n            <\/div>\n\n        \n    <\/div>\n\n    \n    <\/div>[\/vc_column][\/vc_row]<\/p>\n","protected":false},"excerpt":{"rendered":"<p>[vc_row][vc_column][vc_row_inner][vc_column_inner width=&#8221;1\/4&#8243;][vc_single_image image=&#8221;2931&#8243; img_size=&#8221;medium&#8221; alignment=&#8221;center&#8221;][\/vc_column_inner][vc_column_inner width=&#8221;3\/4&#8243;][vc_custom_heading text=&#8221;Subzone no.5, 49 A.Mateevici str., Stra\u0219eni&#8221;][vc_column_text]Sub-area no. 5 was created on a 10,25 ha plot of land, located at 49, A.Mateevici street, in Straseni mun. The company &#8220;BauTex&#8221; operating in subarea no.5 uses glass fiber to produce high-tech materials and technical fabrics, for example, for roof reinforcement, yachts, cars, [&hellip;]<\/p>\n","protected":false},"author":8,"featured_media":0,"parent":3883,"menu_order":0,"comment_status":"closed","ping_status":"closed","template":"","meta":{"footnotes":""},"class_list":["post-3851","page","type-page","status-publish","hentry"],"yoast_head":"<!-- This site is optimized with the Yoast SEO plugin v26.6 - https:\/\/yoast.com\/wordpress\/plugins\/seo\/ -->\n<title>Subzone no.5 - ZELB<\/title>\n<meta name=\"robots\" content=\"index, follow, max-snippet:-1, max-image-preview:large, max-video-preview:-1\" \/>\n<link rel=\"canonical\" href=\"https:\/\/zelb.md\/en\/subzones\/zona-straseni\/subzone-no-5\/\" \/>\n<meta property=\"og:locale\" content=\"en_US\" \/>\n<meta property=\"og:type\" content=\"article\" \/>\n<meta property=\"og:title\" content=\"Subzone no.5 - ZELB\" \/>\n<meta property=\"og:description\" content=\"[vc_row][vc_column][vc_row_inner][vc_column_inner width=&#8221;1\/4&#8243;][vc_single_image image=&#8221;2931&#8243; img_size=&#8221;medium&#8221; alignment=&#8221;center&#8221;][\/vc_column_inner][vc_column_inner width=&#8221;3\/4&#8243;][vc_custom_heading text=&#8221;Subzone no.5, 49 A.Mateevici str., Stra\u0219eni&#8221;][vc_column_text]Sub-area no. 5 was created on a 10,25 ha plot of land, located at 49, A.Mateevici street, in Straseni mun. The company &#8220;BauTex&#8221; operating in subarea no.5 uses glass fiber to produce high-tech materials and technical fabrics, for example, for roof reinforcement, yachts, cars, [&hellip;]\" \/>\n<meta property=\"og:url\" content=\"https:\/\/zelb.md\/en\/subzones\/zona-straseni\/subzone-no-5\/\" \/>\n<meta property=\"og:site_name\" content=\"ZELB\" \/>\n<meta property=\"article:publisher\" content=\"https:\/\/www.facebook.com\/zelbalti\/\" \/>\n<meta property=\"article:modified_time\" content=\"2024-02-26T21:12:33+00:00\" \/>\n<meta name=\"twitter:card\" content=\"summary_large_image\" \/>\n<meta name=\"twitter:label1\" content=\"Est. reading time\" \/>\n\t<meta name=\"twitter:data1\" content=\"1 minute\" \/>\n<script type=\"application\/ld+json\" class=\"yoast-schema-graph\">{\"@context\":\"https:\/\/schema.org\",\"@graph\":[{\"@type\":\"WebPage\",\"@id\":\"https:\/\/zelb.md\/en\/subzones\/zona-straseni\/subzone-no-5\/\",\"url\":\"https:\/\/zelb.md\/en\/subzones\/zona-straseni\/subzone-no-5\/\",\"name\":\"Subzone no.5 - ZELB\",\"isPartOf\":{\"@id\":\"https:\/\/zelb.md\/#website\"},\"datePublished\":\"2019-01-29T13:05:51+00:00\",\"dateModified\":\"2024-02-26T21:12:33+00:00\",\"breadcrumb\":{\"@id\":\"https:\/\/zelb.md\/en\/subzones\/zona-straseni\/subzone-no-5\/#breadcrumb\"},\"inLanguage\":\"en-US\",\"potentialAction\":[{\"@type\":\"ReadAction\",\"target\":[\"https:\/\/zelb.md\/en\/subzones\/zona-straseni\/subzone-no-5\/\"]}]},{\"@type\":\"BreadcrumbList\",\"@id\":\"https:\/\/zelb.md\/en\/subzones\/zona-straseni\/subzone-no-5\/#breadcrumb\",\"itemListElement\":[{\"@type\":\"ListItem\",\"position\":1,\"name\":\"Prima pagin\u0103\",\"item\":\"https:\/\/zelb.md\/en\/\"},{\"@type\":\"ListItem\",\"position\":2,\"name\":\"Subzones\",\"item\":\"https:\/\/zelb.md\/en\/subzones\/\"},{\"@type\":\"ListItem\",\"position\":3,\"name\":\"Str\u0103\u015feni\",\"item\":\"https:\/\/zelb.md\/en\/subzones\/zona-straseni\/\"},{\"@type\":\"ListItem\",\"position\":4,\"name\":\"Subzone no.5\"}]},{\"@type\":\"WebSite\",\"@id\":\"https:\/\/zelb.md\/#website\",\"url\":\"https:\/\/zelb.md\/\",\"name\":\"ZELB\",\"description\":\"Zona Economic\u0103 Liber\u0103 B\u0103l\u0163i\",\"publisher\":{\"@id\":\"https:\/\/zelb.md\/#organization\"},\"potentialAction\":[{\"@type\":\"SearchAction\",\"target\":{\"@type\":\"EntryPoint\",\"urlTemplate\":\"https:\/\/zelb.md\/?s={search_term_string}\"},\"query-input\":{\"@type\":\"PropertyValueSpecification\",\"valueRequired\":true,\"valueName\":\"search_term_string\"}}],\"inLanguage\":\"en-US\"},{\"@type\":\"Organization\",\"@id\":\"https:\/\/zelb.md\/#organization\",\"name\":\"ZELB\",\"url\":\"https:\/\/zelb.md\/\",\"logo\":{\"@type\":\"ImageObject\",\"inLanguage\":\"en-US\",\"@id\":\"https:\/\/zelb.md\/#\/schema\/logo\/image\/\",\"url\":\"https:\/\/zelb.md\/wp-content\/uploads\/2018\/06\/zelb-logo-8-ani.png\",\"contentUrl\":\"https:\/\/zelb.md\/wp-content\/uploads\/2018\/06\/zelb-logo-8-ani.png\",\"width\":255,\"height\":105,\"caption\":\"ZELB\"},\"image\":{\"@id\":\"https:\/\/zelb.md\/#\/schema\/logo\/image\/\"},\"sameAs\":[\"https:\/\/www.facebook.com\/zelbalti\/\"]}]}<\/script>\n<!-- \/ Yoast SEO plugin. -->","yoast_head_json":{"title":"Subzone no.5 - ZELB","robots":{"index":"index","follow":"follow","max-snippet":"max-snippet:-1","max-image-preview":"max-image-preview:large","max-video-preview":"max-video-preview:-1"},"canonical":"https:\/\/zelb.md\/en\/subzones\/zona-straseni\/subzone-no-5\/","og_locale":"en_US","og_type":"article","og_title":"Subzone no.5 - ZELB","og_description":"[vc_row][vc_column][vc_row_inner][vc_column_inner width=&#8221;1\/4&#8243;][vc_single_image image=&#8221;2931&#8243; img_size=&#8221;medium&#8221; alignment=&#8221;center&#8221;][\/vc_column_inner][vc_column_inner width=&#8221;3\/4&#8243;][vc_custom_heading text=&#8221;Subzone no.5, 49 A.Mateevici str., Stra\u0219eni&#8221;][vc_column_text]Sub-area no. 5 was created on a 10,25 ha plot of land, located at 49, A.Mateevici street, in Straseni mun. The company &#8220;BauTex&#8221; operating in subarea no.5 uses glass fiber to produce high-tech materials and technical fabrics, for example, for roof reinforcement, yachts, cars, [&hellip;]","og_url":"https:\/\/zelb.md\/en\/subzones\/zona-straseni\/subzone-no-5\/","og_site_name":"ZELB","article_publisher":"https:\/\/www.facebook.com\/zelbalti\/","article_modified_time":"2024-02-26T21:12:33+00:00","twitter_card":"summary_large_image","twitter_misc":{"Est. reading time":"1 minute"},"schema":{"@context":"https:\/\/schema.org","@graph":[{"@type":"WebPage","@id":"https:\/\/zelb.md\/en\/subzones\/zona-straseni\/subzone-no-5\/","url":"https:\/\/zelb.md\/en\/subzones\/zona-straseni\/subzone-no-5\/","name":"Subzone no.5 - ZELB","isPartOf":{"@id":"https:\/\/zelb.md\/#website"},"datePublished":"2019-01-29T13:05:51+00:00","dateModified":"2024-02-26T21:12:33+00:00","breadcrumb":{"@id":"https:\/\/zelb.md\/en\/subzones\/zona-straseni\/subzone-no-5\/#breadcrumb"},"inLanguage":"en-US","potentialAction":[{"@type":"ReadAction","target":["https:\/\/zelb.md\/en\/subzones\/zona-straseni\/subzone-no-5\/"]}]},{"@type":"BreadcrumbList","@id":"https:\/\/zelb.md\/en\/subzones\/zona-straseni\/subzone-no-5\/#breadcrumb","itemListElement":[{"@type":"ListItem","position":1,"name":"Prima pagin\u0103","item":"https:\/\/zelb.md\/en\/"},{"@type":"ListItem","position":2,"name":"Subzones","item":"https:\/\/zelb.md\/en\/subzones\/"},{"@type":"ListItem","position":3,"name":"Str\u0103\u015feni","item":"https:\/\/zelb.md\/en\/subzones\/zona-straseni\/"},{"@type":"ListItem","position":4,"name":"Subzone no.5"}]},{"@type":"WebSite","@id":"https:\/\/zelb.md\/#website","url":"https:\/\/zelb.md\/","name":"ZELB","description":"Zona Economic\u0103 Liber\u0103 B\u0103l\u0163i","publisher":{"@id":"https:\/\/zelb.md\/#organization"},"potentialAction":[{"@type":"SearchAction","target":{"@type":"EntryPoint","urlTemplate":"https:\/\/zelb.md\/?s={search_term_string}"},"query-input":{"@type":"PropertyValueSpecification","valueRequired":true,"valueName":"search_term_string"}}],"inLanguage":"en-US"},{"@type":"Organization","@id":"https:\/\/zelb.md\/#organization","name":"ZELB","url":"https:\/\/zelb.md\/","logo":{"@type":"ImageObject","inLanguage":"en-US","@id":"https:\/\/zelb.md\/#\/schema\/logo\/image\/","url":"https:\/\/zelb.md\/wp-content\/uploads\/2018\/06\/zelb-logo-8-ani.png","contentUrl":"https:\/\/zelb.md\/wp-content\/uploads\/2018\/06\/zelb-logo-8-ani.png","width":255,"height":105,"caption":"ZELB"},"image":{"@id":"https:\/\/zelb.md\/#\/schema\/logo\/image\/"},"sameAs":["https:\/\/www.facebook.com\/zelbalti\/"]}]}},"_links":{"self":[{"href":"https:\/\/zelb.md\/en\/wp-json\/wp\/v2\/pages\/3851","targetHints":{"allow":["GET"]}}],"collection":[{"href":"https:\/\/zelb.md\/en\/wp-json\/wp\/v2\/pages"}],"about":[{"href":"https:\/\/zelb.md\/en\/wp-json\/wp\/v2\/types\/page"}],"author":[{"embeddable":true,"href":"https:\/\/zelb.md\/en\/wp-json\/wp\/v2\/users\/8"}],"replies":[{"embeddable":true,"href":"https:\/\/zelb.md\/en\/wp-json\/wp\/v2\/comments?post=3851"}],"version-history":[{"count":2,"href":"https:\/\/zelb.md\/en\/wp-json\/wp\/v2\/pages\/3851\/revisions"}],"predecessor-version":[{"id":4125,"href":"https:\/\/zelb.md\/en\/wp-json\/wp\/v2\/pages\/3851\/revisions\/4125"}],"up":[{"embeddable":true,"href":"https:\/\/zelb.md\/en\/wp-json\/wp\/v2\/pages\/3883"}],"wp:attachment":[{"href":"https:\/\/zelb.md\/en\/wp-json\/wp\/v2\/media?parent=3851"}],"curies":[{"name":"wp","href":"https:\/\/api.w.org\/{rel}","templated":true}]}}