{"id":3850,"date":"2019-01-29T15:06:27","date_gmt":"2019-01-29T13:06:27","guid":{"rendered":"https:\/\/zelb.md\/subzona-nr-12\/"},"modified":"2024-02-26T23:20:40","modified_gmt":"2024-02-26T21:20:40","slug":"subzone-no-12","status":"publish","type":"page","link":"https:\/\/zelb.md\/en\/subzones\/zona-straseni\/subzone-no-12\/","title":{"rendered":"Subzone no. 12"},"content":{"rendered":"<p>[vc_row][vc_column][vc_row_inner][vc_column_inner width=&#8221;1\/4&#8243;][vc_single_image image=&#8221;170&#8243; img_size=&#8221;medium&#8221; alignment=&#8221;center&#8221;][\/vc_column_inner][vc_column_inner width=&#8221;3\/4&#8243;][vc_custom_heading text=&#8221;Subzone no.12, Straseni, (cadastral number 8001103045)&#8221;][vc_column_text]In order to attract investors on greenfield, the 12 subzone was created on a privately owned land, located in Straseni. The identified land, for &#8220;greenfield&#8221; type industrial projects, has an area of 15.15 ha and is located in the new industrial zone according to the General Plan of Straseni.<\/p>\n<p><img loading=\"lazy\" decoding=\"async\" class=\"wp-image-1747 size-full aligncenter\" src=\"http:\/\/zelb.md\/wp-content\/uploads\/2019\/01\/greenfield_straseni.jpg\" alt=\"\" width=\"537\" height=\"273\" srcset=\"https:\/\/zelb.md\/wp-content\/uploads\/2019\/01\/greenfield_straseni.jpg 537w, https:\/\/zelb.md\/wp-content\/uploads\/2019\/01\/greenfield_straseni-300x153.jpg 300w\" sizes=\"auto, (max-width: 537px) 100vw, 537px\" \/>[\/vc_column_text][\/vc_column_inner][\/vc_row_inner][vc_separator][\/vc_column][\/vc_row]<\/p>\n","protected":false},"excerpt":{"rendered":"<p>[vc_row][vc_column][vc_row_inner][vc_column_inner width=&#8221;1\/4&#8243;][vc_single_image image=&#8221;170&#8243; img_size=&#8221;medium&#8221; alignment=&#8221;center&#8221;][\/vc_column_inner][vc_column_inner width=&#8221;3\/4&#8243;][vc_custom_heading text=&#8221;Subzone no.12, Straseni, (cadastral number 8001103045)&#8221;][vc_column_text]In order to attract investors on greenfield, the 12 subzone was created on a privately owned land, located in Straseni. The identified land, for &#8220;greenfield&#8221; type industrial projects, has an area of 15.15 ha and is located in the new industrial zone according to [&hellip;]<\/p>\n","protected":false},"author":8,"featured_media":0,"parent":3883,"menu_order":0,"comment_status":"closed","ping_status":"closed","template":"","meta":{"footnotes":""},"class_list":["post-3850","page","type-page","status-publish","hentry"],"yoast_head":"<!-- This site is optimized with the Yoast SEO plugin v26.6 - https:\/\/yoast.com\/wordpress\/plugins\/seo\/ -->\n<title>Subzone no. 12 - ZELB<\/title>\n<meta name=\"robots\" content=\"index, follow, max-snippet:-1, max-image-preview:large, max-video-preview:-1\" \/>\n<link rel=\"canonical\" href=\"https:\/\/zelb.md\/en\/subzones\/zona-straseni\/subzone-no-12\/\" \/>\n<meta property=\"og:locale\" content=\"en_US\" \/>\n<meta property=\"og:type\" content=\"article\" \/>\n<meta property=\"og:title\" content=\"Subzone no. 12 - ZELB\" \/>\n<meta property=\"og:description\" content=\"[vc_row][vc_column][vc_row_inner][vc_column_inner width=&#8221;1\/4&#8243;][vc_single_image image=&#8221;170&#8243; img_size=&#8221;medium&#8221; alignment=&#8221;center&#8221;][\/vc_column_inner][vc_column_inner width=&#8221;3\/4&#8243;][vc_custom_heading text=&#8221;Subzone no.12, Straseni, (cadastral number 8001103045)&#8221;][vc_column_text]In order to attract investors on greenfield, the 12 subzone was created on a privately owned land, located in Straseni. The identified land, for &#8220;greenfield&#8221; type industrial projects, has an area of 15.15 ha and is located in the new industrial zone according to [&hellip;]\" \/>\n<meta property=\"og:url\" content=\"https:\/\/zelb.md\/en\/subzones\/zona-straseni\/subzone-no-12\/\" \/>\n<meta property=\"og:site_name\" content=\"ZELB\" \/>\n<meta property=\"article:publisher\" content=\"https:\/\/www.facebook.com\/zelbalti\/\" \/>\n<meta property=\"article:modified_time\" content=\"2024-02-26T21:20:40+00:00\" \/>\n<meta property=\"og:image\" content=\"http:\/\/zelb.md\/wp-content\/uploads\/2019\/01\/greenfield_straseni.jpg\" \/>\n<meta name=\"twitter:card\" content=\"summary_large_image\" \/>\n<meta name=\"twitter:label1\" content=\"Est. reading time\" \/>\n\t<meta name=\"twitter:data1\" content=\"1 minute\" \/>\n<script type=\"application\/ld+json\" class=\"yoast-schema-graph\">{\"@context\":\"https:\/\/schema.org\",\"@graph\":[{\"@type\":\"WebPage\",\"@id\":\"https:\/\/zelb.md\/en\/subzones\/zona-straseni\/subzone-no-12\/\",\"url\":\"https:\/\/zelb.md\/en\/subzones\/zona-straseni\/subzone-no-12\/\",\"name\":\"Subzone no. 12 - ZELB\",\"isPartOf\":{\"@id\":\"https:\/\/zelb.md\/#website\"},\"primaryImageOfPage\":{\"@id\":\"https:\/\/zelb.md\/en\/subzones\/zona-straseni\/subzone-no-12\/#primaryimage\"},\"image\":{\"@id\":\"https:\/\/zelb.md\/en\/subzones\/zona-straseni\/subzone-no-12\/#primaryimage\"},\"thumbnailUrl\":\"http:\/\/zelb.md\/wp-content\/uploads\/2019\/01\/greenfield_straseni.jpg\",\"datePublished\":\"2019-01-29T13:06:27+00:00\",\"dateModified\":\"2024-02-26T21:20:40+00:00\",\"breadcrumb\":{\"@id\":\"https:\/\/zelb.md\/en\/subzones\/zona-straseni\/subzone-no-12\/#breadcrumb\"},\"inLanguage\":\"en-US\",\"potentialAction\":[{\"@type\":\"ReadAction\",\"target\":[\"https:\/\/zelb.md\/en\/subzones\/zona-straseni\/subzone-no-12\/\"]}]},{\"@type\":\"ImageObject\",\"inLanguage\":\"en-US\",\"@id\":\"https:\/\/zelb.md\/en\/subzones\/zona-straseni\/subzone-no-12\/#primaryimage\",\"url\":\"http:\/\/zelb.md\/wp-content\/uploads\/2019\/01\/greenfield_straseni.jpg\",\"contentUrl\":\"http:\/\/zelb.md\/wp-content\/uploads\/2019\/01\/greenfield_straseni.jpg\"},{\"@type\":\"BreadcrumbList\",\"@id\":\"https:\/\/zelb.md\/en\/subzones\/zona-straseni\/subzone-no-12\/#breadcrumb\",\"itemListElement\":[{\"@type\":\"ListItem\",\"position\":1,\"name\":\"Prima pagin\u0103\",\"item\":\"https:\/\/zelb.md\/en\/\"},{\"@type\":\"ListItem\",\"position\":2,\"name\":\"Subzones\",\"item\":\"https:\/\/zelb.md\/en\/subzones\/\"},{\"@type\":\"ListItem\",\"position\":3,\"name\":\"Str\u0103\u015feni\",\"item\":\"https:\/\/zelb.md\/en\/subzones\/zona-straseni\/\"},{\"@type\":\"ListItem\",\"position\":4,\"name\":\"Subzone no. 12\"}]},{\"@type\":\"WebSite\",\"@id\":\"https:\/\/zelb.md\/#website\",\"url\":\"https:\/\/zelb.md\/\",\"name\":\"ZELB\",\"description\":\"Zona Economic\u0103 Liber\u0103 B\u0103l\u0163i\",\"publisher\":{\"@id\":\"https:\/\/zelb.md\/#organization\"},\"potentialAction\":[{\"@type\":\"SearchAction\",\"target\":{\"@type\":\"EntryPoint\",\"urlTemplate\":\"https:\/\/zelb.md\/?s={search_term_string}\"},\"query-input\":{\"@type\":\"PropertyValueSpecification\",\"valueRequired\":true,\"valueName\":\"search_term_string\"}}],\"inLanguage\":\"en-US\"},{\"@type\":\"Organization\",\"@id\":\"https:\/\/zelb.md\/#organization\",\"name\":\"ZELB\",\"url\":\"https:\/\/zelb.md\/\",\"logo\":{\"@type\":\"ImageObject\",\"inLanguage\":\"en-US\",\"@id\":\"https:\/\/zelb.md\/#\/schema\/logo\/image\/\",\"url\":\"https:\/\/zelb.md\/wp-content\/uploads\/2018\/06\/zelb-logo-8-ani.png\",\"contentUrl\":\"https:\/\/zelb.md\/wp-content\/uploads\/2018\/06\/zelb-logo-8-ani.png\",\"width\":255,\"height\":105,\"caption\":\"ZELB\"},\"image\":{\"@id\":\"https:\/\/zelb.md\/#\/schema\/logo\/image\/\"},\"sameAs\":[\"https:\/\/www.facebook.com\/zelbalti\/\"]}]}<\/script>\n<!-- \/ Yoast SEO plugin. -->","yoast_head_json":{"title":"Subzone no. 12 - ZELB","robots":{"index":"index","follow":"follow","max-snippet":"max-snippet:-1","max-image-preview":"max-image-preview:large","max-video-preview":"max-video-preview:-1"},"canonical":"https:\/\/zelb.md\/en\/subzones\/zona-straseni\/subzone-no-12\/","og_locale":"en_US","og_type":"article","og_title":"Subzone no. 12 - ZELB","og_description":"[vc_row][vc_column][vc_row_inner][vc_column_inner width=&#8221;1\/4&#8243;][vc_single_image image=&#8221;170&#8243; img_size=&#8221;medium&#8221; alignment=&#8221;center&#8221;][\/vc_column_inner][vc_column_inner width=&#8221;3\/4&#8243;][vc_custom_heading text=&#8221;Subzone no.12, Straseni, (cadastral number 8001103045)&#8221;][vc_column_text]In order to attract investors on greenfield, the 12 subzone was created on a privately owned land, located in Straseni. The identified land, for &#8220;greenfield&#8221; type industrial projects, has an area of 15.15 ha and is located in the new industrial zone according to [&hellip;]","og_url":"https:\/\/zelb.md\/en\/subzones\/zona-straseni\/subzone-no-12\/","og_site_name":"ZELB","article_publisher":"https:\/\/www.facebook.com\/zelbalti\/","article_modified_time":"2024-02-26T21:20:40+00:00","og_image":[{"url":"http:\/\/zelb.md\/wp-content\/uploads\/2019\/01\/greenfield_straseni.jpg","type":"","width":"","height":""}],"twitter_card":"summary_large_image","twitter_misc":{"Est. reading time":"1 minute"},"schema":{"@context":"https:\/\/schema.org","@graph":[{"@type":"WebPage","@id":"https:\/\/zelb.md\/en\/subzones\/zona-straseni\/subzone-no-12\/","url":"https:\/\/zelb.md\/en\/subzones\/zona-straseni\/subzone-no-12\/","name":"Subzone no. 12 - ZELB","isPartOf":{"@id":"https:\/\/zelb.md\/#website"},"primaryImageOfPage":{"@id":"https:\/\/zelb.md\/en\/subzones\/zona-straseni\/subzone-no-12\/#primaryimage"},"image":{"@id":"https:\/\/zelb.md\/en\/subzones\/zona-straseni\/subzone-no-12\/#primaryimage"},"thumbnailUrl":"http:\/\/zelb.md\/wp-content\/uploads\/2019\/01\/greenfield_straseni.jpg","datePublished":"2019-01-29T13:06:27+00:00","dateModified":"2024-02-26T21:20:40+00:00","breadcrumb":{"@id":"https:\/\/zelb.md\/en\/subzones\/zona-straseni\/subzone-no-12\/#breadcrumb"},"inLanguage":"en-US","potentialAction":[{"@type":"ReadAction","target":["https:\/\/zelb.md\/en\/subzones\/zona-straseni\/subzone-no-12\/"]}]},{"@type":"ImageObject","inLanguage":"en-US","@id":"https:\/\/zelb.md\/en\/subzones\/zona-straseni\/subzone-no-12\/#primaryimage","url":"http:\/\/zelb.md\/wp-content\/uploads\/2019\/01\/greenfield_straseni.jpg","contentUrl":"http:\/\/zelb.md\/wp-content\/uploads\/2019\/01\/greenfield_straseni.jpg"},{"@type":"BreadcrumbList","@id":"https:\/\/zelb.md\/en\/subzones\/zona-straseni\/subzone-no-12\/#breadcrumb","itemListElement":[{"@type":"ListItem","position":1,"name":"Prima pagin\u0103","item":"https:\/\/zelb.md\/en\/"},{"@type":"ListItem","position":2,"name":"Subzones","item":"https:\/\/zelb.md\/en\/subzones\/"},{"@type":"ListItem","position":3,"name":"Str\u0103\u015feni","item":"https:\/\/zelb.md\/en\/subzones\/zona-straseni\/"},{"@type":"ListItem","position":4,"name":"Subzone no. 12"}]},{"@type":"WebSite","@id":"https:\/\/zelb.md\/#website","url":"https:\/\/zelb.md\/","name":"ZELB","description":"Zona Economic\u0103 Liber\u0103 B\u0103l\u0163i","publisher":{"@id":"https:\/\/zelb.md\/#organization"},"potentialAction":[{"@type":"SearchAction","target":{"@type":"EntryPoint","urlTemplate":"https:\/\/zelb.md\/?s={search_term_string}"},"query-input":{"@type":"PropertyValueSpecification","valueRequired":true,"valueName":"search_term_string"}}],"inLanguage":"en-US"},{"@type":"Organization","@id":"https:\/\/zelb.md\/#organization","name":"ZELB","url":"https:\/\/zelb.md\/","logo":{"@type":"ImageObject","inLanguage":"en-US","@id":"https:\/\/zelb.md\/#\/schema\/logo\/image\/","url":"https:\/\/zelb.md\/wp-content\/uploads\/2018\/06\/zelb-logo-8-ani.png","contentUrl":"https:\/\/zelb.md\/wp-content\/uploads\/2018\/06\/zelb-logo-8-ani.png","width":255,"height":105,"caption":"ZELB"},"image":{"@id":"https:\/\/zelb.md\/#\/schema\/logo\/image\/"},"sameAs":["https:\/\/www.facebook.com\/zelbalti\/"]}]}},"_links":{"self":[{"href":"https:\/\/zelb.md\/en\/wp-json\/wp\/v2\/pages\/3850","targetHints":{"allow":["GET"]}}],"collection":[{"href":"https:\/\/zelb.md\/en\/wp-json\/wp\/v2\/pages"}],"about":[{"href":"https:\/\/zelb.md\/en\/wp-json\/wp\/v2\/types\/page"}],"author":[{"embeddable":true,"href":"https:\/\/zelb.md\/en\/wp-json\/wp\/v2\/users\/8"}],"replies":[{"embeddable":true,"href":"https:\/\/zelb.md\/en\/wp-json\/wp\/v2\/comments?post=3850"}],"version-history":[{"count":2,"href":"https:\/\/zelb.md\/en\/wp-json\/wp\/v2\/pages\/3850\/revisions"}],"predecessor-version":[{"id":4133,"href":"https:\/\/zelb.md\/en\/wp-json\/wp\/v2\/pages\/3850\/revisions\/4133"}],"up":[{"embeddable":true,"href":"https:\/\/zelb.md\/en\/wp-json\/wp\/v2\/pages\/3883"}],"wp:attachment":[{"href":"https:\/\/zelb.md\/en\/wp-json\/wp\/v2\/media?parent=3850"}],"curies":[{"name":"wp","href":"https:\/\/api.w.org\/{rel}","templated":true}]}}