{"id":3810,"date":"2020-04-02T12:39:05","date_gmt":"2020-04-02T10:39:05","guid":{"rendered":"https:\/\/zelb.md\/spatii-disponibile-balti\/"},"modified":"2024-02-26T23:55:08","modified_gmt":"2024-02-26T21:55:08","slug":"spatii-disponibile-balti","status":"publish","type":"page","link":"https:\/\/zelb.md\/en\/available-spaces\/spatii-disponibile-balti\/","title":{"rendered":"B\u0103l\u0163i"},"content":{"rendered":"<p>[vc_row][vc_column width=&#8221;1\/4&#8243;][vc_row_inner][vc_column_inner][vc_single_image image=&#8221;2395&#8243; img_size=&#8221;medium&#8221; alignment=&#8221;center&#8221;][vc_custom_heading text=&#8221;B\u0102L\u0162I&#8221; font_container=&#8221;tag:h2|text_align:center&#8221; use_theme_fonts=&#8221;yes&#8221; css=&#8221;.vc_custom_1585825721551{background-color: #e2e2e2 !important;}&#8221;][\/vc_column_inner][\/vc_row_inner][\/vc_column][vc_column width=&#8221;3\/4&#8243;][vc_row_inner][vc_column_inner][vc_column_text]Mun. Balti or &#8220;Northern Capital&#8221; of Moldova is the second largest city of the Republic of Moldova and an important center of socio-economic development of the country. It is also the center of the Northern Development Region.<\/p>\n<p>With a population of over 127 thousand inhabitants, Balti is an important source of skilled labor thanks to the diverse educational offer represented by higher education, specialized and vocational institutions. Balti has three higher education institutions, six colleges, five vocational schools and one vocational school.<\/p>\n<p>About 8% of the total number of students in the Republic of Moldova are studying at the higher education institutions in Balti.<\/p>\n<p>Secondary vocational education plays a special role in preparing qualified staff to meet the demands of the labour market. The network of municipal secondary vocational education units consists of five vocational schools and one trade school, with more than 3200 students, both from Balti and other localities in the country. Every year, more than 1 600 students are enrolled in the vocational schools, sometimes as many as 2 000.<\/p>\n<p>There are six colleges in the field of secondary education: the Pedagogical College &#8220;Ion Creanga&#8221;, the College of Medicine, the College of Light Industry, the Railway Technical College, the Polytechnic College and the Musical-Pedagogical College.[\/vc_column_text][vc_column_text]<\/p>\n\n<!-- Generated using Document Gallery. Get yours here: http:\/\/wordpress.org\/extend\/plugins\/document-gallery -->\n<div id=\"document-gallery-1\" class=\"document-gallery\" data-shortcode='{\"id\":3810,\"include\":\"2428\",\"exclude\":\"\",\"columns\":3,\"fancy\":true,\"order\":\"ASC\",\"orderby\":\"post__in\",\"relation\":\"AND\",\"limit\":-1,\"mime_types\":\"application,video,text,audio,image\",\"paginate\":true,\"post_status\":\"any\",\"post_type\":\"attachment\",\"attachment_pg\":false,\"descriptions\":false,\"new_window\":true,\"skip\":0}' data-icon-width='32'>\n<div class='document-icon-row'>\n   <div class=\"document-icon\">\n      <a href=\"https:\/\/zelb.md\/wp-content\/uploads\/2020\/04\/subzona3_-Balti.pdf\" target=\"_blank\">\n         <img decoding=\"async\" src=\"https:\/\/zelb.md\/wp-content\/uploads\/2020\/04\/subzona3_-Balti-thumb-1.png\" title=\"Subzona 3\" alt=\"Subzona 3\" data-ext=\"pdf\"\/>\n         <span class=\"title\">Subzona 3<\/span>\n      <\/a>\n   <\/div>\n\n<\/div>\n<\/div>\n<p>[\/vc_column_text][\/vc_column_inner][\/vc_row_inner][\/vc_column][\/vc_row]<\/p>\n","protected":false},"excerpt":{"rendered":"<p>[vc_row][vc_column width=&#8221;1\/4&#8243;][vc_row_inner][vc_column_inner][vc_single_image image=&#8221;2395&#8243; img_size=&#8221;medium&#8221; alignment=&#8221;center&#8221;][vc_custom_heading text=&#8221;B\u0102L\u0162I&#8221; font_container=&#8221;tag:h2|text_align:center&#8221; use_theme_fonts=&#8221;yes&#8221; css=&#8221;.vc_custom_1585825721551{background-color: #e2e2e2 !important;}&#8221;][\/vc_column_inner][\/vc_row_inner][\/vc_column][vc_column width=&#8221;3\/4&#8243;][vc_row_inner][vc_column_inner][vc_column_text]Mun. Balti or &#8220;Northern Capital&#8221; of Moldova is the second largest city of the Republic of Moldova and an important center of socio-economic development of the country. It is also the center of the Northern Development Region. With a population of over 127 thousand [&hellip;]<\/p>\n","protected":false},"author":8,"featured_media":0,"parent":3894,"menu_order":0,"comment_status":"closed","ping_status":"closed","template":"","meta":{"footnotes":""},"class_list":["post-3810","page","type-page","status-publish","hentry"],"yoast_head":"<!-- This site is optimized with the Yoast SEO plugin v26.6 - https:\/\/yoast.com\/wordpress\/plugins\/seo\/ -->\n<title>B\u0103l\u0163i - ZELB<\/title>\n<meta name=\"robots\" content=\"index, follow, max-snippet:-1, max-image-preview:large, max-video-preview:-1\" \/>\n<link rel=\"canonical\" href=\"https:\/\/zelb.md\/en\/available-spaces\/spatii-disponibile-balti\/\" \/>\n<meta property=\"og:locale\" content=\"en_US\" \/>\n<meta property=\"og:type\" content=\"article\" \/>\n<meta property=\"og:title\" content=\"B\u0103l\u0163i - ZELB\" \/>\n<meta property=\"og:description\" content=\"[vc_row][vc_column width=&#8221;1\/4&#8243;][vc_row_inner][vc_column_inner][vc_single_image image=&#8221;2395&#8243; img_size=&#8221;medium&#8221; alignment=&#8221;center&#8221;][vc_custom_heading text=&#8221;B\u0102L\u0162I&#8221; font_container=&#8221;tag:h2|text_align:center&#8221; use_theme_fonts=&#8221;yes&#8221; css=&#8221;.vc_custom_1585825721551{background-color: #e2e2e2 !important;}&#8221;][\/vc_column_inner][\/vc_row_inner][\/vc_column][vc_column width=&#8221;3\/4&#8243;][vc_row_inner][vc_column_inner][vc_column_text]Mun. Balti or &#8220;Northern Capital&#8221; of Moldova is the second largest city of the Republic of Moldova and an important center of socio-economic development of the country. It is also the center of the Northern Development Region. With a population of over 127 thousand [&hellip;]\" \/>\n<meta property=\"og:url\" content=\"https:\/\/zelb.md\/en\/available-spaces\/spatii-disponibile-balti\/\" \/>\n<meta property=\"og:site_name\" content=\"ZELB\" \/>\n<meta property=\"article:publisher\" content=\"https:\/\/www.facebook.com\/zelbalti\/\" \/>\n<meta property=\"article:modified_time\" content=\"2024-02-26T21:55:08+00:00\" \/>\n<meta name=\"twitter:card\" content=\"summary_large_image\" \/>\n<meta name=\"twitter:label1\" content=\"Est. reading time\" \/>\n\t<meta name=\"twitter:data1\" content=\"2 minutes\" \/>\n<script type=\"application\/ld+json\" class=\"yoast-schema-graph\">{\"@context\":\"https:\/\/schema.org\",\"@graph\":[{\"@type\":\"WebPage\",\"@id\":\"https:\/\/zelb.md\/en\/available-spaces\/spatii-disponibile-balti\/\",\"url\":\"https:\/\/zelb.md\/en\/available-spaces\/spatii-disponibile-balti\/\",\"name\":\"B\u0103l\u0163i - ZELB\",\"isPartOf\":{\"@id\":\"https:\/\/zelb.md\/#website\"},\"datePublished\":\"2020-04-02T10:39:05+00:00\",\"dateModified\":\"2024-02-26T21:55:08+00:00\",\"breadcrumb\":{\"@id\":\"https:\/\/zelb.md\/en\/available-spaces\/spatii-disponibile-balti\/#breadcrumb\"},\"inLanguage\":\"en-US\",\"potentialAction\":[{\"@type\":\"ReadAction\",\"target\":[\"https:\/\/zelb.md\/en\/available-spaces\/spatii-disponibile-balti\/\"]}]},{\"@type\":\"BreadcrumbList\",\"@id\":\"https:\/\/zelb.md\/en\/available-spaces\/spatii-disponibile-balti\/#breadcrumb\",\"itemListElement\":[{\"@type\":\"ListItem\",\"position\":1,\"name\":\"Prima pagin\u0103\",\"item\":\"https:\/\/zelb.md\/en\/\"},{\"@type\":\"ListItem\",\"position\":2,\"name\":\"Available spaces\",\"item\":\"https:\/\/zelb.md\/en\/available-spaces\/\"},{\"@type\":\"ListItem\",\"position\":3,\"name\":\"B\u0103l\u0163i\"}]},{\"@type\":\"WebSite\",\"@id\":\"https:\/\/zelb.md\/#website\",\"url\":\"https:\/\/zelb.md\/\",\"name\":\"ZELB\",\"description\":\"Zona Economic\u0103 Liber\u0103 B\u0103l\u0163i\",\"publisher\":{\"@id\":\"https:\/\/zelb.md\/#organization\"},\"potentialAction\":[{\"@type\":\"SearchAction\",\"target\":{\"@type\":\"EntryPoint\",\"urlTemplate\":\"https:\/\/zelb.md\/?s={search_term_string}\"},\"query-input\":{\"@type\":\"PropertyValueSpecification\",\"valueRequired\":true,\"valueName\":\"search_term_string\"}}],\"inLanguage\":\"en-US\"},{\"@type\":\"Organization\",\"@id\":\"https:\/\/zelb.md\/#organization\",\"name\":\"ZELB\",\"url\":\"https:\/\/zelb.md\/\",\"logo\":{\"@type\":\"ImageObject\",\"inLanguage\":\"en-US\",\"@id\":\"https:\/\/zelb.md\/#\/schema\/logo\/image\/\",\"url\":\"https:\/\/zelb.md\/wp-content\/uploads\/2018\/06\/zelb-logo-8-ani.png\",\"contentUrl\":\"https:\/\/zelb.md\/wp-content\/uploads\/2018\/06\/zelb-logo-8-ani.png\",\"width\":255,\"height\":105,\"caption\":\"ZELB\"},\"image\":{\"@id\":\"https:\/\/zelb.md\/#\/schema\/logo\/image\/\"},\"sameAs\":[\"https:\/\/www.facebook.com\/zelbalti\/\"]}]}<\/script>\n<!-- \/ Yoast SEO plugin. -->","yoast_head_json":{"title":"B\u0103l\u0163i - ZELB","robots":{"index":"index","follow":"follow","max-snippet":"max-snippet:-1","max-image-preview":"max-image-preview:large","max-video-preview":"max-video-preview:-1"},"canonical":"https:\/\/zelb.md\/en\/available-spaces\/spatii-disponibile-balti\/","og_locale":"en_US","og_type":"article","og_title":"B\u0103l\u0163i - ZELB","og_description":"[vc_row][vc_column width=&#8221;1\/4&#8243;][vc_row_inner][vc_column_inner][vc_single_image image=&#8221;2395&#8243; img_size=&#8221;medium&#8221; alignment=&#8221;center&#8221;][vc_custom_heading text=&#8221;B\u0102L\u0162I&#8221; font_container=&#8221;tag:h2|text_align:center&#8221; use_theme_fonts=&#8221;yes&#8221; css=&#8221;.vc_custom_1585825721551{background-color: #e2e2e2 !important;}&#8221;][\/vc_column_inner][\/vc_row_inner][\/vc_column][vc_column width=&#8221;3\/4&#8243;][vc_row_inner][vc_column_inner][vc_column_text]Mun. Balti or &#8220;Northern Capital&#8221; of Moldova is the second largest city of the Republic of Moldova and an important center of socio-economic development of the country. It is also the center of the Northern Development Region. With a population of over 127 thousand [&hellip;]","og_url":"https:\/\/zelb.md\/en\/available-spaces\/spatii-disponibile-balti\/","og_site_name":"ZELB","article_publisher":"https:\/\/www.facebook.com\/zelbalti\/","article_modified_time":"2024-02-26T21:55:08+00:00","twitter_card":"summary_large_image","twitter_misc":{"Est. reading time":"2 minutes"},"schema":{"@context":"https:\/\/schema.org","@graph":[{"@type":"WebPage","@id":"https:\/\/zelb.md\/en\/available-spaces\/spatii-disponibile-balti\/","url":"https:\/\/zelb.md\/en\/available-spaces\/spatii-disponibile-balti\/","name":"B\u0103l\u0163i - ZELB","isPartOf":{"@id":"https:\/\/zelb.md\/#website"},"datePublished":"2020-04-02T10:39:05+00:00","dateModified":"2024-02-26T21:55:08+00:00","breadcrumb":{"@id":"https:\/\/zelb.md\/en\/available-spaces\/spatii-disponibile-balti\/#breadcrumb"},"inLanguage":"en-US","potentialAction":[{"@type":"ReadAction","target":["https:\/\/zelb.md\/en\/available-spaces\/spatii-disponibile-balti\/"]}]},{"@type":"BreadcrumbList","@id":"https:\/\/zelb.md\/en\/available-spaces\/spatii-disponibile-balti\/#breadcrumb","itemListElement":[{"@type":"ListItem","position":1,"name":"Prima pagin\u0103","item":"https:\/\/zelb.md\/en\/"},{"@type":"ListItem","position":2,"name":"Available spaces","item":"https:\/\/zelb.md\/en\/available-spaces\/"},{"@type":"ListItem","position":3,"name":"B\u0103l\u0163i"}]},{"@type":"WebSite","@id":"https:\/\/zelb.md\/#website","url":"https:\/\/zelb.md\/","name":"ZELB","description":"Zona Economic\u0103 Liber\u0103 B\u0103l\u0163i","publisher":{"@id":"https:\/\/zelb.md\/#organization"},"potentialAction":[{"@type":"SearchAction","target":{"@type":"EntryPoint","urlTemplate":"https:\/\/zelb.md\/?s={search_term_string}"},"query-input":{"@type":"PropertyValueSpecification","valueRequired":true,"valueName":"search_term_string"}}],"inLanguage":"en-US"},{"@type":"Organization","@id":"https:\/\/zelb.md\/#organization","name":"ZELB","url":"https:\/\/zelb.md\/","logo":{"@type":"ImageObject","inLanguage":"en-US","@id":"https:\/\/zelb.md\/#\/schema\/logo\/image\/","url":"https:\/\/zelb.md\/wp-content\/uploads\/2018\/06\/zelb-logo-8-ani.png","contentUrl":"https:\/\/zelb.md\/wp-content\/uploads\/2018\/06\/zelb-logo-8-ani.png","width":255,"height":105,"caption":"ZELB"},"image":{"@id":"https:\/\/zelb.md\/#\/schema\/logo\/image\/"},"sameAs":["https:\/\/www.facebook.com\/zelbalti\/"]}]}},"_links":{"self":[{"href":"https:\/\/zelb.md\/en\/wp-json\/wp\/v2\/pages\/3810","targetHints":{"allow":["GET"]}}],"collection":[{"href":"https:\/\/zelb.md\/en\/wp-json\/wp\/v2\/pages"}],"about":[{"href":"https:\/\/zelb.md\/en\/wp-json\/wp\/v2\/types\/page"}],"author":[{"embeddable":true,"href":"https:\/\/zelb.md\/en\/wp-json\/wp\/v2\/users\/8"}],"replies":[{"embeddable":true,"href":"https:\/\/zelb.md\/en\/wp-json\/wp\/v2\/comments?post=3810"}],"version-history":[{"count":2,"href":"https:\/\/zelb.md\/en\/wp-json\/wp\/v2\/pages\/3810\/revisions"}],"predecessor-version":[{"id":4168,"href":"https:\/\/zelb.md\/en\/wp-json\/wp\/v2\/pages\/3810\/revisions\/4168"}],"up":[{"embeddable":true,"href":"https:\/\/zelb.md\/en\/wp-json\/wp\/v2\/pages\/3894"}],"wp:attachment":[{"href":"https:\/\/zelb.md\/en\/wp-json\/wp\/v2\/media?parent=3810"}],"curies":[{"name":"wp","href":"https:\/\/api.w.org\/{rel}","templated":true}]}}