{"id":3808,"date":"2020-04-02T12:39:58","date_gmt":"2020-04-02T10:39:58","guid":{"rendered":"https:\/\/zelb.md\/spatii-disponibile-causeni\/"},"modified":"2024-02-26T23:57:33","modified_gmt":"2024-02-26T21:57:33","slug":"spatii-disponibile-causeni","status":"publish","type":"page","link":"https:\/\/zelb.md\/en\/available-spaces\/spatii-disponibile-causeni\/","title":{"rendered":"C\u0103u\u015feni"},"content":{"rendered":"<p>[vc_row][vc_column width=&#8221;1\/4&#8243;][vc_row_inner][vc_column_inner][vc_single_image image=&#8221;2397&#8243; img_size=&#8221;medium&#8221; alignment=&#8221;center&#8221;][vc_custom_heading text=&#8221;C\u0102U\u015eENI&#8221; font_container=&#8221;tag:h2|text_align:center&#8221; use_theme_fonts=&#8221;yes&#8221; css=&#8221;.vc_custom_1585825664447{background-color: #e2e2e2 !important;}&#8221;][\/vc_column_inner][\/vc_row_inner][\/vc_column][vc_column width=&#8221;3\/4&#8243;][vc_row_inner][vc_column_inner][vc_column_text]The city of Causeni is located in the south-eastern part of the Republic of Moldova, on the border with Ukraine, so 4 localities in the district are border regions. The district is bordered by Stefan-Vod\u0103, Anenii-Noi and Cimislia districts.<\/p>\n<p>The population of the district is 90,432 people. The share of the economically active population in the total population is 58.4%. The city of Causeni has a population of 17635 inhabitants, of which 10792 are aged 16-35 years.<\/p>\n<p>In the area of 15 km from the city of Causeni there are 10 localities of Causeni district with a population of over 34 383 inhabitants. Neighbouring the city of Causeni are also three localities in Stefan Voda district with a total population of 9541 people. From the nominated localities 35 thousand 950 are economically active persons. In the city of Causeni there is a Vocational School where young people study 7 trades.<\/p>\n<p>The city has a network of motorways and railways of national and international importance, offering a number of advantages for future development. The district is crossed by an international route to Ukraine, 460 km long.<\/p>\n<p>The distance from the city of Causeni to the city of Odessa, including the seaport in this city, is 126 km of modernized road. The distance from Chisinau airport to the city of Causeni is 61 km.<\/p>\n<p>Manufacturing industry and agriculture are the dominant branches of the district&#8217;s economy, on which budget revenues and social-economic development directly depend.<\/p>\n<p>Activity in the real sector of the economy is oriented towards the development of manufacturing industry, investment and export activities, small business development, which have contributed to the revival of production activity, increasing productivity and competitiveness of products and strengthening the competitive environment.<\/p>\n<p>The city of Causeni has water and sewage, natural gas and electricity infrastructure with capacities that allow the development of industry, including within the &#8220;Balti&#8221; subzone, networks being in close proximity to the land of the subzone.<\/p>\n<p>The Causeni District Council has allocated financial resources for the preparation of the execution documentation for the modernization of the water and sewerage, electricity and natural gas networks. The preparation of the documentation is at the final stage. Cooperation with internal and external investment partners will allow the modernization of the networks in the period before the construction of the production halls begins.[\/vc_column_text][\/vc_column_inner][\/vc_row_inner][vc_row_inner][vc_column_inner][vc_column_text]<\/p>\n\n<!-- Generated using Document Gallery. Get yours here: http:\/\/wordpress.org\/extend\/plugins\/document-gallery -->\n<div id=\"document-gallery-1\" class=\"document-gallery\" data-shortcode='{\"id\":3808,\"include\":\"2364\",\"exclude\":\"\",\"columns\":3,\"fancy\":true,\"order\":\"ASC\",\"orderby\":\"post__in\",\"relation\":\"AND\",\"limit\":-1,\"mime_types\":\"application,video,text,audio,image\",\"paginate\":true,\"post_status\":\"any\",\"post_type\":\"attachment\",\"attachment_pg\":false,\"descriptions\":false,\"new_window\":true,\"skip\":0}' data-icon-width='32'>\n<div class='document-icon-row'>\n   <div class=\"document-icon\">\n      <a href=\"https:\/\/zelb.md\/wp-content\/uploads\/2020\/03\/Causeni.pdf\" target=\"_blank\">\n         <img decoding=\"async\" src=\"https:\/\/zelb.md\/wp-content\/uploads\/2020\/03\/Causeni-thumb-1.png\" title=\"Causeni\" alt=\"Causeni\" data-ext=\"pdf\"\/>\n         <span class=\"title\">Causeni<\/span>\n      <\/a>\n   <\/div>\n\n<\/div>\n<\/div>\n<p>[\/vc_column_text][\/vc_column_inner][\/vc_row_inner][\/vc_column][\/vc_row]<\/p>\n","protected":false},"excerpt":{"rendered":"<p>[vc_row][vc_column width=&#8221;1\/4&#8243;][vc_row_inner][vc_column_inner][vc_single_image image=&#8221;2397&#8243; img_size=&#8221;medium&#8221; alignment=&#8221;center&#8221;][vc_custom_heading text=&#8221;C\u0102U\u015eENI&#8221; font_container=&#8221;tag:h2|text_align:center&#8221; use_theme_fonts=&#8221;yes&#8221; css=&#8221;.vc_custom_1585825664447{background-color: #e2e2e2 !important;}&#8221;][\/vc_column_inner][\/vc_row_inner][\/vc_column][vc_column width=&#8221;3\/4&#8243;][vc_row_inner][vc_column_inner][vc_column_text]The city of Causeni is located in the south-eastern part of the Republic of Moldova, on the border with Ukraine, so 4 localities in the district are border regions. The district is bordered by Stefan-Vod\u0103, Anenii-Noi and Cimislia districts. The population of the district [&hellip;]<\/p>\n","protected":false},"author":8,"featured_media":0,"parent":3894,"menu_order":0,"comment_status":"closed","ping_status":"closed","template":"","meta":{"footnotes":""},"class_list":["post-3808","page","type-page","status-publish","hentry"],"yoast_head":"<!-- This site is optimized with the Yoast SEO plugin v26.6 - https:\/\/yoast.com\/wordpress\/plugins\/seo\/ -->\n<title>C\u0103u\u015feni - ZELB<\/title>\n<meta name=\"robots\" content=\"index, follow, max-snippet:-1, max-image-preview:large, max-video-preview:-1\" \/>\n<link rel=\"canonical\" href=\"https:\/\/zelb.md\/en\/available-spaces\/spatii-disponibile-causeni\/\" \/>\n<meta property=\"og:locale\" content=\"en_US\" \/>\n<meta property=\"og:type\" content=\"article\" \/>\n<meta property=\"og:title\" content=\"C\u0103u\u015feni - ZELB\" \/>\n<meta property=\"og:description\" content=\"[vc_row][vc_column width=&#8221;1\/4&#8243;][vc_row_inner][vc_column_inner][vc_single_image image=&#8221;2397&#8243; img_size=&#8221;medium&#8221; alignment=&#8221;center&#8221;][vc_custom_heading text=&#8221;C\u0102U\u015eENI&#8221; font_container=&#8221;tag:h2|text_align:center&#8221; use_theme_fonts=&#8221;yes&#8221; css=&#8221;.vc_custom_1585825664447{background-color: #e2e2e2 !important;}&#8221;][\/vc_column_inner][\/vc_row_inner][\/vc_column][vc_column width=&#8221;3\/4&#8243;][vc_row_inner][vc_column_inner][vc_column_text]The city of Causeni is located in the south-eastern part of the Republic of Moldova, on the border with Ukraine, so 4 localities in the district are border regions. The district is bordered by Stefan-Vod\u0103, Anenii-Noi and Cimislia districts. The population of the district [&hellip;]\" \/>\n<meta property=\"og:url\" content=\"https:\/\/zelb.md\/en\/available-spaces\/spatii-disponibile-causeni\/\" \/>\n<meta property=\"og:site_name\" content=\"ZELB\" \/>\n<meta property=\"article:publisher\" content=\"https:\/\/www.facebook.com\/zelbalti\/\" \/>\n<meta property=\"article:modified_time\" content=\"2024-02-26T21:57:33+00:00\" \/>\n<meta name=\"twitter:card\" content=\"summary_large_image\" \/>\n<meta name=\"twitter:label1\" content=\"Est. reading time\" \/>\n\t<meta name=\"twitter:data1\" content=\"3 minutes\" \/>\n<script type=\"application\/ld+json\" class=\"yoast-schema-graph\">{\"@context\":\"https:\/\/schema.org\",\"@graph\":[{\"@type\":\"WebPage\",\"@id\":\"https:\/\/zelb.md\/en\/available-spaces\/spatii-disponibile-causeni\/\",\"url\":\"https:\/\/zelb.md\/en\/available-spaces\/spatii-disponibile-causeni\/\",\"name\":\"C\u0103u\u015feni - ZELB\",\"isPartOf\":{\"@id\":\"https:\/\/zelb.md\/#website\"},\"datePublished\":\"2020-04-02T10:39:58+00:00\",\"dateModified\":\"2024-02-26T21:57:33+00:00\",\"breadcrumb\":{\"@id\":\"https:\/\/zelb.md\/en\/available-spaces\/spatii-disponibile-causeni\/#breadcrumb\"},\"inLanguage\":\"en-US\",\"potentialAction\":[{\"@type\":\"ReadAction\",\"target\":[\"https:\/\/zelb.md\/en\/available-spaces\/spatii-disponibile-causeni\/\"]}]},{\"@type\":\"BreadcrumbList\",\"@id\":\"https:\/\/zelb.md\/en\/available-spaces\/spatii-disponibile-causeni\/#breadcrumb\",\"itemListElement\":[{\"@type\":\"ListItem\",\"position\":1,\"name\":\"Prima pagin\u0103\",\"item\":\"https:\/\/zelb.md\/en\/\"},{\"@type\":\"ListItem\",\"position\":2,\"name\":\"Available spaces\",\"item\":\"https:\/\/zelb.md\/en\/available-spaces\/\"},{\"@type\":\"ListItem\",\"position\":3,\"name\":\"C\u0103u\u015feni\"}]},{\"@type\":\"WebSite\",\"@id\":\"https:\/\/zelb.md\/#website\",\"url\":\"https:\/\/zelb.md\/\",\"name\":\"ZELB\",\"description\":\"Zona Economic\u0103 Liber\u0103 B\u0103l\u0163i\",\"publisher\":{\"@id\":\"https:\/\/zelb.md\/#organization\"},\"potentialAction\":[{\"@type\":\"SearchAction\",\"target\":{\"@type\":\"EntryPoint\",\"urlTemplate\":\"https:\/\/zelb.md\/?s={search_term_string}\"},\"query-input\":{\"@type\":\"PropertyValueSpecification\",\"valueRequired\":true,\"valueName\":\"search_term_string\"}}],\"inLanguage\":\"en-US\"},{\"@type\":\"Organization\",\"@id\":\"https:\/\/zelb.md\/#organization\",\"name\":\"ZELB\",\"url\":\"https:\/\/zelb.md\/\",\"logo\":{\"@type\":\"ImageObject\",\"inLanguage\":\"en-US\",\"@id\":\"https:\/\/zelb.md\/#\/schema\/logo\/image\/\",\"url\":\"https:\/\/zelb.md\/wp-content\/uploads\/2018\/06\/zelb-logo-8-ani.png\",\"contentUrl\":\"https:\/\/zelb.md\/wp-content\/uploads\/2018\/06\/zelb-logo-8-ani.png\",\"width\":255,\"height\":105,\"caption\":\"ZELB\"},\"image\":{\"@id\":\"https:\/\/zelb.md\/#\/schema\/logo\/image\/\"},\"sameAs\":[\"https:\/\/www.facebook.com\/zelbalti\/\"]}]}<\/script>\n<!-- \/ Yoast SEO plugin. -->","yoast_head_json":{"title":"C\u0103u\u015feni - ZELB","robots":{"index":"index","follow":"follow","max-snippet":"max-snippet:-1","max-image-preview":"max-image-preview:large","max-video-preview":"max-video-preview:-1"},"canonical":"https:\/\/zelb.md\/en\/available-spaces\/spatii-disponibile-causeni\/","og_locale":"en_US","og_type":"article","og_title":"C\u0103u\u015feni - ZELB","og_description":"[vc_row][vc_column width=&#8221;1\/4&#8243;][vc_row_inner][vc_column_inner][vc_single_image image=&#8221;2397&#8243; img_size=&#8221;medium&#8221; alignment=&#8221;center&#8221;][vc_custom_heading text=&#8221;C\u0102U\u015eENI&#8221; font_container=&#8221;tag:h2|text_align:center&#8221; use_theme_fonts=&#8221;yes&#8221; css=&#8221;.vc_custom_1585825664447{background-color: #e2e2e2 !important;}&#8221;][\/vc_column_inner][\/vc_row_inner][\/vc_column][vc_column width=&#8221;3\/4&#8243;][vc_row_inner][vc_column_inner][vc_column_text]The city of Causeni is located in the south-eastern part of the Republic of Moldova, on the border with Ukraine, so 4 localities in the district are border regions. The district is bordered by Stefan-Vod\u0103, Anenii-Noi and Cimislia districts. The population of the district [&hellip;]","og_url":"https:\/\/zelb.md\/en\/available-spaces\/spatii-disponibile-causeni\/","og_site_name":"ZELB","article_publisher":"https:\/\/www.facebook.com\/zelbalti\/","article_modified_time":"2024-02-26T21:57:33+00:00","twitter_card":"summary_large_image","twitter_misc":{"Est. reading time":"3 minutes"},"schema":{"@context":"https:\/\/schema.org","@graph":[{"@type":"WebPage","@id":"https:\/\/zelb.md\/en\/available-spaces\/spatii-disponibile-causeni\/","url":"https:\/\/zelb.md\/en\/available-spaces\/spatii-disponibile-causeni\/","name":"C\u0103u\u015feni - ZELB","isPartOf":{"@id":"https:\/\/zelb.md\/#website"},"datePublished":"2020-04-02T10:39:58+00:00","dateModified":"2024-02-26T21:57:33+00:00","breadcrumb":{"@id":"https:\/\/zelb.md\/en\/available-spaces\/spatii-disponibile-causeni\/#breadcrumb"},"inLanguage":"en-US","potentialAction":[{"@type":"ReadAction","target":["https:\/\/zelb.md\/en\/available-spaces\/spatii-disponibile-causeni\/"]}]},{"@type":"BreadcrumbList","@id":"https:\/\/zelb.md\/en\/available-spaces\/spatii-disponibile-causeni\/#breadcrumb","itemListElement":[{"@type":"ListItem","position":1,"name":"Prima pagin\u0103","item":"https:\/\/zelb.md\/en\/"},{"@type":"ListItem","position":2,"name":"Available spaces","item":"https:\/\/zelb.md\/en\/available-spaces\/"},{"@type":"ListItem","position":3,"name":"C\u0103u\u015feni"}]},{"@type":"WebSite","@id":"https:\/\/zelb.md\/#website","url":"https:\/\/zelb.md\/","name":"ZELB","description":"Zona Economic\u0103 Liber\u0103 B\u0103l\u0163i","publisher":{"@id":"https:\/\/zelb.md\/#organization"},"potentialAction":[{"@type":"SearchAction","target":{"@type":"EntryPoint","urlTemplate":"https:\/\/zelb.md\/?s={search_term_string}"},"query-input":{"@type":"PropertyValueSpecification","valueRequired":true,"valueName":"search_term_string"}}],"inLanguage":"en-US"},{"@type":"Organization","@id":"https:\/\/zelb.md\/#organization","name":"ZELB","url":"https:\/\/zelb.md\/","logo":{"@type":"ImageObject","inLanguage":"en-US","@id":"https:\/\/zelb.md\/#\/schema\/logo\/image\/","url":"https:\/\/zelb.md\/wp-content\/uploads\/2018\/06\/zelb-logo-8-ani.png","contentUrl":"https:\/\/zelb.md\/wp-content\/uploads\/2018\/06\/zelb-logo-8-ani.png","width":255,"height":105,"caption":"ZELB"},"image":{"@id":"https:\/\/zelb.md\/#\/schema\/logo\/image\/"},"sameAs":["https:\/\/www.facebook.com\/zelbalti\/"]}]}},"_links":{"self":[{"href":"https:\/\/zelb.md\/en\/wp-json\/wp\/v2\/pages\/3808","targetHints":{"allow":["GET"]}}],"collection":[{"href":"https:\/\/zelb.md\/en\/wp-json\/wp\/v2\/pages"}],"about":[{"href":"https:\/\/zelb.md\/en\/wp-json\/wp\/v2\/types\/page"}],"author":[{"embeddable":true,"href":"https:\/\/zelb.md\/en\/wp-json\/wp\/v2\/users\/8"}],"replies":[{"embeddable":true,"href":"https:\/\/zelb.md\/en\/wp-json\/wp\/v2\/comments?post=3808"}],"version-history":[{"count":1,"href":"https:\/\/zelb.md\/en\/wp-json\/wp\/v2\/pages\/3808\/revisions"}],"predecessor-version":[{"id":4170,"href":"https:\/\/zelb.md\/en\/wp-json\/wp\/v2\/pages\/3808\/revisions\/4170"}],"up":[{"embeddable":true,"href":"https:\/\/zelb.md\/en\/wp-json\/wp\/v2\/pages\/3894"}],"wp:attachment":[{"href":"https:\/\/zelb.md\/en\/wp-json\/wp\/v2\/media?parent=3808"}],"curies":[{"name":"wp","href":"https:\/\/api.w.org\/{rel}","templated":true}]}}