{"id":3807,"date":"2020-04-02T12:40:23","date_gmt":"2020-04-02T10:40:23","guid":{"rendered":"https:\/\/zelb.md\/spatii-disponibile-stefan-voda\/"},"modified":"2024-02-26T23:57:56","modified_gmt":"2024-02-26T21:57:56","slug":"spatii-disponibile-stefan-voda","status":"publish","type":"page","link":"https:\/\/zelb.md\/en\/available-spaces\/spatii-disponibile-stefan-voda\/","title":{"rendered":"\u015etefan Vod\u0103"},"content":{"rendered":"<p>[vc_row][vc_column width=&#8221;1\/4&#8243;][vc_row_inner][vc_column_inner][vc_single_image image=&#8221;2400&#8243; img_size=&#8221;medium&#8221; alignment=&#8221;center&#8221;][vc_custom_heading text=&#8221;\u015eTEFAN VOD\u0102&#8221; font_container=&#8221;tag:h2|text_align:center&#8221; use_theme_fonts=&#8221;yes&#8221; css=&#8221;.vc_custom_1585825618556{background-color: #e2e2e2 !important;}&#8221;][\/vc_column_inner][\/vc_row_inner][\/vc_column][vc_column width=&#8221;3\/4&#8243;][vc_row_inner][vc_column_inner][vc_column_text]Stefan Voda district is located in the southeastern part of the Republic of Moldova at a distance of 100 km from mun. Chisinau. The district is bordered on the north-west by the district of Causeni, on the north-east by the district of Slobozia and Ukraine and on the south by Ukraine. The length of the district border is 277.56 km, of which: with Ukraine &#8211; 166.65 km, with Causeni district &#8211; 42.81 km and with Slobozia district &#8211; 68.1 km. The length of the district border on the Nistru River is 126.82 km.[\/vc_column_text][\/vc_column_inner][\/vc_row_inner][vc_row_inner][vc_column_inner][vc_column_text]<\/p>\n\n<!-- Generated using Document Gallery. Get yours here: http:\/\/wordpress.org\/extend\/plugins\/document-gallery -->\n<div id=\"document-gallery-1\" class=\"document-gallery\" data-shortcode='{\"id\":3807,\"include\":\"2366\",\"exclude\":\"\",\"columns\":3,\"fancy\":true,\"order\":\"ASC\",\"orderby\":\"post__in\",\"relation\":\"AND\",\"limit\":-1,\"mime_types\":\"application,video,text,audio,image\",\"paginate\":true,\"post_status\":\"any\",\"post_type\":\"attachment\",\"attachment_pg\":false,\"descriptions\":false,\"new_window\":true,\"skip\":0}' data-icon-width='32'>\n<div class='document-icon-row'>\n   <div class=\"document-icon\">\n      <a href=\"https:\/\/zelb.md\/wp-content\/uploads\/2020\/03\/StefanVoda.pdf\" target=\"_blank\">\n         <img decoding=\"async\" src=\"https:\/\/zelb.md\/wp-content\/uploads\/2020\/03\/StefanVoda-thumb-1.png\" title=\"StefanVoda\" alt=\"StefanVoda\" data-ext=\"pdf\"\/>\n         <span class=\"title\">StefanVoda<\/span>\n      <\/a>\n   <\/div>\n\n<\/div>\n<\/div>\n<p>[\/vc_column_text][\/vc_column_inner][\/vc_row_inner][\/vc_column][\/vc_row]<\/p>\n","protected":false},"excerpt":{"rendered":"<p>[vc_row][vc_column width=&#8221;1\/4&#8243;][vc_row_inner][vc_column_inner][vc_single_image image=&#8221;2400&#8243; img_size=&#8221;medium&#8221; alignment=&#8221;center&#8221;][vc_custom_heading text=&#8221;\u015eTEFAN VOD\u0102&#8221; font_container=&#8221;tag:h2|text_align:center&#8221; use_theme_fonts=&#8221;yes&#8221; css=&#8221;.vc_custom_1585825618556{background-color: #e2e2e2 !important;}&#8221;][\/vc_column_inner][\/vc_row_inner][\/vc_column][vc_column width=&#8221;3\/4&#8243;][vc_row_inner][vc_column_inner][vc_column_text]Stefan Voda district is located in the southeastern part of the Republic of Moldova at a distance of 100 km from mun. Chisinau. The district is bordered on the north-west by the district of Causeni, on the north-east by the district of Slobozia [&hellip;]<\/p>\n","protected":false},"author":8,"featured_media":0,"parent":3894,"menu_order":0,"comment_status":"closed","ping_status":"closed","template":"","meta":{"footnotes":""},"class_list":["post-3807","page","type-page","status-publish","hentry"],"yoast_head":"<!-- This site is optimized with the Yoast SEO plugin v26.6 - https:\/\/yoast.com\/wordpress\/plugins\/seo\/ -->\n<title>\u015etefan Vod\u0103 - ZELB<\/title>\n<meta name=\"robots\" content=\"index, follow, max-snippet:-1, max-image-preview:large, max-video-preview:-1\" \/>\n<link rel=\"canonical\" href=\"https:\/\/zelb.md\/en\/available-spaces\/spatii-disponibile-stefan-voda\/\" \/>\n<meta property=\"og:locale\" content=\"en_US\" \/>\n<meta property=\"og:type\" content=\"article\" \/>\n<meta property=\"og:title\" content=\"\u015etefan Vod\u0103 - ZELB\" \/>\n<meta property=\"og:description\" content=\"[vc_row][vc_column width=&#8221;1\/4&#8243;][vc_row_inner][vc_column_inner][vc_single_image image=&#8221;2400&#8243; img_size=&#8221;medium&#8221; alignment=&#8221;center&#8221;][vc_custom_heading text=&#8221;\u015eTEFAN VOD\u0102&#8221; font_container=&#8221;tag:h2|text_align:center&#8221; use_theme_fonts=&#8221;yes&#8221; css=&#8221;.vc_custom_1585825618556{background-color: #e2e2e2 !important;}&#8221;][\/vc_column_inner][\/vc_row_inner][\/vc_column][vc_column width=&#8221;3\/4&#8243;][vc_row_inner][vc_column_inner][vc_column_text]Stefan Voda district is located in the southeastern part of the Republic of Moldova at a distance of 100 km from mun. Chisinau. The district is bordered on the north-west by the district of Causeni, on the north-east by the district of Slobozia [&hellip;]\" \/>\n<meta property=\"og:url\" content=\"https:\/\/zelb.md\/en\/available-spaces\/spatii-disponibile-stefan-voda\/\" \/>\n<meta property=\"og:site_name\" content=\"ZELB\" \/>\n<meta property=\"article:publisher\" content=\"https:\/\/www.facebook.com\/zelbalti\/\" \/>\n<meta property=\"article:modified_time\" content=\"2024-02-26T21:57:56+00:00\" \/>\n<meta name=\"twitter:card\" content=\"summary_large_image\" \/>\n<meta name=\"twitter:label1\" content=\"Est. reading time\" \/>\n\t<meta name=\"twitter:data1\" content=\"1 minute\" \/>\n<script type=\"application\/ld+json\" class=\"yoast-schema-graph\">{\"@context\":\"https:\/\/schema.org\",\"@graph\":[{\"@type\":\"WebPage\",\"@id\":\"https:\/\/zelb.md\/en\/available-spaces\/spatii-disponibile-stefan-voda\/\",\"url\":\"https:\/\/zelb.md\/en\/available-spaces\/spatii-disponibile-stefan-voda\/\",\"name\":\"\u015etefan Vod\u0103 - ZELB\",\"isPartOf\":{\"@id\":\"https:\/\/zelb.md\/#website\"},\"datePublished\":\"2020-04-02T10:40:23+00:00\",\"dateModified\":\"2024-02-26T21:57:56+00:00\",\"breadcrumb\":{\"@id\":\"https:\/\/zelb.md\/en\/available-spaces\/spatii-disponibile-stefan-voda\/#breadcrumb\"},\"inLanguage\":\"en-US\",\"potentialAction\":[{\"@type\":\"ReadAction\",\"target\":[\"https:\/\/zelb.md\/en\/available-spaces\/spatii-disponibile-stefan-voda\/\"]}]},{\"@type\":\"BreadcrumbList\",\"@id\":\"https:\/\/zelb.md\/en\/available-spaces\/spatii-disponibile-stefan-voda\/#breadcrumb\",\"itemListElement\":[{\"@type\":\"ListItem\",\"position\":1,\"name\":\"Prima pagin\u0103\",\"item\":\"https:\/\/zelb.md\/en\/\"},{\"@type\":\"ListItem\",\"position\":2,\"name\":\"Available spaces\",\"item\":\"https:\/\/zelb.md\/en\/available-spaces\/\"},{\"@type\":\"ListItem\",\"position\":3,\"name\":\"\u015etefan Vod\u0103\"}]},{\"@type\":\"WebSite\",\"@id\":\"https:\/\/zelb.md\/#website\",\"url\":\"https:\/\/zelb.md\/\",\"name\":\"ZELB\",\"description\":\"Zona Economic\u0103 Liber\u0103 B\u0103l\u0163i\",\"publisher\":{\"@id\":\"https:\/\/zelb.md\/#organization\"},\"potentialAction\":[{\"@type\":\"SearchAction\",\"target\":{\"@type\":\"EntryPoint\",\"urlTemplate\":\"https:\/\/zelb.md\/?s={search_term_string}\"},\"query-input\":{\"@type\":\"PropertyValueSpecification\",\"valueRequired\":true,\"valueName\":\"search_term_string\"}}],\"inLanguage\":\"en-US\"},{\"@type\":\"Organization\",\"@id\":\"https:\/\/zelb.md\/#organization\",\"name\":\"ZELB\",\"url\":\"https:\/\/zelb.md\/\",\"logo\":{\"@type\":\"ImageObject\",\"inLanguage\":\"en-US\",\"@id\":\"https:\/\/zelb.md\/#\/schema\/logo\/image\/\",\"url\":\"https:\/\/zelb.md\/wp-content\/uploads\/2018\/06\/zelb-logo-8-ani.png\",\"contentUrl\":\"https:\/\/zelb.md\/wp-content\/uploads\/2018\/06\/zelb-logo-8-ani.png\",\"width\":255,\"height\":105,\"caption\":\"ZELB\"},\"image\":{\"@id\":\"https:\/\/zelb.md\/#\/schema\/logo\/image\/\"},\"sameAs\":[\"https:\/\/www.facebook.com\/zelbalti\/\"]}]}<\/script>\n<!-- \/ Yoast SEO plugin. -->","yoast_head_json":{"title":"\u015etefan Vod\u0103 - ZELB","robots":{"index":"index","follow":"follow","max-snippet":"max-snippet:-1","max-image-preview":"max-image-preview:large","max-video-preview":"max-video-preview:-1"},"canonical":"https:\/\/zelb.md\/en\/available-spaces\/spatii-disponibile-stefan-voda\/","og_locale":"en_US","og_type":"article","og_title":"\u015etefan Vod\u0103 - ZELB","og_description":"[vc_row][vc_column width=&#8221;1\/4&#8243;][vc_row_inner][vc_column_inner][vc_single_image image=&#8221;2400&#8243; img_size=&#8221;medium&#8221; alignment=&#8221;center&#8221;][vc_custom_heading text=&#8221;\u015eTEFAN VOD\u0102&#8221; font_container=&#8221;tag:h2|text_align:center&#8221; use_theme_fonts=&#8221;yes&#8221; css=&#8221;.vc_custom_1585825618556{background-color: #e2e2e2 !important;}&#8221;][\/vc_column_inner][\/vc_row_inner][\/vc_column][vc_column width=&#8221;3\/4&#8243;][vc_row_inner][vc_column_inner][vc_column_text]Stefan Voda district is located in the southeastern part of the Republic of Moldova at a distance of 100 km from mun. Chisinau. The district is bordered on the north-west by the district of Causeni, on the north-east by the district of Slobozia [&hellip;]","og_url":"https:\/\/zelb.md\/en\/available-spaces\/spatii-disponibile-stefan-voda\/","og_site_name":"ZELB","article_publisher":"https:\/\/www.facebook.com\/zelbalti\/","article_modified_time":"2024-02-26T21:57:56+00:00","twitter_card":"summary_large_image","twitter_misc":{"Est. reading time":"1 minute"},"schema":{"@context":"https:\/\/schema.org","@graph":[{"@type":"WebPage","@id":"https:\/\/zelb.md\/en\/available-spaces\/spatii-disponibile-stefan-voda\/","url":"https:\/\/zelb.md\/en\/available-spaces\/spatii-disponibile-stefan-voda\/","name":"\u015etefan Vod\u0103 - ZELB","isPartOf":{"@id":"https:\/\/zelb.md\/#website"},"datePublished":"2020-04-02T10:40:23+00:00","dateModified":"2024-02-26T21:57:56+00:00","breadcrumb":{"@id":"https:\/\/zelb.md\/en\/available-spaces\/spatii-disponibile-stefan-voda\/#breadcrumb"},"inLanguage":"en-US","potentialAction":[{"@type":"ReadAction","target":["https:\/\/zelb.md\/en\/available-spaces\/spatii-disponibile-stefan-voda\/"]}]},{"@type":"BreadcrumbList","@id":"https:\/\/zelb.md\/en\/available-spaces\/spatii-disponibile-stefan-voda\/#breadcrumb","itemListElement":[{"@type":"ListItem","position":1,"name":"Prima pagin\u0103","item":"https:\/\/zelb.md\/en\/"},{"@type":"ListItem","position":2,"name":"Available spaces","item":"https:\/\/zelb.md\/en\/available-spaces\/"},{"@type":"ListItem","position":3,"name":"\u015etefan Vod\u0103"}]},{"@type":"WebSite","@id":"https:\/\/zelb.md\/#website","url":"https:\/\/zelb.md\/","name":"ZELB","description":"Zona Economic\u0103 Liber\u0103 B\u0103l\u0163i","publisher":{"@id":"https:\/\/zelb.md\/#organization"},"potentialAction":[{"@type":"SearchAction","target":{"@type":"EntryPoint","urlTemplate":"https:\/\/zelb.md\/?s={search_term_string}"},"query-input":{"@type":"PropertyValueSpecification","valueRequired":true,"valueName":"search_term_string"}}],"inLanguage":"en-US"},{"@type":"Organization","@id":"https:\/\/zelb.md\/#organization","name":"ZELB","url":"https:\/\/zelb.md\/","logo":{"@type":"ImageObject","inLanguage":"en-US","@id":"https:\/\/zelb.md\/#\/schema\/logo\/image\/","url":"https:\/\/zelb.md\/wp-content\/uploads\/2018\/06\/zelb-logo-8-ani.png","contentUrl":"https:\/\/zelb.md\/wp-content\/uploads\/2018\/06\/zelb-logo-8-ani.png","width":255,"height":105,"caption":"ZELB"},"image":{"@id":"https:\/\/zelb.md\/#\/schema\/logo\/image\/"},"sameAs":["https:\/\/www.facebook.com\/zelbalti\/"]}]}},"_links":{"self":[{"href":"https:\/\/zelb.md\/en\/wp-json\/wp\/v2\/pages\/3807","targetHints":{"allow":["GET"]}}],"collection":[{"href":"https:\/\/zelb.md\/en\/wp-json\/wp\/v2\/pages"}],"about":[{"href":"https:\/\/zelb.md\/en\/wp-json\/wp\/v2\/types\/page"}],"author":[{"embeddable":true,"href":"https:\/\/zelb.md\/en\/wp-json\/wp\/v2\/users\/8"}],"replies":[{"embeddable":true,"href":"https:\/\/zelb.md\/en\/wp-json\/wp\/v2\/comments?post=3807"}],"version-history":[{"count":2,"href":"https:\/\/zelb.md\/en\/wp-json\/wp\/v2\/pages\/3807\/revisions"}],"predecessor-version":[{"id":4172,"href":"https:\/\/zelb.md\/en\/wp-json\/wp\/v2\/pages\/3807\/revisions\/4172"}],"up":[{"embeddable":true,"href":"https:\/\/zelb.md\/en\/wp-json\/wp\/v2\/pages\/3894"}],"wp:attachment":[{"href":"https:\/\/zelb.md\/en\/wp-json\/wp\/v2\/media?parent=3807"}],"curies":[{"name":"wp","href":"https:\/\/api.w.org\/{rel}","templated":true}]}}