{"id":3805,"date":"2020-04-02T12:41:06","date_gmt":"2020-04-02T10:41:06","guid":{"rendered":"https:\/\/zelb.md\/spatii-disponibile-cimislia\/"},"modified":"2024-02-26T23:59:56","modified_gmt":"2024-02-26T21:59:56","slug":"spatii-disponibile-cimislia","status":"publish","type":"page","link":"https:\/\/zelb.md\/en\/available-spaces\/spatii-disponibile-cimislia\/","title":{"rendered":"Cimi\u015flia"},"content":{"rendered":"<p>[vc_row][vc_column width=&#8221;1\/4&#8243;][vc_row_inner][vc_column_inner][vc_single_image image=&#8221;2398&#8243; img_size=&#8221;medium&#8221; alignment=&#8221;center&#8221;][vc_custom_heading text=&#8221;CIMI\u015eLIA&#8221; font_container=&#8221;tag:h2|text_align:center&#8221; use_theme_fonts=&#8221;yes&#8221; css=&#8221;.vc_custom_1585825540788{background-color: #e2e2e2 !important;}&#8221;][\/vc_column_inner][\/vc_row_inner][\/vc_column][vc_column width=&#8221;3\/4&#8243;][vc_row_inner][vc_column_inner][vc_column_text]Cimislia district is located in the southern region of the Republic of Moldova. The district center is represented by the city of Cimislia, founded on 11 November 1940. The district is bordered to the north by the districts of Hincesti and Ialoveni, to the east by Causeni, to the south by Gagauzia and Basarabeasca, and to the west by Leova. The total area of the district is 92.4 thousand ha. The district includes 39 localities, including 38 villages and one town, organized in 23 Territorial Administrative Units.[\/vc_column_text][\/vc_column_inner][\/vc_row_inner][vc_row_inner][vc_column_inner][vc_column_text]<\/p>\n\n<!-- Generated using Document Gallery. Get yours here: http:\/\/wordpress.org\/extend\/plugins\/document-gallery -->\n<div id=\"document-gallery-1\" class=\"document-gallery\" data-shortcode='{\"id\":3805,\"include\":\"2365\",\"exclude\":\"\",\"columns\":3,\"fancy\":true,\"order\":\"ASC\",\"orderby\":\"post__in\",\"relation\":\"AND\",\"limit\":-1,\"mime_types\":\"application,video,text,audio,image\",\"paginate\":true,\"post_status\":\"any\",\"post_type\":\"attachment\",\"attachment_pg\":false,\"descriptions\":false,\"new_window\":true,\"skip\":0}' data-icon-width='32'>\n<div class='document-icon-row'>\n   <div class=\"document-icon\">\n      <a href=\"https:\/\/zelb.md\/wp-content\/uploads\/2020\/03\/Cimislia.pdf\" target=\"_blank\">\n         <img decoding=\"async\" src=\"https:\/\/zelb.md\/wp-content\/uploads\/2020\/03\/Cimislia-thumb-1.png\" title=\"Cimislia\" alt=\"Cimislia\" data-ext=\"pdf\"\/>\n         <span class=\"title\">Cimislia<\/span>\n      <\/a>\n   <\/div>\n\n<\/div>\n<\/div>\n<p>[\/vc_column_text][\/vc_column_inner][\/vc_row_inner][\/vc_column][\/vc_row]<\/p>\n","protected":false},"excerpt":{"rendered":"<p>[vc_row][vc_column width=&#8221;1\/4&#8243;][vc_row_inner][vc_column_inner][vc_single_image image=&#8221;2398&#8243; img_size=&#8221;medium&#8221; alignment=&#8221;center&#8221;][vc_custom_heading text=&#8221;CIMI\u015eLIA&#8221; font_container=&#8221;tag:h2|text_align:center&#8221; use_theme_fonts=&#8221;yes&#8221; css=&#8221;.vc_custom_1585825540788{background-color: #e2e2e2 !important;}&#8221;][\/vc_column_inner][\/vc_row_inner][\/vc_column][vc_column width=&#8221;3\/4&#8243;][vc_row_inner][vc_column_inner][vc_column_text]Cimislia district is located in the southern region of the Republic of Moldova. The district center is represented by the city of Cimislia, founded on 11 November 1940. The district is bordered to the north by the districts of Hincesti and Ialoveni, to the [&hellip;]<\/p>\n","protected":false},"author":8,"featured_media":0,"parent":3894,"menu_order":0,"comment_status":"closed","ping_status":"closed","template":"","meta":{"footnotes":""},"class_list":["post-3805","page","type-page","status-publish","hentry"],"yoast_head":"<!-- This site is optimized with the Yoast SEO plugin v26.6 - https:\/\/yoast.com\/wordpress\/plugins\/seo\/ -->\n<title>Cimi\u015flia - ZELB<\/title>\n<meta name=\"robots\" content=\"index, follow, max-snippet:-1, max-image-preview:large, max-video-preview:-1\" \/>\n<link rel=\"canonical\" href=\"https:\/\/zelb.md\/en\/available-spaces\/spatii-disponibile-cimislia\/\" \/>\n<meta property=\"og:locale\" content=\"en_US\" \/>\n<meta property=\"og:type\" content=\"article\" \/>\n<meta property=\"og:title\" content=\"Cimi\u015flia - ZELB\" \/>\n<meta property=\"og:description\" content=\"[vc_row][vc_column width=&#8221;1\/4&#8243;][vc_row_inner][vc_column_inner][vc_single_image image=&#8221;2398&#8243; img_size=&#8221;medium&#8221; alignment=&#8221;center&#8221;][vc_custom_heading text=&#8221;CIMI\u015eLIA&#8221; font_container=&#8221;tag:h2|text_align:center&#8221; use_theme_fonts=&#8221;yes&#8221; css=&#8221;.vc_custom_1585825540788{background-color: #e2e2e2 !important;}&#8221;][\/vc_column_inner][\/vc_row_inner][\/vc_column][vc_column width=&#8221;3\/4&#8243;][vc_row_inner][vc_column_inner][vc_column_text]Cimislia district is located in the southern region of the Republic of Moldova. The district center is represented by the city of Cimislia, founded on 11 November 1940. The district is bordered to the north by the districts of Hincesti and Ialoveni, to the [&hellip;]\" \/>\n<meta property=\"og:url\" content=\"https:\/\/zelb.md\/en\/available-spaces\/spatii-disponibile-cimislia\/\" \/>\n<meta property=\"og:site_name\" content=\"ZELB\" \/>\n<meta property=\"article:publisher\" content=\"https:\/\/www.facebook.com\/zelbalti\/\" \/>\n<meta property=\"article:modified_time\" content=\"2024-02-26T21:59:56+00:00\" \/>\n<meta name=\"twitter:card\" content=\"summary_large_image\" \/>\n<meta name=\"twitter:label1\" content=\"Est. reading time\" \/>\n\t<meta name=\"twitter:data1\" content=\"1 minute\" \/>\n<script type=\"application\/ld+json\" class=\"yoast-schema-graph\">{\"@context\":\"https:\/\/schema.org\",\"@graph\":[{\"@type\":\"WebPage\",\"@id\":\"https:\/\/zelb.md\/en\/available-spaces\/spatii-disponibile-cimislia\/\",\"url\":\"https:\/\/zelb.md\/en\/available-spaces\/spatii-disponibile-cimislia\/\",\"name\":\"Cimi\u015flia - ZELB\",\"isPartOf\":{\"@id\":\"https:\/\/zelb.md\/#website\"},\"datePublished\":\"2020-04-02T10:41:06+00:00\",\"dateModified\":\"2024-02-26T21:59:56+00:00\",\"breadcrumb\":{\"@id\":\"https:\/\/zelb.md\/en\/available-spaces\/spatii-disponibile-cimislia\/#breadcrumb\"},\"inLanguage\":\"en-US\",\"potentialAction\":[{\"@type\":\"ReadAction\",\"target\":[\"https:\/\/zelb.md\/en\/available-spaces\/spatii-disponibile-cimislia\/\"]}]},{\"@type\":\"BreadcrumbList\",\"@id\":\"https:\/\/zelb.md\/en\/available-spaces\/spatii-disponibile-cimislia\/#breadcrumb\",\"itemListElement\":[{\"@type\":\"ListItem\",\"position\":1,\"name\":\"Prima pagin\u0103\",\"item\":\"https:\/\/zelb.md\/en\/\"},{\"@type\":\"ListItem\",\"position\":2,\"name\":\"Available spaces\",\"item\":\"https:\/\/zelb.md\/en\/available-spaces\/\"},{\"@type\":\"ListItem\",\"position\":3,\"name\":\"Cimi\u015flia\"}]},{\"@type\":\"WebSite\",\"@id\":\"https:\/\/zelb.md\/#website\",\"url\":\"https:\/\/zelb.md\/\",\"name\":\"ZELB\",\"description\":\"Zona Economic\u0103 Liber\u0103 B\u0103l\u0163i\",\"publisher\":{\"@id\":\"https:\/\/zelb.md\/#organization\"},\"potentialAction\":[{\"@type\":\"SearchAction\",\"target\":{\"@type\":\"EntryPoint\",\"urlTemplate\":\"https:\/\/zelb.md\/?s={search_term_string}\"},\"query-input\":{\"@type\":\"PropertyValueSpecification\",\"valueRequired\":true,\"valueName\":\"search_term_string\"}}],\"inLanguage\":\"en-US\"},{\"@type\":\"Organization\",\"@id\":\"https:\/\/zelb.md\/#organization\",\"name\":\"ZELB\",\"url\":\"https:\/\/zelb.md\/\",\"logo\":{\"@type\":\"ImageObject\",\"inLanguage\":\"en-US\",\"@id\":\"https:\/\/zelb.md\/#\/schema\/logo\/image\/\",\"url\":\"https:\/\/zelb.md\/wp-content\/uploads\/2018\/06\/zelb-logo-8-ani.png\",\"contentUrl\":\"https:\/\/zelb.md\/wp-content\/uploads\/2018\/06\/zelb-logo-8-ani.png\",\"width\":255,\"height\":105,\"caption\":\"ZELB\"},\"image\":{\"@id\":\"https:\/\/zelb.md\/#\/schema\/logo\/image\/\"},\"sameAs\":[\"https:\/\/www.facebook.com\/zelbalti\/\"]}]}<\/script>\n<!-- \/ Yoast SEO plugin. -->","yoast_head_json":{"title":"Cimi\u015flia - ZELB","robots":{"index":"index","follow":"follow","max-snippet":"max-snippet:-1","max-image-preview":"max-image-preview:large","max-video-preview":"max-video-preview:-1"},"canonical":"https:\/\/zelb.md\/en\/available-spaces\/spatii-disponibile-cimislia\/","og_locale":"en_US","og_type":"article","og_title":"Cimi\u015flia - ZELB","og_description":"[vc_row][vc_column width=&#8221;1\/4&#8243;][vc_row_inner][vc_column_inner][vc_single_image image=&#8221;2398&#8243; img_size=&#8221;medium&#8221; alignment=&#8221;center&#8221;][vc_custom_heading text=&#8221;CIMI\u015eLIA&#8221; font_container=&#8221;tag:h2|text_align:center&#8221; use_theme_fonts=&#8221;yes&#8221; css=&#8221;.vc_custom_1585825540788{background-color: #e2e2e2 !important;}&#8221;][\/vc_column_inner][\/vc_row_inner][\/vc_column][vc_column width=&#8221;3\/4&#8243;][vc_row_inner][vc_column_inner][vc_column_text]Cimislia district is located in the southern region of the Republic of Moldova. The district center is represented by the city of Cimislia, founded on 11 November 1940. The district is bordered to the north by the districts of Hincesti and Ialoveni, to the [&hellip;]","og_url":"https:\/\/zelb.md\/en\/available-spaces\/spatii-disponibile-cimislia\/","og_site_name":"ZELB","article_publisher":"https:\/\/www.facebook.com\/zelbalti\/","article_modified_time":"2024-02-26T21:59:56+00:00","twitter_card":"summary_large_image","twitter_misc":{"Est. reading time":"1 minute"},"schema":{"@context":"https:\/\/schema.org","@graph":[{"@type":"WebPage","@id":"https:\/\/zelb.md\/en\/available-spaces\/spatii-disponibile-cimislia\/","url":"https:\/\/zelb.md\/en\/available-spaces\/spatii-disponibile-cimislia\/","name":"Cimi\u015flia - ZELB","isPartOf":{"@id":"https:\/\/zelb.md\/#website"},"datePublished":"2020-04-02T10:41:06+00:00","dateModified":"2024-02-26T21:59:56+00:00","breadcrumb":{"@id":"https:\/\/zelb.md\/en\/available-spaces\/spatii-disponibile-cimislia\/#breadcrumb"},"inLanguage":"en-US","potentialAction":[{"@type":"ReadAction","target":["https:\/\/zelb.md\/en\/available-spaces\/spatii-disponibile-cimislia\/"]}]},{"@type":"BreadcrumbList","@id":"https:\/\/zelb.md\/en\/available-spaces\/spatii-disponibile-cimislia\/#breadcrumb","itemListElement":[{"@type":"ListItem","position":1,"name":"Prima pagin\u0103","item":"https:\/\/zelb.md\/en\/"},{"@type":"ListItem","position":2,"name":"Available spaces","item":"https:\/\/zelb.md\/en\/available-spaces\/"},{"@type":"ListItem","position":3,"name":"Cimi\u015flia"}]},{"@type":"WebSite","@id":"https:\/\/zelb.md\/#website","url":"https:\/\/zelb.md\/","name":"ZELB","description":"Zona Economic\u0103 Liber\u0103 B\u0103l\u0163i","publisher":{"@id":"https:\/\/zelb.md\/#organization"},"potentialAction":[{"@type":"SearchAction","target":{"@type":"EntryPoint","urlTemplate":"https:\/\/zelb.md\/?s={search_term_string}"},"query-input":{"@type":"PropertyValueSpecification","valueRequired":true,"valueName":"search_term_string"}}],"inLanguage":"en-US"},{"@type":"Organization","@id":"https:\/\/zelb.md\/#organization","name":"ZELB","url":"https:\/\/zelb.md\/","logo":{"@type":"ImageObject","inLanguage":"en-US","@id":"https:\/\/zelb.md\/#\/schema\/logo\/image\/","url":"https:\/\/zelb.md\/wp-content\/uploads\/2018\/06\/zelb-logo-8-ani.png","contentUrl":"https:\/\/zelb.md\/wp-content\/uploads\/2018\/06\/zelb-logo-8-ani.png","width":255,"height":105,"caption":"ZELB"},"image":{"@id":"https:\/\/zelb.md\/#\/schema\/logo\/image\/"},"sameAs":["https:\/\/www.facebook.com\/zelbalti\/"]}]}},"_links":{"self":[{"href":"https:\/\/zelb.md\/en\/wp-json\/wp\/v2\/pages\/3805","targetHints":{"allow":["GET"]}}],"collection":[{"href":"https:\/\/zelb.md\/en\/wp-json\/wp\/v2\/pages"}],"about":[{"href":"https:\/\/zelb.md\/en\/wp-json\/wp\/v2\/types\/page"}],"author":[{"embeddable":true,"href":"https:\/\/zelb.md\/en\/wp-json\/wp\/v2\/users\/8"}],"replies":[{"embeddable":true,"href":"https:\/\/zelb.md\/en\/wp-json\/wp\/v2\/comments?post=3805"}],"version-history":[{"count":1,"href":"https:\/\/zelb.md\/en\/wp-json\/wp\/v2\/pages\/3805\/revisions"}],"predecessor-version":[{"id":4174,"href":"https:\/\/zelb.md\/en\/wp-json\/wp\/v2\/pages\/3805\/revisions\/4174"}],"up":[{"embeddable":true,"href":"https:\/\/zelb.md\/en\/wp-json\/wp\/v2\/pages\/3894"}],"wp:attachment":[{"href":"https:\/\/zelb.md\/en\/wp-json\/wp\/v2\/media?parent=3805"}],"curies":[{"name":"wp","href":"https:\/\/api.w.org\/{rel}","templated":true}]}}