{"id":3803,"date":"2020-04-02T12:41:53","date_gmt":"2020-04-02T10:41:53","guid":{"rendered":"https:\/\/zelb.md\/spatii-disponibile-rezina\/"},"modified":"2024-02-27T00:02:20","modified_gmt":"2024-02-26T22:02:20","slug":"spatii-disponibile-rezina","status":"publish","type":"page","link":"https:\/\/zelb.md\/en\/available-spaces\/spatii-disponibile-rezina\/","title":{"rendered":"Rezina"},"content":{"rendered":"<p>[vc_row][vc_column width=&#8221;1\/4&#8243;][vc_row_inner][vc_column_inner][vc_single_image image=&#8221;2399&#8243; img_size=&#8221;medium&#8221; alignment=&#8221;center&#8221;][vc_custom_heading text=&#8221;REZINA&#8221; font_container=&#8221;tag:h2|text_align:center&#8221; use_theme_fonts=&#8221;yes&#8221; css=&#8221;.vc_custom_1547549613878{background-color: #e2e2e2 !important;}&#8221;][\/vc_column_inner][\/vc_row_inner][\/vc_column][vc_column width=&#8221;3\/4&#8243;][vc_row_inner][vc_column_inner][vc_column_text]The Rezina district is located along the Nistru River, on the right bank, in the northeastern part of the country. Rezina Raion is bordered by the neighbouring districts of Orhei, Soldanesti, Telenesti and Rabnitsa and is named after the city of Rezina, the administrative centre of the district of the same name in the Republic of Moldova. The built-up area of the city is about 4.83 square kilometres, with a perimeter of 12.96 km. The administrative subordination of Rezina includes the villages of Bo\u0219erni\u021ba, Ciorna and Stohnaia. Rezina is located at a distance of 100 km from Chisinau municipality. Rezina rayon has a total of 41 localities, including the town of Rezina. The localities are divided into 25 municipalities. The Rezina City Hall also includes 3 rural localities &#8211; Ciorna, Stohnaia and Bo\u0219erni\u021ba.<\/p>\n<p>Total area: 621.7947 km2.<br \/>\nPopulation: the Rezina district has 52.6 thousand inhabitants, of which:<br \/>\n&#8211; urban population &#8211; 13,53 thousand people;<br \/>\n&#8211; rural population &#8211; 39.06 thousand people;<br \/>\n&#8211; density &#8211; 84,5 persons\/ km2.<br \/>\nEthnic composition of the population:<br \/>\n&#8211; Moldovans &#8211; 93.0%;<br \/>\n&#8211; Ukrainians &#8211; 3.5%;<br \/>\n&#8211; Russians &#8211; 2.3%;<br \/>\n&#8211; Gagauz &#8211; 0.1%;<br \/>\n&#8211; Romanians &#8211; 0.8%;<br \/>\n&#8211; Bulgarians &#8211; 0.1%;<br \/>\n&#8211; other nationalities &#8211; 0.2%.<br \/>\nRezina is an agrarian district and has 43,471 thousand ha of agricultural land. These lands are managed and worked by 55 economic agents in agriculture. The overall volume of agricultural production in all categories of households in current prices reached the level of 458277 thousand lei.[\/vc_column_text][\/vc_column_inner][\/vc_row_inner][vc_row_inner][vc_column_inner][vc_column_text]<\/p>\n\n<!-- Generated using Document Gallery. Get yours here: http:\/\/wordpress.org\/extend\/plugins\/document-gallery -->\n<div id=\"document-gallery-1\" class=\"document-gallery\" data-shortcode='{\"id\":3803,\"include\":\"2387\",\"exclude\":\"\",\"columns\":3,\"fancy\":true,\"order\":\"ASC\",\"orderby\":\"post__in\",\"relation\":\"AND\",\"limit\":-1,\"mime_types\":\"application,video,text,audio,image\",\"paginate\":true,\"post_status\":\"any\",\"post_type\":\"attachment\",\"attachment_pg\":false,\"descriptions\":false,\"new_window\":true,\"skip\":0}' data-icon-width='32'>\n<div class='document-icon-row'>\n   <div class=\"document-icon\">\n      <a href=\"https:\/\/zelb.md\/wp-content\/uploads\/2020\/04\/Subzona_Rezina_2020.pdf\" target=\"_blank\">\n         <img decoding=\"async\" src=\"https:\/\/zelb.md\/wp-content\/uploads\/2020\/04\/Subzona_Rezina_2020-thumb-1.png\" title=\"Rezina\" alt=\"Rezina\" data-ext=\"pdf\"\/>\n         <span class=\"title\">Rezina<\/span>\n      <\/a>\n   <\/div>\n\n<\/div>\n<\/div>\n<p>[\/vc_column_text][\/vc_column_inner][\/vc_row_inner][\/vc_column][\/vc_row]<\/p>\n","protected":false},"excerpt":{"rendered":"<p>[vc_row][vc_column width=&#8221;1\/4&#8243;][vc_row_inner][vc_column_inner][vc_single_image image=&#8221;2399&#8243; img_size=&#8221;medium&#8221; alignment=&#8221;center&#8221;][vc_custom_heading text=&#8221;REZINA&#8221; font_container=&#8221;tag:h2|text_align:center&#8221; use_theme_fonts=&#8221;yes&#8221; css=&#8221;.vc_custom_1547549613878{background-color: #e2e2e2 !important;}&#8221;][\/vc_column_inner][\/vc_row_inner][\/vc_column][vc_column width=&#8221;3\/4&#8243;][vc_row_inner][vc_column_inner][vc_column_text]The Rezina district is located along the Nistru River, on the right bank, in the northeastern part of the country. Rezina Raion is bordered by the neighbouring districts of Orhei, Soldanesti, Telenesti and Rabnitsa and is named after the city of Rezina, the administrative [&hellip;]<\/p>\n","protected":false},"author":8,"featured_media":0,"parent":3894,"menu_order":0,"comment_status":"closed","ping_status":"closed","template":"","meta":{"footnotes":""},"class_list":["post-3803","page","type-page","status-publish","hentry"],"yoast_head":"<!-- This site is optimized with the Yoast SEO plugin v26.6 - https:\/\/yoast.com\/wordpress\/plugins\/seo\/ -->\n<title>Rezina - ZELB<\/title>\n<meta name=\"robots\" content=\"index, follow, max-snippet:-1, max-image-preview:large, max-video-preview:-1\" \/>\n<link rel=\"canonical\" href=\"https:\/\/zelb.md\/en\/available-spaces\/spatii-disponibile-rezina\/\" \/>\n<meta property=\"og:locale\" content=\"en_US\" \/>\n<meta property=\"og:type\" content=\"article\" \/>\n<meta property=\"og:title\" content=\"Rezina - ZELB\" \/>\n<meta property=\"og:description\" content=\"[vc_row][vc_column width=&#8221;1\/4&#8243;][vc_row_inner][vc_column_inner][vc_single_image image=&#8221;2399&#8243; img_size=&#8221;medium&#8221; alignment=&#8221;center&#8221;][vc_custom_heading text=&#8221;REZINA&#8221; font_container=&#8221;tag:h2|text_align:center&#8221; use_theme_fonts=&#8221;yes&#8221; css=&#8221;.vc_custom_1547549613878{background-color: #e2e2e2 !important;}&#8221;][\/vc_column_inner][\/vc_row_inner][\/vc_column][vc_column width=&#8221;3\/4&#8243;][vc_row_inner][vc_column_inner][vc_column_text]The Rezina district is located along the Nistru River, on the right bank, in the northeastern part of the country. Rezina Raion is bordered by the neighbouring districts of Orhei, Soldanesti, Telenesti and Rabnitsa and is named after the city of Rezina, the administrative [&hellip;]\" \/>\n<meta property=\"og:url\" content=\"https:\/\/zelb.md\/en\/available-spaces\/spatii-disponibile-rezina\/\" \/>\n<meta property=\"og:site_name\" content=\"ZELB\" \/>\n<meta property=\"article:publisher\" content=\"https:\/\/www.facebook.com\/zelbalti\/\" \/>\n<meta property=\"article:modified_time\" content=\"2024-02-26T22:02:20+00:00\" \/>\n<meta name=\"twitter:card\" content=\"summary_large_image\" \/>\n<meta name=\"twitter:label1\" content=\"Est. reading time\" \/>\n\t<meta name=\"twitter:data1\" content=\"2 minutes\" \/>\n<script type=\"application\/ld+json\" class=\"yoast-schema-graph\">{\"@context\":\"https:\/\/schema.org\",\"@graph\":[{\"@type\":\"WebPage\",\"@id\":\"https:\/\/zelb.md\/en\/available-spaces\/spatii-disponibile-rezina\/\",\"url\":\"https:\/\/zelb.md\/en\/available-spaces\/spatii-disponibile-rezina\/\",\"name\":\"Rezina - ZELB\",\"isPartOf\":{\"@id\":\"https:\/\/zelb.md\/#website\"},\"datePublished\":\"2020-04-02T10:41:53+00:00\",\"dateModified\":\"2024-02-26T22:02:20+00:00\",\"breadcrumb\":{\"@id\":\"https:\/\/zelb.md\/en\/available-spaces\/spatii-disponibile-rezina\/#breadcrumb\"},\"inLanguage\":\"en-US\",\"potentialAction\":[{\"@type\":\"ReadAction\",\"target\":[\"https:\/\/zelb.md\/en\/available-spaces\/spatii-disponibile-rezina\/\"]}]},{\"@type\":\"BreadcrumbList\",\"@id\":\"https:\/\/zelb.md\/en\/available-spaces\/spatii-disponibile-rezina\/#breadcrumb\",\"itemListElement\":[{\"@type\":\"ListItem\",\"position\":1,\"name\":\"Prima pagin\u0103\",\"item\":\"https:\/\/zelb.md\/en\/\"},{\"@type\":\"ListItem\",\"position\":2,\"name\":\"Available spaces\",\"item\":\"https:\/\/zelb.md\/en\/available-spaces\/\"},{\"@type\":\"ListItem\",\"position\":3,\"name\":\"Rezina\"}]},{\"@type\":\"WebSite\",\"@id\":\"https:\/\/zelb.md\/#website\",\"url\":\"https:\/\/zelb.md\/\",\"name\":\"ZELB\",\"description\":\"Zona Economic\u0103 Liber\u0103 B\u0103l\u0163i\",\"publisher\":{\"@id\":\"https:\/\/zelb.md\/#organization\"},\"potentialAction\":[{\"@type\":\"SearchAction\",\"target\":{\"@type\":\"EntryPoint\",\"urlTemplate\":\"https:\/\/zelb.md\/?s={search_term_string}\"},\"query-input\":{\"@type\":\"PropertyValueSpecification\",\"valueRequired\":true,\"valueName\":\"search_term_string\"}}],\"inLanguage\":\"en-US\"},{\"@type\":\"Organization\",\"@id\":\"https:\/\/zelb.md\/#organization\",\"name\":\"ZELB\",\"url\":\"https:\/\/zelb.md\/\",\"logo\":{\"@type\":\"ImageObject\",\"inLanguage\":\"en-US\",\"@id\":\"https:\/\/zelb.md\/#\/schema\/logo\/image\/\",\"url\":\"https:\/\/zelb.md\/wp-content\/uploads\/2018\/06\/zelb-logo-8-ani.png\",\"contentUrl\":\"https:\/\/zelb.md\/wp-content\/uploads\/2018\/06\/zelb-logo-8-ani.png\",\"width\":255,\"height\":105,\"caption\":\"ZELB\"},\"image\":{\"@id\":\"https:\/\/zelb.md\/#\/schema\/logo\/image\/\"},\"sameAs\":[\"https:\/\/www.facebook.com\/zelbalti\/\"]}]}<\/script>\n<!-- \/ Yoast SEO plugin. -->","yoast_head_json":{"title":"Rezina - ZELB","robots":{"index":"index","follow":"follow","max-snippet":"max-snippet:-1","max-image-preview":"max-image-preview:large","max-video-preview":"max-video-preview:-1"},"canonical":"https:\/\/zelb.md\/en\/available-spaces\/spatii-disponibile-rezina\/","og_locale":"en_US","og_type":"article","og_title":"Rezina - ZELB","og_description":"[vc_row][vc_column width=&#8221;1\/4&#8243;][vc_row_inner][vc_column_inner][vc_single_image image=&#8221;2399&#8243; img_size=&#8221;medium&#8221; alignment=&#8221;center&#8221;][vc_custom_heading text=&#8221;REZINA&#8221; font_container=&#8221;tag:h2|text_align:center&#8221; use_theme_fonts=&#8221;yes&#8221; css=&#8221;.vc_custom_1547549613878{background-color: #e2e2e2 !important;}&#8221;][\/vc_column_inner][\/vc_row_inner][\/vc_column][vc_column width=&#8221;3\/4&#8243;][vc_row_inner][vc_column_inner][vc_column_text]The Rezina district is located along the Nistru River, on the right bank, in the northeastern part of the country. Rezina Raion is bordered by the neighbouring districts of Orhei, Soldanesti, Telenesti and Rabnitsa and is named after the city of Rezina, the administrative [&hellip;]","og_url":"https:\/\/zelb.md\/en\/available-spaces\/spatii-disponibile-rezina\/","og_site_name":"ZELB","article_publisher":"https:\/\/www.facebook.com\/zelbalti\/","article_modified_time":"2024-02-26T22:02:20+00:00","twitter_card":"summary_large_image","twitter_misc":{"Est. reading time":"2 minutes"},"schema":{"@context":"https:\/\/schema.org","@graph":[{"@type":"WebPage","@id":"https:\/\/zelb.md\/en\/available-spaces\/spatii-disponibile-rezina\/","url":"https:\/\/zelb.md\/en\/available-spaces\/spatii-disponibile-rezina\/","name":"Rezina - ZELB","isPartOf":{"@id":"https:\/\/zelb.md\/#website"},"datePublished":"2020-04-02T10:41:53+00:00","dateModified":"2024-02-26T22:02:20+00:00","breadcrumb":{"@id":"https:\/\/zelb.md\/en\/available-spaces\/spatii-disponibile-rezina\/#breadcrumb"},"inLanguage":"en-US","potentialAction":[{"@type":"ReadAction","target":["https:\/\/zelb.md\/en\/available-spaces\/spatii-disponibile-rezina\/"]}]},{"@type":"BreadcrumbList","@id":"https:\/\/zelb.md\/en\/available-spaces\/spatii-disponibile-rezina\/#breadcrumb","itemListElement":[{"@type":"ListItem","position":1,"name":"Prima pagin\u0103","item":"https:\/\/zelb.md\/en\/"},{"@type":"ListItem","position":2,"name":"Available spaces","item":"https:\/\/zelb.md\/en\/available-spaces\/"},{"@type":"ListItem","position":3,"name":"Rezina"}]},{"@type":"WebSite","@id":"https:\/\/zelb.md\/#website","url":"https:\/\/zelb.md\/","name":"ZELB","description":"Zona Economic\u0103 Liber\u0103 B\u0103l\u0163i","publisher":{"@id":"https:\/\/zelb.md\/#organization"},"potentialAction":[{"@type":"SearchAction","target":{"@type":"EntryPoint","urlTemplate":"https:\/\/zelb.md\/?s={search_term_string}"},"query-input":{"@type":"PropertyValueSpecification","valueRequired":true,"valueName":"search_term_string"}}],"inLanguage":"en-US"},{"@type":"Organization","@id":"https:\/\/zelb.md\/#organization","name":"ZELB","url":"https:\/\/zelb.md\/","logo":{"@type":"ImageObject","inLanguage":"en-US","@id":"https:\/\/zelb.md\/#\/schema\/logo\/image\/","url":"https:\/\/zelb.md\/wp-content\/uploads\/2018\/06\/zelb-logo-8-ani.png","contentUrl":"https:\/\/zelb.md\/wp-content\/uploads\/2018\/06\/zelb-logo-8-ani.png","width":255,"height":105,"caption":"ZELB"},"image":{"@id":"https:\/\/zelb.md\/#\/schema\/logo\/image\/"},"sameAs":["https:\/\/www.facebook.com\/zelbalti\/"]}]}},"_links":{"self":[{"href":"https:\/\/zelb.md\/en\/wp-json\/wp\/v2\/pages\/3803","targetHints":{"allow":["GET"]}}],"collection":[{"href":"https:\/\/zelb.md\/en\/wp-json\/wp\/v2\/pages"}],"about":[{"href":"https:\/\/zelb.md\/en\/wp-json\/wp\/v2\/types\/page"}],"author":[{"embeddable":true,"href":"https:\/\/zelb.md\/en\/wp-json\/wp\/v2\/users\/8"}],"replies":[{"embeddable":true,"href":"https:\/\/zelb.md\/en\/wp-json\/wp\/v2\/comments?post=3803"}],"version-history":[{"count":1,"href":"https:\/\/zelb.md\/en\/wp-json\/wp\/v2\/pages\/3803\/revisions"}],"predecessor-version":[{"id":4176,"href":"https:\/\/zelb.md\/en\/wp-json\/wp\/v2\/pages\/3803\/revisions\/4176"}],"up":[{"embeddable":true,"href":"https:\/\/zelb.md\/en\/wp-json\/wp\/v2\/pages\/3894"}],"wp:attachment":[{"href":"https:\/\/zelb.md\/en\/wp-json\/wp\/v2\/media?parent=3803"}],"curies":[{"name":"wp","href":"https:\/\/api.w.org\/{rel}","templated":true}]}}